{"id":137,"date":"2016-10-31T17:51:45","date_gmt":"2016-10-31T19:51:45","guid":{"rendered":"https:\/\/wp.ufpel.edu.br\/ppgcamb\/?page_id=137"},"modified":"2019-05-02T15:51:20","modified_gmt":"2019-05-02T18:51:20","slug":"gerenciamento-de-residuos-de-servicos-de-saude","status":"publish","type":"page","link":"https:\/\/wp.ufpel.edu.br\/ppgcamb\/disciplinas\/optativas\/gerenciamento-de-residuos-de-servicos-de-saude\/","title":{"rendered":"Res\u00edduos S\u00f3lidos de Servi\u00e7os de Sa\u00fade"},"content":{"rendered":"<p><strong>Carga Hor\u00e1ria<\/strong>: 68 horas<\/p>\n<p><strong>Cr\u00e9ditos<\/strong>: 4<\/p>\n<p><strong>C\u00f3digo:<\/strong> 1640324<\/p>\n<p><strong>Ementa<\/strong><\/p>\n<p>Res\u00edduos de Servi\u00e7os de Sa\u00fade.<\/p>\n<p>Conceito.<\/p>\n<p>Hist\u00f3rico.<\/p>\n<p>Classifica\u00e7\u00e3o.<\/p>\n<p>Simbologia.<\/p>\n<p>Normas, Resolu\u00e7\u00f5es e Legisla\u00e7\u00f5es (Federal\/Estadual\/Municipal).<\/p>\n<p>Problem\u00e1tica ambiental Nacional e Internacional.<\/p>\n<p>Riscos.<\/p>\n<p>Manejo.<\/p>\n<p>Tratamento.<\/p>\n<p>Disposi\u00e7\u00e3o Final.<\/p>\n<p>Plano de Gerenciamento de Res\u00edduos de Servi\u00e7os de Sa\u00fade \u2013 Elabora\u00e7\u00e3o, Implanta\u00e7\u00e3o, Monitoramento e Avalia\u00e7\u00e3o.<\/p>\n<p>&nbsp;<\/p>\n<p><strong>Bibliografia<\/strong><\/p>\n<p>BRASIL. Ag\u00eancia Nacional de Vigil\u00e2ncia Sanit\u00e1ria. RDC n\u00ba 306. Disp\u00f5e sobre o Regulamento T\u00e9cnico para o Gerenciamento dos Res\u00edduos de Servi\u00e7os de Sa\u00fade. ANVISA, 2004.<\/p>\n<p>BRASIL. Conselho Nacional de Meio Ambiente. Resolu\u00e7\u00e3o no 358. Disp\u00f5e sobre o tratamento e a destina\u00e7\u00e3o final dos res\u00edduos de servi\u00e7os de sa\u00fade e d\u00e1 outras provid\u00eancias. CONAMA, 2005.<\/p>\n<p>BRASIL. Minist\u00e9rio da Sa\u00fade. Ag\u00eancia Nacional de Vigil\u00e2ncia Sanit\u00e1ria. Manual de gerenciamento de res\u00edduos de servi\u00e7os de sa\u00fade. Bras\u00edlia: Minist\u00e9rio da Sa\u00fade, 2006. 182p. \u2013 (S\u00e9rie A. Normas e Manuais T\u00e9cnicos).<\/p>\n<p>CORR\u00caA, L. B. et al. A gest\u00e3o dos res\u00edduos s\u00f3lidos da UFPel: constru\u00e7\u00e3o de pol\u00edticas integradas na perspectiva da educa\u00e7\u00e3o ambiental. In: DE CONTO, S. M. Gest\u00e3o de res\u00edduos em universidades. Caxias do Sul: Educs, 2010. Cap.10, p.227\u2013247.<\/p>\n<p>CORR\u00caA, L. B.; LUNARDI, V.; CONTO, S. M. O processo de forma\u00e7\u00e3o em sa\u00fade: o saber res\u00edduos s\u00f3lidos de servi\u00e7os de sa\u00fade (RSSS) em viv\u00eancias pr\u00e1ticas. Revista Brasileira de Enfermagem, v. 60, p. 21-25, 2007.<\/p>\n<p>CORR\u00caA, E.K., CORR\u00caA, L. B. Gest\u00e3o de res\u00edduos s\u00f3lidos. Porto Alegre: Evangraf, 2012 p.180.<\/p>\n<p>CHAERUL, M. et al. A system dynamics approach for hospital waste management. Waste management, v. 28, p. 442-449, 2008.<\/p>\n<p>HIRATA, M.H.; FILHO, J. Manual de Biosseguran\u00e7a. S\u00e3o Paulo: EditoraManole, 2002.<\/p>\n<p>MANGA, V. etal.Healthcarewaste management in Cameroon: A case studyfromtheSouthwestern Region. Resources, ConservationandRecycling, v. 57, p. 108-116, 2011.<\/p>\n<p>SCHNEIDER, V. E.; ST\u00c9DILE, N.R. Res\u00edduos s\u00f3lidos de servi\u00e7os de sa\u00fade: um olhar interdisciplinar sobre o fen\u00f4meno.\u00a0 3. Ed., ver. eampl., Caxias do Sul, RS: Educs, 2015. 584p.<\/p>\n<p>TUDOR, T.L., et al. Evaluatingthe link betweenthe management ofclinicalwaste in theNational Health Service (NHS) andtheriskofthe spread ofinfections: A case studyofthreehospitals in England. InternationalJournalofHygieneand Environmental Health v. 213, p. 432\u2013436, 2010.<\/p>\n<p>ZAGOTTO,P.A &amp; BERTOLETTI,E.<strong>\u00a0<\/strong><strong>Ecotoxicologia Aqu\u00e1tica \u2013 Principios e Aplica\u00e7\u00f5es.<\/strong>Editora Rima, S\u00e3o Carlos,SP. 2012. 478p.<\/p>\n<p>ROUQUAYROL, M.Z.\u00a0<strong>Epidemiologia e sa\u00fade<\/strong>. Rio de Janeiro. Ed. Medsi, 2013.<\/p>\n<p>BRASIL.\u00a0<strong>Vigil\u00e2ncia ambiental em sa\u00fade\/Funda\u00e7\u00e3o Nacional de Sa\u00fade<\/strong>. Funda\u00e7\u00e3o Nacional de Sa\u00fade. Bras\u00edlia: FUNASA, 2012.<\/p>\n<p>BRILHANTE, M.O; CALDAS, L.Q.A.\u00a0<strong>Gest\u00e3o e avalia\u00e7\u00e3o de risco em sa\u00fade ambiental<\/strong>. Rio de Janeiro. Fiocruz, 2013.<\/p>\n","protected":false},"excerpt":{"rendered":"<p>Carga Hor\u00e1ria: 68 horas Cr\u00e9ditos: 4 C\u00f3digo: 1640324 Ementa Res\u00edduos de Servi\u00e7os de Sa\u00fade. Conceito. Hist\u00f3rico. Classifica\u00e7\u00e3o. Simbologia. Normas, Resolu\u00e7\u00f5es e Legisla\u00e7\u00f5es (Federal\/Estadual\/Municipal). Problem\u00e1tica ambiental Nacional e Internacional. Riscos. Manejo. Tratamento. Disposi\u00e7\u00e3o Final. Plano de Gerenciamento de Res\u00edduos de Servi\u00e7os de Sa\u00fade \u2013 Elabora\u00e7\u00e3o, Implanta\u00e7\u00e3o, Monitoramento e Avalia\u00e7\u00e3o. &nbsp; Bibliografia BRASIL. Ag\u00eancia Nacional de Vigil\u00e2ncia [&hellip;]<\/p>\n","protected":false},"author":707,"featured_media":0,"parent":30,"menu_order":0,"comment_status":"closed","ping_status":"closed","template":"","meta":{"footnotes":""},"class_list":["post-137","page","type-page","status-publish","hentry"],"_links":{"self":[{"href":"https:\/\/wp.ufpel.edu.br\/ppgcamb\/wp-json\/wp\/v2\/pages\/137","targetHints":{"allow":["GET"]}}],"collection":[{"href":"https:\/\/wp.ufpel.edu.br\/ppgcamb\/wp-json\/wp\/v2\/pages"}],"about":[{"href":"https:\/\/wp.ufpel.edu.br\/ppgcamb\/wp-json\/wp\/v2\/types\/page"}],"author":[{"embeddable":true,"href":"https:\/\/wp.ufpel.edu.br\/ppgcamb\/wp-json\/wp\/v2\/users\/707"}],"replies":[{"embeddable":true,"href":"https:\/\/wp.ufpel.edu.br\/ppgcamb\/wp-json\/wp\/v2\/comments?post=137"}],"version-history":[{"count":6,"href":"https:\/\/wp.ufpel.edu.br\/ppgcamb\/wp-json\/wp\/v2\/pages\/137\/revisions"}],"predecessor-version":[{"id":995,"href":"https:\/\/wp.ufpel.edu.br\/ppgcamb\/wp-json\/wp\/v2\/pages\/137\/revisions\/995"}],"up":[{"embeddable":true,"href":"https:\/\/wp.ufpel.edu.br\/ppgcamb\/wp-json\/wp\/v2\/pages\/30"}],"wp:attachment":[{"href":"https:\/\/wp.ufpel.edu.br\/ppgcamb\/wp-json\/wp\/v2\/media?parent=137"}],"curies":[{"name":"wp","href":"https:\/\/api.w.org\/{rel}","templated":true}]}}