{"id":1332,"date":"2019-11-07T16:05:12","date_gmt":"2019-11-07T19:05:12","guid":{"rendered":"https:\/\/wp.ufpel.edu.br\/ppgcamb\/?page_id=1332"},"modified":"2019-11-07T16:19:45","modified_gmt":"2019-11-07T19:19:45","slug":"identidade-visual","status":"publish","type":"page","link":"https:\/\/wp.ufpel.edu.br\/ppgcamb\/identidade-visual\/","title":{"rendered":"Identidade Visual"},"content":{"rendered":"<p>A identidade visual do Programa de P\u00f3s-Gradua\u00e7\u00e3o em Ci\u00eancias Ambientais foi criado pela professora Diuliana Leandro, em 2016, com consulta ao grupo de professores que conceberam o programa.<\/p>\n<p><img class=\"alignnone wp-image-1189 size-full\" src=\"https:\/\/wp.ufpel.edu.br\/ppgcamb\/files\/2019\/08\/logooooooooooooooooooo.png\" alt=\"Marca\" width=\"666\" height=\"549\" srcset=\"https:\/\/wp.ufpel.edu.br\/ppgcamb\/files\/2019\/08\/logooooooooooooooooooo.png 666w, https:\/\/wp.ufpel.edu.br\/ppgcamb\/files\/2019\/08\/logooooooooooooooooooo-400x330.png 400w\" sizes=\"(max-width: 666px) 100vw, 666px\" \/><img class=\"alignnone size-full wp-image-950\" src=\"https:\/\/wp.ufpel.edu.br\/ppgcamb\/files\/2019\/05\/cropped-capa-teste.jpg\" alt=\"\" width=\"940\" height=\"198\" srcset=\"https:\/\/wp.ufpel.edu.br\/ppgcamb\/files\/2019\/05\/cropped-capa-teste.jpg 940w, https:\/\/wp.ufpel.edu.br\/ppgcamb\/files\/2019\/05\/cropped-capa-teste-400x84.jpg 400w, https:\/\/wp.ufpel.edu.br\/ppgcamb\/files\/2019\/05\/cropped-capa-teste-768x162.jpg 768w\" sizes=\"(max-width: 940px) 100vw, 940px\" \/><\/p>\n","protected":false},"excerpt":{"rendered":"<p>A identidade visual do Programa de P\u00f3s-Gradua\u00e7\u00e3o em Ci\u00eancias Ambientais foi criado pela professora Diuliana Leandro, em 2016, com consulta ao grupo de professores que conceberam o programa.<\/p>\n","protected":false},"author":707,"featured_media":0,"parent":0,"menu_order":0,"comment_status":"closed","ping_status":"closed","template":"","meta":{"footnotes":""},"class_list":["post-1332","page","type-page","status-publish","hentry"],"_links":{"self":[{"href":"https:\/\/wp.ufpel.edu.br\/ppgcamb\/wp-json\/wp\/v2\/pages\/1332","targetHints":{"allow":["GET"]}}],"collection":[{"href":"https:\/\/wp.ufpel.edu.br\/ppgcamb\/wp-json\/wp\/v2\/pages"}],"about":[{"href":"https:\/\/wp.ufpel.edu.br\/ppgcamb\/wp-json\/wp\/v2\/types\/page"}],"author":[{"embeddable":true,"href":"https:\/\/wp.ufpel.edu.br\/ppgcamb\/wp-json\/wp\/v2\/users\/707"}],"replies":[{"embeddable":true,"href":"https:\/\/wp.ufpel.edu.br\/ppgcamb\/wp-json\/wp\/v2\/comments?post=1332"}],"version-history":[{"count":5,"href":"https:\/\/wp.ufpel.edu.br\/ppgcamb\/wp-json\/wp\/v2\/pages\/1332\/revisions"}],"predecessor-version":[{"id":1339,"href":"https:\/\/wp.ufpel.edu.br\/ppgcamb\/wp-json\/wp\/v2\/pages\/1332\/revisions\/1339"}],"wp:attachment":[{"href":"https:\/\/wp.ufpel.edu.br\/ppgcamb\/wp-json\/wp\/v2\/media?parent=1332"}],"curies":[{"name":"wp","href":"https:\/\/api.w.org\/{rel}","templated":true}]}}