{"id":127,"date":"2016-10-31T17:44:47","date_gmt":"2016-10-31T19:44:47","guid":{"rendered":"https:\/\/wp.ufpel.edu.br\/ppgcamb\/?page_id=127"},"modified":"2025-04-15T13:25:41","modified_gmt":"2025-04-15T16:25:41","slug":"biotecnologias-aplicadas-a-remediacao","status":"publish","type":"page","link":"https:\/\/wp.ufpel.edu.br\/ppgcamb\/disciplinas\/optativas\/biotecnologias-aplicadas-a-remediacao\/","title":{"rendered":"Biotecnologias Aplicadas \u00e0 Biorremedia\u00e7\u00e3o"},"content":{"rendered":"<p><strong>Ementa<\/strong><\/p>\n<p>Introdu\u00e7\u00e3o e conceitos de remedia\u00e7\u00e3o e biorremedia\u00e7\u00e3o.<\/p>\n<p>T\u00e9cnicas de biorremedia\u00e7\u00e3o.<\/p>\n<p>Usos e aplica\u00e7\u00f5es da biorremedia\u00e7\u00e3o.<\/p>\n<p>Tipos e utiliza\u00e7\u00f5es de Fitorremedia\u00e7\u00e3o.<\/p>\n<p>Uso e futuro da biorremedia\u00e7\u00e3o no Brasil e no mundo.<\/p>\n<p>&nbsp;<\/p>\n<p><strong>Bibliografia<\/strong><\/p>\n<p>ADRIANO, D.C.; BOLLAG, J.M.; FRANKENBERGER, W.T.; SIMS, R.C. Bioremediation of contaminated soils. Madison, SSSA, 1999. 820p.<\/p>\n<p>ALEXANDER, M. Biodegrdation and bioremediation. San Diego, Academic Press, 1994. 302p.<\/p>\n<p>ALLSOP, D.; SEAL, K.; GAYLARDE, C. Introduction to biodeterioration. Cambridge, Cambridge University Press, 2004. 237p.<\/p>\n<p>CRAWFORD, R.L.; CRAWFORD, D.L. Bioremediation &#8211; Principles and applications. Cambridge, Cambridge University Press, 1998. 401p.<\/p>\n<p>DAS, S. Microbial Biodegradation and Bioremediation, 1st Edition. Elsevier: Amesterdan. 2014. p.642.<\/p>\n<p>DOD ETTC Remediation technologies screening matrix and reference guide. Washington, DOC\/ETTC, 1998. 845p.<\/p>\n<p>GREEN, C., HOFFNAGLE, A. Phytoremediation field studies database for chlorinated solvents, pesticides, explosives, and metals. Washington, USEPA, 2004. 220p.<\/p>\n<p>HINCHEE, R.E., VOGEL, C.M., BROCKMAN, F.J. Microbial process for bioremediation. Columbus, Batelle Press, 1995. 361p.<\/p>\n<p>KING, R.B.; LONG, G.M.; SHELDON, J.K. Practical environmental bioremediation. The field guide. Boca Raton, Lewis Pub. 1998. 184p.<\/p>\n<p>McCUTCHEON, S.C., SCHNOOR, J.L. Phytoremediation transformation and control of contaminants. New Jersy, Wiley-Interscience, Inc. 2003. 986p.<\/p>\n<p>MEANS, J.L.; HINCHEE, R.E. Emerging technology for bioremediation of metals. Boca Raton, CRC Press, 2000. 148p.<\/p>\n","protected":false},"excerpt":{"rendered":"<p>Ementa Introdu\u00e7\u00e3o e conceitos de remedia\u00e7\u00e3o e biorremedia\u00e7\u00e3o. T\u00e9cnicas de biorremedia\u00e7\u00e3o. Usos e aplica\u00e7\u00f5es da biorremedia\u00e7\u00e3o. Tipos e utiliza\u00e7\u00f5es de Fitorremedia\u00e7\u00e3o. Uso e futuro da biorremedia\u00e7\u00e3o no Brasil e no mundo. &nbsp; Bibliografia ADRIANO, D.C.; BOLLAG, J.M.; FRANKENBERGER, W.T.; SIMS, R.C. Bioremediation of contaminated soils. Madison, SSSA, 1999. 820p. ALEXANDER, M. Biodegrdation and bioremediation. San [&hellip;]<\/p>\n","protected":false},"author":707,"featured_media":0,"parent":30,"menu_order":0,"comment_status":"closed","ping_status":"closed","template":"","meta":{"footnotes":""},"class_list":["post-127","page","type-page","status-publish","hentry"],"_links":{"self":[{"href":"https:\/\/wp.ufpel.edu.br\/ppgcamb\/wp-json\/wp\/v2\/pages\/127","targetHints":{"allow":["GET"]}}],"collection":[{"href":"https:\/\/wp.ufpel.edu.br\/ppgcamb\/wp-json\/wp\/v2\/pages"}],"about":[{"href":"https:\/\/wp.ufpel.edu.br\/ppgcamb\/wp-json\/wp\/v2\/types\/page"}],"author":[{"embeddable":true,"href":"https:\/\/wp.ufpel.edu.br\/ppgcamb\/wp-json\/wp\/v2\/users\/707"}],"replies":[{"embeddable":true,"href":"https:\/\/wp.ufpel.edu.br\/ppgcamb\/wp-json\/wp\/v2\/comments?post=127"}],"version-history":[{"count":5,"href":"https:\/\/wp.ufpel.edu.br\/ppgcamb\/wp-json\/wp\/v2\/pages\/127\/revisions"}],"predecessor-version":[{"id":6023,"href":"https:\/\/wp.ufpel.edu.br\/ppgcamb\/wp-json\/wp\/v2\/pages\/127\/revisions\/6023"}],"up":[{"embeddable":true,"href":"https:\/\/wp.ufpel.edu.br\/ppgcamb\/wp-json\/wp\/v2\/pages\/30"}],"wp:attachment":[{"href":"https:\/\/wp.ufpel.edu.br\/ppgcamb\/wp-json\/wp\/v2\/media?parent=127"}],"curies":[{"name":"wp","href":"https:\/\/api.w.org\/{rel}","templated":true}]}}