{"id":124,"date":"2016-10-31T17:43:18","date_gmt":"2016-10-31T19:43:18","guid":{"rendered":"https:\/\/wp.ufpel.edu.br\/ppgcamb\/?page_id=124"},"modified":"2021-02-26T15:42:11","modified_gmt":"2021-02-26T18:42:11","slug":"quimica-ambiental","status":"publish","type":"page","link":"https:\/\/wp.ufpel.edu.br\/ppgcamb\/disciplinas\/optativas\/quimica-ambiental\/","title":{"rendered":"Qu\u00edmica Ambiental"},"content":{"rendered":"<p><strong>Carga Hor\u00e1ria<\/strong>: 68 horas<\/p>\n<p><strong>Cr\u00e9ditos<\/strong>: 4<\/p>\n<p><strong>C\u00f3digo:<\/strong> 1640266<\/p>\n<p><strong>Ementa<\/strong><\/p>\n<p>Parti\u00e7\u00e3o de compostos org\u00e2nicos e inorg\u00e2nicos relevantes e distribui\u00e7\u00e3o no meio ambiente.<\/p>\n<p>Principais rea\u00e7\u00f5es e mecanismos de transforma\u00e7\u00e3o de esp\u00e9cies qu\u00edmicas no meio ambiente.<\/p>\n<p>Qu\u00edmica da \u00c1gua, solo e ar com rela\u00e7\u00f5es e distribui\u00e7\u00f5es no meio ambiente.<\/p>\n<p>Rea\u00e7\u00f5es de degrada\u00e7\u00e3o fotoqu\u00edmica.<\/p>\n<p>Sor\u00e7\u00e3o (absor\u00e7\u00e3o e adsor\u00e7\u00e3o).<\/p>\n<p>Mat\u00e9ria org\u00e2nica na \u00e1gua e suas intera\u00e7\u00f5es com metais.<\/p>\n<p>Distribui\u00e7\u00e3o de esp\u00e9cies met\u00e1licas nos sistemas solo \u00e1gua e ar.<\/p>\n<p>Ciclo biogeoqu\u00edmico do merc\u00fario.<\/p>\n<p>&nbsp;<\/p>\n<p><strong>Bibliografia<\/strong><\/p>\n<p>ALEXANDER, M. <strong>Biodegradation and bioremediation. <\/strong>London: Academic Press, 1999. 453p.<\/p>\n<p>COMPANHIA DE TECNOLOGIA E SANEAMENTO AMBIENTAL (CETESB). <strong>Manual de gerenciamento de \u00e1reas contaminadas. <\/strong>2.ed. S\u00e3o Paulo: CETESB, GTZ, 2001.<\/p>\n<p>BAILEY, R.A.; CLARK, M.H.; FERRIS, J.P.; KRAUSE, S.; STRONG, R.L. <strong>Chemistry of the environment<\/strong>. 2.ed. New York: Academic Press, 2002. 362p.<\/p>\n<p>BAIRD, C. <strong>Environmental chemistry<\/strong>. New York: W.H. Freeman, 1995.<\/p>\n<p>DAVIDE, A. C. <strong>Sele\u00e7\u00e3o de esp\u00e9cies para recupera\u00e7\u00e3o de \u00e1reas degradadas. <\/strong>Anais do Simp\u00f3sio de Recupera\u00e7\u00e3o de \u00c1reas Degradadas, Foz do Igua\u00e7u, 1994. p.113.<\/p>\n<p>LARSON, R.A.; MANAHAN, S. E. <strong>Environmental chemistry<\/strong>. Boca Raton: Lewis, 2000.<\/p>\n<p>LEESON, A.; FOOTE, E.A.; BANKS, M.K.; MAGAR, V.S. <strong>Phytoremediation, wetlands and sediments. <\/strong>v.6. Columbus: Battelle, 2001. 383p.<\/p>\n<p>O\u2019NEILL, P. <strong>Environmental chemistry<\/strong>. London: Chapman and Hall, 1993.<\/p>\n<p>RAISWELL, R.W.; BRIMBLECOMBE, P.; DENT, D.; lISS, P.S. <strong>Environmental chemistry<\/strong>. London: Arnold, 1980.<\/p>\n<p>SCHWARZENBACH, R.P.; GSCHWEND, P.M.; IMBODEN, D.M. <strong>Environmental organic chemistry: <\/strong>illustrative, examples, problems, and case studies. 2.ed. Hoboken: John Wiley &amp; Sons, 1995. 681p.<\/p>\n<p>TCHOBANOGLOUS, G.; BURTON, F.L.; STENSEL, H.D. <strong>Wastewater engineering: <\/strong>treatment and reuse. 4.ed. Metcalf, A. &amp; Eddy Inc. New York: McGraw-Hill, 2003. 1819p.<\/p>\n<p>VAN LOON, G.; DUFFY, S.J. <strong>Environmental chemistry<\/strong>: a global perspective. 2.ed. Oxford, Oxford University Press, 2005. 536p.<\/p>\n<p>WEBER, E.J. <strong>Reaction mechanisms in environmental organic chemistry<\/strong>. Boca Raton: Lewis, 2000.<\/p>\n","protected":false},"excerpt":{"rendered":"<p>Carga Hor\u00e1ria: 68 horas Cr\u00e9ditos: 4 C\u00f3digo: 1640266 Ementa Parti\u00e7\u00e3o de compostos org\u00e2nicos e inorg\u00e2nicos relevantes e distribui\u00e7\u00e3o no meio ambiente. Principais rea\u00e7\u00f5es e mecanismos de transforma\u00e7\u00e3o de esp\u00e9cies qu\u00edmicas no meio ambiente. Qu\u00edmica da \u00c1gua, solo e ar com rela\u00e7\u00f5es e distribui\u00e7\u00f5es no meio ambiente. Rea\u00e7\u00f5es de degrada\u00e7\u00e3o fotoqu\u00edmica. Sor\u00e7\u00e3o (absor\u00e7\u00e3o e adsor\u00e7\u00e3o). Mat\u00e9ria [&hellip;]<\/p>\n","protected":false},"author":707,"featured_media":0,"parent":30,"menu_order":0,"comment_status":"closed","ping_status":"closed","template":"","meta":{"footnotes":""},"class_list":["post-124","page","type-page","status-publish","hentry"],"_links":{"self":[{"href":"https:\/\/wp.ufpel.edu.br\/ppgcamb\/wp-json\/wp\/v2\/pages\/124","targetHints":{"allow":["GET"]}}],"collection":[{"href":"https:\/\/wp.ufpel.edu.br\/ppgcamb\/wp-json\/wp\/v2\/pages"}],"about":[{"href":"https:\/\/wp.ufpel.edu.br\/ppgcamb\/wp-json\/wp\/v2\/types\/page"}],"author":[{"embeddable":true,"href":"https:\/\/wp.ufpel.edu.br\/ppgcamb\/wp-json\/wp\/v2\/users\/707"}],"replies":[{"embeddable":true,"href":"https:\/\/wp.ufpel.edu.br\/ppgcamb\/wp-json\/wp\/v2\/comments?post=124"}],"version-history":[{"count":6,"href":"https:\/\/wp.ufpel.edu.br\/ppgcamb\/wp-json\/wp\/v2\/pages\/124\/revisions"}],"predecessor-version":[{"id":2398,"href":"https:\/\/wp.ufpel.edu.br\/ppgcamb\/wp-json\/wp\/v2\/pages\/124\/revisions\/2398"}],"up":[{"embeddable":true,"href":"https:\/\/wp.ufpel.edu.br\/ppgcamb\/wp-json\/wp\/v2\/pages\/30"}],"wp:attachment":[{"href":"https:\/\/wp.ufpel.edu.br\/ppgcamb\/wp-json\/wp\/v2\/media?parent=124"}],"curies":[{"name":"wp","href":"https:\/\/api.w.org\/{rel}","templated":true}]}}