{"id":12,"date":"2016-10-31T16:19:25","date_gmt":"2016-10-31T18:19:25","guid":{"rendered":"https:\/\/wp.ufpel.edu.br\/ppgcamb\/?page_id=12"},"modified":"2019-05-02T15:41:07","modified_gmt":"2019-05-02T18:41:07","slug":"gestao-e-avaliacao-de-ambientes-naturais-e-antropicos","status":"publish","type":"page","link":"https:\/\/wp.ufpel.edu.br\/ppgcamb\/area\/gestao-e-avaliacao-de-ambientes-naturais-e-antropicos\/","title":{"rendered":"Gest\u00e3o e Avalia\u00e7\u00e3o de Ambientes Naturais e Antr\u00f3picos"},"content":{"rendered":"<p>A linha de Gest\u00e3o e Avalia\u00e7\u00e3o visa \u00e1 realiza\u00e7\u00e3o de estudos interdisciplinares das din\u00e2micas em ambientes naturais e antropizados, bem como suas rela\u00e7\u00f5es com a sociedade, educa\u00e7\u00e3o ambiental sustent\u00e1vel, buscando alternativas e estrat\u00e9gias para \u00e1 gest\u00e3o e recupera\u00e7\u00e3o estas \u00e1reas.\u00a0Al\u00e9m disso, visa analisar a estrutura do meio f\u00edsico dos diversos ambientes, bem como os processos de an\u00e1lise e avalia\u00e7\u00e3o de impactos ambientais, processos de polui\u00e7\u00e3o e desperd\u00edcios de recursos naturais, aos sistemas de abastecimento de \u00e1gua pot\u00e1vel, biotecnol\u00f3gicas, epidemiol\u00f3gicas e suas rela\u00e7\u00f5es com as pol\u00edticas p\u00fablicas e gest\u00e3o ambiental.<\/p>\n<p><em>Corpo docente atuante nesta linha: <\/em><\/p>\n<ul>\n<li>Hugo Alexandre Soares Guedes<\/li>\n<li>Andrea Souza Castro<\/li>\n<li>Diuliana Leandro<\/li>\n<li>Tirzah Moreira Siqueira<\/li>\n<li>Daniela Buske<\/li>\n<\/ul>\n","protected":false},"excerpt":{"rendered":"<p>A linha de Gest\u00e3o e Avalia\u00e7\u00e3o visa \u00e1 realiza\u00e7\u00e3o de estudos interdisciplinares das din\u00e2micas em ambientes naturais e antropizados, bem como suas rela\u00e7\u00f5es com a sociedade, educa\u00e7\u00e3o ambiental sustent\u00e1vel, buscando alternativas e estrat\u00e9gias para \u00e1 gest\u00e3o e recupera\u00e7\u00e3o estas \u00e1reas.\u00a0Al\u00e9m disso, visa analisar a estrutura do meio f\u00edsico dos diversos ambientes, bem como os processos [&hellip;]<\/p>\n","protected":false},"author":707,"featured_media":0,"parent":9,"menu_order":0,"comment_status":"closed","ping_status":"closed","template":"","meta":{"footnotes":""},"class_list":["post-12","page","type-page","status-publish","hentry"],"_links":{"self":[{"href":"https:\/\/wp.ufpel.edu.br\/ppgcamb\/wp-json\/wp\/v2\/pages\/12","targetHints":{"allow":["GET"]}}],"collection":[{"href":"https:\/\/wp.ufpel.edu.br\/ppgcamb\/wp-json\/wp\/v2\/pages"}],"about":[{"href":"https:\/\/wp.ufpel.edu.br\/ppgcamb\/wp-json\/wp\/v2\/types\/page"}],"author":[{"embeddable":true,"href":"https:\/\/wp.ufpel.edu.br\/ppgcamb\/wp-json\/wp\/v2\/users\/707"}],"replies":[{"embeddable":true,"href":"https:\/\/wp.ufpel.edu.br\/ppgcamb\/wp-json\/wp\/v2\/comments?post=12"}],"version-history":[{"count":8,"href":"https:\/\/wp.ufpel.edu.br\/ppgcamb\/wp-json\/wp\/v2\/pages\/12\/revisions"}],"predecessor-version":[{"id":980,"href":"https:\/\/wp.ufpel.edu.br\/ppgcamb\/wp-json\/wp\/v2\/pages\/12\/revisions\/980"}],"up":[{"embeddable":true,"href":"https:\/\/wp.ufpel.edu.br\/ppgcamb\/wp-json\/wp\/v2\/pages\/9"}],"wp:attachment":[{"href":"https:\/\/wp.ufpel.edu.br\/ppgcamb\/wp-json\/wp\/v2\/media?parent=12"}],"curies":[{"name":"wp","href":"https:\/\/api.w.org\/{rel}","templated":true}]}}