{"id":1197,"date":"2019-09-02T09:49:30","date_gmt":"2019-09-02T12:49:30","guid":{"rendered":"https:\/\/wp.ufpel.edu.br\/ppgcamb\/?page_id=1197"},"modified":"2022-07-01T10:37:30","modified_gmt":"2022-07-01T13:37:30","slug":"destaques","status":"publish","type":"page","link":"https:\/\/wp.ufpel.edu.br\/ppgcamb\/destaques\/","title":{"rendered":"Destaques"},"content":{"rendered":"<blockquote class=\"wp-embedded-content\" data-secret=\"xmqyYYuJnz\"><p><a href=\"https:\/\/ccs2.ufpel.edu.br\/wp\/2022\/06\/15\/ppgcamb-realiza-primeira-edicao-do-curso-de-inverno\/\">PPGCAmb realiza primeira edi\u00e7\u00e3o do Curso de Inverno<\/a><\/p><\/blockquote>\n<p><iframe class=\"wp-embedded-content\" sandbox=\"allow-scripts\" security=\"restricted\" style=\"position: absolute; clip: rect(1px, 1px, 1px, 1px);\" title=\"&#8220;PPGCAmb realiza primeira edi\u00e7\u00e3o do Curso de Inverno&#8221; &#8212; Coordena\u00e7\u00e3o de Comunica\u00e7\u00e3o Social\" src=\"https:\/\/ccs2.ufpel.edu.br\/wp\/2022\/06\/15\/ppgcamb-realiza-primeira-edicao-do-curso-de-inverno\/embed\/#?secret=9Zd9oJDwSw#?secret=xmqyYYuJnz\" data-secret=\"xmqyYYuJnz\" width=\"500\" height=\"282\" frameborder=\"0\" marginwidth=\"0\" marginheight=\"0\" scrolling=\"no\"><\/iframe><\/p>\n<p>&nbsp;<\/p>\n<blockquote class=\"wp-embedded-content\" data-secret=\"p6aiF3gqU3\"><p><a href=\"https:\/\/wp.ufpel.edu.br\/ceng\/aluno-do-ceng-e-aprovado-em-primeiro-lugar-em-selecao-de-doutorado\/\">Aluno do CEng \u00e9 aprovado em primeiro lugar em sele\u00e7\u00e3o de doutorado<\/a><\/p><\/blockquote>\n<p><iframe class=\"wp-embedded-content\" sandbox=\"allow-scripts\" security=\"restricted\" style=\"position: absolute; clip: rect(1px, 1px, 1px, 1px);\" title=\"&#8220;Aluno do CEng \u00e9 aprovado em primeiro lugar em sele\u00e7\u00e3o de doutorado&#8221; &#8212; Centro de Engenharias\" src=\"https:\/\/wp.ufpel.edu.br\/ceng\/aluno-do-ceng-e-aprovado-em-primeiro-lugar-em-selecao-de-doutorado\/embed\/#?secret=34Mx0xzNxj#?secret=p6aiF3gqU3\" data-secret=\"p6aiF3gqU3\" width=\"500\" height=\"282\" frameborder=\"0\" marginwidth=\"0\" marginheight=\"0\" scrolling=\"no\"><\/iframe><\/p>\n<blockquote class=\"wp-embedded-content\" data-secret=\"Pg3SvJ3hgy\"><p><a href=\"https:\/\/wp.ufpel.edu.br\/ceng\/professores-do-ceng-conquistam-bolsas-de-produtividade-em-pesquisa-pq\/\">Professores do CEng conquistam Bolsas de Produtividade em Pesquisa &#8211; PQ<\/a><\/p><\/blockquote>\n<p><iframe class=\"wp-embedded-content\" sandbox=\"allow-scripts\" security=\"restricted\" style=\"position: absolute; clip: rect(1px, 1px, 1px, 1px);\" title=\"&#8220;Professores do CEng conquistam Bolsas de Produtividade em Pesquisa &#8211; PQ&#8221; &#8212; Centro de Engenharias\" src=\"https:\/\/wp.ufpel.edu.br\/ceng\/professores-do-ceng-conquistam-bolsas-de-produtividade-em-pesquisa-pq\/embed\/#?secret=lLy9sGzLhb#?secret=Pg3SvJ3hgy\" data-secret=\"Pg3SvJ3hgy\" width=\"500\" height=\"282\" frameborder=\"0\" marginwidth=\"0\" marginheight=\"0\" scrolling=\"no\"><\/iframe><\/p>\n<blockquote class=\"wp-embedded-content\" data-secret=\"eEb2GyUOR8\"><p><a href=\"https:\/\/wp.ufpel.edu.br\/ceng\/professor-do-centro-de-engenharias-e-um-dos-mais-citados-da-ufpel-pela-plataforma-scival\/\">Professor do Centro de Engenharias \u00e9 um dos mais citados da UFPel pela plataforma Scival<\/a><\/p><\/blockquote>\n<p><iframe class=\"wp-embedded-content\" sandbox=\"allow-scripts\" security=\"restricted\" style=\"position: absolute; clip: rect(1px, 1px, 1px, 1px);\" title=\"&#8220;Professor do Centro de Engenharias \u00e9 um dos mais citados da UFPel pela plataforma Scival&#8221; &#8212; Centro de Engenharias\" src=\"https:\/\/wp.ufpel.edu.br\/ceng\/professor-do-centro-de-engenharias-e-um-dos-mais-citados-da-ufpel-pela-plataforma-scival\/embed\/#?secret=FSip5wPaDS#?secret=eEb2GyUOR8\" data-secret=\"eEb2GyUOR8\" width=\"500\" height=\"282\" frameborder=\"0\" marginwidth=\"0\" marginheight=\"0\" scrolling=\"no\"><\/iframe><\/p>\n<blockquote class=\"wp-embedded-content\" data-secret=\"m8tlyli0EF\"><p><a href=\"https:\/\/diariodamanhapelotas.com.br\/site\/santa-barbara-comissao-de-meio-ambiente-da-camara-visita-barragem\/\">SANTA B\u00c1RBARA :  Comiss\u00e3o de Meio Ambiente da C\u00e2mara visita Barragem<\/a><\/p><\/blockquote>\n<p><iframe class=\"wp-embedded-content\" sandbox=\"allow-scripts\" security=\"restricted\" style=\"position: absolute; clip: rect(1px, 1px, 1px, 1px);\" title=\"&#8220;SANTA B\u00c1RBARA :  Comiss\u00e3o de Meio Ambiente da C\u00e2mara visita Barragem&#8221; &#8212; Di\u00e1rio da Manh\u00e3\" src=\"https:\/\/diariodamanhapelotas.com.br\/site\/santa-barbara-comissao-de-meio-ambiente-da-camara-visita-barragem\/embed\/#?secret=m8tlyli0EF\" data-secret=\"m8tlyli0EF\" width=\"500\" height=\"282\" frameborder=\"0\" marginwidth=\"0\" marginheight=\"0\" scrolling=\"no\"><\/iframe><\/p>\n<blockquote class=\"wp-embedded-content\" data-secret=\"bNpY8hkdnj\"><p><a href=\"https:\/\/wp.ufpel.edu.br\/ceng\/professor-do-ceng-vence-edital-para-professor-visitante-na-uniao-europeia\/\">Professor do CEng vence edital para professor visitante na Uni\u00e3o Europeia<\/a><\/p><\/blockquote>\n<p><iframe class=\"wp-embedded-content\" sandbox=\"allow-scripts\" security=\"restricted\" style=\"position: absolute; clip: rect(1px, 1px, 1px, 1px);\" title=\"&#8220;Professor do CEng vence edital para professor visitante na Uni\u00e3o Europeia&#8221; &#8212; Centro de Engenharias\" src=\"https:\/\/wp.ufpel.edu.br\/ceng\/professor-do-ceng-vence-edital-para-professor-visitante-na-uniao-europeia\/embed\/#?secret=1b4FouMIkS#?secret=bNpY8hkdnj\" data-secret=\"bNpY8hkdnj\" width=\"500\" height=\"282\" frameborder=\"0\" marginwidth=\"0\" marginheight=\"0\" scrolling=\"no\"><\/iframe><\/p>\n<blockquote class=\"wp-embedded-content\" data-secret=\"KLJHAv1rc8\"><p><a href=\"https:\/\/wp.ufpel.edu.br\/ceng\/professor-do-ceng-recebe-premio-da-uniao-europeia\/\">Professor do CEng recebe pr\u00eamio da Uni\u00e3o Europeia<\/a><\/p><\/blockquote>\n<p><iframe class=\"wp-embedded-content\" sandbox=\"allow-scripts\" security=\"restricted\" style=\"position: absolute; clip: rect(1px, 1px, 1px, 1px);\" title=\"&#8220;Professor do CEng recebe pr\u00eamio da Uni\u00e3o Europeia&#8221; &#8212; Centro de Engenharias\" src=\"https:\/\/wp.ufpel.edu.br\/ceng\/professor-do-ceng-recebe-premio-da-uniao-europeia\/embed\/#?secret=4ITisdXChJ#?secret=KLJHAv1rc8\" data-secret=\"KLJHAv1rc8\" width=\"500\" height=\"282\" frameborder=\"0\" marginwidth=\"0\" marginheight=\"0\" scrolling=\"no\"><\/iframe><\/p>\n<blockquote class=\"wp-embedded-content\" data-secret=\"gf9sAEM2Y7\"><p><a href=\"https:\/\/wp.ufpel.edu.br\/ceng\/professor-do-ceng-e-contemplado-com-bolsas-de-pesquisa-em-1o-lugar-nacional\/\">Professor do CEng \u00e9 contemplado com bolsas de pesquisa em 1\u00ba lugar nacional<\/a><\/p><\/blockquote>\n<p><iframe class=\"wp-embedded-content\" sandbox=\"allow-scripts\" security=\"restricted\" style=\"position: absolute; clip: rect(1px, 1px, 1px, 1px);\" title=\"&#8220;Professor do CEng \u00e9 contemplado com bolsas de pesquisa em 1\u00ba lugar nacional&#8221; &#8212; Centro de Engenharias\" src=\"https:\/\/wp.ufpel.edu.br\/ceng\/professor-do-ceng-e-contemplado-com-bolsas-de-pesquisa-em-1o-lugar-nacional\/embed\/#?secret=h6pUcb3xi4#?secret=gf9sAEM2Y7\" data-secret=\"gf9sAEM2Y7\" width=\"500\" height=\"282\" frameborder=\"0\" marginwidth=\"0\" marginheight=\"0\" scrolling=\"no\"><\/iframe><\/p>\n<blockquote class=\"wp-embedded-content\" data-secret=\"JR9PEdJZzz\"><p><a href=\"https:\/\/wp.ufpel.edu.br\/ceng\/aula-inaugural-do-programa-de-pos-graduacao-em-ciencias-ambientais\/\">Aula inaugural do Programa de P\u00f3s-Gradua\u00e7\u00e3o em Ci\u00eancias Ambientais<\/a><\/p><\/blockquote>\n<p><iframe class=\"wp-embedded-content\" sandbox=\"allow-scripts\" security=\"restricted\" style=\"position: absolute; clip: rect(1px, 1px, 1px, 1px);\" title=\"&#8220;Aula inaugural do Programa de P\u00f3s-Gradua\u00e7\u00e3o em Ci\u00eancias Ambientais&#8221; &#8212; Centro de Engenharias\" src=\"https:\/\/wp.ufpel.edu.br\/ceng\/aula-inaugural-do-programa-de-pos-graduacao-em-ciencias-ambientais\/embed\/#?secret=0095FoyjOJ#?secret=JR9PEdJZzz\" data-secret=\"JR9PEdJZzz\" width=\"500\" height=\"282\" frameborder=\"0\" marginwidth=\"0\" marginheight=\"0\" scrolling=\"no\"><\/iframe><\/p>\n<blockquote class=\"wp-embedded-content\" data-secret=\"idJfMiE4an\"><p><a href=\"https:\/\/wp.ufpel.edu.br\/ceng\/professores-do-ceng-contemplados-no-programa-pesquisador-gaucho-pqg\/\">Professores do CEng contemplados no Programa Pesquisador Ga\u00facho &#8211; PqG<\/a><\/p><\/blockquote>\n<p><iframe class=\"wp-embedded-content\" sandbox=\"allow-scripts\" security=\"restricted\" style=\"position: absolute; clip: rect(1px, 1px, 1px, 1px);\" title=\"&#8220;Professores do CEng contemplados no Programa Pesquisador Ga\u00facho &#8211; PqG&#8221; &#8212; Centro de Engenharias\" src=\"https:\/\/wp.ufpel.edu.br\/ceng\/professores-do-ceng-contemplados-no-programa-pesquisador-gaucho-pqg\/embed\/#?secret=fXnefMFsCh#?secret=idJfMiE4an\" data-secret=\"idJfMiE4an\" width=\"500\" height=\"282\" frameborder=\"0\" marginwidth=\"0\" marginheight=\"0\" scrolling=\"no\"><\/iframe><\/p>\n<blockquote class=\"wp-embedded-content\" data-secret=\"jV8uLgVdC8\"><p><a href=\"https:\/\/wp.ufpel.edu.br\/ceng\/convite-seminarios-ppgcamb\/\">Convite &#8211; Semin\u00e1rios PPGCAmb<\/a><\/p><\/blockquote>\n<p><iframe class=\"wp-embedded-content\" sandbox=\"allow-scripts\" security=\"restricted\" style=\"position: absolute; clip: rect(1px, 1px, 1px, 1px);\" title=\"&#8220;Convite &#8211; Semin\u00e1rios PPGCAmb&#8221; &#8212; Centro de Engenharias\" src=\"https:\/\/wp.ufpel.edu.br\/ceng\/convite-seminarios-ppgcamb\/embed\/#?secret=cBYIMRCYpY#?secret=jV8uLgVdC8\" data-secret=\"jV8uLgVdC8\" width=\"500\" height=\"282\" frameborder=\"0\" marginwidth=\"0\" marginheight=\"0\" scrolling=\"no\"><\/iframe><\/p>\n<blockquote class=\"wp-embedded-content\" data-secret=\"ehrXMKPjc3\"><p><a href=\"https:\/\/wp.ufpel.edu.br\/ceng\/servidores-do-ceng-sao-contemplados-no-edital-fapergs-ard\/\">Servidores do CEng s\u00e3o contemplados no Edital FAPERGS &#8211; ARD<\/a><\/p><\/blockquote>\n<p><iframe class=\"wp-embedded-content\" sandbox=\"allow-scripts\" security=\"restricted\" style=\"position: absolute; clip: rect(1px, 1px, 1px, 1px);\" title=\"&#8220;Servidores do CEng s\u00e3o contemplados no Edital FAPERGS &#8211; ARD&#8221; &#8212; Centro de Engenharias\" src=\"https:\/\/wp.ufpel.edu.br\/ceng\/servidores-do-ceng-sao-contemplados-no-edital-fapergs-ard\/embed\/#?secret=XLcLvVPNUZ#?secret=ehrXMKPjc3\" data-secret=\"ehrXMKPjc3\" width=\"500\" height=\"282\" frameborder=\"0\" marginwidth=\"0\" marginheight=\"0\" scrolling=\"no\"><\/iframe><\/p>\n","protected":false},"excerpt":{"rendered":"<p>PPGCAmb realiza primeira edi\u00e7\u00e3o do Curso de Inverno &nbsp; Aluno do CEng \u00e9 aprovado em primeiro lugar em sele\u00e7\u00e3o de doutorado Professores do CEng conquistam Bolsas de Produtividade em Pesquisa &#8211; PQ Professor do Centro de Engenharias \u00e9 um dos mais citados da UFPel pela plataforma Scival SANTA B\u00c1RBARA : Comiss\u00e3o de Meio Ambiente da [&hellip;]<\/p>\n","protected":false},"author":707,"featured_media":0,"parent":0,"menu_order":0,"comment_status":"closed","ping_status":"closed","template":"","meta":{"footnotes":""},"class_list":["post-1197","page","type-page","status-publish","hentry"],"_links":{"self":[{"href":"https:\/\/wp.ufpel.edu.br\/ppgcamb\/wp-json\/wp\/v2\/pages\/1197","targetHints":{"allow":["GET"]}}],"collection":[{"href":"https:\/\/wp.ufpel.edu.br\/ppgcamb\/wp-json\/wp\/v2\/pages"}],"about":[{"href":"https:\/\/wp.ufpel.edu.br\/ppgcamb\/wp-json\/wp\/v2\/types\/page"}],"author":[{"embeddable":true,"href":"https:\/\/wp.ufpel.edu.br\/ppgcamb\/wp-json\/wp\/v2\/users\/707"}],"replies":[{"embeddable":true,"href":"https:\/\/wp.ufpel.edu.br\/ppgcamb\/wp-json\/wp\/v2\/comments?post=1197"}],"version-history":[{"count":7,"href":"https:\/\/wp.ufpel.edu.br\/ppgcamb\/wp-json\/wp\/v2\/pages\/1197\/revisions"}],"predecessor-version":[{"id":3909,"href":"https:\/\/wp.ufpel.edu.br\/ppgcamb\/wp-json\/wp\/v2\/pages\/1197\/revisions\/3909"}],"wp:attachment":[{"href":"https:\/\/wp.ufpel.edu.br\/ppgcamb\/wp-json\/wp\/v2\/media?parent=1197"}],"curies":[{"name":"wp","href":"https:\/\/api.w.org\/{rel}","templated":true}]}}