{"id":119,"date":"2016-10-31T17:40:53","date_gmt":"2016-10-31T19:40:53","guid":{"rendered":"https:\/\/wp.ufpel.edu.br\/ppgcamb\/?page_id=119"},"modified":"2019-05-02T15:48:26","modified_gmt":"2019-05-02T18:48:26","slug":"aplicacoes-ambientais-com-matlab","status":"publish","type":"page","link":"https:\/\/wp.ufpel.edu.br\/ppgcamb\/disciplinas\/optativas\/aplicacoes-ambientais-com-matlab\/","title":{"rendered":"Aplica\u00e7\u00f5es Ambientais com Matlab"},"content":{"rendered":"<p><strong>Carga Hor\u00e1ria<\/strong>: 68 horas<\/p>\n<p><strong>Cr\u00e9ditos<\/strong>: 4<\/p>\n<p><strong>C\u00f3digo:<\/strong> 1640275<\/p>\n<p><strong>Ementa<\/strong><\/p>\n<p>Introdu\u00e7\u00e3o ao MATLAB.<\/p>\n<p>Comandos e opera\u00e7\u00f5es b\u00e1sicas.<\/p>\n<p>Visualiza\u00e7\u00e3o e programa\u00e7\u00e3o.<\/p>\n<p>Ferramentas estat\u00edsticas.<\/p>\n<p>Testes de hip\u00f3teses.<\/p>\n<p>M\u00e9todos estoc\u00e1sticos.<\/p>\n<p>Ajuste de fun\u00e7\u00f5es.<\/p>\n<p>Otimiza\u00e7\u00e3o de fun\u00e7\u00f5es-objetivo aplicada ao transporte de sedimentos em corpos h\u00eddricos.<\/p>\n<p>Otimiza\u00e7\u00e3o em problemas de hidrologia.<\/p>\n<p>Modelagem de transporte de contaminantes em \u00e1gua subterr\u00e2nea.<\/p>\n<p>Regress\u00e3o linear aplicada ao estudo de propriedades do solo.<\/p>\n<p>Modelagem da qualidade do ar.<\/p>\n<p><strong>\u00a0<\/strong><\/p>\n<p><strong>Bibliografia<\/strong><\/p>\n<p>ALLOWAY, B.J.; AYRES, D.C. Chemical Principles of Environmental Pollution. 2ed. New York: Editor Chapman &amp; Hall, 1997.<\/p>\n<p>CHAPMAN, S.J. Programa\u00e7\u00e3o em MATLAB para engenheiros. S\u00e3o Paulo: Thomson, 2003. 477p.<\/p>\n<p>CIRILO, J.A. Programa\u00e7\u00e3o n\u00e3o linear aplicada a recursos h\u00eddricos. In: T\u00e9cnicas Quantitativas para o Gerenciamento de Recurso H\u00eddricos. 1ed. Porto Alegre: Editora UFRGS, v.1, p. 305-359, 1997.<\/p>\n<p>COLLISCHON, W. Hidrologia para engenharia e ci\u00eancias ambientais. Porto Alegre: ABRH, 2013. 350p.<\/p>\n<p>DOMENICO, P.A.; SCHWARTZ, F.W. Physical e Chemical Hydrogeology. New York: John Wiley &amp; Sons, 1990.<\/p>\n<p>FETTER, C.W. Applied hydrogeology. 3ed. Englewood, NJ: Prentice Hall, 1994.<\/p>\n<p>GILAT, A. MATLAB com aplica\u00e7\u00f5es em engenharia. 4ed. Porto Alegre: Bookman, 2012. 416p.<\/p>\n<p>MAIDMENT, D.R. Handbook of Hydrology. New York: McGRAW-Hill, 1993.<\/p>\n<p>MONTGOMERY, D.C. Estat\u00edstica aplicada e probabilidade para engenheiros. 5ed. Rio de Janeiro: LTC, 2012. 512p.<\/p>\n<p>OLIVEIRA JUNIOR, H.A. Intelig\u00eancia computacional aplicada \u00e0 administra\u00e7\u00e3o, economia e engenharia em Matlab. S\u00e3o Paulo: Thomson, 2007. 370p.<\/p>\n<p>PEDROTTI, A. Avan\u00e7oes em ci\u00eancias do solo: a f\u00edsica do solo na produ\u00e7\u00e3o agr\u00edcola e qualidade ambiental. Vi\u00e7osa: UFS, 2009. 212p.<\/p>\n<p>POLETO, C.; MERTEN, G. Qualidade dos sedimentos. 2ed. rev. ampl. Porto Alegre: ABRH, 2013. 285p.<\/p>\n<p>SOLIMAN, M.M.; LaMOREAUX, P.E.; MEMON, B.A.; ASSAD, F.A.; LaMOREAUX, J.W. Environmental Hydrogeology. Boca Raton: CRC Press LLC, 1997.<\/p>\n<p>SPRINGERLINK (ONLINE SERVICE). Mathematical methods for Mechanics: A Handbook with MATLAB Experiments. XVI, 624p.<\/p>\n<p>STERN, A.C. Fundamentals of air pollution. 2ed. Orlando: Academic Press, 1984. 530p.<\/p>\n","protected":false},"excerpt":{"rendered":"<p>Carga Hor\u00e1ria: 68 horas Cr\u00e9ditos: 4 C\u00f3digo: 1640275 Ementa Introdu\u00e7\u00e3o ao MATLAB. Comandos e opera\u00e7\u00f5es b\u00e1sicas. Visualiza\u00e7\u00e3o e programa\u00e7\u00e3o. Ferramentas estat\u00edsticas. Testes de hip\u00f3teses. M\u00e9todos estoc\u00e1sticos. Ajuste de fun\u00e7\u00f5es. Otimiza\u00e7\u00e3o de fun\u00e7\u00f5es-objetivo aplicada ao transporte de sedimentos em corpos h\u00eddricos. Otimiza\u00e7\u00e3o em problemas de hidrologia. Modelagem de transporte de contaminantes em \u00e1gua subterr\u00e2nea. Regress\u00e3o linear [&hellip;]<\/p>\n","protected":false},"author":707,"featured_media":0,"parent":30,"menu_order":0,"comment_status":"closed","ping_status":"closed","template":"","meta":{"footnotes":""},"class_list":["post-119","page","type-page","status-publish","hentry"],"_links":{"self":[{"href":"https:\/\/wp.ufpel.edu.br\/ppgcamb\/wp-json\/wp\/v2\/pages\/119","targetHints":{"allow":["GET"]}}],"collection":[{"href":"https:\/\/wp.ufpel.edu.br\/ppgcamb\/wp-json\/wp\/v2\/pages"}],"about":[{"href":"https:\/\/wp.ufpel.edu.br\/ppgcamb\/wp-json\/wp\/v2\/types\/page"}],"author":[{"embeddable":true,"href":"https:\/\/wp.ufpel.edu.br\/ppgcamb\/wp-json\/wp\/v2\/users\/707"}],"replies":[{"embeddable":true,"href":"https:\/\/wp.ufpel.edu.br\/ppgcamb\/wp-json\/wp\/v2\/comments?post=119"}],"version-history":[{"count":4,"href":"https:\/\/wp.ufpel.edu.br\/ppgcamb\/wp-json\/wp\/v2\/pages\/119\/revisions"}],"predecessor-version":[{"id":987,"href":"https:\/\/wp.ufpel.edu.br\/ppgcamb\/wp-json\/wp\/v2\/pages\/119\/revisions\/987"}],"up":[{"embeddable":true,"href":"https:\/\/wp.ufpel.edu.br\/ppgcamb\/wp-json\/wp\/v2\/pages\/30"}],"wp:attachment":[{"href":"https:\/\/wp.ufpel.edu.br\/ppgcamb\/wp-json\/wp\/v2\/media?parent=119"}],"curies":[{"name":"wp","href":"https:\/\/api.w.org\/{rel}","templated":true}]}}