{"id":1182,"date":"2019-08-26T11:24:10","date_gmt":"2019-08-26T14:24:10","guid":{"rendered":"https:\/\/wp.ufpel.edu.br\/ppgcamb\/?page_id=1182"},"modified":"2021-08-09T20:33:12","modified_gmt":"2021-08-09T23:33:12","slug":"participacao-em-eventos","status":"publish","type":"page","link":"https:\/\/wp.ufpel.edu.br\/ppgcamb\/participacao-em-eventos\/","title":{"rendered":"Participa\u00e7\u00e3o em eventos"},"content":{"rendered":"<p class=\"title style-scope ytd-video-primary-info-renderer\">VII SIIEPE &#8211; UFPEL &#8211; ANA PAULA ROZADO GOMES<\/p>\n<p><iframe title=\"VII SIIEPE - UFPEL - ANA PAULA ROZADO GOMES\" width=\"500\" height=\"375\" src=\"https:\/\/www.youtube.com\/embed\/Yw6b_tNm1I4?feature=oembed\" frameborder=\"0\" allow=\"accelerometer; autoplay; clipboard-write; encrypted-media; gyroscope; picture-in-picture; web-share\" referrerpolicy=\"strict-origin-when-cross-origin\" allowfullscreen><\/iframe><\/p>\n<p class=\"title style-scope ytd-video-primary-info-renderer\">VII SIIEPE &#8211; UFPEL &#8211; RUAN BERNARDY<\/p>\n<p><iframe title=\"VII SIIEPE - UFPEL - RUAN BERNARDY\" width=\"500\" height=\"281\" src=\"https:\/\/www.youtube.com\/embed\/BNHx4SroS7M?feature=oembed\" frameborder=\"0\" allow=\"accelerometer; autoplay; clipboard-write; encrypted-media; gyroscope; picture-in-picture; web-share\" referrerpolicy=\"strict-origin-when-cross-origin\" allowfullscreen><\/iframe><\/p>\n<p>&nbsp;<\/p>\n<p>VII Congresso da Rede Brasileira de Tecnologia e Inova\u00e7\u00e3o de Biodiesel<\/p>\n<blockquote class=\"wp-embedded-content\" data-secret=\"rO3Lhc7eBn\"><p><a href=\"https:\/\/wp.ufpel.edu.br\/ppgcamb\/2019\/11\/08\/1343\/\">Participa\u00e7\u00e3o no VII Congresso da Rede Brasileira de Tecnologia e Inova\u00e7\u00e3o de Biodiesel<\/a><\/p><\/blockquote>\n<p><iframe class=\"wp-embedded-content\" sandbox=\"allow-scripts\" security=\"restricted\" style=\"position: absolute; clip: rect(1px, 1px, 1px, 1px);\" title=\"&#8220;Participa\u00e7\u00e3o no VII Congresso da Rede Brasileira de Tecnologia e Inova\u00e7\u00e3o de Biodiesel&#8221; &#8212; PPGCAmb\" src=\"https:\/\/wp.ufpel.edu.br\/ppgcamb\/2019\/11\/08\/1343\/embed\/#?secret=J638OkgbE6#?secret=rO3Lhc7eBn\" data-secret=\"rO3Lhc7eBn\" width=\"500\" height=\"282\" frameborder=\"0\" marginwidth=\"0\" marginheight=\"0\" scrolling=\"no\"><\/iframe><\/p>\n<p><a href=\"https:\/\/wp.ufpel.edu.br\/ppgcamb\/2019\/11\/08\/1343\/\">https:\/\/wp.ufpel.edu.br\/ppgcamb\/2019\/11\/08\/1343\/<\/a><\/p>\n<p>&nbsp;<\/p>\n<p>5\u00aa SIIEPE<\/p>\n<blockquote class=\"wp-embedded-content\" data-secret=\"aGAFtWDyz3\"><p><a href=\"https:\/\/wp.ufpel.edu.br\/ppgcamb\/2019\/10\/24\/seguem-as-atividades-do-ppgcamb-na-5a-semana-integrada-ufpel-2019\/\">Seguem as atividades do PPGCAmb na 5\u00aa Semana Integrada UFPEL 2019<\/a><\/p><\/blockquote>\n<p><iframe class=\"wp-embedded-content\" sandbox=\"allow-scripts\" security=\"restricted\" style=\"position: absolute; clip: rect(1px, 1px, 1px, 1px);\" title=\"&#8220;Seguem as atividades do PPGCAmb na 5\u00aa Semana Integrada UFPEL 2019&#8221; &#8212; PPGCAmb\" src=\"https:\/\/wp.ufpel.edu.br\/ppgcamb\/2019\/10\/24\/seguem-as-atividades-do-ppgcamb-na-5a-semana-integrada-ufpel-2019\/embed\/#?secret=qPWuPzm9ZI#?secret=aGAFtWDyz3\" data-secret=\"aGAFtWDyz3\" width=\"500\" height=\"282\" frameborder=\"0\" marginwidth=\"0\" marginheight=\"0\" scrolling=\"no\"><\/iframe><\/p>\n<p><a href=\"https:\/\/wp.ufpel.edu.br\/ppgcamb\/2019\/10\/24\/seguem-as-atividades-do-ppgcamb-na-5a-semana-integrada-ufpel-2019\/\">https:\/\/wp.ufpel.edu.br\/ppgcamb\/2019\/10\/24\/seguem-as-atividades-do-ppgcamb-na-5a-semana-integrada-ufpel-2019\/<\/a><\/p>\n<p>&nbsp;<\/p>\n<blockquote class=\"wp-embedded-content\" data-secret=\"dYUxb9MdNu\"><p><a href=\"https:\/\/wp.ufpel.edu.br\/ppgcamb\/2019\/10\/23\/ppgcamb-inicia-suas-atividades-na-5a-siiepe-a-pleno-vapor\/\">PPGCAmb inicia suas atividades na 5\u00aa SIIEPE a pleno vapor!<\/a><\/p><\/blockquote>\n<p><iframe class=\"wp-embedded-content\" sandbox=\"allow-scripts\" security=\"restricted\" style=\"position: absolute; clip: rect(1px, 1px, 1px, 1px);\" title=\"&#8220;PPGCAmb inicia suas atividades na 5\u00aa SIIEPE a pleno vapor!&#8221; &#8212; PPGCAmb\" src=\"https:\/\/wp.ufpel.edu.br\/ppgcamb\/2019\/10\/23\/ppgcamb-inicia-suas-atividades-na-5a-siiepe-a-pleno-vapor\/embed\/#?secret=hNBwAZomSC#?secret=dYUxb9MdNu\" data-secret=\"dYUxb9MdNu\" width=\"500\" height=\"282\" frameborder=\"0\" marginwidth=\"0\" marginheight=\"0\" scrolling=\"no\"><\/iframe><\/p>\n<p><a href=\"https:\/\/wp.ufpel.edu.br\/ppgcamb\/2019\/10\/23\/ppgcamb-inicia-suas-atividades-na-5a-siiepe-a-pleno-vapor\/\">https:\/\/wp.ufpel.edu.br\/ppgcamb\/2019\/10\/23\/ppgcamb-inicia-suas-atividades-na-5a-siiepe-a-pleno-vapor\/<\/a><\/p>\n<p>&nbsp;<\/p>\n<p class=\"corTexto\">37\u00ba SEURS:<\/p>\n<blockquote class=\"wp-embedded-content\" data-secret=\"5Ab7Q37uwq\"><p><a href=\"https:\/\/wp.ufpel.edu.br\/ceng\/academicas-profs-ceng-37-seurs\/\">Acad\u00eamicas e professores do CENG participam do 37\u00ba SEURS<\/a><\/p><\/blockquote>\n<p><iframe class=\"wp-embedded-content\" sandbox=\"allow-scripts\" security=\"restricted\" style=\"position: absolute; clip: rect(1px, 1px, 1px, 1px);\" title=\"&#8220;Acad\u00eamicas e professores do CENG participam do 37\u00ba SEURS&#8221; &#8212; Centro de Engenharias\" src=\"https:\/\/wp.ufpel.edu.br\/ceng\/academicas-profs-ceng-37-seurs\/embed\/#?secret=aX3780nYrg#?secret=5Ab7Q37uwq\" data-secret=\"5Ab7Q37uwq\" width=\"500\" height=\"282\" frameborder=\"0\" marginwidth=\"0\" marginheight=\"0\" scrolling=\"no\"><\/iframe><\/p>\n<p><img class=\"size-medium alignleft\" src=\"https:\/\/wp.ufpel.edu.br\/ceng\/files\/2019\/07\/Noticia-Larissa.png\" width=\"580\" height=\"435\" \/><\/p>\n<blockquote class=\"wp-embedded-content\" data-secret=\"h5iYWcf6yO\"><p><a href=\"https:\/\/wp.ufpel.edu.br\/ceng\/ppgcamb-no-forum-social-saneamento-basico\/\">PPGCAmb no F\u00f3rum Social \u2013 Saneamento B\u00e1sico<\/a><\/p><\/blockquote>\n<p><iframe class=\"wp-embedded-content\" sandbox=\"allow-scripts\" security=\"restricted\" style=\"position: absolute; clip: rect(1px, 1px, 1px, 1px);\" title=\"&#8220;PPGCAmb no F\u00f3rum Social \u2013 Saneamento B\u00e1sico&#8221; &#8212; Centro de Engenharias\" src=\"https:\/\/wp.ufpel.edu.br\/ceng\/ppgcamb-no-forum-social-saneamento-basico\/embed\/#?secret=G9SGmtUsjf#?secret=h5iYWcf6yO\" data-secret=\"h5iYWcf6yO\" width=\"500\" height=\"282\" frameborder=\"0\" marginwidth=\"0\" marginheight=\"0\" scrolling=\"no\"><\/iframe><\/p>\n","protected":false},"excerpt":{"rendered":"<p>VII SIIEPE &#8211; UFPEL &#8211; ANA PAULA ROZADO GOMES VII SIIEPE &#8211; UFPEL &#8211; RUAN BERNARDY &nbsp; VII Congresso da Rede Brasileira de Tecnologia e Inova\u00e7\u00e3o de Biodiesel Participa\u00e7\u00e3o no VII Congresso da Rede Brasileira de Tecnologia e Inova\u00e7\u00e3o de Biodiesel https:\/\/wp.ufpel.edu.br\/ppgcamb\/2019\/11\/08\/1343\/ &nbsp; 5\u00aa SIIEPE Seguem as atividades do PPGCAmb na 5\u00aa Semana Integrada UFPEL [&hellip;]<\/p>\n","protected":false},"author":707,"featured_media":0,"parent":0,"menu_order":0,"comment_status":"closed","ping_status":"closed","template":"","meta":{"footnotes":""},"class_list":["post-1182","page","type-page","status-publish","hentry"],"_links":{"self":[{"href":"https:\/\/wp.ufpel.edu.br\/ppgcamb\/wp-json\/wp\/v2\/pages\/1182","targetHints":{"allow":["GET"]}}],"collection":[{"href":"https:\/\/wp.ufpel.edu.br\/ppgcamb\/wp-json\/wp\/v2\/pages"}],"about":[{"href":"https:\/\/wp.ufpel.edu.br\/ppgcamb\/wp-json\/wp\/v2\/types\/page"}],"author":[{"embeddable":true,"href":"https:\/\/wp.ufpel.edu.br\/ppgcamb\/wp-json\/wp\/v2\/users\/707"}],"replies":[{"embeddable":true,"href":"https:\/\/wp.ufpel.edu.br\/ppgcamb\/wp-json\/wp\/v2\/comments?post=1182"}],"version-history":[{"count":7,"href":"https:\/\/wp.ufpel.edu.br\/ppgcamb\/wp-json\/wp\/v2\/pages\/1182\/revisions"}],"predecessor-version":[{"id":2920,"href":"https:\/\/wp.ufpel.edu.br\/ppgcamb\/wp-json\/wp\/v2\/pages\/1182\/revisions\/2920"}],"wp:attachment":[{"href":"https:\/\/wp.ufpel.edu.br\/ppgcamb\/wp-json\/wp\/v2\/media?parent=1182"}],"curies":[{"name":"wp","href":"https:\/\/api.w.org\/{rel}","templated":true}]}}