{"id":115,"date":"2016-10-31T17:39:12","date_gmt":"2016-10-31T19:39:12","guid":{"rendered":"https:\/\/wp.ufpel.edu.br\/ppgcamb\/?page_id=115"},"modified":"2019-05-02T15:51:30","modified_gmt":"2019-05-02T18:51:30","slug":"gerenciamento-e-tratamento-de-residuos-solidos","status":"publish","type":"page","link":"https:\/\/wp.ufpel.edu.br\/ppgcamb\/disciplinas\/optativas\/gerenciamento-e-tratamento-de-residuos-solidos\/","title":{"rendered":"Gerenciamento e Tratamento de Res\u00edduos S\u00f3lidos"},"content":{"rendered":"<p><strong>Carga Hor\u00e1ria<\/strong>: 68 horas<\/p>\n<p><strong>Cr\u00e9ditos<\/strong>: 4<\/p>\n<p><strong>C\u00f3digo:<\/strong> 1640278<\/p>\n<p><strong>Ementa<\/strong><\/p>\n<p>Introdu\u00e7\u00e3o aos res\u00edduos s\u00f3lidos: conceitua\u00e7\u00e3o, panorama da gera\u00e7\u00e3o de res\u00edduos no Brasil e exterior, legisla\u00e7\u00e3o brasileira e internacional.<\/p>\n<p>Gerenciamento integrado de res\u00edduos s\u00f3lidos urbanos.<\/p>\n<p>Programas e t\u00e9cnicas para redu\u00e7\u00e3o na fonte.<\/p>\n<p>Reciclagem de res\u00edduos urbanos.<\/p>\n<p>Aterros.<\/p>\n<p>Incinera\u00e7\u00e3o.<\/p>\n<p>Compostagem.<\/p>\n<p>Mecanismos f\u00edsico-qu\u00edmicos e biol\u00f3gicos na degrada\u00e7\u00e3o de res\u00edduos s\u00f3lidos.<\/p>\n<p>Metodologias para a an\u00e1lise de res\u00edduos s\u00f3lidos.<\/p>\n<p><strong>\u00a0<\/strong><\/p>\n<p><strong>Bibliografia<\/strong><\/p>\n<p>ABRELPE. Associa\u00e7\u00e3o Brasileira de Limpeza P\u00fablica e Res\u00edduos Especiais. Panorama dos Res\u00edduos S\u00f3lidos no Brasil. S\u00e3o Paulo, 2011.<\/p>\n<p>D\u2019ALMEIDA, M.L.O., VILHENA, A. Lixo municipal: manual de gerenciamento integrado. 2<sup>a<\/sup> ed. S\u00e3o Paulo: IPT\/ CEMPRE. 2000.<\/p>\n<p>EPA\/600\/M-91\/031. Solid waste management. Sept. 1991.<\/p>\n<p>FRITSCH, I.E. Os res\u00edduos s\u00f3lidos e seus aspectos legais, doutrin\u00e1rios e jurisprudenciais. Porto Alegre: UE\/ Secretaria Municipal da Cultura, 2000.<\/p>\n<p>IBAM. Manual gerenciamento integrado de res\u00edduos s\u00f3lidos. Bras\u00edlia: SEDU\/IBAM, 2001.<\/p>\n<p>KEITH, F. Handbook of solid waste management. New York: McGrall Hill, 1992.<\/p>\n<p>LIMA, J.D. Gest\u00e3o de res\u00edduos s\u00f3lidos urbanos no Brasil, 2001.<\/p>\n<p>LUND, R. F. The McGraw Hill recycling handbook. New York: McGrall Hill, 1993.<\/p>\n<p>TCHOBANOGLOUS, G. Solid wastes: engineering principles and management issues. New York: McGraw Hill, 1992.<\/p>\n<p>NAIME, R. H. Gest\u00e3o de res\u00edduos s\u00f3lidos: uma abordagem pr\u00e1tica. Novo Hamburgo, 2005.<\/p>\n","protected":false},"excerpt":{"rendered":"<p>Carga Hor\u00e1ria: 68 horas Cr\u00e9ditos: 4 C\u00f3digo: 1640278 Ementa Introdu\u00e7\u00e3o aos res\u00edduos s\u00f3lidos: conceitua\u00e7\u00e3o, panorama da gera\u00e7\u00e3o de res\u00edduos no Brasil e exterior, legisla\u00e7\u00e3o brasileira e internacional. Gerenciamento integrado de res\u00edduos s\u00f3lidos urbanos. Programas e t\u00e9cnicas para redu\u00e7\u00e3o na fonte. Reciclagem de res\u00edduos urbanos. Aterros. Incinera\u00e7\u00e3o. Compostagem. Mecanismos f\u00edsico-qu\u00edmicos e biol\u00f3gicos na degrada\u00e7\u00e3o de res\u00edduos [&hellip;]<\/p>\n","protected":false},"author":707,"featured_media":0,"parent":30,"menu_order":0,"comment_status":"closed","ping_status":"closed","template":"","meta":{"footnotes":""},"class_list":["post-115","page","type-page","status-publish","hentry"],"_links":{"self":[{"href":"https:\/\/wp.ufpel.edu.br\/ppgcamb\/wp-json\/wp\/v2\/pages\/115","targetHints":{"allow":["GET"]}}],"collection":[{"href":"https:\/\/wp.ufpel.edu.br\/ppgcamb\/wp-json\/wp\/v2\/pages"}],"about":[{"href":"https:\/\/wp.ufpel.edu.br\/ppgcamb\/wp-json\/wp\/v2\/types\/page"}],"author":[{"embeddable":true,"href":"https:\/\/wp.ufpel.edu.br\/ppgcamb\/wp-json\/wp\/v2\/users\/707"}],"replies":[{"embeddable":true,"href":"https:\/\/wp.ufpel.edu.br\/ppgcamb\/wp-json\/wp\/v2\/comments?post=115"}],"version-history":[{"count":3,"href":"https:\/\/wp.ufpel.edu.br\/ppgcamb\/wp-json\/wp\/v2\/pages\/115\/revisions"}],"predecessor-version":[{"id":996,"href":"https:\/\/wp.ufpel.edu.br\/ppgcamb\/wp-json\/wp\/v2\/pages\/115\/revisions\/996"}],"up":[{"embeddable":true,"href":"https:\/\/wp.ufpel.edu.br\/ppgcamb\/wp-json\/wp\/v2\/pages\/30"}],"wp:attachment":[{"href":"https:\/\/wp.ufpel.edu.br\/ppgcamb\/wp-json\/wp\/v2\/media?parent=115"}],"curies":[{"name":"wp","href":"https:\/\/api.w.org\/{rel}","templated":true}]}}