{"id":1039,"date":"2019-05-02T16:21:58","date_gmt":"2019-05-02T19:21:58","guid":{"rendered":"https:\/\/wp.ufpel.edu.br\/ppgcamb\/?page_id=1039"},"modified":"2019-08-26T15:09:43","modified_gmt":"2019-08-26T18:09:43","slug":"editais-2019","status":"publish","type":"page","link":"https:\/\/wp.ufpel.edu.br\/ppgcamb\/editais\/editais-2019\/","title":{"rendered":"2019"},"content":{"rendered":"<p><a href=\"https:\/\/wp.ufpel.edu.br\/ppgcamb\/editais\/editais-2019\/editais-alunos-regulares-2019-1\/\">Editais para alunos regulares &#8211; 2019\/1<\/a><\/p>\n<p><a href=\"https:\/\/wp.ufpel.edu.br\/ppgcamb\/editais\/editais-2019\/edital-alunos-especiais-2019-1\/\">Edital &#8211; alunos especiais &#8211; 2019\/1<\/a><\/p>\n<p><a href=\"https:\/\/wp.ufpel.edu.br\/ppgcamb\/edital-alunos-especiais-2019-2\/\">Edital &#8211; alunos especiais &#8211; 2019\/2<\/a><\/p>\n<p><a href=\"https:\/\/wp.ufpel.edu.br\/ppgcamb\/files\/2019\/08\/Edital-de-sele\u00e7\u00e3o-aluno-especial-2019_2.pdf\">Edital-de-sele\u00e7\u00e3o-aluno-especial-2019_2<\/a><\/p>\n<p><strong>Homologa\u00e7\u00e3o de Alunos especiais.<\/strong><\/p>\n<p>Prezados,<\/p>\n<p>O primeiro n\u00famero a frente \u00e9 o n\u00famero de matr\u00edcula.<\/p>\n<p><a href=\"https:\/\/wp.ufpel.edu.br\/ppgcamb\/files\/2019\/08\/Homologa\u00e7\u00e3o-de-inscri\u00e7\u00f5es-aluno-especial-2019-2-1.pdf\">Homologa\u00e7\u00e3o de inscri\u00e7\u00f5es aluno especial 2019-2<\/a><\/p>\n","protected":false},"excerpt":{"rendered":"<p>Editais para alunos regulares &#8211; 2019\/1 Edital &#8211; alunos especiais &#8211; 2019\/1 Edital &#8211; alunos especiais &#8211; 2019\/2 Edital-de-sele\u00e7\u00e3o-aluno-especial-2019_2 Homologa\u00e7\u00e3o de Alunos especiais. Prezados, O primeiro n\u00famero a frente \u00e9 o n\u00famero de matr\u00edcula. Homologa\u00e7\u00e3o de inscri\u00e7\u00f5es aluno especial 2019-2<\/p>\n","protected":false},"author":707,"featured_media":0,"parent":52,"menu_order":0,"comment_status":"closed","ping_status":"closed","template":"","meta":{"footnotes":""},"class_list":["post-1039","page","type-page","status-publish","hentry"],"_links":{"self":[{"href":"https:\/\/wp.ufpel.edu.br\/ppgcamb\/wp-json\/wp\/v2\/pages\/1039","targetHints":{"allow":["GET"]}}],"collection":[{"href":"https:\/\/wp.ufpel.edu.br\/ppgcamb\/wp-json\/wp\/v2\/pages"}],"about":[{"href":"https:\/\/wp.ufpel.edu.br\/ppgcamb\/wp-json\/wp\/v2\/types\/page"}],"author":[{"embeddable":true,"href":"https:\/\/wp.ufpel.edu.br\/ppgcamb\/wp-json\/wp\/v2\/users\/707"}],"replies":[{"embeddable":true,"href":"https:\/\/wp.ufpel.edu.br\/ppgcamb\/wp-json\/wp\/v2\/comments?post=1039"}],"version-history":[{"count":9,"href":"https:\/\/wp.ufpel.edu.br\/ppgcamb\/wp-json\/wp\/v2\/pages\/1039\/revisions"}],"predecessor-version":[{"id":1192,"href":"https:\/\/wp.ufpel.edu.br\/ppgcamb\/wp-json\/wp\/v2\/pages\/1039\/revisions\/1192"}],"up":[{"embeddable":true,"href":"https:\/\/wp.ufpel.edu.br\/ppgcamb\/wp-json\/wp\/v2\/pages\/52"}],"wp:attachment":[{"href":"https:\/\/wp.ufpel.edu.br\/ppgcamb\/wp-json\/wp\/v2\/media?parent=1039"}],"curies":[{"name":"wp","href":"https:\/\/api.w.org\/{rel}","templated":true}]}}