{"id":1036,"date":"2019-05-02T16:17:41","date_gmt":"2019-05-02T19:17:41","guid":{"rendered":"https:\/\/wp.ufpel.edu.br\/ppgcamb\/?page_id=1036"},"modified":"2019-05-02T16:17:52","modified_gmt":"2019-05-02T19:17:52","slug":"editais-2018","status":"publish","type":"page","link":"https:\/\/wp.ufpel.edu.br\/ppgcamb\/editais\/editais-2018\/","title":{"rendered":"2018"},"content":{"rendered":"<p><strong>Edital de Sele\u00e7\u00e3o 2018<\/strong><\/p>\n<p><a href=\"https:\/\/wp.ufpel.edu.br\/ppgcamb\/files\/2019\/02\/Homologa%C3%A7%C3%A3o-do-Resultado-Final-2018-1-Ap%C3%B3s-Recursos.pdf\">Homologa\u00e7\u00e3o do Resultado Final 2018-1 Ap\u00f3s Recursos<\/a><\/p>\n","protected":false},"excerpt":{"rendered":"<p>Edital de Sele\u00e7\u00e3o 2018 Homologa\u00e7\u00e3o do Resultado Final 2018-1 Ap\u00f3s Recursos<\/p>\n","protected":false},"author":707,"featured_media":0,"parent":52,"menu_order":0,"comment_status":"closed","ping_status":"closed","template":"","meta":{"footnotes":""},"class_list":["post-1036","page","type-page","status-publish","hentry"],"_links":{"self":[{"href":"https:\/\/wp.ufpel.edu.br\/ppgcamb\/wp-json\/wp\/v2\/pages\/1036","targetHints":{"allow":["GET"]}}],"collection":[{"href":"https:\/\/wp.ufpel.edu.br\/ppgcamb\/wp-json\/wp\/v2\/pages"}],"about":[{"href":"https:\/\/wp.ufpel.edu.br\/ppgcamb\/wp-json\/wp\/v2\/types\/page"}],"author":[{"embeddable":true,"href":"https:\/\/wp.ufpel.edu.br\/ppgcamb\/wp-json\/wp\/v2\/users\/707"}],"replies":[{"embeddable":true,"href":"https:\/\/wp.ufpel.edu.br\/ppgcamb\/wp-json\/wp\/v2\/comments?post=1036"}],"version-history":[{"count":1,"href":"https:\/\/wp.ufpel.edu.br\/ppgcamb\/wp-json\/wp\/v2\/pages\/1036\/revisions"}],"predecessor-version":[{"id":1038,"href":"https:\/\/wp.ufpel.edu.br\/ppgcamb\/wp-json\/wp\/v2\/pages\/1036\/revisions\/1038"}],"up":[{"embeddable":true,"href":"https:\/\/wp.ufpel.edu.br\/ppgcamb\/wp-json\/wp\/v2\/pages\/52"}],"wp:attachment":[{"href":"https:\/\/wp.ufpel.edu.br\/ppgcamb\/wp-json\/wp\/v2\/media?parent=1036"}],"curies":[{"name":"wp","href":"https:\/\/api.w.org\/{rel}","templated":true}]}}