{"id":103,"date":"2016-10-31T17:29:38","date_gmt":"2016-10-31T19:29:38","guid":{"rendered":"https:\/\/wp.ufpel.edu.br\/ppgcamb\/?page_id=103"},"modified":"2022-09-16T17:19:37","modified_gmt":"2022-09-16T20:19:37","slug":"pesquisa-orientada","status":"publish","type":"page","link":"https:\/\/wp.ufpel.edu.br\/ppgcamb\/disciplinas\/obrigatorias\/pesquisa-orientada\/","title":{"rendered":"Pesquisa Orientada"},"content":{"rendered":"<p><strong>Carga Hor\u00e1ria<\/strong>: 30 horas<\/p>\n<p><strong>Cr\u00e9ditos<\/strong>: 2<\/p>\n<p><strong>C\u00f3digo: 15000834\u00a0 \u00a0 \u00a0\u00a0<\/strong><\/p>\n<p>&nbsp;<\/p>\n<p><strong>Ementa<\/strong><\/p>\n<p>Introdu\u00e7\u00e3o \u00e0 pesquisa em Ci\u00eancias Ambientais.<\/p>\n<p>Sele\u00e7\u00e3o de t\u00f3picos de pesquisa, justificativa, revis\u00e3o bibliogr\u00e1fica, formula\u00e7\u00e3o de hip\u00f3teses, metodologia experimental e elabora\u00e7\u00e3o de projetos de pesquisa.<\/p>\n<p>Execu\u00e7\u00e3o ou colabora\u00e7\u00e3o na execu\u00e7\u00e3o de pesquisas.<\/p>\n<p><strong>\u00a0<\/strong><\/p>\n<p><strong>Bibliografia<\/strong><\/p>\n<p>ANDRADE, M.M. Introdu\u00e7\u00e3o \u00e0 metodologia do trabalho cient\u00edfico. 7. ed. S\u00e3o Paulo: Atlas S.A., 2006. 174p.<\/p>\n<p>KOCHE, J.C. Fundamentos de metodologia cient\u00edfica. 23. ed. Petr\u00f3polis: Vozes, 2006. 182p.<\/p>\n<p>MARCONI, M.A. &amp; LAKATOS E.M. Fundamentos de metodologia cient\u00edfica. 6.ed. S\u00e3o Paulo: Atlas S.A., 2007. 315p.<\/p>\n<p>MORIN, E. Ci\u00eancia com consci\u00eancia. 10. ed. Rio de Janeiro: Bertrand Brasil, 2007. 350p.<\/p>\n<p>Artigos cient\u00edficos de revistas nacionais e internacionais relacionados \u00e0 \u00e1rea de Engenharia Ambiental.<\/p>\n","protected":false},"excerpt":{"rendered":"<p>Carga Hor\u00e1ria: 30 horas Cr\u00e9ditos: 2 C\u00f3digo: 15000834\u00a0 \u00a0 \u00a0\u00a0 &nbsp; Ementa Introdu\u00e7\u00e3o \u00e0 pesquisa em Ci\u00eancias Ambientais. Sele\u00e7\u00e3o de t\u00f3picos de pesquisa, justificativa, revis\u00e3o bibliogr\u00e1fica, formula\u00e7\u00e3o de hip\u00f3teses, metodologia experimental e elabora\u00e7\u00e3o de projetos de pesquisa. Execu\u00e7\u00e3o ou colabora\u00e7\u00e3o na execu\u00e7\u00e3o de pesquisas. \u00a0 Bibliografia ANDRADE, M.M. Introdu\u00e7\u00e3o \u00e0 metodologia do trabalho cient\u00edfico. 7. [&hellip;]<\/p>\n","protected":false},"author":707,"featured_media":0,"parent":26,"menu_order":0,"comment_status":"closed","ping_status":"closed","template":"","meta":{"footnotes":""},"class_list":["post-103","page","type-page","status-publish","hentry"],"_links":{"self":[{"href":"https:\/\/wp.ufpel.edu.br\/ppgcamb\/wp-json\/wp\/v2\/pages\/103","targetHints":{"allow":["GET"]}}],"collection":[{"href":"https:\/\/wp.ufpel.edu.br\/ppgcamb\/wp-json\/wp\/v2\/pages"}],"about":[{"href":"https:\/\/wp.ufpel.edu.br\/ppgcamb\/wp-json\/wp\/v2\/types\/page"}],"author":[{"embeddable":true,"href":"https:\/\/wp.ufpel.edu.br\/ppgcamb\/wp-json\/wp\/v2\/users\/707"}],"replies":[{"embeddable":true,"href":"https:\/\/wp.ufpel.edu.br\/ppgcamb\/wp-json\/wp\/v2\/comments?post=103"}],"version-history":[{"count":7,"href":"https:\/\/wp.ufpel.edu.br\/ppgcamb\/wp-json\/wp\/v2\/pages\/103\/revisions"}],"predecessor-version":[{"id":4041,"href":"https:\/\/wp.ufpel.edu.br\/ppgcamb\/wp-json\/wp\/v2\/pages\/103\/revisions\/4041"}],"up":[{"embeddable":true,"href":"https:\/\/wp.ufpel.edu.br\/ppgcamb\/wp-json\/wp\/v2\/pages\/26"}],"wp:attachment":[{"href":"https:\/\/wp.ufpel.edu.br\/ppgcamb\/wp-json\/wp\/v2\/media?parent=103"}],"curies":[{"name":"wp","href":"https:\/\/api.w.org\/{rel}","templated":true}]}}