{"id":1012,"date":"2019-05-02T15:56:38","date_gmt":"2019-05-02T18:56:38","guid":{"rendered":"https:\/\/wp.ufpel.edu.br\/ppgcamb\/?page_id=1012"},"modified":"2019-05-02T15:56:38","modified_gmt":"2019-05-02T18:56:38","slug":"toxicologia-aplicada-para-ciencias-ambientais-2","status":"publish","type":"page","link":"https:\/\/wp.ufpel.edu.br\/ppgcamb\/disciplinas\/optativas\/toxicologia-aplicada-para-ciencias-ambientais-2\/","title":{"rendered":"Toxicologia Aplicada para Ci\u00eancias Ambientais"},"content":{"rendered":"<p><strong>Carga Hor\u00e1ria:<\/strong> 68 horas<\/p>\n<p><strong>Cr\u00e9ditos:<\/strong> 4<\/p>\n<p><strong>C\u00f3digo:<\/strong> 1640325<\/p>\n<p><strong>Ementa<\/strong><\/p>\n<p>Introdu\u00e7\u00e3o \u00e0 Ecotoxicologia. Compartimentos ambientais, ciclos biogeoqu\u00edmicos e interven\u00e7\u00e3o antr\u00f3pica. Ecotoxicocin\u00e9tica. Ensaios ecotoxicol\u00f3gicos. Avalia\u00e7\u00e3o ecotoxicol\u00f3gica de ambientes. Genotoxicidade ambiental. Aplica\u00e7\u00f5es dos ensaios e legisla\u00e7\u00e3o. Biomarcadores. Estabiliza\u00e7\u00e3o de res\u00edduos e efluentes.<\/p>\n","protected":false},"excerpt":{"rendered":"<p>Carga Hor\u00e1ria: 68 horas Cr\u00e9ditos: 4 C\u00f3digo: 1640325 Ementa Introdu\u00e7\u00e3o \u00e0 Ecotoxicologia. Compartimentos ambientais, ciclos biogeoqu\u00edmicos e interven\u00e7\u00e3o antr\u00f3pica. Ecotoxicocin\u00e9tica. Ensaios ecotoxicol\u00f3gicos. Avalia\u00e7\u00e3o ecotoxicol\u00f3gica de ambientes. Genotoxicidade ambiental. Aplica\u00e7\u00f5es dos ensaios e legisla\u00e7\u00e3o. Biomarcadores. Estabiliza\u00e7\u00e3o de res\u00edduos e efluentes.<\/p>\n","protected":false},"author":707,"featured_media":0,"parent":30,"menu_order":0,"comment_status":"closed","ping_status":"closed","template":"","meta":{"footnotes":""},"class_list":["post-1012","page","type-page","status-publish","hentry"],"_links":{"self":[{"href":"https:\/\/wp.ufpel.edu.br\/ppgcamb\/wp-json\/wp\/v2\/pages\/1012","targetHints":{"allow":["GET"]}}],"collection":[{"href":"https:\/\/wp.ufpel.edu.br\/ppgcamb\/wp-json\/wp\/v2\/pages"}],"about":[{"href":"https:\/\/wp.ufpel.edu.br\/ppgcamb\/wp-json\/wp\/v2\/types\/page"}],"author":[{"embeddable":true,"href":"https:\/\/wp.ufpel.edu.br\/ppgcamb\/wp-json\/wp\/v2\/users\/707"}],"replies":[{"embeddable":true,"href":"https:\/\/wp.ufpel.edu.br\/ppgcamb\/wp-json\/wp\/v2\/comments?post=1012"}],"version-history":[{"count":1,"href":"https:\/\/wp.ufpel.edu.br\/ppgcamb\/wp-json\/wp\/v2\/pages\/1012\/revisions"}],"predecessor-version":[{"id":1014,"href":"https:\/\/wp.ufpel.edu.br\/ppgcamb\/wp-json\/wp\/v2\/pages\/1012\/revisions\/1014"}],"up":[{"embeddable":true,"href":"https:\/\/wp.ufpel.edu.br\/ppgcamb\/wp-json\/wp\/v2\/pages\/30"}],"wp:attachment":[{"href":"https:\/\/wp.ufpel.edu.br\/ppgcamb\/wp-json\/wp\/v2\/media?parent=1012"}],"curies":[{"name":"wp","href":"https:\/\/api.w.org\/{rel}","templated":true}]}}