{"id":1008,"date":"2019-05-02T15:55:22","date_gmt":"2019-05-02T18:55:22","guid":{"rendered":"https:\/\/wp.ufpel.edu.br\/ppgcamb\/?page_id=1008"},"modified":"2020-01-27T12:09:50","modified_gmt":"2020-01-27T15:09:50","slug":"sensoriamento-remoto-para-ciencias-ambientais-2","status":"publish","type":"page","link":"https:\/\/wp.ufpel.edu.br\/ppgcamb\/disciplinas\/optativas\/sensoriamento-remoto-para-ciencias-ambientais-2\/","title":{"rendered":"Sensoriamento Remoto para Ci\u00eancias Ambientais"},"content":{"rendered":"<p><strong>Carga Hor\u00e1ria:<\/strong> 68 horas<\/p>\n<p><strong>Cr\u00e9ditos:<\/strong> 4<\/p>\n<p><strong>C\u00f3digo:<\/strong> 1640323<\/p>\n<p><strong>Ementa<\/strong><\/p>\n<p>Import\u00e2ncia do Sensoriamento Remoto nos dias atuais. Princ\u00edpios f\u00edsicos do sensoriamento remoto. Propriedades das imagens. Principais plataformas de avalia\u00e7\u00e3o e monitoramento de recursos terrestres. Comportamento espectral de alvos. Corre\u00e7\u00f5es geom\u00e9tricas. Corre\u00e7\u00f5es radiom\u00e9tricas. Interpreta\u00e7\u00e3o de imagens de sat\u00e9lites. Classifica\u00e7\u00e3o de imagens. \u00a0Aplica\u00e7\u00e3o do sensoriamento remoto em estudos ambientais: levantamentos de recursos ambientais, mapeamento do uso e cobertura do solo, monitoramento de fen\u00f4menos ambientais din\u00e2micos e diagn\u00f3stico e monitoramento das atividades antr\u00f3picas e fen\u00f4menos naturais.<\/p>\n<p>&nbsp;<\/p>\n<p><strong>Bibliografia<\/strong><\/p>\n<p>Revista Brasileira de Cartografia. ISSN .\u00a0Dispon\u00edvel em: &lt;http:\/\/www.lsie.unb.br\/rbc\/index.php\/rbc\/index&gt;.<\/p>\n<p>Remote Sensing of Environment. ISSN 0034-4257. Dispon\u00edvel em: &lt;https:\/\/www.journals.elsevier.com\/remote-sensing-of-environment&gt;.<\/p>\n<p><em>IEEE Transactions on Geoscience and Remote Sensing<\/em>. ISSN 0196-2892. Dispon\u00edvel em:&lt;http:\/\/ieeexplore.ieee.org\/xpl\/RecentIssue.jsp?punumber=36&gt;.<\/p>\n<p>International Journal of Remote Sensing. ISSN 1366-5901 . Dispon\u00edvel em: &lt;http:\/\/www.aag.org\/cs\/ijrs&gt;.<\/p>\n","protected":false},"excerpt":{"rendered":"<p>Carga Hor\u00e1ria: 68 horas Cr\u00e9ditos: 4 C\u00f3digo: 1640323 Ementa Import\u00e2ncia do Sensoriamento Remoto nos dias atuais. Princ\u00edpios f\u00edsicos do sensoriamento remoto. Propriedades das imagens. Principais plataformas de avalia\u00e7\u00e3o e monitoramento de recursos terrestres. Comportamento espectral de alvos. Corre\u00e7\u00f5es geom\u00e9tricas. Corre\u00e7\u00f5es radiom\u00e9tricas. Interpreta\u00e7\u00e3o de imagens de sat\u00e9lites. Classifica\u00e7\u00e3o de imagens. \u00a0Aplica\u00e7\u00e3o do sensoriamento remoto em estudos [&hellip;]<\/p>\n","protected":false},"author":707,"featured_media":0,"parent":30,"menu_order":0,"comment_status":"closed","ping_status":"closed","template":"","meta":{"footnotes":""},"class_list":["post-1008","page","type-page","status-publish","hentry"],"_links":{"self":[{"href":"https:\/\/wp.ufpel.edu.br\/ppgcamb\/wp-json\/wp\/v2\/pages\/1008","targetHints":{"allow":["GET"]}}],"collection":[{"href":"https:\/\/wp.ufpel.edu.br\/ppgcamb\/wp-json\/wp\/v2\/pages"}],"about":[{"href":"https:\/\/wp.ufpel.edu.br\/ppgcamb\/wp-json\/wp\/v2\/types\/page"}],"author":[{"embeddable":true,"href":"https:\/\/wp.ufpel.edu.br\/ppgcamb\/wp-json\/wp\/v2\/users\/707"}],"replies":[{"embeddable":true,"href":"https:\/\/wp.ufpel.edu.br\/ppgcamb\/wp-json\/wp\/v2\/comments?post=1008"}],"version-history":[{"count":5,"href":"https:\/\/wp.ufpel.edu.br\/ppgcamb\/wp-json\/wp\/v2\/pages\/1008\/revisions"}],"predecessor-version":[{"id":1654,"href":"https:\/\/wp.ufpel.edu.br\/ppgcamb\/wp-json\/wp\/v2\/pages\/1008\/revisions\/1654"}],"up":[{"embeddable":true,"href":"https:\/\/wp.ufpel.edu.br\/ppgcamb\/wp-json\/wp\/v2\/pages\/30"}],"wp:attachment":[{"href":"https:\/\/wp.ufpel.edu.br\/ppgcamb\/wp-json\/wp\/v2\/media?parent=1008"}],"curies":[{"name":"wp","href":"https:\/\/api.w.org\/{rel}","templated":true}]}}