{"id":8474,"date":"2023-03-16T00:00:37","date_gmt":"2023-03-16T03:00:37","guid":{"rendered":"https:\/\/wp.ufpel.edu.br\/ppgbiotec\/?page_id=8474"},"modified":"2023-03-17T09:08:32","modified_gmt":"2023-03-17T12:08:32","slug":"edital-de-selecao-mestrado-chamada-edidatl-do-cnpq-no-12-2020-projeto-obtencao-de-bioadesivosdrug-delivery-com-anti-inflamatorios-e-antioxidantes-naturais","status":"publish","type":"page","link":"https:\/\/wp.ufpel.edu.br\/ppgbiotec\/edital-de-selecao-mestrado-chamada-edidatl-do-cnpq-no-12-2020-projeto-obtencao-de-bioadesivosdrug-delivery-com-anti-inflamatorios-e-antioxidantes-naturais\/","title":{"rendered":"Resultado final &#8211; Edital de sele\u00e7\u00e3o mestrado &#8211; Projeto &#8220;Obten\u00e7\u00e3o de bioadesivos drug delivery com anti-inflamat\u00f3rios e antioxidantes naturais&#8221;"},"content":{"rendered":"<p style=\"text-align: justify;\"><span style=\"color: #000000;\">A Universidade Federal de Pelotas, em conformidade com o Regimento <em>Stricto sensu<\/em> da Pr\u00f3 Reitoria de Pesquisa e P\u00f3s-Gradua\u00e7\u00e3o, e a Coordena\u00e7\u00e3o do Programa de P\u00f3s-Gradua\u00e7\u00e3o em Biotecnologia (PPGBiotec) tornam p\u00fablico, para conhecimento dos interessados, o processo de sele\u00e7\u00e3o ao <strong>mestrado<\/strong> do referido Programa, nos termos estabelecidos neste Edital, para o projeto &#8220;<strong>Obten\u00e7\u00e3o de bioadesivos drug delivery com anti-inflamat\u00f3rios e antioxidantes naturais<\/strong>&#8220;, Chamada \u2013 Edital CNPq n\u00ba 12\/2020, \u00a0sob orienta\u00e7\u00e3o da <strong>Prof\u00aa. Dr\u00aa.\u00a0Angelita da Silveira Moreira.<\/strong><\/span><\/p>\n<p class=\"Texto_Justificado\" style=\"text-align: justify;\"><span style=\"color: #000000;\"><strong>INSCRI\u00c7\u00c3O<\/strong><\/span><\/p>\n<p class=\"Texto_Justificado\" style=\"text-align: justify;\"><span style=\"color: #000000;\">As inscri\u00e7\u00f5es estar\u00e3o abertas no per\u00edodo de <strong><u>10\/01\/2023 a 29\/01\/2023<\/u><\/strong><strong>\u00a0<\/strong>e ser\u00e3o realizadas unicamente na modalidade on-line.<\/span><\/p>\n<p class=\"Texto_Justificado\" style=\"text-align: justify;\"><span style=\"color: #000000;\">O\/A candidato\/a dever\u00e1\u00a0especificar no e-mail o n\u00famero do Edital, para o qual est\u00e1 se candidatando.<\/span><\/p>\n<p class=\"Texto_Justificado\" style=\"text-align: justify;\"><span style=\"color: #000000;\">Os documentos para a inscri\u00e7\u00e3o dever\u00e3o ser encaminhados ao Programa somente atrav\u00e9s do endere\u00e7o eletr\u00f4nico\u00a0<span style=\"color: #0000ff;\"><a style=\"color: #0000ff;\" href=\"mailto:processoseletivoppgb@gmail.com\" target=\"_blank\" rel=\"noopener\">processoseletivoppgb@gmail.com<\/a><\/span>.<\/span><\/p>\n<p class=\"Texto_Justificado\" style=\"text-align: justify;\"><span style=\"color: #000000;\">O hor\u00e1rio limite para o envio dos documentos ser\u00e1 at\u00e9 as 23h59min (vinte e tr\u00eas horas e cinquenta e nove minutos), hor\u00e1rio de Bras\u00edlia, do dia\u00a0<strong>29\/01\/2023<\/strong>, n\u00e3o sendo aceitas inscri\u00e7\u00f5es enviadas ap\u00f3s este hor\u00e1rio.<\/span><\/p>\n<p class=\"Texto_Justificado\" style=\"text-align: justify;\"><span style=\"color: #000000;\">\u00c9 obrigat\u00f3rio o envio de todos os documentos, leg\u00edveis e exclusivamente\u00a0<u>em arquivos PDF (Portable Document Format):<\/u><\/span><\/p>\n<p style=\"text-align: justify;\"><span style=\"color: #000000;\"><strong>INFORMA\u00c7\u00d5ES<\/strong><\/span><\/p>\n<p style=\"text-align: justify;\"><span style=\"color: #000000;\">Informa\u00e7\u00f5es podem ser obtidas atrav\u00e9s do e-mail (<span style=\"color: #0000ff;\"><a style=\"color: #0000ff;\" href=\"mailto:processoseletivoppgb@gmail.com\" target=\"_blank\" rel=\"noopener\">processoseletivoppgb@gmail.com<\/a><\/span>), de segunda a sexta-feira, no hor\u00e1rio das 08:00 \u00e0s 12:00 horas e das 13:00 \u00e0s 17:00 horas.<\/span><\/p>\n<p><span style=\"color: #000000;\"><strong>Acesse abaixo!<\/strong><\/span><\/p>\n<p><span style=\"color: #000000;\"><a style=\"color: #000000;\" href=\"https:\/\/wp.ufpel.edu.br\/ppgbiotec\/files\/2023\/01\/SEI_UFPel-2013007-Edital-de-selecao-PRPPG.pdf\" target=\"_blank\" rel=\"noopener\">Edital n\u00ba 06\/2023<\/a><\/span><\/p>\n<p><span style=\"color: #000000;\"><a class=\"mtli_attachment mtli_doc mtli_attachment mtli_doc\" style=\"color: #000000;\" href=\"https:\/\/wp.ufpel.edu.br\/ppgbiotec\/files\/2020\/07\/Formul%C3%A1rio-de-inscri%C3%A7%C3%A3o-3.doc\" target=\"_blank\" rel=\"noopener noreferrer\">Formul\u00e1rio 1 (inscri\u00e7\u00e3o)<\/a><\/span><\/p>\n<p><span style=\"color: #000000;\"><a class=\"mtli_attachment mtli_xls mtli_attachment mtli_xls\" style=\"color: #000000;\" href=\"https:\/\/wp.ufpel.edu.br\/ppgbiotec\/files\/2019\/11\/Planilha-Bloqueada.xls\" target=\"_blank\" rel=\"noopener noreferrer\">Planilha de avalia\u00e7\u00e3o do Curr\u00edculo<\/a><\/span><\/p>\n<p><span style=\"color: #000000;\"><a class=\"mtli_attachment mtli_pdf mtli_attachment mtli_pdf mtli_attachment mtli_pdf\" style=\"color: #000000;\" href=\"https:\/\/wp.ufpel.edu.br\/ppgbiotec\/files\/2020\/12\/Manual-CV-2021-atualizado.pdf\" target=\"_blank\" rel=\"noopener\">Manual de preenchimento da Planilha<\/a><\/span><\/p>\n<p><span style=\"color: #000000;\"><a style=\"color: #000000;\" href=\"https:\/\/wp.ufpel.edu.br\/ppgbiotec\/files\/2023\/02\/Resultado-preliminar-Homologacao-da-inscricao-MESTRADO.pdf\">Resultado preliminar &#8211; Homologa\u00e7\u00e3o da inscri\u00e7\u00e3o &#8211; <strong>MESTRADO<\/strong><\/a><\/span><\/p>\n<p><span style=\"color: #000000;\"><a style=\"color: #000000;\" href=\"https:\/\/wp.ufpel.edu.br\/ppgbiotec\/files\/2023\/02\/Resultado-final-Homologacao-da-inscricao-MESTRADO.pdf\">Resultado final &#8211; Homologa\u00e7\u00e3o da inscri\u00e7\u00e3o &#8211; <strong>MESTRADO<\/strong><\/a><\/span><\/p>\n<p><span style=\"color: #000000;\"><a style=\"color: #000000;\" href=\"https:\/\/wp.ufpel.edu.br\/ppgbiotec\/files\/2023\/02\/Resultado-preliminar-1a-fase-MESTRADO-assinado.pdf\" target=\"_blank\" rel=\"noopener\">Resultado preliminar -1\u00aa fase &#8211; <strong>MESTRADO<\/strong><\/a><\/span><\/p>\n<p><span style=\"color: #000000;\"><a style=\"color: #000000;\" href=\"https:\/\/wp.ufpel.edu.br\/ppgbiotec\/files\/2023\/02\/Resultado_final_1a_fase_-_MESTRADO_assinado.pdf\" target=\"_blank\" rel=\"noopener\">Resultado final -1\u00aa fase &#8211; <strong>MESTRADO<\/strong><\/a><\/span><\/p>\n<p><span style=\"color: #000000;\"><a style=\"color: #000000;\" href=\"https:\/\/wp.ufpel.edu.br\/ppgbiotec\/files\/2023\/02\/Resultado-preliminar-2Aa-fase-MESTRADO-assinado.pdf\" target=\"_blank\" rel=\"noopener\">Resultado preliminar &#8211; 2\u00aa fase &#8211; <strong>MESTRADO<\/strong><\/a><\/span><\/p>\n<p><span style=\"color: #000000;\"><a style=\"color: #000000;\" href=\"https:\/\/wp.ufpel.edu.br\/ppgbiotec\/files\/2023\/02\/Resultado-final-2a-fase-MESTRADO_assinado.pdf\">Resultado final &#8211; 2\u00aa fase &#8211; <strong>MESTRADO<\/strong><\/a><\/span><\/p>\n<p><span style=\"color: #000000;\"><a style=\"color: #000000;\" href=\"https:\/\/wp.ufpel.edu.br\/ppgbiotec\/files\/2023\/02\/Resultado-preliminar-3a-fase-MESTRADO_assinado.pdf\">Resultado preliminar &#8211; 3\u00aa fase &#8211; <strong>MESTRADO<\/strong><\/a><\/span><\/p>\n<p><span style=\"color: #000000;\"><a style=\"color: #000000;\" href=\"https:\/\/wp.ufpel.edu.br\/ppgbiotec\/files\/2023\/02\/Resultado-final-3a-fase-MESTRADO_assinado.pdf\">Resultado final &#8211; 3\u00aa fase &#8211;<strong> MESTRADO<\/strong><\/a><\/span><\/p>\n<p><span style=\"color: #000000;\"><a style=\"color: #000000;\" href=\"https:\/\/wp.ufpel.edu.br\/ppgbiotec\/files\/2023\/03\/Resultado_final_-_MESTRADO_assinado.pdf\">Resultado final &#8211; <strong>MESTRADO<\/strong><\/a><\/span><\/p>\n<p>&nbsp;<\/p>\n","protected":false},"excerpt":{"rendered":"<p>A Universidade Federal de Pelotas, em conformidade com o Regimento Stricto sensu da Pr\u00f3 Reitoria de Pesquisa e P\u00f3s-Gradua\u00e7\u00e3o, e a Coordena\u00e7\u00e3o do Programa de P\u00f3s-Gradua\u00e7\u00e3o em Biotecnologia (PPGBiotec) tornam p\u00fablico, para conhecimento dos interessados, o processo de sele\u00e7\u00e3o ao mestrado do referido Programa, nos termos estabelecidos neste Edital, para o projeto &#8220;Obten\u00e7\u00e3o de bioadesivos [&hellip;]<\/p>\n","protected":false},"author":735,"featured_media":0,"parent":0,"menu_order":0,"comment_status":"closed","ping_status":"closed","template":"","meta":{"jetpack_post_was_ever_published":false,"footnotes":""},"class_list":["post-8474","page","type-page","status-publish","hentry"],"jetpack_sharing_enabled":true,"_links":{"self":[{"href":"https:\/\/wp.ufpel.edu.br\/ppgbiotec\/wp-json\/wp\/v2\/pages\/8474","targetHints":{"allow":["GET"]}}],"collection":[{"href":"https:\/\/wp.ufpel.edu.br\/ppgbiotec\/wp-json\/wp\/v2\/pages"}],"about":[{"href":"https:\/\/wp.ufpel.edu.br\/ppgbiotec\/wp-json\/wp\/v2\/types\/page"}],"author":[{"embeddable":true,"href":"https:\/\/wp.ufpel.edu.br\/ppgbiotec\/wp-json\/wp\/v2\/users\/735"}],"replies":[{"embeddable":true,"href":"https:\/\/wp.ufpel.edu.br\/ppgbiotec\/wp-json\/wp\/v2\/comments?post=8474"}],"version-history":[{"count":21,"href":"https:\/\/wp.ufpel.edu.br\/ppgbiotec\/wp-json\/wp\/v2\/pages\/8474\/revisions"}],"predecessor-version":[{"id":8724,"href":"https:\/\/wp.ufpel.edu.br\/ppgbiotec\/wp-json\/wp\/v2\/pages\/8474\/revisions\/8724"}],"wp:attachment":[{"href":"https:\/\/wp.ufpel.edu.br\/ppgbiotec\/wp-json\/wp\/v2\/media?parent=8474"}],"curies":[{"name":"wp","href":"https:\/\/api.w.org\/{rel}","templated":true}]}}