{"id":8434,"date":"2023-02-13T00:00:47","date_gmt":"2023-02-13T03:00:47","guid":{"rendered":"https:\/\/wp.ufpel.edu.br\/ppgbiotec\/?page_id=8434"},"modified":"2023-06-07T12:02:58","modified_gmt":"2023-06-07T15:02:58","slug":"call-for-applications-for-regular-international-students-admission-to-masters-and-doctorate-degrees-2023-1","status":"publish","type":"page","link":"https:\/\/wp.ufpel.edu.br\/ppgbiotec\/call-for-applications-for-regular-international-students-admission-to-masters-and-doctorate-degrees-2023-1\/","title":{"rendered":"Resultado final &#8211; Processo seletivo! Call for applications for regular international students \u2013 Admission to master\u2019s and doctorate degrees (2023\/1)"},"content":{"rendered":"<p style=\"text-align: justify;\"><span style=\"color: #000000; font-family: georgia, palatino, serif; font-size: 12pt;\">The Federal University of Pelotas, considering the provisions of the\u00a0<em>Stricto Sensu<\/em>\u00a0Regulations of the Dean\u2019s Office for Research and Graduate Studies and the Coordination of the Graduate Program in Biotechnology (PPGBiotec), discloses to the public the selection process for\u00a0<strong>international candidates<\/strong>\u00a0interested in said Program, under the terms established in this Call for Applications.<\/span><\/p>\n<p style=\"text-align: justify;\"><span style=\"color: #000000; font-family: georgia, palatino, serif; font-size: 12pt;\">We emphasize that the Graduate Program in Biotechnology is recommended by CAPES with a score of 7 (the highest possible), approved by the CNE (Port. MEC 609, of 03\/14\/2019, DOU 03\/18\/2019, sec. 1, p. 79).<\/span><\/p>\n<p style=\"text-align: justify;\"><span style=\"color: #000000; font-family: georgia, palatino, serif; font-size: 12pt;\">An international candidate is one who has another nationality, in other words, is not Brazilian.<\/span><\/p>\n<p style=\"text-align: justify;\"><span style=\"color: #000000; font-family: georgia, palatino, serif; font-size: 12pt;\"><strong>APPLICATIONS<\/strong><\/span><\/p>\n<p style=\"text-align: justify;\"><span style=\"color: #000000; font-family: georgia, palatino, serif; font-size: 12pt;\">Applications for the Selection Process of the Graduate Program in Biotechnology (M.Sc. and Ph.D.) will be open from\u00a0<strong>January 02, 2023, to January 25, 2023,\u00a0<\/strong>exclusively online through the e-mail\u00a0<span style=\"color: #0000ff;\"><a style=\"color: #0000ff;\" href=\"mailto:processoseletivoppgb@gmail.com\" target=\"_blank\" rel=\"noopener\">processoseletivoppgb@gmail.com<\/a><\/span><u>.<\/u>\u00a0<\/span><\/p>\n<p style=\"text-align: justify;\"><span style=\"color: #000000; font-family: georgia, palatino, serif; font-size: 12pt;\">The candidate must specify in the email the number of the Call for Applications to which they are applying.<\/span><\/p>\n<p style=\"text-align: justify;\"><span style=\"color: #000000; font-family: georgia, palatino, serif; font-size: 12pt;\">Candidates must send all the required documents by\u00a0<strong>11:59 pm\u00a0<\/strong>(BRT time) on\u00a0<strong>January 25, 2023<\/strong>. Applications submitted after this deadline will not be accepted.<\/span><\/p>\n<p style=\"text-align: justify;\"><span style=\"color: #000000; font-family: georgia, palatino, serif; font-size: 12pt;\">Information concerning the application process can be obtained via email (<span style=\"color: #0000ff;\"><a style=\"color: #0000ff;\" href=\"mailto:processoseletivoppgb@gmail.com\" target=\"_blank\" rel=\"noopener\">processoseletivoppgb@gmail.com<\/a><\/span>) from Monday to Friday. Business hours: 8:00 am \u2013 12:00 pm \/ 2:00 pm \u2013 5:00 pm (BRT time).<\/span><\/p>\n<p><span style=\"color: #000000; font-family: georgia, palatino, serif; font-size: 12pt;\"><strong>ACESS<\/strong><\/span><\/p>\n<p style=\"text-align: justify;\"><span style=\"color: #000000; font-family: georgia, palatino, serif; font-size: 12pt;\"><a class=\"mtli_attachment mtli_pdf\" style=\"color: #000000;\" href=\"https:\/\/wp.ufpel.edu.br\/ppgbiotec\/files\/2023\/01\/Edital-de-selecao-252-2022-Versao-ingles.pdf\" target=\"_blank\" rel=\"noopener\">Public Call n\u00ba 252\/2022<\/a><\/span><\/p>\n<p style=\"text-align: justify;\"><span style=\"color: #000000; font-family: georgia, palatino, serif; font-size: 12pt;\"><a class=\"mtli_attachment mtli_pdf\" style=\"color: #000000;\" href=\"https:\/\/wp.ufpel.edu.br\/ppgbiotec\/files\/2023\/01\/Edital-de-Selecao-252-2022.pdf\" target=\"_blank\" rel=\"noopener\">Edital de Sele\u00e7\u00e3o 252\/2022 \u2013 Vers\u00e3o portugu\u00eas<\/a><\/span><\/p>\n<p style=\"text-align: justify;\"><span style=\"color: #000000; font-family: georgia, palatino, serif; font-size: 12pt;\"><a style=\"color: #000000;\" href=\"https:\/\/wp.ufpel.edu.br\/ppgbiotec\/files\/2023\/01\/Application-form.pdf\">Application form<\/a> <\/span><\/p>\n<p style=\"text-align: justify;\"><span style=\"color: #000000; font-family: georgia, palatino, serif; font-size: 12pt;\"><a style=\"color: #000000;\" href=\"https:\/\/wp.ufpel.edu.br\/ppgbiotec\/files\/2023\/01\/Formulario-de-inscricao-versao-portugues.pdf\" target=\"_blank\" rel=\"noopener\">Formul\u00e1rio de inscri\u00e7\u00e3o &#8211; Vers\u00e3o portugu\u00eas<\/a><\/span><\/p>\n<p><span style=\"color: #000000; font-family: georgia, palatino, serif; font-size: 12pt;\"><a style=\"color: #000000;\" href=\"https:\/\/wp.ufpel.edu.br\/ppgbiotec\/files\/2023\/01\/Resultado-preliminar-HomologaA\u00a7Ao-inscriA\u00a7Ao-MESTRADO-assinado.pdf\" target=\"_blank\" rel=\"noopener\">Resultado preliminar &#8211; Homologa\u00e7\u00e3o da inscri\u00e7\u00e3o &#8211; <strong>MESTRADO<\/strong><\/a><\/span><\/p>\n<p><span style=\"color: #000000; font-family: georgia, palatino, serif; font-size: 12pt;\"><a style=\"color: #000000;\" href=\"https:\/\/wp.ufpel.edu.br\/ppgbiotec\/files\/2023\/02\/Resultado-final-Homologacao-inscricao_MESTRADO_assinado.pdf\" target=\"_blank\" rel=\"noopener\">Resultado final &#8211; Homologa\u00e7\u00e3o da\u00a0 inscri\u00e7\u00e3o &#8211; <strong>MESTRADO<\/strong><\/a><\/span><\/p>\n<p><span style=\"color: #000000; font-family: georgia, palatino, serif; font-size: 12pt;\"><a style=\"color: #000000;\" href=\"https:\/\/wp.ufpel.edu.br\/ppgbiotec\/files\/2023\/02\/Resultado_final__Processo_seletivo_MESTRADO_assinado.pdf\">Resultado final &#8211; Processo seletivo &#8211;<strong> MESTRADO<\/strong><\/a><\/span><\/p>\n<p>&nbsp;<\/p>\n","protected":false},"excerpt":{"rendered":"<p>The Federal University of Pelotas, considering the provisions of the\u00a0Stricto Sensu\u00a0Regulations of the Dean\u2019s Office for Research and Graduate Studies and the Coordination of the Graduate Program in Biotechnology (PPGBiotec), discloses to the public the selection process for\u00a0international candidates\u00a0interested in said Program, under the terms established in this Call for Applications. We emphasize that the [&hellip;]<\/p>\n","protected":false},"author":735,"featured_media":0,"parent":0,"menu_order":0,"comment_status":"closed","ping_status":"closed","template":"","meta":{"jetpack_post_was_ever_published":false,"footnotes":""},"class_list":["post-8434","page","type-page","status-publish","hentry"],"jetpack_sharing_enabled":true,"_links":{"self":[{"href":"https:\/\/wp.ufpel.edu.br\/ppgbiotec\/wp-json\/wp\/v2\/pages\/8434","targetHints":{"allow":["GET"]}}],"collection":[{"href":"https:\/\/wp.ufpel.edu.br\/ppgbiotec\/wp-json\/wp\/v2\/pages"}],"about":[{"href":"https:\/\/wp.ufpel.edu.br\/ppgbiotec\/wp-json\/wp\/v2\/types\/page"}],"author":[{"embeddable":true,"href":"https:\/\/wp.ufpel.edu.br\/ppgbiotec\/wp-json\/wp\/v2\/users\/735"}],"replies":[{"embeddable":true,"href":"https:\/\/wp.ufpel.edu.br\/ppgbiotec\/wp-json\/wp\/v2\/comments?post=8434"}],"version-history":[{"count":14,"href":"https:\/\/wp.ufpel.edu.br\/ppgbiotec\/wp-json\/wp\/v2\/pages\/8434\/revisions"}],"predecessor-version":[{"id":8956,"href":"https:\/\/wp.ufpel.edu.br\/ppgbiotec\/wp-json\/wp\/v2\/pages\/8434\/revisions\/8956"}],"wp:attachment":[{"href":"https:\/\/wp.ufpel.edu.br\/ppgbiotec\/wp-json\/wp\/v2\/media?parent=8434"}],"curies":[{"name":"wp","href":"https:\/\/api.w.org\/{rel}","templated":true}]}}