{"id":8429,"date":"2023-03-03T00:00:58","date_gmt":"2023-03-03T03:00:58","guid":{"rendered":"https:\/\/wp.ufpel.edu.br\/ppgbiotec\/?page_id=8429"},"modified":"2023-03-03T13:13:38","modified_gmt":"2023-03-03T16:13:38","slug":"processo-seletivo-mestrado-e-doutorado-2023-1-aluno-regular","status":"publish","type":"page","link":"https:\/\/wp.ufpel.edu.br\/ppgbiotec\/processo-seletivo-mestrado-e-doutorado-2023-1-aluno-regular\/","title":{"rendered":"Retifica\u00e7\u00e3o &#8211; Resultado final do Processo seletivo &#8211; mestrado e doutorado 2023\/1- Aluno regular"},"content":{"rendered":"<p style=\"text-align: justify;\"><span style=\"color: #000000;\">A Universidade Federal de Pelotas em conformidade com o Regimento Stricto Sensu da Pr\u00f3- Reitoria de Pesquisa e P\u00f3s-Gradua\u00e7\u00e3o e a Coordena\u00e7\u00e3o do Programa de P\u00f3s-Gradua\u00e7\u00e3o em Biotecnologia (PPGBiotec) tornam p\u00fablico, para conhecimento dos interessados, o processo de sele\u00e7\u00e3o dos candidatos do referido Programa, nos termos estabelecidos neste Edital.\u00a0<\/span><\/p>\n<p style=\"text-align: justify;\"><span style=\"color: #000000;\">Destacamos que\u00a0o Programa de P\u00f3s-gradua\u00e7\u00e3o em Biotecnologia \u00e9 recomendado pela CAPES com\u00a0<strong>nota 7 (sete)<\/strong>,\u00a0homologado pelo CNE (Port. MEC 609, de 14\/03\/2019, DOU 18\/03\/2019, se\u00e7. 1, p. 79).<\/span><\/p>\n<p class=\"Texto_Justificado\" style=\"text-align: justify;\"><span style=\"color: #000000;\"><strong>INSCRI\u00c7\u00c3O<\/strong><\/span><\/p>\n<p class=\"Texto_Justificado\" style=\"text-align: justify;\"><span style=\"color: #000000;\">As inscri\u00e7\u00f5es ao Exame de Sele\u00e7\u00e3o para o mestrado e doutorado do Programa de P\u00f3s-Gradua\u00e7\u00e3o em Biotecnologia da UFPel, estar\u00e3o abertas no per\u00edodo de \u00a0<strong>02\/01\/2023 a 25\/01\/2023\u00a0<\/strong>e ser\u00e3o realizadas unicamente na modalidade on-line.<\/span><\/p>\n<p class=\"Texto_Justificado\" style=\"text-align: justify;\"><span style=\"color: #000000;\">O\/A candidato\/a dever\u00e1\u00a0especificar no e-mail o n\u00famero do Edital, para o qual est\u00e1 se candidatando.<\/span><\/p>\n<p class=\"Texto_Justificado\" style=\"text-align: justify;\"><span style=\"color: #000000;\">Os documentos para a inscri\u00e7\u00e3o dever\u00e3o ser encaminhados ao Programa somente atrav\u00e9s do endere\u00e7o eletr\u00f4nico\u00a0<span style=\"color: #0000ff;\"><a style=\"color: #0000ff;\" href=\"mailto:processoseletivoppgb@gmail.com\" target=\"_blank\" rel=\"noopener\">processoseletivoppgb@gmail.com<\/a><\/span>. <\/span><\/p>\n<p class=\"Texto_Justificado\" style=\"text-align: justify;\"><span style=\"color: #000000;\">O hor\u00e1rio limite para o envio dos documentos ser\u00e1 at\u00e9 as 23h59min (vinte e tr\u00eas horas e cinquenta e nove minutos), hor\u00e1rio de Bras\u00edlia, do dia\u00a0<strong>25\/01\/2023<\/strong>, n\u00e3o sendo aceitas inscri\u00e7\u00f5es enviadas ap\u00f3s este hor\u00e1rio.<\/span><\/p>\n<p class=\"Texto_Justificado\" style=\"text-align: justify;\"><span style=\"color: #000000;\">\u00c9 obrigat\u00f3rio o envio de todos os documentos, leg\u00edveis e exclusivamente <u>em arquivos PDF (Portable Document Format):<\/u><\/span><\/p>\n<p style=\"text-align: justify;\"><span style=\"color: #000000;\"><strong>INFORMA\u00c7\u00d5ES<\/strong><\/span><\/p>\n<p style=\"text-align: justify;\"><span style=\"color: #000000;\">Informa\u00e7\u00f5es podem ser obtidas atrav\u00e9s do e-mail (<span style=\"color: #0000ff;\"><a style=\"color: #0000ff;\" href=\"mailto:processoseletivoppgb@gmail.com\" target=\"_blank\" rel=\"noopener\">processoseletivoppgb@gmail.com<\/a><\/span>), de segunda a sexta-feira, no hor\u00e1rio das 08:00 \u00e0s 12:00 horas e das 13:00 \u00e0s 17:00 horas.<\/span><\/p>\n<p style=\"text-align: justify;\"><span style=\"color: #000000;\"><strong>Acesse abaixo!<\/strong><\/span><\/p>\n<p style=\"text-align: justify;\"><span style=\"color: #000000;\"><a style=\"color: #000000;\" href=\"https:\/\/wp.ufpel.edu.br\/ppgbiotec\/files\/2023\/01\/Edital-no-256-2022.pdf\" target=\"_blank\" rel=\"noopener\">Edital de Sele\u00e7\u00e3o n\u00ba 256\/2022<\/a><\/span><\/p>\n<p><span style=\"color: #000000;\"><a style=\"color: #000000;\" href=\"https:\/\/wp.ufpel.edu.br\/ppgbiotec\/files\/2023\/01\/Edital-de-retificacao-no-02-2023.pdf\" target=\"_blank\" rel=\"noopener\">Edital de Retifica\u00e7\u00e3o n\u00ba 02\/2023<\/a><\/span><\/p>\n<p><span style=\"color: #000000;\"><a style=\"color: #000000;\" href=\"https:\/\/wp.ufpel.edu.br\/ppgbiotec\/files\/2023\/01\/Edital-de-retificacao-no-005_2023.pdf\" target=\"_blank\" rel=\"noopener\">Edital de Retifica\u00e7\u00e3o n\u00ba 05\/2023<\/a><\/span><\/p>\n<p style=\"text-align: justify;\"><span style=\"color: #000000;\"><a class=\"mtli_attachment mtli_doc\" style=\"color: #000000;\" href=\"https:\/\/wp.ufpel.edu.br\/ppgbiotec\/files\/2020\/07\/Formul%C3%A1rio-de-inscri%C3%A7%C3%A3o-3.doc\" target=\"_blank\" rel=\"noopener noreferrer\">Formul\u00e1rio 1 (inscri\u00e7\u00e3o)<\/a><\/span><\/p>\n<p style=\"text-align: justify;\"><span style=\"color: #000000;\"><a class=\"mtli_attachment mtli_xls\" style=\"color: #000000;\" href=\"https:\/\/wp.ufpel.edu.br\/ppgbiotec\/files\/2019\/11\/Planilha-Bloqueada.xls\" target=\"_blank\" rel=\"noopener noreferrer\">Planilha de avalia\u00e7\u00e3o do Curr\u00edculo<\/a><\/span><\/p>\n<p style=\"text-align: justify;\"><span style=\"color: #000000;\"><a class=\"mtli_attachment mtli_pdf mtli_attachment mtli_pdf\" style=\"color: #000000;\" href=\"https:\/\/wp.ufpel.edu.br\/ppgbiotec\/files\/2020\/12\/Manual-CV-2021-atualizado.pdf\" target=\"_blank\" rel=\"noopener\">Manual de preenchimento da Planilha<\/a><\/span><\/p>\n<p style=\"text-align: justify;\"><span style=\"color: #000000;\"><a class=\"mtli_attachment mtli_docx\" style=\"color: #000000;\" href=\"https:\/\/wp.ufpel.edu.br\/ppgbiotec\/files\/2020\/07\/Declara%C3%A7%C3%A3o-de-Etnia.docx\" target=\"_blank\" rel=\"noopener noreferrer\">Declara\u00e7\u00e3o de etnia<\/a><\/span><\/p>\n<p style=\"text-align: justify;\"><span style=\"color: #000000;\"><a class=\"mtli_attachment mtli_docx\" style=\"color: #000000;\" href=\"https:\/\/wp.ufpel.edu.br\/ppgbiotec\/files\/2021\/09\/Autodeclaracao-de-Identidade-de-Genero.docx\">Autodeclara\u00e7\u00e3o de Identidade de G\u00eanero<\/a><\/span><\/p>\n<p><span style=\"color: #000000;\"><a style=\"color: #000000;\" href=\"https:\/\/wp.ufpel.edu.br\/ppgbiotec\/files\/2023\/01\/Check-list_mestrado2023_1.pdf\" target=\"_blank\" rel=\"noopener\">Check-list &#8211; <strong>MESTRADO<\/strong><\/a><\/span><\/p>\n<p><span style=\"color: #000000;\"><a style=\"color: #000000;\" href=\"https:\/\/wp.ufpel.edu.br\/ppgbiotec\/files\/2023\/01\/Check-list_doutorado2023_1.pdf\" target=\"_blank\" rel=\"noopener\">Check-list &#8211; <strong>DOUTORADO<\/strong><\/a><\/span><\/p>\n<p><span style=\"color: #000000;\"><a style=\"color: #000000;\" href=\"https:\/\/wp.ufpel.edu.br\/ppgbiotec\/files\/2023\/01\/Resultado-preliminar-Homologacao-das-inscricoes-MESTRADO-sem.pdf\" target=\"_blank\" rel=\"noopener\">Resultado preliminar &#8211; Homologa\u00e7\u00e3o das inscri\u00e7\u00f5es &#8211; <strong>MESTRADO<\/strong><\/a><\/span><\/p>\n<p><span style=\"color: #000000;\"><a style=\"color: #000000;\" href=\"https:\/\/wp.ufpel.edu.br\/ppgbiotec\/files\/2023\/01\/Resultado-preliminar-Homologacao-das-inscricoes-DOUTORADO-sem-assinado.pdf\" target=\"_blank\" rel=\"noopener\">Resultado preliminar &#8211; Homologa\u00e7\u00e3o das inscri\u00e7\u00f5es &#8211; <strong>DOUTORADO<\/strong><\/a><\/span><\/p>\n<p><span style=\"color: #000000;\"><a style=\"color: #000000;\" href=\"https:\/\/wp.ufpel.edu.br\/ppgbiotec\/files\/2023\/02\/Resultado-final-Homologacao-das-inscricoes-MESTRADO.pdf\">Resultado final &#8211; Homologa\u00e7\u00e3o das inscri\u00e7\u00f5es &#8211; <strong>MESTRADO<\/strong><\/a><\/span><\/p>\n<p><span style=\"color: #000000;\"><a style=\"color: #000000;\" href=\"https:\/\/wp.ufpel.edu.br\/ppgbiotec\/files\/2023\/02\/Resultado-final-Homologacao-das-inscricoes-DOUTORADO.pdf\">Resultado final &#8211; Homologa\u00e7\u00e3o das inscri\u00e7\u00f5es &#8211; <strong>DOUTORADO<\/strong><\/a><\/span><\/p>\n<p><span style=\"color: #000000;\"><a style=\"color: #000000;\" href=\"https:\/\/wp.ufpel.edu.br\/ppgbiotec\/files\/2023\/02\/Resultado-preliminar-1Aa-fase-MESTRADOf-assinado.pdf\" target=\"_blank\" rel=\"noopener\">Resultado preliminar &#8211; 1\u00aa fase &#8211; <strong>MESTRADO<\/strong><\/a><\/span><\/p>\n<p><span style=\"color: #000000;\"><a style=\"color: #000000;\" href=\"https:\/\/wp.ufpel.edu.br\/ppgbiotec\/files\/2023\/02\/Resultado-preliminar-1Aa-fase-DOUTORADOg-assinado.pdf\" target=\"_blank\" rel=\"noopener\">Resultado preliminar -1\u00aa fase &#8211; <strong>DOUTORADO<\/strong><\/a><strong>\u00a0<\/strong><\/span><\/p>\n<p><span style=\"color: #000000;\"><a style=\"color: #000000;\" href=\"https:\/\/wp.ufpel.edu.br\/ppgbiotec\/files\/2023\/02\/Resultado-final-1a-fase-MESTRADO.pdf\">Resultado final &#8211; 1\u00aa fase &#8211; <strong>MESTRADO<\/strong><\/a><\/span><\/p>\n<p><span style=\"color: #000000;\"><a style=\"color: #000000;\" href=\"https:\/\/wp.ufpel.edu.br\/ppgbiotec\/files\/2023\/02\/Resultado-final-1a-fase-DOUTORADO.pdf\">Resultado final &#8211; 1\u00aa fase &#8211;<strong> DOUTORADO<\/strong><\/a> <\/span><\/p>\n<p><span style=\"color: #000000;\"><a style=\"color: #000000;\" href=\"https:\/\/wp.ufpel.edu.br\/ppgbiotec\/files\/2023\/03\/Resultado-final-MESTRADO.pdf\">Resultado final &#8211; <strong>MESTRADO<\/strong><\/a><\/span><\/p>\n<p><span style=\"color: #000000;\"><a style=\"color: #000000;\" href=\"https:\/\/wp.ufpel.edu.br\/ppgbiotec\/files\/2023\/03\/Resultado-final-DOUTORADO-.pdf\">Resultado final &#8211; <strong>DOUTORADO<\/strong><\/a><strong>\u00a0<\/strong><\/span><\/p>\n<p><span style=\"color: #000000;\"><a style=\"color: #000000;\" href=\"https:\/\/wp.ufpel.edu.br\/ppgbiotec\/files\/2023\/03\/Retificacao-Resultado-final-MESTRADO_assinado.pdf\">Retifica\u00e7\u00e3o &#8211; Resultado final &#8211; <strong>MESTRADO<\/strong><\/a><strong> \u00a0 \u00a0 <\/strong><span style=\"font-size: 10pt;\">Publicado em 03\/03\/2023<\/span><\/span><\/p>\n<p><span style=\"color: #000000;\"><a style=\"color: #000000;\" href=\"https:\/\/wp.ufpel.edu.br\/ppgbiotec\/files\/2023\/03\/Retificacao-Resultado-final-DOUTORADO_assinado.pdf\">Retifica\u00e7\u00e3o &#8211; Resultado final &#8211; <strong>DOUTORADO<\/strong><\/a><strong>\u00a0 <\/strong><span style=\"font-size: 10pt;\">Publicado em 03\/03\/2023<\/span><\/span><\/p>\n<p>&nbsp;<\/p>\n<p>&nbsp;<\/p>\n<p>&nbsp;<\/p>\n<p>&nbsp;<\/p>\n","protected":false},"excerpt":{"rendered":"<p>A Universidade Federal de Pelotas em conformidade com o Regimento Stricto Sensu da Pr\u00f3- Reitoria de Pesquisa e P\u00f3s-Gradua\u00e7\u00e3o e a Coordena\u00e7\u00e3o do Programa de P\u00f3s-Gradua\u00e7\u00e3o em Biotecnologia (PPGBiotec) tornam p\u00fablico, para conhecimento dos interessados, o processo de sele\u00e7\u00e3o dos candidatos do referido Programa, nos termos estabelecidos neste Edital.\u00a0 Destacamos que\u00a0o Programa de P\u00f3s-gradua\u00e7\u00e3o em [&hellip;]<\/p>\n","protected":false},"author":735,"featured_media":0,"parent":0,"menu_order":0,"comment_status":"closed","ping_status":"closed","template":"","meta":{"jetpack_post_was_ever_published":false,"footnotes":""},"class_list":["post-8429","page","type-page","status-publish","hentry"],"jetpack_sharing_enabled":true,"_links":{"self":[{"href":"https:\/\/wp.ufpel.edu.br\/ppgbiotec\/wp-json\/wp\/v2\/pages\/8429","targetHints":{"allow":["GET"]}}],"collection":[{"href":"https:\/\/wp.ufpel.edu.br\/ppgbiotec\/wp-json\/wp\/v2\/pages"}],"about":[{"href":"https:\/\/wp.ufpel.edu.br\/ppgbiotec\/wp-json\/wp\/v2\/types\/page"}],"author":[{"embeddable":true,"href":"https:\/\/wp.ufpel.edu.br\/ppgbiotec\/wp-json\/wp\/v2\/users\/735"}],"replies":[{"embeddable":true,"href":"https:\/\/wp.ufpel.edu.br\/ppgbiotec\/wp-json\/wp\/v2\/comments?post=8429"}],"version-history":[{"count":17,"href":"https:\/\/wp.ufpel.edu.br\/ppgbiotec\/wp-json\/wp\/v2\/pages\/8429\/revisions"}],"predecessor-version":[{"id":8668,"href":"https:\/\/wp.ufpel.edu.br\/ppgbiotec\/wp-json\/wp\/v2\/pages\/8429\/revisions\/8668"}],"wp:attachment":[{"href":"https:\/\/wp.ufpel.edu.br\/ppgbiotec\/wp-json\/wp\/v2\/media?parent=8429"}],"curies":[{"name":"wp","href":"https:\/\/api.w.org\/{rel}","templated":true}]}}