{"id":830,"date":"2017-04-20T11:26:26","date_gmt":"2017-04-20T14:26:26","guid":{"rendered":"https:\/\/wp.ufpel.edu.br\/ppgbiotec\/?page_id=830"},"modified":"2026-03-27T11:19:45","modified_gmt":"2026-03-27T14:19:45","slug":"alunos-estrangeiros","status":"publish","type":"page","link":"https:\/\/wp.ufpel.edu.br\/ppgbiotec\/internacionalizacao\/alunos-estrangeiros\/","title":{"rendered":"Alunos estrangeiros"},"content":{"rendered":"<p style=\"text-align: center;\"><span style=\"font-family: georgia, palatino, serif; color: #000000;\">Alunos estrangeiros no Programa de P\u00f3s-Gradua\u00e7\u00e3o em Biotecnologia<\/span><\/p>\n<p>&nbsp;<\/p>\n<ul>\n<li><span style=\"font-family: georgia, palatino, serif; color: #000000;\"><a style=\"color: #000000;\" href=\"https:\/\/wp.ufpel.edu.br\/ppgbiotec\/alunos-estrangeiros-ingresso-mestrado-doutorado\/\" target=\"_blank\" rel=\"noopener noreferrer\">Ingressantes &#8211; Mestrado\/Doutorado<\/a><\/span><\/li>\n<li><span style=\"font-family: georgia, palatino, serif; color: #000000;\"><a style=\"color: #000000;\" href=\"https:\/\/wp.ufpel.edu.br\/ppgbiotec\/alunos-estrangeiros\/alunos-estrangeiros-egresso-mestrado-doutorado\/\" target=\"_blank\" rel=\"noopener noreferrer\">Egressos &#8211;<\/a><a style=\"color: #000000;\" href=\"https:\/\/wp.ufpel.edu.br\/ppgbiotec\/alunos-estrangeiros\/alunos-estrangeiros-egresso-mestrado-doutorado\/\" target=\"_blank\" rel=\"noopener noreferrer\"> Mestrado\/Doutorado<\/a><\/span><\/li>\n<\/ul>\n","protected":false},"excerpt":{"rendered":"<p>Alunos estrangeiros no Programa de P\u00f3s-Gradua\u00e7\u00e3o em Biotecnologia &nbsp; Ingressantes &#8211; Mestrado\/Doutorado Egressos &#8211; Mestrado\/Doutorado<\/p>\n","protected":false},"author":735,"featured_media":0,"parent":753,"menu_order":1,"comment_status":"closed","ping_status":"closed","template":"","meta":{"jetpack_post_was_ever_published":false,"footnotes":""},"class_list":["post-830","page","type-page","status-publish","hentry"],"jetpack_sharing_enabled":true,"_links":{"self":[{"href":"https:\/\/wp.ufpel.edu.br\/ppgbiotec\/wp-json\/wp\/v2\/pages\/830","targetHints":{"allow":["GET"]}}],"collection":[{"href":"https:\/\/wp.ufpel.edu.br\/ppgbiotec\/wp-json\/wp\/v2\/pages"}],"about":[{"href":"https:\/\/wp.ufpel.edu.br\/ppgbiotec\/wp-json\/wp\/v2\/types\/page"}],"author":[{"embeddable":true,"href":"https:\/\/wp.ufpel.edu.br\/ppgbiotec\/wp-json\/wp\/v2\/users\/735"}],"replies":[{"embeddable":true,"href":"https:\/\/wp.ufpel.edu.br\/ppgbiotec\/wp-json\/wp\/v2\/comments?post=830"}],"version-history":[{"count":4,"href":"https:\/\/wp.ufpel.edu.br\/ppgbiotec\/wp-json\/wp\/v2\/pages\/830\/revisions"}],"predecessor-version":[{"id":11940,"href":"https:\/\/wp.ufpel.edu.br\/ppgbiotec\/wp-json\/wp\/v2\/pages\/830\/revisions\/11940"}],"up":[{"embeddable":true,"href":"https:\/\/wp.ufpel.edu.br\/ppgbiotec\/wp-json\/wp\/v2\/pages\/753"}],"wp:attachment":[{"href":"https:\/\/wp.ufpel.edu.br\/ppgbiotec\/wp-json\/wp\/v2\/media?parent=830"}],"curies":[{"name":"wp","href":"https:\/\/api.w.org\/{rel}","templated":true}]}}