{"id":801,"date":"2017-11-06T11:16:12","date_gmt":"2017-11-06T13:16:12","guid":{"rendered":"https:\/\/wp.ufpel.edu.br\/ppgbiotec\/?page_id=801"},"modified":"2025-11-06T09:06:35","modified_gmt":"2025-11-06T12:06:35","slug":"colegiado-de-pos-graduacao","status":"publish","type":"page","link":"https:\/\/wp.ufpel.edu.br\/ppgbiotec\/comissao-colegiado\/colegiado-de-pos-graduacao\/","title":{"rendered":"Colegiado de P\u00f3s-Gradua\u00e7\u00e3o"},"content":{"rendered":"<p style=\"text-align: justify;\"><span style=\"color: #000000;\">O Colegiado do Programa de P\u00f3s-Gradua\u00e7\u00e3o em Biotecnologia \u00e9 composto pelo(a) coordenador(a) do Programa, coordenador(a) Adjunto(a), quatro (4) professores permanentes do Programa.<\/span><\/p>\n<p style=\"text-align: justify;\"><span style=\"color: #000000;\">Todos os membros tem seus respectivos suplentes, com exce\u00e7\u00e3o do(a) coordenador(a) e coordenador(a) adjunto(a).<\/span><\/p>\n<p><span style=\"color: #000000;\">Composi\u00e7\u00e3o do colegiado &#8211; <span style=\"color: #0000ff;\"><a style=\"color: #0000ff;\" href=\"https:\/\/wp.ufpel.edu.br\/ppgbiotec\/files\/2025\/11\/SEI_3438427_Portaria_Interna_128.pdf\" target=\"_blank\" rel=\"noopener\">Portaria n\u00ba 128, de 05 de novembro de 2025<\/a> <\/span>&#8211; retifica\u00e7\u00e3o<\/span><\/p>\n<p><span style=\"color: #000000;\">Composi\u00e7\u00e3o do colegiado &#8211;<\/span> <span style=\"color: #0000ff;\"><a style=\"color: #0000ff;\" href=\"https:\/\/wp.ufpel.edu.br\/ppgbiotec\/files\/2025\/06\/SEI_3101673_Portaria_Interna_74.pdf\" target=\"_blank\" rel=\"noopener\">Portaria n\u00ba 74, de 04 de junho de 2025<\/a>\u00a0<\/span><\/p>\n<p style=\"text-align: justify;\"><span style=\"color: #000000;\">Composi\u00e7\u00e3o do colegiado &#8211; <span style=\"color: #0000ff;\"><a style=\"color: #0000ff;\" href=\"https:\/\/wp.ufpel.edu.br\/ppgbiotec\/files\/2024\/03\/Colegiado_SEI_UFPel-2558146-Portaria-Interna.pdf\" target=\"_blank\" rel=\"noopener\">Portaria n\u00ba 23, de 14 de mar\u00e7o de 2024<\/a><\/span><\/span><\/p>\n<p style=\"text-align: justify;\"><strong><span style=\"color: #000000;\">Representantes docentes titulares:<\/span><\/strong><\/p>\n<p style=\"text-align: justify;\"><span style=\"color: #000000;\">Prof\u00aa. Sibele Borsuk\u00a0(Coordenadora)<\/span><\/p>\n<p style=\"text-align: justify;\"><span style=\"color: #000000;\">Prof. Frederico Schmitt Kremer (Coordenador Adjunto)<\/span><\/p>\n<p style=\"text-align: justify;\"><span style=\"color: #000000;\">Prof\u00aa. Daiane Drawanz Hartwig<\/span><\/p>\n<p style=\"text-align: justify;\"><span style=\"color: #000000;\">Prof\u00aa.\u00a0Fabiana K\u00f6mmling Seixas<\/span><\/p>\n<p style=\"text-align: justify;\"><span style=\"color: #000000;\">Prof\u00aa.\u00a0Lucielli Savegnago<\/span><\/p>\n<p style=\"text-align: justify;\"><span style=\"color: #000000;\">Prof\u00aa. Vanessa Galli<\/span><\/p>\n<p style=\"text-align: justify;\"><strong><span style=\"color: #000000;\">Representantes docentes suplentes:<\/span><\/strong><\/p>\n<p style=\"text-align: justify;\"><span style=\"color: #000000;\">Prof. F\u00e1bio Pereira Leivas Leite<\/span><\/p>\n<p style=\"text-align: justify;\"><span style=\"color: #000000;\">Prof. Odir Ant\u00f4nio Dellagostin<\/span><\/p>\n<p style=\"text-align: justify;\"><span style=\"color: #000000;\">Prof. Luciano da Silva Pinto<\/span><\/p>\n<p style=\"text-align: justify;\"><span style=\"color: #000000;\">Prof. Vin\u00edcius Farias Campos<\/span><\/p>\n<p style=\"text-align: justify;\"><strong><span style=\"color: #000000;\">Representantes discentes:<\/span><\/strong><\/p>\n<p style=\"text-align: justify;\"><span style=\"color: #000000;\">Acad. Suzana Lemke Lanius\u00a0 (titular)<\/span><\/p>\n<p><span style=\"color: #000000;\">Acad. Rafaela Xavier de Gomes (suplente)<\/span><\/p>\n<p>&nbsp;<\/p>\n<hr \/>\n<p><strong><span style=\"color: #000000;\">Consulta hist\u00f3rica<\/span><\/strong><\/p>\n<p><span style=\"color: #000000;\"><span style=\"font-size: 10pt;\">Composi\u00e7\u00e3o do colegiado no per\u00edodo de 1\u00ba\/02\/2022 a 31\/01\/2024 &#8211; <a style=\"color: #000000;\" href=\"https:\/\/wp.ufpel.edu.br\/ppgbiotec\/files\/2022\/02\/SEI_UFPel-1576538-Portaria-Interna_Colegiado.pdf\" target=\"_blank\" rel=\"noopener\">Portaria n\u00ba 2, de 01 de fevereiro de 2022<\/a><\/span><\/span><\/p>\n<p><span style=\"color: #000000; font-size: 10pt;\">Composi\u00e7\u00e3o do colegiado no per\u00edodo de 27\/08\/2021 a 30\/01\/2022 &#8211; <a style=\"color: #000000;\" href=\"https:\/\/wp.ufpel.edu.br\/ppgbiotec\/files\/2021\/08\/Portaria-interna-do-PPGB.pdf\">Portaria n\u00ba 55, de 27 de agosto de 2021\u00a0<\/a><\/span><\/p>\n<p><span style=\"color: #000000; font-size: 10pt;\">Composi\u00e7\u00e3o do colegiado no per\u00edodo de 27\/01\/2020 a 26\/08\/2021 &#8211; <a style=\"color: #000000;\" href=\"https:\/\/wp.ufpel.edu.br\/ppgbiotec\/files\/2020\/05\/SEI_UFPel-0854217-Portaria-Interna.pdf\" target=\"_blank\" rel=\"noopener noreferrer\">Portaria n\u00ba 2, de 27 de janeiro de 2020<\/a><\/span><\/p>\n<p><span style=\"font-size: 10pt;\"><span style=\"color: #000000;\">Composi\u00e7\u00e3o do colegiado no per\u00edodo de 2019 a 2020 &#8211; <\/span><span style=\"color: #000000;\"><a style=\"color: #000000;\" href=\"https:\/\/wp.ufpel.edu.br\/ppgbiotec\/files\/2019\/07\/PORTARIA-N\u00ba-1243-DE-13-DE-MAIO-DE-2019.pdf\" target=\"_blank\" rel=\"noopener noreferrer\">Portaria n\u00ba 1243, de 13 de maio de 2019<\/a><\/span><\/span><\/p>\n<p><span style=\"font-size: 10pt;\"><span style=\"color: #000000;\">Composi\u00e7\u00e3o do colegiado no per\u00edodo de 2017 a 2019 &#8211;\u00a0<\/span><span style=\"color: #000000;\"><a style=\"color: #000000;\" href=\"https:\/\/wp.ufpel.edu.br\/ppgbiotec\/files\/2017\/04\/Portaria-de-consolida\u00e7\u00e3o-do-colegiado.pdf\" target=\"_blank\" rel=\"noopener noreferrer\">Portaria n\u00ba 983, de 16 de maio de 2017<\/a><\/span><\/span><\/p>\n<p><span style=\"font-size: 10pt;\"><span style=\"color: #000000;\">Composi\u00e7\u00e3o do colegiado no per\u00edodo de 2015 a 2017 &#8211;\u00a0<\/span><span style=\"color: #000000;\"><a style=\"color: #000000;\" href=\"http:\/\/reitoria.ufpel.edu.br\/portarias\/arquivos\/0571_2015.pdf\">Portaria n\u00ba 571, de 23 de abril de 2015<\/a><\/span><\/span><\/p>\n<p><span style=\"font-size: 10pt;\"><span style=\"color: #000000;\">Composi\u00e7\u00e3o do colegiado no per\u00edodo de de 2013-2015 &#8211;\u00a0<\/span><span style=\"color: #000000;\"><a style=\"color: #000000;\" href=\"https:\/\/wp.ufpel.edu.br\/ppgbiotec\/files\/2017\/05\/1090_2013.pdf\">Portaria n\u00ba 1.090, de 14 de maio de 2013<\/a><\/span><\/span><\/p>\n<p><span style=\"font-size: 10pt;\"><span style=\"color: #000000;\">Composi\u00e7\u00e3o do colegiado no per\u00edodo de 2012-2013 &#8211;\u00a0<\/span><span style=\"color: #000000;\"><a style=\"color: #000000;\" href=\"https:\/\/wp.ufpel.edu.br\/ppgbiotec\/files\/2017\/05\/Portaria-n-1.029-de-10-de-julho-de-2012.pdf\">Portaria n\u00ba 1.029, de 10 de julho de 2012<\/a><\/span><\/span><\/p>\n<p><span style=\"font-size: 10pt;\"><span style=\"color: #000000;\">Composi\u00e7\u00e3o do colegiado no per\u00edodo de 2010-2012 &#8211;\u00a0<\/span><span style=\"color: #000000;\"><a style=\"color: #000000;\" href=\"https:\/\/wp.ufpel.edu.br\/ppgbiotec\/files\/2017\/05\/0753_2010.pdf\">Portaria n\u00ba 753, de 07 de junho de 2010<\/a><\/span><\/span><\/p>\n<p>&nbsp;<\/p>\n","protected":false},"excerpt":{"rendered":"<p>O Colegiado do Programa de P\u00f3s-Gradua\u00e7\u00e3o em Biotecnologia \u00e9 composto pelo(a) coordenador(a) do Programa, coordenador(a) Adjunto(a), quatro (4) professores permanentes do Programa. Todos os membros tem seus respectivos suplentes, com exce\u00e7\u00e3o do(a) coordenador(a) e coordenador(a) adjunto(a). Composi\u00e7\u00e3o do colegiado &#8211; Portaria n\u00ba 128, de 05 de novembro de 2025 &#8211; retifica\u00e7\u00e3o Composi\u00e7\u00e3o do colegiado &#8211; [&hellip;]<\/p>\n","protected":false},"author":735,"featured_media":0,"parent":5573,"menu_order":2,"comment_status":"closed","ping_status":"closed","template":"","meta":{"jetpack_post_was_ever_published":false,"footnotes":""},"class_list":["post-801","page","type-page","status-publish","hentry"],"jetpack_sharing_enabled":true,"_links":{"self":[{"href":"https:\/\/wp.ufpel.edu.br\/ppgbiotec\/wp-json\/wp\/v2\/pages\/801","targetHints":{"allow":["GET"]}}],"collection":[{"href":"https:\/\/wp.ufpel.edu.br\/ppgbiotec\/wp-json\/wp\/v2\/pages"}],"about":[{"href":"https:\/\/wp.ufpel.edu.br\/ppgbiotec\/wp-json\/wp\/v2\/types\/page"}],"author":[{"embeddable":true,"href":"https:\/\/wp.ufpel.edu.br\/ppgbiotec\/wp-json\/wp\/v2\/users\/735"}],"replies":[{"embeddable":true,"href":"https:\/\/wp.ufpel.edu.br\/ppgbiotec\/wp-json\/wp\/v2\/comments?post=801"}],"version-history":[{"count":4,"href":"https:\/\/wp.ufpel.edu.br\/ppgbiotec\/wp-json\/wp\/v2\/pages\/801\/revisions"}],"predecessor-version":[{"id":11692,"href":"https:\/\/wp.ufpel.edu.br\/ppgbiotec\/wp-json\/wp\/v2\/pages\/801\/revisions\/11692"}],"up":[{"embeddable":true,"href":"https:\/\/wp.ufpel.edu.br\/ppgbiotec\/wp-json\/wp\/v2\/pages\/5573"}],"wp:attachment":[{"href":"https:\/\/wp.ufpel.edu.br\/ppgbiotec\/wp-json\/wp\/v2\/media?parent=801"}],"curies":[{"name":"wp","href":"https:\/\/api.w.org\/{rel}","templated":true}]}}