{"id":794,"date":"2017-04-20T11:05:21","date_gmt":"2017-04-20T14:05:21","guid":{"rendered":"https:\/\/wp.ufpel.edu.br\/ppgbiotec\/?page_id=794"},"modified":"2024-07-22T08:50:47","modified_gmt":"2024-07-22T11:50:47","slug":"regimento","status":"publish","type":"page","link":"https:\/\/wp.ufpel.edu.br\/ppgbiotec\/programa\/regimento\/","title":{"rendered":"Regimento"},"content":{"rendered":"<p><span style=\"color: #000000;\">Regimento do Programa de P\u00f3s-gradua\u00e7\u00e3o em Biotecnologia<\/span><\/p>\n<ul>\n<li><span style=\"color: #000000;\">Ingressantes (a partir de 2019) &#8211; <a style=\"color: #000000;\" href=\"https:\/\/wp.ufpel.edu.br\/ppgbiotec\/files\/2021\/05\/Regimento-do-PPGB-2018.pdf\">Regimento do PPG Biotecnologia 2018<\/a><\/span><\/li>\n<\/ul>\n<hr \/>\n<p><span style=\"color: #000000; font-size: 10pt;\">Consulta hist\u00f3rica<\/span><\/p>\n<p><span style=\"color: #000000; font-size: 10pt;\"><a style=\"color: #000000;\" href=\"https:\/\/wp.ufpel.edu.br\/ppgbiotec\/files\/2021\/05\/Regimento-do-PPGB-2013-1.pdf\">Regimento do PPG Biotecnologia 2013 &#8211; Ingressantes (2014-2018)<\/a><\/span><\/p>\n<p><span style=\"color: #000000; font-size: 10pt;\"><a style=\"color: #000000;\" href=\"https:\/\/wp.ufpel.edu.br\/ppgbiotec\/files\/2021\/05\/Regimento-do-PPGB-2008.pdf\">Regimento do PPG Biotecnologia 2008 &#8211; Ingressantes (2008-2013)<\/a><\/span><\/p>\n<p>&nbsp;<\/p>\n<p>&nbsp;<\/p>\n","protected":false},"excerpt":{"rendered":"<p>Regimento do Programa de P\u00f3s-gradua\u00e7\u00e3o em Biotecnologia Ingressantes (a partir de 2019) &#8211; Regimento do PPG Biotecnologia 2018 Consulta hist\u00f3rica Regimento do PPG Biotecnologia 2013 &#8211; Ingressantes (2014-2018) Regimento do PPG Biotecnologia 2008 &#8211; Ingressantes (2008-2013) &nbsp; &nbsp;<\/p>\n","protected":false},"author":735,"featured_media":0,"parent":955,"menu_order":2,"comment_status":"closed","ping_status":"closed","template":"","meta":{"jetpack_post_was_ever_published":false,"footnotes":""},"class_list":["post-794","page","type-page","status-publish","hentry"],"jetpack_sharing_enabled":true,"_links":{"self":[{"href":"https:\/\/wp.ufpel.edu.br\/ppgbiotec\/wp-json\/wp\/v2\/pages\/794","targetHints":{"allow":["GET"]}}],"collection":[{"href":"https:\/\/wp.ufpel.edu.br\/ppgbiotec\/wp-json\/wp\/v2\/pages"}],"about":[{"href":"https:\/\/wp.ufpel.edu.br\/ppgbiotec\/wp-json\/wp\/v2\/types\/page"}],"author":[{"embeddable":true,"href":"https:\/\/wp.ufpel.edu.br\/ppgbiotec\/wp-json\/wp\/v2\/users\/735"}],"replies":[{"embeddable":true,"href":"https:\/\/wp.ufpel.edu.br\/ppgbiotec\/wp-json\/wp\/v2\/comments?post=794"}],"version-history":[{"count":36,"href":"https:\/\/wp.ufpel.edu.br\/ppgbiotec\/wp-json\/wp\/v2\/pages\/794\/revisions"}],"predecessor-version":[{"id":10211,"href":"https:\/\/wp.ufpel.edu.br\/ppgbiotec\/wp-json\/wp\/v2\/pages\/794\/revisions\/10211"}],"up":[{"embeddable":true,"href":"https:\/\/wp.ufpel.edu.br\/ppgbiotec\/wp-json\/wp\/v2\/pages\/955"}],"wp:attachment":[{"href":"https:\/\/wp.ufpel.edu.br\/ppgbiotec\/wp-json\/wp\/v2\/media?parent=794"}],"curies":[{"name":"wp","href":"https:\/\/api.w.org\/{rel}","templated":true}]}}