{"id":7350,"date":"2021-10-13T16:12:56","date_gmt":"2021-10-13T19:12:56","guid":{"rendered":"https:\/\/wp.ufpel.edu.br\/ppgbiotec\/?page_id=7350"},"modified":"2021-10-13T16:31:30","modified_gmt":"2021-10-13T19:31:30","slug":"laboratorio-de-biotecnologia-do-cancer","status":"publish","type":"page","link":"https:\/\/wp.ufpel.edu.br\/ppgbiotec\/infraestrutura\/pesquisa\/laboratorio-de-biotecnologia-do-cancer\/","title":{"rendered":"Laborat\u00f3rio de Biotecnologia do C\u00e2ncer"},"content":{"rendered":"<p class=\"corTexto\" style=\"text-align: justify\"><span style=\"color: #000000\"><strong><span style=\"font-family: georgia, palatino, serif;font-size: 12pt\">Laborat\u00f3rio de Biotecnologia do C\u00e2ncer<\/span><\/strong><\/span><\/p>\n<p style=\"text-align: justify\"><span style=\"font-family: georgia, palatino, serif;font-size: 12pt;color: #000000\"><strong><img class=\"alignleft\" src=\"https:\/\/wp.ufpel.edu.br\/nulab\/files\/2016\/12\/P1010853-212x159.jpg\" alt=\"p1010853\" \/>Unidade:<\/strong>\u00a0Centro de Desenvolvimento Tecnol\u00f3gico (CDTEC)<\/span><br \/>\n<span style=\"font-family: georgia, palatino, serif;font-size: 12pt;color: #000000\"><strong>Curso:<\/strong>\u00a0Biotecnologia<\/span><br \/>\n<span style=\"font-family: georgia, palatino, serif;font-size: 12pt;color: #000000\"><strong>Website:<\/strong>\u00a0\u2013<\/span><br \/>\n<span style=\"font-family: georgia, palatino, serif;font-size: 12pt;color: #000000\"><strong>C\u00f3digo NULAB:<\/strong>\u00a090150<\/span><\/p>\n<p style=\"text-align: justify\"><span style=\"font-family: georgia, palatino, serif;font-size: 12pt;color: #000000\"><strong>Descri\u00e7\u00e3o \u2013<br \/>\n<\/strong><\/span><\/p>\n<p>&nbsp;<\/p>\n<p style=\"text-align: justify\"><span style=\"font-family: georgia, palatino, serif;font-size: 12pt;color: #000000\"><strong><img class=\"alignleft\" src=\"https:\/\/wp.ufpel.edu.br\/nulab\/files\/2016\/12\/P1010820-212x159.jpg\" alt=\"p1010820\" \/><\/strong><\/span><\/p>\n<p>&nbsp;<\/p>\n<p style=\"text-align: justify\"><span style=\"font-family: georgia, palatino, serif;font-size: 12pt;color: #000000\"><strong>Localiza\u00e7\u00e3o<\/strong><\/span><br \/>\n<span style=\"font-family: georgia, palatino, serif;font-size: 12pt;color: #000000\"><strong>Campus:<\/strong>\u00a0Cap\u00e3o do Le\u00e3o<\/span><br \/>\n<span style=\"font-family: georgia, palatino, serif;font-size: 12pt;color: #000000\"><strong>Pr\u00e9dio\/Bloco:<\/strong>\u00a019<\/span><br \/>\n<span style=\"font-family: georgia, palatino, serif;font-size: 12pt;color: #000000\"><strong>Sala:<\/strong>\u00a008 e 09<\/span><\/p>\n<p>&nbsp;<\/p>\n<p style=\"text-align: justify\"><span style=\"font-family: georgia, palatino, serif;font-size: 12pt;color: #000000\"><strong><img class=\"alignleft\" src=\"https:\/\/wp.ufpel.edu.br\/nulab\/files\/2016\/12\/P1010844-212x159.jpg\" alt=\"p1010844\" \/><\/strong><\/span><\/p>\n<p>&nbsp;<\/p>\n<p style=\"text-align: justify\"><span style=\"font-family: georgia, palatino, serif;font-size: 12pt;color: #000000\"><strong>Contato<\/strong><\/span><br \/>\n<span style=\"font-family: georgia, palatino, serif;font-size: 12pt;color: #000000\"><strong>Nome:<\/strong> Prof. Dr. Tiago Collares, Prof.\u00aa Dr.\u00aa Fabiana Seixas<\/span><br \/>\n<span style=\"font-family: georgia, palatino, serif;font-size: 12pt;color: #000000\"><strong>E-mail<\/strong>: collares.t@gmail.com , seixas.fx@gmail.com<\/span><\/p>\n<p>&nbsp;<\/p>\n<p>&nbsp;<\/p>\n<p><span style=\"font-family: georgia, palatino, serif;font-size: 12pt;color: #000000\"><strong>Equipamentos<\/strong><\/span><\/p>\n<ul>\n<li><span style=\"font-family: georgia, palatino, serif;font-size: 12pt;color: #000000\">Citometro<\/span><\/li>\n<li><span style=\"font-family: georgia, palatino, serif;font-size: 12pt;color: #000000\">Real Time PCR<\/span><\/li>\n<li><span style=\"font-family: georgia, palatino, serif;font-size: 12pt;color: #000000\">PCR<\/span><\/li>\n<li><span style=\"font-family: georgia, palatino, serif;font-size: 12pt;color: #000000\">Micromanipuladores<\/span><\/li>\n<li><span style=\"font-family: georgia, palatino, serif;font-size: 12pt;color: #000000\">Incubadoras de CO<sub>2<\/sub><\/span><\/li>\n<li><span style=\"font-family: georgia, palatino, serif;font-size: 12pt;color: #000000\">Eletroforese<\/span><\/li>\n<li><span style=\"font-family: georgia, palatino, serif;font-size: 12pt;color: #000000\">Microscopia de Fluoresc\u00eancia Invertida<\/span><\/li>\n<\/ul>\n","protected":false},"excerpt":{"rendered":"<p>Laborat\u00f3rio de Biotecnologia do C\u00e2ncer Unidade:\u00a0Centro de Desenvolvimento Tecnol\u00f3gico (CDTEC) Curso:\u00a0Biotecnologia Website:\u00a0\u2013 C\u00f3digo NULAB:\u00a090150 Descri\u00e7\u00e3o \u2013 &nbsp; &nbsp; Localiza\u00e7\u00e3o Campus:\u00a0Cap\u00e3o do Le\u00e3o Pr\u00e9dio\/Bloco:\u00a019 Sala:\u00a008 e 09 &nbsp; &nbsp; Contato Nome: Prof. Dr. Tiago Collares, Prof.\u00aa Dr.\u00aa Fabiana Seixas E-mail: collares.t@gmail.com , seixas.fx@gmail.com &nbsp; &nbsp; Equipamentos Citometro Real Time PCR PCR Micromanipuladores Incubadoras de CO2 Eletroforese [&hellip;]<\/p>\n","protected":false},"author":735,"featured_media":0,"parent":5706,"menu_order":0,"comment_status":"closed","ping_status":"closed","template":"","meta":{"jetpack_post_was_ever_published":false,"footnotes":""},"class_list":["post-7350","page","type-page","status-publish","hentry"],"jetpack_sharing_enabled":true,"_links":{"self":[{"href":"https:\/\/wp.ufpel.edu.br\/ppgbiotec\/wp-json\/wp\/v2\/pages\/7350","targetHints":{"allow":["GET"]}}],"collection":[{"href":"https:\/\/wp.ufpel.edu.br\/ppgbiotec\/wp-json\/wp\/v2\/pages"}],"about":[{"href":"https:\/\/wp.ufpel.edu.br\/ppgbiotec\/wp-json\/wp\/v2\/types\/page"}],"author":[{"embeddable":true,"href":"https:\/\/wp.ufpel.edu.br\/ppgbiotec\/wp-json\/wp\/v2\/users\/735"}],"replies":[{"embeddable":true,"href":"https:\/\/wp.ufpel.edu.br\/ppgbiotec\/wp-json\/wp\/v2\/comments?post=7350"}],"version-history":[{"count":4,"href":"https:\/\/wp.ufpel.edu.br\/ppgbiotec\/wp-json\/wp\/v2\/pages\/7350\/revisions"}],"predecessor-version":[{"id":7360,"href":"https:\/\/wp.ufpel.edu.br\/ppgbiotec\/wp-json\/wp\/v2\/pages\/7350\/revisions\/7360"}],"up":[{"embeddable":true,"href":"https:\/\/wp.ufpel.edu.br\/ppgbiotec\/wp-json\/wp\/v2\/pages\/5706"}],"wp:attachment":[{"href":"https:\/\/wp.ufpel.edu.br\/ppgbiotec\/wp-json\/wp\/v2\/media?parent=7350"}],"curies":[{"name":"wp","href":"https:\/\/api.w.org\/{rel}","templated":true}]}}