{"id":7264,"date":"2021-09-29T16:37:12","date_gmt":"2021-09-29T19:37:12","guid":{"rendered":"https:\/\/wp.ufpel.edu.br\/ppgbiotec\/?page_id=7264"},"modified":"2024-09-11T18:08:45","modified_gmt":"2024-09-11T21:08:45","slug":"bibliografica","status":"publish","type":"page","link":"https:\/\/wp.ufpel.edu.br\/ppgbiotec\/producao\/bibliografica\/","title":{"rendered":"Bibliogr\u00e1fica"},"content":{"rendered":"<p style=\"text-align: justify;\"><span style=\"color: #000000;\"><strong>Produ\u00e7\u00e3o Bibliogr\u00e1fica<\/strong> do Programa de P\u00f3s-Gradua\u00e7\u00e3o em Biotecnologia<\/span><\/p>\n<ul>\n<li><span style=\"color: #000000;\">Produ\u00e7\u00e3o Bibliogr\u00e1fica &#8211; <strong>Artigo cient\u00edfico<\/strong><\/span><\/li>\n<\/ul>\n<p><a href=\"https:\/\/wp.ufpel.edu.br\/ppgbiotec\/producao\/bibliografica\/artigo-cientifico-ano-de-2024\/\"><span style=\"color: #000000;\">Artigo cient\u00edfico &#8211; ano de 2024<\/span><\/a><span style=\"color: #000000;\">\u00a0 <\/span><span style=\"color: #000000;\"> (<\/span><span style=\"color: #000000;\"><span style=\"font-size: 10pt;\"><em>parcial)<\/em><\/span><\/span><\/p>\n<p><a href=\"https:\/\/wp.ufpel.edu.br\/ppgbiotec\/producao\/bibliografica\/artigos-cientificos-ano-de-2023\/\"><span style=\"color: #000000;\">Artigo cient\u00edfico &#8211; ano de 2023<\/span><\/a><\/p>\n<p><a href=\"https:\/\/wp.ufpel.edu.br\/ppgbiotec\/artigos-cientificos-ano-de-2022\/\"><span style=\"color: #000000;\">Artigo cient\u00edfico &#8211; ano de 2022<\/span><\/a><\/p>\n<p><a href=\"https:\/\/wp.ufpel.edu.br\/ppgbiotec\/producao\/bibliografica\/artigos-cientificos-ano-de-2021\/\"><span style=\"color: #000000;\">Artigo cient\u00edfico &#8211; ano de 2021<\/span><\/a><\/p>\n<p><span style=\"color: #000000;\"><a style=\"color: #000000;\" href=\"https:\/\/wp.ufpel.edu.br\/ppgbiotec\/producao\/bibliografica\/artigos-cientificos-ano-de-2020\" target=\"_blank\" rel=\"noopener\">Artigo cient\u00edfico &#8211; ano de 2020<\/a><\/span><\/p>\n<p><span style=\"color: #000000;\"><a style=\"color: #000000;\" href=\"https:\/\/wp.ufpel.edu.br\/ppgbiotec\/producao\/bibliografica\/artigos-cientificos-ano-de-2019\" target=\"_blank\" rel=\"noopener\">Artigo cient\u00edfico &#8211; ano de 2019<\/a><\/span><\/p>\n<p><span style=\"color: #000000;\"><a style=\"color: #000000;\" href=\"https:\/\/wp.ufpel.edu.br\/ppgbiotec\/producao\/bibliografica\/artigos-cientificos-ano-de-2018\" target=\"_blank\" rel=\"noopener\">Artigo cient\u00edfico &#8211; ano de 2018<\/a><\/span><\/p>\n<p><span style=\"color: #000000;\"><a style=\"color: #000000;\" href=\"https:\/\/wp.ufpel.edu.br\/ppgbiotec\/producao\/bibliografica\/artigos-cientificos-ano-de-2017\" target=\"_blank\" rel=\"noopener\">Artigo cient\u00edfico &#8211; ano de 2017<\/a><\/span><\/p>\n<hr \/>\n<ul>\n<li><span style=\"color: #000000;\">Produ\u00e7\u00e3o Bibliogr\u00e1fica &#8211; <strong>Livros e cap\u00edtulos<\/strong><\/span><\/li>\n<\/ul>\n<p><a href=\"https:\/\/wp.ufpel.edu.br\/ppgbiotec\/livros-e-capitulos-ano-de-2024\/\"><span style=\"color: #000000;\">Livros e cap\u00edtulos &#8211; ano de 2024<\/span><\/a> <span style=\"color: #000000;\"> (<\/span><span style=\"color: #000000;\"><span style=\"font-size: 10pt;\"><em>parcial)<\/em><\/span><\/span><\/p>\n<p><a href=\"https:\/\/wp.ufpel.edu.br\/ppgbiotec\/livros-e-capitulos-ano-de-2023\/\"><span style=\"color: #000000;\">Livros e cap\u00edtulos &#8211; ano de 2023<\/span><\/a><\/p>\n<p><a href=\"https:\/\/wp.ufpel.edu.br\/ppgbiotec\/livros-e-capitulos-ano-de-2022\/\"><span style=\"color: #000000;\">Livros e cap\u00edtulos &#8211; ano de 2022<\/span><\/a><\/p>\n<p><a href=\"https:\/\/wp.ufpel.edu.br\/ppgbiotec\/producao\/bibliografica\/livros-e-capitulos-ano-de-2021\/\"><span style=\"color: #000000;\">Livros e cap\u00edtulos &#8211; ano de 2021<\/span><\/a><\/p>\n<p><span style=\"color: #000000;\"><a style=\"color: #000000;\" href=\"https:\/\/wp.ufpel.edu.br\/ppgbiotec\/producao\/bibliografica\/livros-e-capitulos-ano-de-2020\" target=\"_blank\" rel=\"noopener\">Livros e cap\u00edtulos &#8211; ano de 2020<\/a><\/span><\/p>\n<p><span style=\"color: #000000;\"><a style=\"color: #000000;\" href=\"https:\/\/wp.ufpel.edu.br\/ppgbiotec\/producao\/bibliografica\/livros-e-capitulos-ano-de-2019\" target=\"_blank\" rel=\"noopener\">Livros e cap\u00edtulos &#8211; ano de 2019<\/a><\/span><\/p>\n<p><span style=\"color: #000000;\"><a style=\"color: #000000;\" href=\"https:\/\/wp.ufpel.edu.br\/ppgbiotec\/producao\/bibliografica\/livros-e-capitulos-ano-de-2018\" target=\"_blank\" rel=\"noopener\">Livros e cap\u00edtulos &#8211; ano de 2018<\/a><\/span><\/p>\n<p><span style=\"color: #000000;\"><a style=\"color: #000000;\" href=\"https:\/\/wp.ufpel.edu.br\/ppgbiotec\/producao\/bibliografica\/livros-e-capitulos-ano-de-2017\" target=\"_blank\" rel=\"noopener\">Livros e cap\u00edtulos &#8211; ano de 2017<\/a><\/span><\/p>\n","protected":false},"excerpt":{"rendered":"<p>Produ\u00e7\u00e3o Bibliogr\u00e1fica do Programa de P\u00f3s-Gradua\u00e7\u00e3o em Biotecnologia Produ\u00e7\u00e3o Bibliogr\u00e1fica &#8211; Artigo cient\u00edfico Artigo cient\u00edfico &#8211; ano de 2024\u00a0 (parcial) Artigo cient\u00edfico &#8211; ano de 2023 Artigo cient\u00edfico &#8211; ano de 2022 Artigo cient\u00edfico &#8211; ano de 2021 Artigo cient\u00edfico &#8211; ano de 2020 Artigo cient\u00edfico &#8211; ano de 2019 Artigo cient\u00edfico &#8211; ano de [&hellip;]<\/p>\n","protected":false},"author":735,"featured_media":0,"parent":756,"menu_order":1,"comment_status":"closed","ping_status":"closed","template":"","meta":{"jetpack_post_was_ever_published":false,"footnotes":""},"class_list":["post-7264","page","type-page","status-publish","hentry"],"jetpack_sharing_enabled":true,"_links":{"self":[{"href":"https:\/\/wp.ufpel.edu.br\/ppgbiotec\/wp-json\/wp\/v2\/pages\/7264","targetHints":{"allow":["GET"]}}],"collection":[{"href":"https:\/\/wp.ufpel.edu.br\/ppgbiotec\/wp-json\/wp\/v2\/pages"}],"about":[{"href":"https:\/\/wp.ufpel.edu.br\/ppgbiotec\/wp-json\/wp\/v2\/types\/page"}],"author":[{"embeddable":true,"href":"https:\/\/wp.ufpel.edu.br\/ppgbiotec\/wp-json\/wp\/v2\/users\/735"}],"replies":[{"embeddable":true,"href":"https:\/\/wp.ufpel.edu.br\/ppgbiotec\/wp-json\/wp\/v2\/comments?post=7264"}],"version-history":[{"count":14,"href":"https:\/\/wp.ufpel.edu.br\/ppgbiotec\/wp-json\/wp\/v2\/pages\/7264\/revisions"}],"predecessor-version":[{"id":10494,"href":"https:\/\/wp.ufpel.edu.br\/ppgbiotec\/wp-json\/wp\/v2\/pages\/7264\/revisions\/10494"}],"up":[{"embeddable":true,"href":"https:\/\/wp.ufpel.edu.br\/ppgbiotec\/wp-json\/wp\/v2\/pages\/756"}],"wp:attachment":[{"href":"https:\/\/wp.ufpel.edu.br\/ppgbiotec\/wp-json\/wp\/v2\/media?parent=7264"}],"curies":[{"name":"wp","href":"https:\/\/api.w.org\/{rel}","templated":true}]}}