{"id":7259,"date":"2021-09-29T16:12:18","date_gmt":"2021-09-29T19:12:18","guid":{"rendered":"https:\/\/wp.ufpel.edu.br\/ppgbiotec\/?page_id=7259"},"modified":"2021-09-29T17:13:44","modified_gmt":"2021-09-29T20:13:44","slug":"produto-e-processo-em-sigilo","status":"publish","type":"page","link":"https:\/\/wp.ufpel.edu.br\/ppgbiotec\/producao\/produto-e-processo-em-sigilo\/","title":{"rendered":"Produto e processo em sigilo"},"content":{"rendered":"<p><span style=\"color: #000000\">Produ\u00e7\u00e3o tecnol\u00f3gica &#8211; <strong>Produto e Processo em sigilo<\/strong><\/span><\/p>\n<p><span style=\"color: #000000\"><a style=\"color: #000000\" href=\"https:\/\/wp.ufpel.edu.br\/ppgbiotec\/producao\/tecnologica\/produto-e-processo-em-sigilo\/produto-processo-em-sigilo-ano-de-2020\"><em>Produto e processo em sigilo &#8211; Ano 2020<\/em><\/a><\/span><\/p>\n<p><span style=\"color: #000000\"><a style=\"color: #000000\" href=\"https:\/\/wp.ufpel.edu.br\/ppgbiotec\/producao\/tecnologica\/produto-e-processo-em-sigilo\/produto-processo-em-sigilo-ano-de-2019\"><em>Produto e processo em sigilo &#8211; Ano 2019<\/em><\/a><\/span><\/p>\n<p><span style=\"color: #000000\"><a style=\"color: #000000\" href=\"https:\/\/wp.ufpel.edu.br\/ppgbiotec\/producao\/tecnologica\/produto-e-processo-em-sigilo\/produtos-processos-em-sigilo-ano-de-2018\"><em>Produto e processo em sigilo &#8211; Ano 2018<\/em><\/a><\/span><\/p>\n<p>&nbsp;<\/p>\n<p>&nbsp;<\/p>\n<p>&nbsp;<\/p>\n","protected":false},"excerpt":{"rendered":"<p>Produ\u00e7\u00e3o tecnol\u00f3gica &#8211; Produto e Processo em sigilo Produto e processo em sigilo &#8211; Ano 2020 Produto e processo em sigilo &#8211; Ano 2019 Produto e processo em sigilo &#8211; Ano 2018 &nbsp; &nbsp; &nbsp;<\/p>\n","protected":false},"author":735,"featured_media":0,"parent":756,"menu_order":2,"comment_status":"closed","ping_status":"closed","template":"","meta":{"jetpack_post_was_ever_published":false,"footnotes":""},"class_list":["post-7259","page","type-page","status-publish","hentry"],"jetpack_sharing_enabled":true,"_links":{"self":[{"href":"https:\/\/wp.ufpel.edu.br\/ppgbiotec\/wp-json\/wp\/v2\/pages\/7259","targetHints":{"allow":["GET"]}}],"collection":[{"href":"https:\/\/wp.ufpel.edu.br\/ppgbiotec\/wp-json\/wp\/v2\/pages"}],"about":[{"href":"https:\/\/wp.ufpel.edu.br\/ppgbiotec\/wp-json\/wp\/v2\/types\/page"}],"author":[{"embeddable":true,"href":"https:\/\/wp.ufpel.edu.br\/ppgbiotec\/wp-json\/wp\/v2\/users\/735"}],"replies":[{"embeddable":true,"href":"https:\/\/wp.ufpel.edu.br\/ppgbiotec\/wp-json\/wp\/v2\/comments?post=7259"}],"version-history":[{"count":5,"href":"https:\/\/wp.ufpel.edu.br\/ppgbiotec\/wp-json\/wp\/v2\/pages\/7259\/revisions"}],"predecessor-version":[{"id":7282,"href":"https:\/\/wp.ufpel.edu.br\/ppgbiotec\/wp-json\/wp\/v2\/pages\/7259\/revisions\/7282"}],"up":[{"embeddable":true,"href":"https:\/\/wp.ufpel.edu.br\/ppgbiotec\/wp-json\/wp\/v2\/pages\/756"}],"wp:attachment":[{"href":"https:\/\/wp.ufpel.edu.br\/ppgbiotec\/wp-json\/wp\/v2\/media?parent=7259"}],"curies":[{"name":"wp","href":"https:\/\/api.w.org\/{rel}","templated":true}]}}