{"id":7220,"date":"2021-09-29T11:05:25","date_gmt":"2021-09-29T14:05:25","guid":{"rendered":"https:\/\/wp.ufpel.edu.br\/ppgbiotec\/?page_id=7220"},"modified":"2021-10-05T16:10:52","modified_gmt":"2021-10-05T19:10:52","slug":"livros-e-capitulos-ano-de-2018","status":"publish","type":"page","link":"https:\/\/wp.ufpel.edu.br\/ppgbiotec\/producao\/bibliografica\/livros-e-capitulos-ano-de-2018\/","title":{"rendered":"Livros e cap\u00edtulos &#8211; ano de 2018"},"content":{"rendered":"<p style=\"text-align: justify\"><span style=\"font-size: 10pt;color: #000000\">PACHECO, Bruna Silveira\u00a0; Da Silva, Caroline Carapina ; de Freitas, Samantha Coelho ; BERNEIRA, LUCAS MORAES ; da Silva, Vin\u00edcius Lenz ; Winkel, Kathleen ; Ferreira, Let\u00edcia Braatz ;\u00a0DE PEREIRA, CLAUDIO MARTIN PEREIRA\u00a0. <strong>Employment of Alternative Raw Materials for Biodiesel Synthesis<\/strong>. Green Energy and Technology. 1ed.: Springer International Publishing, 2018, v. , p. 33-55.<\/span><\/p>\n<hr \/>\n<p style=\"text-align: justify\"><span style=\"font-size: 10pt;color: #000000\">Da Silva, Caroline Carapina ;\u00a0PACHECO, Bruna Silveira\u00a0; de Freitas, Samantha Coelho ; BERNEIRA, LUCAS MORAES ; dos Santos, Marco Aur\u00e9lio Ziemann ;\u00a0PIZZUTI, Lucas\u00a0;\u00a0DE PEREIRA, CLAUDIO MARTIN PEREIRA\u00a0. <strong>Hydroxychalcones: Synthetic Alternatives to Enhance Oxidative Stability of Biodiesel<\/strong>. Green Energy and Technology. 1ed.: Springer International Publishing, 2018, v. , p. 81-110.<\/span><\/p>\n<hr \/>\n<p style=\"text-align: justify\"><span style=\"font-size: 10pt;color: #000000\">Pegoraro, Camila\u00a0; DA ROSA FARIAS, DANIEL ;\u00a0DE OLIVEIRA, ANTONIO COSTA\u00a0. <strong>Oryza glumaepatula Steud.<\/strong>. In: Tapan Mondal and Robert Henry. (Org.). Compendium of Plant Genomes. 1ed.Cham: Springer International Publishing, 2018, v. , p. 127-135.<\/span><\/p>\n<hr \/>\n<p style=\"text-align: justify\"><span style=\"color: #000000\"><span style=\"font-size: 10pt\">FIORAVANTE, J. B.<\/span><span style=\"font-size: 10pt\">\u00a0; PEREZ, I. A. ; LEMKE, E. B. ; GONCALVES, V. M. ; OLIVEIRA, P. D. ;\u00a0VENDRUSCOLO, C. T.\u00a0;\u00a0MOREIRA, A. da S.\u00a0. <strong>PRESERVA\u00c7\u00c3O DE LACTOBACILLUS ACIDOPHILUS UTILIZANDO XANTANA PRUNI COMO AGENTE ENCAPSULANTE<\/strong>. In: F\u00c1BIO STEINER; ALAN MARIO ZUFFO; JORGE GONZ\u00c1LEZ AGUILERA. (Org.). Impactos das Tecnologias nas Ci\u00eancias Agr\u00e1rias e Multidisciplinar 2. 2ed.Belo Horizonte: Editora Atena, 2018, v. 2, p. 75-81.<\/span><\/span><\/p>\n<hr \/>\n<p style=\"text-align: justify\"><span style=\"font-size: 10pt;color: #000000\">FIORAVANTE, J. B.\u00a0; PEREZ, I. A. ; LEMKE, E. B. ; GONCALVES, V. M. ; OLIVEIRA, P. D. ;\u00a0VENDRUSCOLO, C. T.\u00a0;\u00a0MOREIRA, A. da S.\u00a0. <strong>VIABILIDADE DE LACTOBACILLUS ACIDOPHILUS ATCC 4356 MICROENCAPSULADO ADICIONADO A IOGURTE BATIDO SABORIZADO COM POLPA DE MIRTILO (VACCINIUM SPP)<\/strong>. In: F\u00c1BIO STEINER; ALAN MARIO ZUFFO; JORGE GONZ\u00c1LEZ AGUILERA. (Org.). Impactos das Tecnologias nas Ci\u00eancias Agr\u00e1rias e Multidisciplinar 2. 2ed.Belo Horizonte: Editora Atena, 2018, v. 2, p. 82-88.<\/span><\/p>\n<hr \/>\n<p style=\"text-align: justify\">\n","protected":false},"excerpt":{"rendered":"<p>PACHECO, Bruna Silveira\u00a0; Da Silva, Caroline Carapina ; de Freitas, Samantha Coelho ; BERNEIRA, LUCAS MORAES ; da Silva, Vin\u00edcius Lenz ; Winkel, Kathleen ; Ferreira, Let\u00edcia Braatz ;\u00a0DE PEREIRA, CLAUDIO MARTIN PEREIRA\u00a0. Employment of Alternative Raw Materials for Biodiesel Synthesis. Green Energy and Technology. 1ed.: Springer International Publishing, 2018, v. , p. 33-55. Da [&hellip;]<\/p>\n","protected":false},"author":735,"featured_media":0,"parent":7264,"menu_order":3,"comment_status":"closed","ping_status":"closed","template":"","meta":{"jetpack_post_was_ever_published":false,"footnotes":""},"class_list":["post-7220","page","type-page","status-publish","hentry"],"jetpack_sharing_enabled":true,"_links":{"self":[{"href":"https:\/\/wp.ufpel.edu.br\/ppgbiotec\/wp-json\/wp\/v2\/pages\/7220","targetHints":{"allow":["GET"]}}],"collection":[{"href":"https:\/\/wp.ufpel.edu.br\/ppgbiotec\/wp-json\/wp\/v2\/pages"}],"about":[{"href":"https:\/\/wp.ufpel.edu.br\/ppgbiotec\/wp-json\/wp\/v2\/types\/page"}],"author":[{"embeddable":true,"href":"https:\/\/wp.ufpel.edu.br\/ppgbiotec\/wp-json\/wp\/v2\/users\/735"}],"replies":[{"embeddable":true,"href":"https:\/\/wp.ufpel.edu.br\/ppgbiotec\/wp-json\/wp\/v2\/comments?post=7220"}],"version-history":[{"count":5,"href":"https:\/\/wp.ufpel.edu.br\/ppgbiotec\/wp-json\/wp\/v2\/pages\/7220\/revisions"}],"predecessor-version":[{"id":7319,"href":"https:\/\/wp.ufpel.edu.br\/ppgbiotec\/wp-json\/wp\/v2\/pages\/7220\/revisions\/7319"}],"up":[{"embeddable":true,"href":"https:\/\/wp.ufpel.edu.br\/ppgbiotec\/wp-json\/wp\/v2\/pages\/7264"}],"wp:attachment":[{"href":"https:\/\/wp.ufpel.edu.br\/ppgbiotec\/wp-json\/wp\/v2\/media?parent=7220"}],"curies":[{"name":"wp","href":"https:\/\/api.w.org\/{rel}","templated":true}]}}