{"id":7206,"date":"2021-09-28T17:01:30","date_gmt":"2021-09-28T20:01:30","guid":{"rendered":"https:\/\/wp.ufpel.edu.br\/ppgbiotec\/?page_id=7206"},"modified":"2021-10-05T16:09:27","modified_gmt":"2021-10-05T19:09:27","slug":"livros-e-capitulos-ano-de-2017","status":"publish","type":"page","link":"https:\/\/wp.ufpel.edu.br\/ppgbiotec\/producao\/bibliografica\/livros-e-capitulos-ano-de-2017\/","title":{"rendered":"Livros e cap\u00edtulos &#8211; ano de 2017"},"content":{"rendered":"<p><span style=\"color: #000000;font-size: 10pt\">Reissig, Gabriela ; Rombaldi, C\u00e9sar Valmor . <strong>Brazilian native: Fruits from a plurality of examples and bioactive compounds to the most diverse potentialities<\/strong>. In: Bioactive Compounds: Sources, Properties and Applications. 1. ed. .: Nova Science, 2017, v. , p. 361-382.<\/span><\/p>\n<hr \/>\n<p><span style=\"color: #000000;font-size: 10pt\">PEREIRA, CLAUDIO M. P.; SILVA, Caroline, C. ; PACHECO, BRUNA S. . <strong>Curcumin and Analogues: Chemical and Biological Aspects<\/strong>. 1. ed. Saarbr\u00fccken &#8211; Alemanha: LAMBERT ACADEMIC PUBLISHING, 2017. v. 1. 56p .<\/span><\/p>\n<hr \/>\n<p style=\"text-align: justify\"><span style=\"color: #000000;font-size: 10pt\">PINHO, R. B. ; SILVA, M. T. O. ; BEZERRA, FRANCISCO SILVESTRE BRILHANTE ; NEVES, R. N. ; AZEVEDO, V. ; BORSUK, S. . <strong>EFIC\u00c1CIA DA FOSFOLIPASE D RECOMBINANTE DE CORYNEBACTERIUM PSEUDOTUBERCULOSIS NA COMPOSI\u00c7\u00c3O DE VACINA DE SUBUNIDADE PARA A LINFADENITE CASEOSA<\/strong>. In: Vanessa Bordin Vieira; Nati\u00e9le Piovesan. (Org.). BIOTECNOLOGIA: Aplica\u00e7\u00e3o Tecnol\u00f3gica nas Ci\u00eancias Agr\u00e1rias e Ambientais, Ci\u00eancia dos Alimentos e Sa\u00fade.. 1ed.: , 2017, v. , p. 169-183.<\/span><\/p>\n<hr \/>\n<p style=\"text-align: justify\"><span style=\"color: #000000;font-size: 10pt\">GRASSMANN, ANDR\u00c9 ALEX ; da Cunha, Carlos Eduardo Pouey ; Bettin, Everton Burlamarque ; MCBRIDE, ALAN JOHN ALEXANDER . <strong>Overview of Leptospirosis<\/strong>. In: Singh, Sunit K.. (Org.). Neglected Tropical Diseases. 1ed.Cham: Springer International Publishing, 2017, v. , p. 245-275.<\/span><\/p>\n<hr \/>\n<p style=\"text-align: justify\"><span style=\"color: #000000;font-size: 10pt\">Santos, Railson Schreinert dos ; Rombaldi, Cesar Valmor ; OLIVEIRA, ANTONIO COSTA DE . <strong>Regula\u00e7\u00e3o gen\u00e9tica e epigen\u00e9tica de respostas ao estresse em popula\u00e7\u00f5es naturais de plantas<\/strong>. In: Biotecnologia Aplicada \u00e0 Agro&amp;Ind\u00fastria &#8211; Vol. 4. 1ed.: Editora Blucher, 2017, v. 1, p. 603-648.<\/span><\/p>\n<p style=\"text-align: justify\">\n","protected":false},"excerpt":{"rendered":"<p>Reissig, Gabriela ; Rombaldi, C\u00e9sar Valmor . Brazilian native: Fruits from a plurality of examples and bioactive compounds to the most diverse potentialities. In: Bioactive Compounds: Sources, Properties and Applications. 1. ed. .: Nova Science, 2017, v. , p. 361-382. PEREIRA, CLAUDIO M. P.; SILVA, Caroline, C. ; PACHECO, BRUNA S. . Curcumin and Analogues: [&hellip;]<\/p>\n","protected":false},"author":735,"featured_media":0,"parent":7264,"menu_order":4,"comment_status":"closed","ping_status":"closed","template":"","meta":{"jetpack_post_was_ever_published":false,"footnotes":""},"class_list":["post-7206","page","type-page","status-publish","hentry"],"jetpack_sharing_enabled":true,"_links":{"self":[{"href":"https:\/\/wp.ufpel.edu.br\/ppgbiotec\/wp-json\/wp\/v2\/pages\/7206","targetHints":{"allow":["GET"]}}],"collection":[{"href":"https:\/\/wp.ufpel.edu.br\/ppgbiotec\/wp-json\/wp\/v2\/pages"}],"about":[{"href":"https:\/\/wp.ufpel.edu.br\/ppgbiotec\/wp-json\/wp\/v2\/types\/page"}],"author":[{"embeddable":true,"href":"https:\/\/wp.ufpel.edu.br\/ppgbiotec\/wp-json\/wp\/v2\/users\/735"}],"replies":[{"embeddable":true,"href":"https:\/\/wp.ufpel.edu.br\/ppgbiotec\/wp-json\/wp\/v2\/comments?post=7206"}],"version-history":[{"count":2,"href":"https:\/\/wp.ufpel.edu.br\/ppgbiotec\/wp-json\/wp\/v2\/pages\/7206\/revisions"}],"predecessor-version":[{"id":7262,"href":"https:\/\/wp.ufpel.edu.br\/ppgbiotec\/wp-json\/wp\/v2\/pages\/7206\/revisions\/7262"}],"up":[{"embeddable":true,"href":"https:\/\/wp.ufpel.edu.br\/ppgbiotec\/wp-json\/wp\/v2\/pages\/7264"}],"wp:attachment":[{"href":"https:\/\/wp.ufpel.edu.br\/ppgbiotec\/wp-json\/wp\/v2\/media?parent=7206"}],"curies":[{"name":"wp","href":"https:\/\/api.w.org\/{rel}","templated":true}]}}