{"id":7148,"date":"2021-09-24T14:20:02","date_gmt":"2021-09-24T17:20:02","guid":{"rendered":"https:\/\/wp.ufpel.edu.br\/ppgbiotec\/?page_id=7148"},"modified":"2024-07-22T10:08:37","modified_gmt":"2024-07-22T13:08:37","slug":"pos-doutorando","status":"publish","type":"page","link":"https:\/\/wp.ufpel.edu.br\/ppgbiotec\/corpo-discente\/pos-doutorando\/","title":{"rendered":"P\u00f3s-doutorando"},"content":{"rendered":"<p style=\"text-align: justify;\"><span style=\"color: #000000;\">P\u00f3s- doutorandos <strong>vinculados<\/strong> ao Programa de P\u00f3s-Gradua\u00e7\u00e3o em Biotecnologia<\/span><\/p>\n<ul>\n<li style=\"text-align: justify;\"><span style=\"color: #000000;\"><strong>Vigentes<\/strong><\/span><\/li>\n<\/ul>\n\n<table id=\"tablepress-15\" class=\"tablepress tablepress-id-15\">\n<thead>\n<tr class=\"row-1\">\n\t<th class=\"column-1\"><strong>N\u00ba<\/strong><\/th><th class=\"column-2\"><strong>P\u00f3s-doc<\/strong><\/th><th class=\"column-3\"><strong>Supervisor(a)<\/strong><\/th>\n<\/tr>\n<\/thead>\n<tbody class=\"row-striping row-hover\">\n<tr class=\"row-2\">\n\t<td class=\"column-1\">1<\/td><td class=\"column-2\">Dr. Amilton Clair Pinto Seixas Neto<\/td><td class=\"column-3\">Ph.D. Odir Dellagostin<\/td>\n<\/tr>\n<tr class=\"row-3\">\n\t<td class=\"column-1\">2<\/td><td class=\"column-2\">Dr.\u00aa Bruna Silveira Pacheco<\/td><td class=\"column-3\">Dr. Tiago Collares<\/td>\n<\/tr>\n<tr class=\"row-4\">\n\t<td class=\"column-1\">3<\/td><td class=\"column-2\">Dr. Clovis Moreira Junior<\/td><td class=\"column-3\">Dr. Fabricio Concei\u00e7\u00e3o<\/td>\n<\/tr>\n<tr class=\"row-5\">\n\t<td class=\"column-1\">4<\/td><td class=\"column-2\">Dr.\u00aa Fernanda Severo Sabedra Sousa<\/td><td class=\"column-3\">Dr.\u00aa Fabiana Seixas<\/td>\n<\/tr>\n<tr class=\"row-6\">\n\t<td class=\"column-1\">5<\/td><td class=\"column-2\">Dr. Francisco Denis Souza Santos<\/td><td class=\"column-3\">Ph.D. Odir Dellagostin<\/td>\n<\/tr>\n<tr class=\"row-7\">\n\t<td class=\"column-1\">6<\/td><td class=\"column-2\">Dr.\u00aa Giovana Paula Zandon\u00e1<\/td><td class=\"column-3\">Dr. Claudio Pereira<\/td>\n<\/tr>\n<tr class=\"row-8\">\n\t<td class=\"column-1\">7<\/td><td class=\"column-2\">Dr. Leandro Silva Nunes<\/td><td class=\"column-3\">Dr. Vinicius Campos<\/td>\n<\/tr>\n<tr class=\"row-9\">\n\t<td class=\"column-1\">8<\/td><td class=\"column-2\">Dr.\u00aa Mara Andrade Colares Maia<\/td><td class=\"column-3\">Ph.D. Odir Dellagostin<\/td>\n<\/tr>\n<tr class=\"row-10\">\n\t<td class=\"column-1\">9<\/td><td class=\"column-2\">Dr. Marcos Roberto Alves Ferreira<\/td><td class=\"column-3\">Dr. Fabricio Concei\u00e7\u00e3o<\/td>\n<\/tr>\n<tr class=\"row-11\">\n\t<td class=\"column-1\">10<\/td><td class=\"column-2\">Dr.\u00aa Mirna Samara Die Alves<\/td><td class=\"column-3\">Dr.\u00aa Sibele Borsuk<\/td>\n<\/tr>\n<tr class=\"row-12\">\n\t<td class=\"column-1\">11<\/td><td class=\"column-2\">Dr.\u00aa Natasha Rodrigues de Oliveira<\/td><td class=\"column-3\">Ph.D. Odir Dellagostin<\/td>\n<\/tr>\n<tr class=\"row-13\">\n\t<td class=\"column-1\">12<\/td><td class=\"column-2\">Dr.\u00aa Renata Leivas de Oliveira<\/td><td class=\"column-3\">Dr.\u00aa Lucielli Savegnago<\/td>\n<\/tr>\n<tr class=\"row-14\">\n\t<td class=\"column-1\">13<\/td><td class=\"column-2\">Dr.\u00aa Rita De Cassia dos Santos da Concei\u00e7\u00e3o<\/td><td class=\"column-3\">Dr. Vinicius Campos<\/td>\n<\/tr>\n<tr class=\"row-15\">\n\t<td class=\"column-1\">14<\/td><td class=\"column-2\">Dr.\u00aa Rosiane Mastelari Martins<\/td><td class=\"column-3\">Dr. Tiago Collares<\/td>\n<\/tr>\n<tr class=\"row-16\">\n\t<td class=\"column-1\">15<\/td><td class=\"column-2\">Dr.\u00aa Stefanie Bressan Waller<\/td><td class=\"column-3\">Dr. Fabricio Concei\u00e7\u00e3o<\/td>\n<\/tr>\n<\/tbody>\n<\/table>\n\n","protected":false},"excerpt":{"rendered":"<p>P\u00f3s- doutorandos vinculados ao Programa de P\u00f3s-Gradua\u00e7\u00e3o em Biotecnologia Vigentes<\/p>\n","protected":false},"author":735,"featured_media":0,"parent":7116,"menu_order":2,"comment_status":"closed","ping_status":"closed","template":"","meta":{"jetpack_post_was_ever_published":false,"footnotes":""},"class_list":["post-7148","page","type-page","status-publish","hentry"],"jetpack_sharing_enabled":true,"_links":{"self":[{"href":"https:\/\/wp.ufpel.edu.br\/ppgbiotec\/wp-json\/wp\/v2\/pages\/7148","targetHints":{"allow":["GET"]}}],"collection":[{"href":"https:\/\/wp.ufpel.edu.br\/ppgbiotec\/wp-json\/wp\/v2\/pages"}],"about":[{"href":"https:\/\/wp.ufpel.edu.br\/ppgbiotec\/wp-json\/wp\/v2\/types\/page"}],"author":[{"embeddable":true,"href":"https:\/\/wp.ufpel.edu.br\/ppgbiotec\/wp-json\/wp\/v2\/users\/735"}],"replies":[{"embeddable":true,"href":"https:\/\/wp.ufpel.edu.br\/ppgbiotec\/wp-json\/wp\/v2\/comments?post=7148"}],"version-history":[{"count":8,"href":"https:\/\/wp.ufpel.edu.br\/ppgbiotec\/wp-json\/wp\/v2\/pages\/7148\/revisions"}],"predecessor-version":[{"id":10236,"href":"https:\/\/wp.ufpel.edu.br\/ppgbiotec\/wp-json\/wp\/v2\/pages\/7148\/revisions\/10236"}],"up":[{"embeddable":true,"href":"https:\/\/wp.ufpel.edu.br\/ppgbiotec\/wp-json\/wp\/v2\/pages\/7116"}],"wp:attachment":[{"href":"https:\/\/wp.ufpel.edu.br\/ppgbiotec\/wp-json\/wp\/v2\/media?parent=7148"}],"curies":[{"name":"wp","href":"https:\/\/api.w.org\/{rel}","templated":true}]}}