{"id":7119,"date":"2021-09-23T23:39:46","date_gmt":"2021-09-24T02:39:46","guid":{"rendered":"https:\/\/wp.ufpel.edu.br\/ppgbiotec\/?page_id=7119"},"modified":"2024-07-22T10:02:51","modified_gmt":"2024-07-22T13:02:51","slug":"matriculados","status":"publish","type":"page","link":"https:\/\/wp.ufpel.edu.br\/ppgbiotec\/corpo-discente\/matriculados\/","title":{"rendered":"Matriculados"},"content":{"rendered":"<p style=\"text-align: justify;\"><span style=\"color: #000000;\">Alunos <strong>matriculados<\/strong> no Programa de P\u00f3s-Gradua\u00e7\u00e3o em Biotecnologia<\/span><\/p>\n<ul style=\"text-align: justify;\">\n<li><span style=\"color: #000000;\"><strong>Matriculados<\/strong> \u2013 Mestrado<\/span><\/li>\n<\/ul>\n\n<table id=\"tablepress-13\" class=\"tablepress tablepress-id-13\">\n<thead>\n<tr class=\"row-1\">\n\t<th class=\"column-1\"><strong>N\u00ba<\/strong><\/th><th class=\"column-2\"><strong>Discente<\/strong><\/th><th class=\"column-3\"><strong>Orientador(a)<\/strong><\/th><th class=\"column-4\"><strong>Ano\/semestre<\/strong><\/th><th class=\"column-5\"><strong>Bolsista<\/strong><\/th>\n<\/tr>\n<\/thead>\n<tbody class=\"row-striping row-hover\">\n<tr class=\"row-2\">\n\t<td class=\"column-1\">1<\/td><td class=\"column-2\">Bruna Emanuele da Silva Velasquez<\/td><td class=\"column-3\">Dr. Marcio Corr\u00eaa<\/td><td class=\"column-4\">2023\/2<\/td><td class=\"column-5\">CAPES<\/td>\n<\/tr>\n<tr class=\"row-3\">\n\t<td class=\"column-1\">2<\/td><td class=\"column-2\">Ebipadou Jatto<\/td><td class=\"column-3\">Dr.\u00aa Angelita Moreira<\/td><td class=\"column-4\">2023\/2<\/td><td class=\"column-5\">CNPq<\/td>\n<\/tr>\n<tr class=\"row-4\">\n\t<td class=\"column-1\">3<\/td><td class=\"column-2\">Ericka Vanessa Guerra Pisco<\/td><td class=\"column-3\">Dr.\u00aa Sibele Borsuk<\/td><td class=\"column-4\">2024\/1<\/td><td class=\"column-5\">CAPES<\/td>\n<\/tr>\n<tr class=\"row-5\">\n\t<td class=\"column-1\">4<\/td><td class=\"column-2\">Yure Rodrigues Nunes<\/td><td class=\"column-3\">Dr.\u00aa Vanessa Galli<\/td><td class=\"column-4\">2024\/1<\/td><td class=\"column-5\">CAPES<\/td>\n<\/tr>\n<\/tbody>\n<\/table>\n<!-- #tablepress-13 from cache -->\n<ul>\n<li style=\"text-align: justify;\"><span style=\"color: #000000;\"><strong>Matriculados<\/strong> \u2013 Doutorado<\/span><\/li>\n<\/ul>\n\n<table id=\"tablepress-12\" class=\"tablepress tablepress-id-12\">\n<thead>\n<tr class=\"row-1\">\n\t<th class=\"column-1\"><strong>N\u00ba<\/strong><\/th><th class=\"column-2\"><strong>Discente<\/strong><\/th><th class=\"column-3\"><strong>Orientador(a)<\/strong><\/th><th class=\"column-4\"><strong>Ano\/semestre<\/strong><\/th><th class=\"column-5\"><strong>Bolsista<\/strong><\/th>\n<\/tr>\n<\/thead>\n<tbody class=\"row-striping row-hover\">\n<tr class=\"row-2\">\n\t<td class=\"column-1\">1<\/td><td class=\"column-2\">Alice Nunes Silva Itturriet<\/td><td class=\"column-3\">Dr. Frederico Kremer<\/td><td class=\"column-4\">2024\/1<\/td><td class=\"column-5\">CAPES<\/td>\n<\/tr>\n<tr class=\"row-3\">\n\t<td class=\"column-1\">2<\/td><td class=\"column-2\">Ana Carolina Kurz Pedra<\/td><td class=\"column-3\">Dr.\u00aa Tha\u00eds Bohn<\/td><td class=\"column-4\">2023\/1<\/td><td class=\"column-5\">CAPES<\/td>\n<\/tr>\n<tr class=\"row-4\">\n\t<td class=\"column-1\">3<\/td><td class=\"column-2\">Ana Caroline Basniak Konkol<\/td><td class=\"column-3\">Ph.D. Antonio de Oliveira<\/td><td class=\"column-4\">2024\/1<\/td><td class=\"column-5\">CAPES<\/td>\n<\/tr>\n<tr class=\"row-5\">\n\t<td class=\"column-1\">4<\/td><td class=\"column-2\">Ana Vit\u00f3ria Costa<\/td><td class=\"column-3\">Ph.D. F\u00e1bio Leivas Leite<\/td><td class=\"column-4\">2024\/1<\/td><td class=\"column-5\">CAPES<\/td>\n<\/tr>\n<tr class=\"row-6\">\n\t<td class=\"column-1\">5<\/td><td class=\"column-2\">Andriele B\u00f6nemann Madruga<\/td><td class=\"column-3\">Dr\u00aa Tha\u00eds Bohn<\/td><td class=\"column-4\">2024\/1<\/td><td class=\"column-5\">CAPES<\/td>\n<\/tr>\n<tr class=\"row-7\">\n\t<td class=\"column-1\">7<\/td><td class=\"column-2\">Christian Domingues Sanchez<\/td><td class=\"column-3\">Dr.\u00aa Vanessa Galli<\/td><td class=\"column-4\">2022\/2<\/td><td class=\"column-5\">CAPES<\/td>\n<\/tr>\n<tr class=\"row-8\">\n\t<td class=\"column-1\">8<\/td><td class=\"column-2\">Cleideanny Cancela Galv\u00e3o<\/td><td class=\"column-3\">Dr. Fabricio Concei\u00e7\u00e3o<\/td><td class=\"column-4\">2022\/1<\/td><td class=\"column-5\">CNPq<\/td>\n<\/tr>\n<tr class=\"row-9\">\n\t<td class=\"column-1\">9<\/td><td class=\"column-2\">Cleomar da Silva<\/td><td class=\"column-3\">Dr. Tiago Collares<\/td><td class=\"column-4\">2024\/1<\/td><td class=\"column-5\">CAPES<\/td>\n<\/tr>\n<tr class=\"row-10\">\n\t<td class=\"column-1\">10<\/td><td class=\"column-2\">Diego Serrasol do Amaral<\/td><td class=\"column-3\">Dr. Claudio Pereira<\/td><td class=\"column-4\">2023\/2<\/td><td class=\"column-5\">CAPES<\/td>\n<\/tr>\n<tr class=\"row-11\">\n\t<td class=\"column-1\">11<\/td><td class=\"column-2\">Eduardo dos Santos Macedo Costa<\/td><td class=\"column-3\">Dr.\u00aa Angelita Moreira<\/td><td class=\"column-4\">2023\/1<\/td><td class=\"column-5\">CAPES<\/td>\n<\/tr>\n<tr class=\"row-12\">\n\t<td class=\"column-1\">12<\/td><td class=\"column-2\">Elias Eduardo Barbosa da Rosa<\/td><td class=\"column-3\">Dr. Frederico Kremer<\/td><td class=\"column-4\">2024\/1<\/td><td class=\"column-5\">CAPES<\/td>\n<\/tr>\n<tr class=\"row-13\">\n\t<td class=\"column-1\">13<\/td><td class=\"column-2\">Ellen Lu\u00edse Vaghetti Hoerlle<\/td><td class=\"column-3\">Dr.\u00aa Angela Moreira<\/td><td class=\"column-4\">2023\/1<\/td><td class=\"column-5\">CAPES<\/td>\n<\/tr>\n<tr class=\"row-14\">\n\t<td class=\"column-1\">14<\/td><td class=\"column-2\">Fabiane Neitzke H\u00f6fs<\/td><td class=\"column-3\">Dr. Frederico Kremer<\/td><td class=\"column-4\">2022\/1<\/td><td class=\"column-5\">CAPES<\/td>\n<\/tr>\n<tr class=\"row-15\">\n\t<td class=\"column-1\">15<\/td><td class=\"column-2\">Fabian Manuel Guerrero Paredes<\/td><td class=\"column-3\">Ph.D. F\u00e1bio Leivas Leite<\/td><td class=\"column-4\">2022\/2<\/td><td class=\"column-5\">CAPES<\/td>\n<\/tr>\n<tr class=\"row-16\">\n\t<td class=\"column-1\">16<\/td><td class=\"column-2\">Gabriela de Quadros da Luz<\/td><td class=\"column-3\">Dr. Frederico Kremer<\/td><td class=\"column-4\">2022\/2<\/td><td class=\"column-5\">CAPES<\/td>\n<\/tr>\n<tr class=\"row-17\">\n\t<td class=\"column-1\">17<\/td><td class=\"column-2\">Giuli Argou Marques<\/td><td class=\"column-3\">Dr. Frederico Kremer<\/td><td class=\"column-4\">2023\/1<\/td><td class=\"column-5\">CAPES<\/td>\n<\/tr>\n<tr class=\"row-18\">\n\t<td class=\"column-1\">18<\/td><td class=\"column-2\">Guilherme Augusto Rosa<\/td><td class=\"column-3\">Dr. Fabricio Concei\u00e7\u00e3o<\/td><td class=\"column-4\">2024\/1<\/td><td class=\"column-5\">CAPES<\/td>\n<\/tr>\n<tr class=\"row-19\">\n\t<td class=\"column-1\">19<\/td><td class=\"column-2\">Guilherme Feij\u00f3 de Sousa<\/td><td class=\"column-3\">Dr. Luciano Pinto<\/td><td class=\"column-4\">2023\/1<\/td><td class=\"column-5\">CAPES<\/td>\n<\/tr>\n<tr class=\"row-20\">\n\t<td class=\"column-1\">20<\/td><td class=\"column-2\">Gustavo Henrique Camozatto<\/td><td class=\"column-3\">Dr.\u00aa Vanessa Galli<\/td><td class=\"column-4\">2024\/1<\/td><td class=\"column-5\">CAPES<\/td>\n<\/tr>\n<tr class=\"row-21\">\n\t<td class=\"column-1\">21<\/td><td class=\"column-2\">\u00cdgor Poletti<\/td><td class=\"column-3\">Ph.D. Cesar Rombaldi<\/td><td class=\"column-4\">2023\/2<\/td><td class=\"column-5\">CAPES<\/td>\n<\/tr>\n<tr class=\"row-22\">\n\t<td class=\"column-1\">22<\/td><td class=\"column-2\">Isabel Ladeira Pereira<\/td><td class=\"column-3\">Dr.\u00aa Daiane Hartwig<\/td><td class=\"column-4\">2022\/2<\/td><td class=\"column-5\">CAPES<\/td>\n<\/tr>\n<tr class=\"row-23\">\n\t<td class=\"column-1\">23<\/td><td class=\"column-2\">Luana Carla Salvi<\/td><td class=\"column-3\">Dr. Vinicius Campos<\/td><td class=\"column-4\">2023\/1<\/td><td class=\"column-5\">CAPES<\/td>\n<\/tr>\n<tr class=\"row-24\">\n\t<td class=\"column-1\">24<\/td><td class=\"column-2\">Lucas Petitemberte de Souza<\/td><td class=\"column-3\">Dr. Vinicius Campos<\/td><td class=\"column-4\">2023\/1<\/td><td class=\"column-5\">CAPES<\/td>\n<\/tr>\n<tr class=\"row-25\">\n\t<td class=\"column-1\">25<\/td><td class=\"column-2\">Luiza Domingues Moron<\/td><td class=\"column-3\">Dr.\u00aa Sibele Borsuk<\/td><td class=\"column-4\">2023\/2<\/td><td class=\"column-5\">CAPES<\/td>\n<\/tr>\n<tr class=\"row-26\">\n\t<td class=\"column-1\">27<\/td><td class=\"column-2\">Manoela Furtado<\/td><td class=\"column-3\">Dr. Marcio Corr\u00eaa<\/td><td class=\"column-4\">2024\/1<\/td><td class=\"column-5\">CAPES<\/td>\n<\/tr>\n<tr class=\"row-27\">\n\t<td class=\"column-1\">28<\/td><td class=\"column-2\">Maria Luiza de Oliveira Zanini<\/td><td class=\"column-3\">Dr.\u00aa Patricia Diaz<\/td><td class=\"column-4\">2023\/2<\/td><td class=\"column-5\">CAPES<\/td>\n<\/tr>\n<tr class=\"row-28\">\n\t<td class=\"column-1\">29<\/td><td class=\"column-2\">Michelle Dias Hornes da Rosa<\/td><td class=\"column-3\">Dr. Claudio Pereira<\/td><td class=\"column-4\">2022\/1<\/td><td class=\"column-5\">CAPES<\/td>\n<\/tr>\n<tr class=\"row-29\">\n\t<td class=\"column-1\">30<\/td><td class=\"column-2\">Milene Lopes dos Santos<\/td><td class=\"column-3\">Dr. Marcio Corr\u00eaa<\/td><td class=\"column-4\">2023\/1<\/td><td class=\"column-5\">CAPES<\/td>\n<\/tr>\n<tr class=\"row-30\">\n\t<td class=\"column-1\">31<\/td><td class=\"column-2\">Nicole Ramos Scholl<\/td><td class=\"column-3\">Dr.\u00aa Sibele Borsuk<\/td><td class=\"column-4\">2023\/2<\/td><td class=\"column-5\">CNPq<\/td>\n<\/tr>\n<tr class=\"row-31\">\n\t<td class=\"column-1\">32<\/td><td class=\"column-2\">Pedro Lopes Reisser<\/td><td class=\"column-3\">Dr.\u00aa Vanessa Galli<\/td><td class=\"column-4\">2022\/2<\/td><td class=\"column-5\">CNPq<\/td>\n<\/tr>\n<tr class=\"row-32\">\n\t<td class=\"column-1\">33<\/td><td class=\"column-2\">Rafaella Sinnott Dias<\/td><td class=\"column-3\">Dr. Frederico Kremer<\/td><td class=\"column-4\">2023\/1<\/td><td class=\"column-5\">CAPES<\/td>\n<\/tr>\n<tr class=\"row-33\">\n\t<td class=\"column-1\">34<\/td><td class=\"column-2\">Renata Wolf Su\u00f1\u00e9 Martins da Silva<\/td><td class=\"column-3\">Dr. Marcio Corr\u00eaa<\/td><td class=\"column-4\">2022\/1<\/td><td class=\"column-5\">V\u00ednculo<\/td>\n<\/tr>\n<tr class=\"row-34\">\n\t<td class=\"column-1\">35<\/td><td class=\"column-2\">Ruti\u00e9le Silveira<\/td><td class=\"column-3\">Dr. Marcio Corr\u00eaa<\/td><td class=\"column-4\">2024\/1<\/td><td class=\"column-5\">CAPES<\/td>\n<\/tr>\n<tr class=\"row-35\">\n\t<td class=\"column-1\">36<\/td><td class=\"column-2\">Suzana Lemke Lanius<\/td><td class=\"column-3\">Dr.\u00aa Fabiana Seixas<\/td><td class=\"column-4\">2023\/2<\/td><td class=\"column-5\">CAPES<\/td>\n<\/tr>\n<tr class=\"row-36\">\n\t<td class=\"column-1\">37<\/td><td class=\"column-2\">Tamara Mendes Leite Silva Trindade<\/td><td class=\"column-3\">Dr. Claudio Pereira<\/td><td class=\"column-4\">2022\/2<\/td><td class=\"column-5\">CAPES<\/td>\n<\/tr>\n<tr class=\"row-37\">\n\t<td class=\"column-1\">38<\/td><td class=\"column-2\">Tiffany Thurow Bunde<\/td><td class=\"column-3\">Ph.D. Odir Dellagostin<\/td><td class=\"column-4\">2023\/1<\/td><td class=\"column-5\">CAPES<\/td>\n<\/tr>\n<tr class=\"row-38\">\n\t<td class=\"column-1\">39<\/td><td class=\"column-2\">Vanessa Ramis de Araujo<\/td><td class=\"column-3\">Ph.D. Cesar Rombaldi<\/td><td class=\"column-4\">2023\/2<\/td><td class=\"column-5\">CAPES<\/td>\n<\/tr>\n<\/tbody>\n<\/table>\n<!-- #tablepress-12 from cache -->\n","protected":false},"excerpt":{"rendered":"<p>Alunos matriculados no Programa de P\u00f3s-Gradua\u00e7\u00e3o em Biotecnologia Matriculados \u2013 Mestrado Matriculados \u2013 Doutorado<\/p>\n","protected":false},"author":735,"featured_media":0,"parent":7116,"menu_order":0,"comment_status":"closed","ping_status":"closed","template":"","meta":{"jetpack_post_was_ever_published":false,"footnotes":""},"class_list":["post-7119","page","type-page","status-publish","hentry"],"jetpack_sharing_enabled":true,"_links":{"self":[{"href":"https:\/\/wp.ufpel.edu.br\/ppgbiotec\/wp-json\/wp\/v2\/pages\/7119","targetHints":{"allow":["GET"]}}],"collection":[{"href":"https:\/\/wp.ufpel.edu.br\/ppgbiotec\/wp-json\/wp\/v2\/pages"}],"about":[{"href":"https:\/\/wp.ufpel.edu.br\/ppgbiotec\/wp-json\/wp\/v2\/types\/page"}],"author":[{"embeddable":true,"href":"https:\/\/wp.ufpel.edu.br\/ppgbiotec\/wp-json\/wp\/v2\/users\/735"}],"replies":[{"embeddable":true,"href":"https:\/\/wp.ufpel.edu.br\/ppgbiotec\/wp-json\/wp\/v2\/comments?post=7119"}],"version-history":[{"count":10,"href":"https:\/\/wp.ufpel.edu.br\/ppgbiotec\/wp-json\/wp\/v2\/pages\/7119\/revisions"}],"predecessor-version":[{"id":10231,"href":"https:\/\/wp.ufpel.edu.br\/ppgbiotec\/wp-json\/wp\/v2\/pages\/7119\/revisions\/10231"}],"up":[{"embeddable":true,"href":"https:\/\/wp.ufpel.edu.br\/ppgbiotec\/wp-json\/wp\/v2\/pages\/7116"}],"wp:attachment":[{"href":"https:\/\/wp.ufpel.edu.br\/ppgbiotec\/wp-json\/wp\/v2\/media?parent=7119"}],"curies":[{"name":"wp","href":"https:\/\/api.w.org\/{rel}","templated":true}]}}