{"id":6520,"date":"2021-08-05T01:23:00","date_gmt":"2021-08-05T04:23:00","guid":{"rendered":"https:\/\/wp.ufpel.edu.br\/ppgbiotec\/?page_id=6520"},"modified":"2021-10-05T16:21:41","modified_gmt":"2021-10-05T19:21:41","slug":"patentes-concedidas-internacional-ano-de-2020","status":"publish","type":"page","link":"https:\/\/wp.ufpel.edu.br\/ppgbiotec\/producao\/tecnologica\/patentes-concedidas-internacional-ano-de-2020\/","title":{"rendered":"Patentes concedidas internacional &#8211; ano de 2020"},"content":{"rendered":"<p style=\"text-align: center\"><span style=\"font-size: 12pt;color: #000000\">Patentes <strong>concedidas<\/strong> no ano de 2020 &#8211; United States Patent and Trademark Office<\/span><\/p>\n<p style=\"text-align: justify\"><span style=\"font-size: 10pt;color: #000000\">VENDRUSCOLO, C. ; MOREIRA, A. da S. ; SILVA, A. F. ; PIVA, E. ; ROSA, W. L. O. . <strong>FILMOGENIC COMPOSITIONS FOR TOPICAL ANAESTHETIC BIOADHESIVES &#8211; TABS, FOR CONTROLLED RELEASE OF ACTIVE PRINCIPLES AND TOPICAL ANAESTHETIC BIOADHESIVES<\/strong>. 2015, Estados Unidos. Patente: Privil\u00e9gio de Inova\u00e7\u00e3o. N\u00famero do registro: 15\/525,481, t\u00edtulo: &#8220;FILMOGENIC COMPOSITIONS FOR TOPICAL ANAESTHETIC BIOADHESIVES &#8211; TABS, FOR CONTROLLED RELEASE OF ACTIVE PRINCIPLES AND TOPICAL ANAESTHETIC BIOADHESIVES&#8221; , Institui\u00e7\u00e3o de registro: United States Patent and Trademark Office. Dep\u00f3sito PCT: 10\/11\/2015; Dep\u00f3sito: 09\/05\/2017; Pedido do Exame: 10\/03\/2018; Concess\u00e3o: 22\/04\/2020.<\/span><\/p>\n<hr \/>\n<p>&nbsp;<\/p>\n","protected":false},"excerpt":{"rendered":"<p>Patentes concedidas no ano de 2020 &#8211; United States Patent and Trademark Office VENDRUSCOLO, C. ; MOREIRA, A. da S. ; SILVA, A. F. ; PIVA, E. ; ROSA, W. L. O. . FILMOGENIC COMPOSITIONS FOR TOPICAL ANAESTHETIC BIOADHESIVES &#8211; TABS, FOR CONTROLLED RELEASE OF ACTIVE PRINCIPLES AND TOPICAL ANAESTHETIC BIOADHESIVES. 2015, Estados Unidos. Patente: [&hellip;]<\/p>\n","protected":false},"author":735,"featured_media":0,"parent":7253,"menu_order":1,"comment_status":"closed","ping_status":"closed","template":"","meta":{"jetpack_post_was_ever_published":false,"footnotes":""},"class_list":["post-6520","page","type-page","status-publish","hentry"],"jetpack_sharing_enabled":true,"_links":{"self":[{"href":"https:\/\/wp.ufpel.edu.br\/ppgbiotec\/wp-json\/wp\/v2\/pages\/6520","targetHints":{"allow":["GET"]}}],"collection":[{"href":"https:\/\/wp.ufpel.edu.br\/ppgbiotec\/wp-json\/wp\/v2\/pages"}],"about":[{"href":"https:\/\/wp.ufpel.edu.br\/ppgbiotec\/wp-json\/wp\/v2\/types\/page"}],"author":[{"embeddable":true,"href":"https:\/\/wp.ufpel.edu.br\/ppgbiotec\/wp-json\/wp\/v2\/users\/735"}],"replies":[{"embeddable":true,"href":"https:\/\/wp.ufpel.edu.br\/ppgbiotec\/wp-json\/wp\/v2\/comments?post=6520"}],"version-history":[{"count":3,"href":"https:\/\/wp.ufpel.edu.br\/ppgbiotec\/wp-json\/wp\/v2\/pages\/6520\/revisions"}],"predecessor-version":[{"id":7242,"href":"https:\/\/wp.ufpel.edu.br\/ppgbiotec\/wp-json\/wp\/v2\/pages\/6520\/revisions\/7242"}],"up":[{"embeddable":true,"href":"https:\/\/wp.ufpel.edu.br\/ppgbiotec\/wp-json\/wp\/v2\/pages\/7253"}],"wp:attachment":[{"href":"https:\/\/wp.ufpel.edu.br\/ppgbiotec\/wp-json\/wp\/v2\/media?parent=6520"}],"curies":[{"name":"wp","href":"https:\/\/api.w.org\/{rel}","templated":true}]}}