{"id":6508,"date":"2021-08-05T00:14:57","date_gmt":"2021-08-05T03:14:57","guid":{"rendered":"https:\/\/wp.ufpel.edu.br\/ppgbiotec\/?page_id=6508"},"modified":"2021-10-05T16:22:18","modified_gmt":"2021-10-05T19:22:18","slug":"patentes-depositadas-ano-de-2019","status":"publish","type":"page","link":"https:\/\/wp.ufpel.edu.br\/ppgbiotec\/producao\/tecnologica\/patentes-depositadas-ano-de-2019\/","title":{"rendered":"Patentes depositadas &#8211; ano de 2019"},"content":{"rendered":"<p style=\"text-align: center\"><span style=\"color: #000000\">Patentes <strong>depositadas<\/strong> no ano de 2019 &#8211; <span style=\"font-size: 12pt\">INPI &#8211; Instituto Nacional da Propriedade Industrial<\/span><\/span><\/p>\n<p style=\"text-align: justify\"><span style=\"font-size: 10pt;color: #000000\">SAVEGNAGO, LUCIELLI; FRONZA, M.G ; BALDINOTTI, R. S. M. ; SOUSA, F.S.S ; GOLDANI, BRUNA ; LENARDAO, E. J. ; PERIN, G. ; JACOB, R.G ; ALVES, Diego . <strong>A MOL\u00c9CULA 1-(7-CLOROQUINOLINA-4-YL)-METOXIBENZIL)-5-METIL-1H-1,2,3-TRIAZOL-4-CARBOXAMIDA COM EFEITO NEUROPROTETOR FRENTE A DOEN\u00c7A DE ALZHEIMER<\/strong>. 2019, Brasil. Patente: Privil\u00e9gio de Inova\u00e7\u00e3o. N\u00famero do registro: BR 10 2019 002313 9, t\u00edtulo: &#8220;A mol\u00e9cula 1-(7-CLOROQUINOLINA-4-YL)-METOXIBENZIL)-5-METIL-1H-1,2,3-TRIAZOL-4-CARBOXAMIDA com efeito neuroprotetor frente a doen\u00e7a de Alzheimer&#8221;, Institui\u00e7\u00e3o de registro: INPI &#8211; Instituto Nacional da Propriedade Industrial. Dep\u00f3sito: 05\/02\/2019.<\/span><\/p>\n<hr \/>\n<p style=\"text-align: justify\"><span style=\"font-size: 10pt;color: #000000\">BALSAN, JAQUELINE ; PACHECO, Bruna Silveira ; MARIOTTI, K. ; ROS, B. N. ; CARAPINA, CAROLINE ; SANTOS, C. M. M. ; COLLARES, T. ; PEREIRA, C. M. P. . <strong>APLICA\u00c7\u00c3O DE 1,3-DIARIL PROPEN-2-ONA E 1,5-DIARIL PENTA- 2,4-DIEN-1-ONA COMO REVELADORES DE IMPRESS\u00d5ES DIGITAIS<\/strong>. 2019, Brasil. Patente: Privil\u00e9gio de Inova\u00e7\u00e3o. N\u00famero do registro: BR 10 2019 00238, t\u00edtulo: &#8220;APLICA\u00c7\u00c3O DE 1,3-DIARIL PROPEN-2-ONA E 1,5-DIARIL PENTA- 2,4-DIEN-1-ONA COMO REVELADORES DE IMPRESS\u00d5ES DIGITAIS&#8221;, Institui\u00e7\u00e3o de registro: INPI &#8211; Instituto Nacional da Propriedade Industrial. Dep\u00f3sito: 06\/02\/2019.<\/span><\/p>\n<hr \/>\n<p style=\"text-align: justify\"><span style=\"font-size: 10pt;color: #000000\">ALVES, D. ; BALDINOTTI, R. S. M. ; FRONZA, MARIANA G. ; LUDTKE D ; SILVA, L. ; SOUSA, F.S.S ; SAVEGNAGO, L. . <strong>COMPOSI\u00c7\u00c3O FARMAC\u00caUTICA NEUROPROTETORA<\/strong>. 2019, Brasil. Patente: Privil\u00e9gio de Inova\u00e7\u00e3o. N\u00famero do registro: BR 10 2019 011658 7, t\u00edtulo: &#8220;Composi\u00e7\u00e3o farmac\u00eautica neuroprotetora&#8221;, Institui\u00e7\u00e3o de registro: INPI &#8211; Instituto Nacional da Propriedade Industrial. Dep\u00f3sito: 04\/06\/2019.<\/span><\/p>\n<hr \/>\n<p style=\"text-align: justify\"><span style=\"font-size: 10pt;color: #000000\">SEIXAS, Fabiana K ; COLLARES, T. ; BORSUK, S. ; BENDER, C. B. ; FURTADO, I. P. ; BORBA, V. M. ; SONEGO, M. S. ; BEZERRA, F. S. B. . <strong>CONSTRU\u00c7\u00c3O E UTILIZA\u00c7\u00c3O DE CEPA DE BCG PASTEUR RECOMBINANTE EXPRESSANDO A PROTE\u00cdNA CP09720 DE CORYNEBACTERIUM PSEUDOTUBERCULOSIS COMO AGENTE TERAP\u00caUTICO E IMUNOTERAP\u00caUTICO PARA C\u00c2NCER DE BEXIGA<\/strong>. 2019, Brasil. Patente: Privil\u00e9gio de Inova\u00e7\u00e3o. N\u00famero do registro: BR 10 2019 022651 0, t\u00edtulo: &#8220;CONSTRU\u00c7\u00c3O E UTILIZA\u00c7\u00c3O DE CEPA DE BCG PASTEUR RECOMBINANTE EXPRESSANDO A PROTE\u00cdNA CP09720 DE CORYNEBACTERIUM PSEUDOTUBERCULOSIS COMO AGENTE TERAP\u00caUTICO E IMUNOTERAP\u00caUTICO PARA C\u00c2NCER DE BEXIGA&#8221;, Institui\u00e7\u00e3o de registro: INPI &#8211; Instituto Nacional da Propriedade Industrial. Dep\u00f3sito: 29\/10\/2019.<\/span><\/p>\n<hr \/>\n<p style=\"text-align: justify\"><span style=\"font-size: 10pt;color: #000000\">URTIAGA, G. ; DOMINGUES, W. B. ; SANTOS, J. T. ; BLODORN, E. B. ; WEEGE, A. ; DELLAGOSTIN, E. N. ; CAMPOS, V. F. . <strong>DISPOSITIVO DE SECAGEM PARA CONDU\u00c7\u00c3O DE AN\u00c1LISES BIOL\u00d3GICAS<\/strong>. 2019, Brasil. Patente: Privil\u00e9gio de Inova\u00e7\u00e3o. N\u00famero do registro: BR 10 2019 013039 3, t\u00edtulo: &#8220;Dispositivo de secagem para condu\u00e7\u00e3o de an\u00e1lises biol\u00f3gicas&#8221;, Institui\u00e7\u00e3o de registro: INPI &#8211; Instituto Nacional da Propriedade Industrial. Dep\u00f3sito: 24\/06\/2019.<\/span><\/p>\n<hr \/>\n<p style=\"text-align: justify\"><span style=\"font-size: 10pt;color: #000000\">NUNES, L. S. ; DOMINGUES, WILLIAM B. ; BLODORN, E. B. ; WEEGE, A. ; DELLAGOSTIN, E. N. ; ORTIZ, H. G. ; CAMPOS, V. F. . <strong>DNA MODIFICADO RECOMBINANTE E SEU USO PARA REGENERA\u00c7\u00c3O TECIDUAL<\/strong>. 2019, Brasil. Patente: Privil\u00e9gio de Inova\u00e7\u00e3o. N\u00famero do registro: BR 10 2019 024658 8, t\u00edtulo: &#8220;DNA modificado recombinante e seu uso para regenera\u00e7\u00e3o tecidual&#8221;, Institui\u00e7\u00e3o de registro: INPI &#8211; Instituto Nacional da Propriedade Industrial. Dep\u00f3sito: 22\/11\/2019.<\/span><\/p>\n<hr \/>\n<p style=\"text-align: justify\"><span style=\"font-size: 10pt;color: #000000\">BLODORN, E. B. ; NUNES, L. S. ; DOMINGUES, W. B. ; WEEGE, A. ; DELLAGOSTIN, E. N. ; GONCALVES, L. S. ; CAMPOS, V. F. . <strong>M\u00c9TODO DE AUMENTO DA TOLER\u00c2NCIA DE PEIXES \u00c0 BAIXAS TEMPERATURAS ATRAV\u00c9S DE MOL\u00c9CULAS MODIFICADAS DE DNA RECOMBINANTE<\/strong>. 2019, Brasil. Patente: Privil\u00e9gio de Inova\u00e7\u00e3o. N\u00famero do registro: BR 10 2019 024672 3, t\u00edtulo: &#8220;M\u00e9todo de aumento da toler\u00e2ncia de peixes \u00e0 baixas temperaturas atrav\u00e9s de mol\u00e9culas modificadas de DNA recombinante&#8221;, Institui\u00e7\u00e3o de registro: INPI &#8211; Instituto Nacional da Propriedade Industrial. Dep\u00f3sito: 22\/11\/2019.<\/span><\/p>\n<hr \/>\n<p style=\"text-align: justify\"><span style=\"font-size: 10pt;color: #000000\">BORSUK, S.; SINOTT, F. ; SILVA, M. T. O. ; FREITAS, M. C. ; PINHO, R. B. . <strong>M\u00c9TODO IMUODIGN\u00d3STICO DA NEOSPOROSE PELA ASSOCIA\u00c7\u00c3O DE PROTEINAS RECOMBINANTES DE NEOSPORA CANINUM<\/strong>. 2019, Brasil. Patente: Privil\u00e9gio de Inova\u00e7\u00e3o. N\u00famero do registro: BR 10 2019 016286 4, t\u00edtulo: &#8220;M\u00e9todo imuodign\u00f3stico da neosporose pela associa\u00e7\u00e3o de proteinas recombinantes de Neospora caninum&#8221; , Institui\u00e7\u00e3o de registro: INPI &#8211; Instituto Nacional da Propriedade Industrial. Dep\u00f3sito: 06\/08\/2019.<\/span><\/p>\n<hr \/>\n<p style=\"text-align: justify\"><span style=\"font-size: 10pt;color: #000000\">SANTI-GADELHA, T. ; SANTI-GADELHA, TATIANE ; CAMPOS, M. I. F. ; PINTO, LUCIANO SILVA ; DA SILVA PINTO, LUCIANO . <strong>PROCESSO DE OBTEN\u00c7\u00c3O DE SORO DE LEITE CAPRINO CONCENTRADO COM PROTE\u00cdNA SOL\u00daVEL E BIOATIVA COM CAPACIDADE DE INIBIR A PROLIFERA\u00c7\u00c3O DE C\u00c9LULAS MALIGNAS<\/strong>. 2019, Brasil. Patente: Privil\u00e9gio de Inova\u00e7\u00e3o. N\u00famero do registro: BR 10 2019 016338 0, t\u00edtulo: &#8220;PROCESSO DE OBTEN\u00c7\u00c3O DE SORO DE LEITE CAPRINO CONCENTRADO COM PROTE\u00cdNA SOL\u00daVEL E BIOATIVA COM CAPACIDADE DE INIBIR A PROLIFERA\u00c7\u00c3O DE C\u00c9LULAS MALIGNAS&#8221;, Institui\u00e7\u00e3o de registro: INPI &#8211; Instituto Nacional da Propriedade Industrial. Dep\u00f3sito: 07\/08\/2019.<\/span><\/p>\n<hr \/>\n<p style=\"text-align: justify\"><span style=\"font-size: 10pt;color: #000000\">HARTWIG, D. D.; GONCALVES, J. M. ; FREITAS, S. B. . <strong>PROTE\u00cdNA QUIM\u00c9RICAS RECOMBINANTES CONTENDO ANT\u00cdGENOS DE Bartonella henselae<\/strong>. 2019, Brasil.Patente: Privil\u00e9gio de Inova\u00e7\u00e3o. N\u00famero do registro: BR 10 2019 027574 0, t\u00edtulo: &#8220;Prote\u00edna quim\u00e9ricas recombinantes contendo ant\u00edgenos de Bartonella henselae&#8221;, Institui\u00e7\u00e3o de registro: INPI &#8211; Instituto Nacional da Propriedade Industrial. Dep\u00f3sito: 20\/12\/2019.<\/span><\/p>\n<hr \/>\n<p style=\"text-align: justify\"><span style=\"font-size: 10pt;color: #000000\">REMI\u00c3O, M. ; SILVEIRA, T. L. R. ; COLLARES, TIAGO ; FEIJO, A. L. ; BORGES, M. ; PASCHOAL, JULIA DAME ; LOPES, I. . <strong>RECIPIENTE T\u00c9RMICO PARA TRANSPORTE DE OV\u00c1RIOS.<\/strong> 2019, Brasil. Patente: Privil\u00e9gio de Inova\u00e7\u00e3o. N\u00famero do registro: BR 10 2019 028010 7, t\u00edtulo: &#8220;Recipiente t\u00e9rmico para transporte de ov\u00e1rios&#8221;, Institui\u00e7\u00e3o de registro: INPI &#8211; Instituto Nacional da Propriedade Industrial. Dep\u00f3sito: 27\/12\/2019.<\/span><\/p>\n<hr \/>\n<p style=\"text-align: justify\"><span style=\"font-size: 10pt;color: #000000\">DOMINGUES, WILLIAM B. ; BLODORN, E. B. ; NUNES, L. S. ; KOMNINOU, E. R. ; ORTIZ, H. G. ; CAMPOS, V. F. . <strong>SEQU\u00caNCIA DE DNA SINT\u00c9TICO RECOMBINANTE PARA PRODU\u00c7\u00c3O DA GLICOG\u00caNIO SINTASE QUINASE 3 ALFA EM ZEBRAFISH.<\/strong> 2019, Brasil. Patente: Privil\u00e9gio de Inova\u00e7\u00e3o. N\u00famero do registro: BR 10 2019 024529 8, t\u00edtulo: &#8220;Sequ\u00eancia de DNA sint\u00e9tico recombinante para produ\u00e7\u00e3o da glicog\u00eanio sintase quinase 3 alfa em zebrafish&#8221;, Institui\u00e7\u00e3o de registro: INPI &#8211; Instituto Nacional da Propriedade Industrial. Dep\u00f3sito: 21\/11\/2019.<\/span><\/p>\n<hr \/>\n<p style=\"text-align: justify\"><span style=\"font-size: 10pt;color: #000000\">MCBRIDE, ALAN J ; DELLAGOSTIN, ODIR A. ; OLIVEIRA, NATASHA R ; GRASSMANN, ANDR\u00c9 A . <strong>SEQU\u00caNCIAS MODIFICADAS DE DNA, PROTE\u00cdNAS CODIFICADAS POR ESTAS SEQU\u00caNCIAS E SEU USO COMO VACINA E DIAGN\u00d3STICO<\/strong>. 2019, Brasil. Patente: Privil\u00e9gio de Inova\u00e7\u00e3o. N\u00famero do registro: BR 10 2019 022933 0, t\u00edtulo: &#8220;SEQU\u00caNCIAS MODIFICADAS DE DNA, PROTE\u00cdNAS CODIFICADAS POR ESTAS SEQU\u00caNCIAS E SEU USO COMO VACINA E DIAGN\u00d3STICO&#8221;, Institui\u00e7\u00e3o de registro: INPI &#8211; Instituto Nacional da Propriedade Industrial. Dep\u00f3sito: 31\/10\/2019.<\/span><\/p>\n<hr \/>\n<p style=\"text-align: justify\"><span style=\"font-size: 10pt;color: #000000\">BORSUK, S.; NEVES, R. N. ; CARAPINA DA SILVA, CAROLINE ; LOPES, A. S. ; ALVES, M. S. D. ; PEREIRA, C. M. P. ; SUAREZ, C. E. C. . <strong>USO DE CHALCONAS SINT\u00c9TICAS COMO AGENTES ANTIPARASIT\u00c1RIOS CONTRA Trichomonas vaginalis<\/strong>. 2019, Brasil. Patente: Privil\u00e9gio de Inova\u00e7\u00e3o. N\u00famero do registro: BR 10 2019 003336 3, t\u00edtulo: &#8220;USO DE CHALCONAS SINT\u00c9TICAS COMO AGENTES ANTIPARASIT\u00c1RIOS CONTRA Trichomonas vaginalis&#8221;, Institui\u00e7\u00e3o de registro: INPI &#8211; Instituto Nacional da Propriedade Industrial. Dep\u00f3sito: 19\/02\/2019.<\/span><\/p>\n<hr \/>\n<p style=\"text-align: justify\"><span style=\"font-size: 10pt;color: #000000\">SEIXAS, F. K. ; COLLARES, T. ; BORSUK, S. ; BENDER, C. B. ; SEGATTO, N. V. ; BEZERRA, F. S. B. ; OLIVEIRA, T. L. . <strong>UTILIZA\u00c7\u00c3O DE CEPAS DE BCG PASTEUR RECOMBINANTES EXPRESSANDO A PROTEINA FOSFOLIPASE D E A PROTEINA CP40 DE CORYNEBACTERIUM PSEUDOTUBERCULOSIS COMO TERAPEUTICO E IMUNITERAPEUTICO PARA MELANOMA<\/strong>. 2019, Brasil. Patente: Privil\u00e9gio de Inova\u00e7\u00e3o. N\u00famero do registro: BR 10 2019 022659 5, t\u00edtulo: &#8220;UTILIZA\u00c7\u00c3O DE CEPAS DE BCG PASTEUR RECOMBINANTES EXPRESSANDO A PROTEINA FOSFOLIPASE D E A PROTEINA CP40 DE CORYNEBACTERIUM PSEUDOTUBERCULOSIS COMO TERAPEUTICO E IMUNITERAPEUTICO PARA MELANOMA&#8221;, Institui\u00e7\u00e3o de registro: INPI &#8211; Instituto Nacional da Propriedade Industrial. Dep\u00f3sito: 29\/10\/2019.<\/span><\/p>\n<hr \/>\n<p>&nbsp;<\/p>\n","protected":false},"excerpt":{"rendered":"<p>Patentes depositadas no ano de 2019 &#8211; INPI &#8211; Instituto Nacional da Propriedade Industrial SAVEGNAGO, LUCIELLI; FRONZA, M.G ; BALDINOTTI, R. S. M. ; SOUSA, F.S.S ; GOLDANI, BRUNA ; LENARDAO, E. J. ; PERIN, G. ; JACOB, R.G ; ALVES, Diego . A MOL\u00c9CULA 1-(7-CLOROQUINOLINA-4-YL)-METOXIBENZIL)-5-METIL-1H-1,2,3-TRIAZOL-4-CARBOXAMIDA COM EFEITO NEUROPROTETOR FRENTE A DOEN\u00c7A DE ALZHEIMER. 2019, [&hellip;]<\/p>\n","protected":false},"author":735,"featured_media":0,"parent":7253,"menu_order":2,"comment_status":"closed","ping_status":"closed","template":"","meta":{"jetpack_post_was_ever_published":false,"footnotes":""},"class_list":["post-6508","page","type-page","status-publish","hentry"],"jetpack_sharing_enabled":true,"_links":{"self":[{"href":"https:\/\/wp.ufpel.edu.br\/ppgbiotec\/wp-json\/wp\/v2\/pages\/6508","targetHints":{"allow":["GET"]}}],"collection":[{"href":"https:\/\/wp.ufpel.edu.br\/ppgbiotec\/wp-json\/wp\/v2\/pages"}],"about":[{"href":"https:\/\/wp.ufpel.edu.br\/ppgbiotec\/wp-json\/wp\/v2\/types\/page"}],"author":[{"embeddable":true,"href":"https:\/\/wp.ufpel.edu.br\/ppgbiotec\/wp-json\/wp\/v2\/users\/735"}],"replies":[{"embeddable":true,"href":"https:\/\/wp.ufpel.edu.br\/ppgbiotec\/wp-json\/wp\/v2\/comments?post=6508"}],"version-history":[{"count":4,"href":"https:\/\/wp.ufpel.edu.br\/ppgbiotec\/wp-json\/wp\/v2\/pages\/6508\/revisions"}],"predecessor-version":[{"id":7233,"href":"https:\/\/wp.ufpel.edu.br\/ppgbiotec\/wp-json\/wp\/v2\/pages\/6508\/revisions\/7233"}],"up":[{"embeddable":true,"href":"https:\/\/wp.ufpel.edu.br\/ppgbiotec\/wp-json\/wp\/v2\/pages\/7253"}],"wp:attachment":[{"href":"https:\/\/wp.ufpel.edu.br\/ppgbiotec\/wp-json\/wp\/v2\/media?parent=6508"}],"curies":[{"name":"wp","href":"https:\/\/api.w.org\/{rel}","templated":true}]}}