{"id":6504,"date":"2021-08-04T23:47:19","date_gmt":"2021-08-05T02:47:19","guid":{"rendered":"https:\/\/wp.ufpel.edu.br\/ppgbiotec\/?page_id=6504"},"modified":"2021-10-05T16:22:10","modified_gmt":"2021-10-05T19:22:10","slug":"patente-depositadas-ano-de-2018","status":"publish","type":"page","link":"https:\/\/wp.ufpel.edu.br\/ppgbiotec\/producao\/tecnologica\/patente-depositadas-ano-de-2018\/","title":{"rendered":"Patentes depositadas &#8211; ano de 2018"},"content":{"rendered":"<p style=\"text-align: center\"><span style=\"color: #000000;font-size: 12pt\">Patentes <strong>depositadas<\/strong> no ano de 2018 &#8211; INPI &#8211; Instituto Nacional da Propriedade Industrial<\/span><\/p>\n<p style=\"text-align: justify\"><span style=\"font-size: 10pt;color: #000000\">SAVEGNAGO, L; SOUSA, F.S.S ; BIRMANN, P. T. ; FRONZA, M.G ; BR\u00dcNING, C\u00c9SAR AUGUSTO ; BALAGUEZ, R. ; ALVES, DIEGO ; LENARDAO, E. J. ; PERIN, G. ; JACOB, R.G . <strong>A MOL\u00c9CULA ALFAFENIL SELENIL ACETOFENONA COM EFEITO ANTIDEPRESSIVO, ATI-HIPERALG\u00c9SICO E ANSIOL\u00cdTICO<\/strong>. 2018, Brasil. Patente: Privil\u00e9gio de Inova\u00e7\u00e3o. N\u00famero do registro: BR 10 2018 075468 8, t\u00edtulo: &#8220;A mol\u00e9cula alfafenil selenil acetofenona com efeito antidepressivo, ati-hiperalg\u00e9sico e ansiol\u00edtico&#8221;, Institui\u00e7\u00e3o de registro: INPI &#8211; Instituto Nacional da Propriedade Industrial. Dep\u00f3sito: 07\/12\/2018.<\/span><\/p>\n<hr \/>\n<p style=\"text-align: justify\"><span style=\"font-size: 10pt;color: #000000\">SILVA, A. C. A. ; BORJA, L. S. ; RITTER, MARINA ; GONCALVES, C. ; CARAPINA, CAROLINE ; JARRA, M. C. ; COLLARES, TIAGO ; NASCENTE, PATR\u00cdCIA S. ; PEREIRA, C.M.P. . <strong>APLICA\u00c7\u00c3O DE AN\u00c1LOGOS DE DIIDROPIRIMIDINONAS COMO AGENTES ANTIBACTERIANOS FRENTE \u00c0 BACT\u00c9RIAS MULTIRRESISTENTES<\/strong>. 2018, Brasil. Patente: Privil\u00e9gio de Inova\u00e7\u00e3o. N\u00famero do registro: BR 10 2018 068863 4, t\u00edtulo: &#8220;APLICA\u00c7\u00c3O DE AN\u00c1LOGOS DE DIIDROPIRIMIDINONAS COMO AGENTES ANTIBACTERIANOS FRENTE \u00c0 BACT\u00c9RIAS MULTIRRESISTENTES&#8221;, Institui\u00e7\u00e3o de registro: INPI &#8211; Instituto Nacional da Propriedade Industrial. Dep\u00f3sito: 17\/09\/2018.<\/span><\/p>\n<hr \/>\n<p style=\"text-align: justify\"><span style=\"font-size: 10pt;color: #000000\">KREMER, FREDERICO SCHMITT; PINTO, L. S. . <strong>CLEAN-ALIGNMENT<\/strong>. 2018. Patente: Programa de Computador. N\u00famero do registro: BR 51 2018051751-0, data de registro: 25\/09\/2018, t\u00edtulo: &#8220;Clean-alignment&#8221; , Institui\u00e7\u00e3o de registro: INPI &#8211; Instituto Nacional da Propriedade Industrial.<\/span><\/p>\n<hr \/>\n<p style=\"text-align: justify\"><span style=\"font-size: 10pt;color: #000000\">SAVEGNAGO, L.; CASARIL, A ; DOMINGUES, M ; LOURENCO, D. A. ; VIEIRA, B. M. ; PADILHA, NATHALIA B. ; LENARDAO, E. J. ; ALVES, DIEGO ; PERIN, G. ; JACOB, R.G . <strong>COMPOSI\u00c7\u00c3O FARMAC\u00caUTICA CONTENDO 2-FENIL-3- (FENILSELENIL)IMIDAZO[1,2-a]PIRIDINA COMO UM ANTIDEPRESSIVO<\/strong>. 2018, Brasil. Patente: Privil\u00e9gio de Inova\u00e7\u00e3o. N\u00famero do registro: BR 10 2018 000526 0, t\u00edtulo: &#8220;COMPOSI\u00c7\u00c3O FARMAC\u00caUTICA CONTENDO 2-FENIL-3- (FENILSELENIL)IMIDAZO[1,2-a]PIRIDINA COMO UM ANTIDEPRESSIVO&#8221; , Institui\u00e7\u00e3o de registro: INPI &#8211; Instituto Nacional da Propriedade Industrial. Dep\u00f3sito: 10\/01\/2018.<\/span><\/p>\n<hr \/>\n<p style=\"text-align: justify\"><span style=\"font-size: 10pt;color: #000000\">SAVEGNAGO, L.; DOMINGUES, M ; CASARIL, A ; BAMPI, S. R. ; LOURENCO, D. A. ; LENARDAO, E. J. ; VIEIRA, B. M. ; PERIN, G. ; JACOB, R.G ; ALVES, DIEGO . <strong>COMPOSI\u00c7\u00c3O FARMAC\u00caUTICA CONTENDO 3-((4- METOXIFENIL)SELENIL)-2-FENILIMIDAZO[1,2-A)PIRIDINA COMO MOL\u00c9CULA ANTIDEPRESSIVA MODULADORA DO SISTEMA NEUROINFLAMAT\u00d3RIO<\/strong>. 2018, Brasil. Patente: Privil\u00e9gio de Inova\u00e7\u00e3o. N\u00famero do registro: BR 10 2018 000456 5, t\u00edtulo: &#8220;COMPOSI\u00c7\u00c3O FARMAC\u00caUTICA CONTENDO 3-((4- METOXIFENIL)SELENIL)-2-FENILIMIDAZO[1,2-A)PIRIDINA COMO MOL\u00c9CULA ANTIDEPRESSIVA MODULADORA DO SISTEMA NEUROINFLAMAT\u00d3RIO&#8221;, Institui\u00e7\u00e3o de registro: INPI &#8211; Instituto Nacional da Propriedade Industrial. Dep\u00f3sito: 09\/01\/2018.<\/span><\/p>\n<hr \/>\n<p style=\"text-align: justify\"><span style=\"font-size: 10pt;color: #000000\">BORSUK, S.; LOPES, A. S. ; NEVES, R. N. ; SAVEGNAGO, L. ; ALVES, D. ; PERIN, G. ; JACOB, R. G. ; LENARDAO, E. J. ; SACRAMENTO, M. ; SILVA, M. T. O. ; BEZERRA, F. S. B. ; PINHO, R. B. ; ALVES, M. S. D. ; FONSECA, B. R. . <strong>FORMULA\u00c7\u00c3O ANTIPARASIT\u00c1RIA A PARTIR DE QUINOLINA1,2,3-TRIAZOIL CARBOXAMIDAS<\/strong>. 2018, Brasil. Patente: Privil\u00e9gio de Inova\u00e7\u00e3o. N\u00famero do registro: BR 10 2018 011963 0, t\u00edtulo: &#8220;FORMULA\u00c7\u00c3O ANTIPARASIT\u00c1RIA A PARTIR DE QUINOLINA1,2,3-TRIAZOIL CARBOXAMIDAS&#8221;, Institui\u00e7\u00e3o de registro: INPI &#8211; Instituto Nacional da Propriedade Industrial. Dep\u00f3sito: 13\/06\/2018.<\/span><\/p>\n<hr \/>\n<p style=\"text-align: justify\"><span style=\"font-size: 10pt;color: #000000\">FINGER, I. S. ; RUBENS ALVES PEREIRA ; CORR\u00caA, M.N. ; NOGUEIRA, C. E. W. ; BILHALVA, A. F. ; SANTOS, J. T. . <strong>FORMULA\u00c7\u00c3O GEL DE LIBERA\u00c7\u00c3O SUSTENTADA DE ESTRADIOL PARA APLICA\u00c7\u00c3O VETERIN\u00c1RIA<\/strong>. 2018, Brasil. Patente: Modelo de Utilidade. N\u00famero do registro: BR 10 2018 009989 2, t\u00edtulo: &#8220;Formula\u00e7\u00e3o gel de libera\u00e7\u00e3o sustentada de estradiol para aplica\u00e7\u00e3o veterin\u00e1ria&#8221;, Institui\u00e7\u00e3o de registro: INPI &#8211; Instituto Nacional da Propriedade Industrial. Dep\u00f3sito: 17\/05\/2018.<\/span><\/p>\n<hr \/>\n<p style=\"text-align: justify\"><span style=\"font-size: 10pt;color: #000000\">AZEVEDO, V. ; BORSUK, S. ; ARNI, R. K. ; MARIUTTI, R. B. ; BARRAL, T. A. D. ; NASCIMENTO, R. J. M. ; PORTELA, RICARDO DIAS ; SOARES, R. P. P. . <strong>M\u00c9TODO E KIT IMUNODIAGN\u00d3STICO DA LINFADENITE CASEOSA EM PEQUENOS RUMINANTES UTILIZANDO AS PROTE\u00cdNAS RECOMBINANTES CP40 e PLD COMO ANT\u00cdGENOS?<\/strong>. 2018, Brasil. Patente: Privil\u00e9gio de Inova\u00e7\u00e3o. N\u00famero do registro: BR 10 2018 011672 0, t\u00edtulo: \u201cM\u00c9TODO E KIT IMUNODIAGN\u00d3STICO DA LINFADENITE CASEOSA EM PEQUENOS RUMINANTES UTILIZANDO AS PROTE\u00cdNAS RECOMBINANTES CP40 e PLD COMO ANT\u00cdGENOS?&#8221;, Institui\u00e7\u00e3o de registro: INPI &#8211; Instituto Nacional da Propriedade Industrial. Dep\u00f3sito: 08\/06\/2018.<\/span><\/p>\n<hr \/>\n<p style=\"text-align: justify\"><span style=\"font-size: 10pt;color: #000000\">MOREIRA, A. DA S.; FIORAVANTE, J. B. ; VENDRUSCOLO, C. T. ; MACAGNAN, K. L. . <strong>MICROC\u00c1PSULAS \u00c0 BASE DE XANTANA PARA PRESERVA\u00c7\u00c3O OU LIBERA\u00c7\u00c3O CONTROLADA DE PROBI\u00d3TICOS E COMPOSI\u00c7\u00c3O PARA MICROC\u00c1PSULAS \u00c0 BASE DE XANTANA<\/strong>. 2018, Brasil. Patente: Privil\u00e9gio de Inova\u00e7\u00e3o. N\u00famero do registro: BR 10 2018 068723 9, t\u00edtulo: &#8220;MICROC\u00c1PSULAS \u00c0 BASE DE XANTANA PARA PRESERVA\u00c7\u00c3O OU LIBERA\u00c7\u00c3O CONTROLADA DE PROBI\u00d3TICOS E COMPOSI\u00c7\u00c3O PARA MICROC\u00c1PSULAS \u00c0 BASE DE XANTANA&#8221;, Institui\u00e7\u00e3o de registro: INPI &#8211; Instituto Nacional da Propriedade Industrial. Dep\u00f3sito: 14\/09\/2018.<\/span><\/p>\n<hr \/>\n<p style=\"text-align: justify\"><span style=\"font-size: 10pt;color: #000000\">BAMPI, S. R. ; CASARIL, A ; DOMINGUES, M ; VIEIRA, B. M. ; PADILHA, N. ; ALVES, DIEGO ; LENARDAO, E. J. ; SAVEGNAGO, L. . <strong>MOL\u00c9CULA 1-METIL-3-(FENILSELENIL)-1H-INDOL ANTIDIABETOG\u00caNICA E ANTIDEPRESSIVA<\/strong>. 2018, Brasil. Patente: Privil\u00e9gio de Inova\u00e7\u00e3o. N\u00famero do registro: BR 10 2018 004537 7, t\u00edtulo: &#8220;MOL\u00c9CULA 1-METIL-3-(FENILSELENIL)-1H-INDOL ANTIDIABETOG\u00caNICA E ANTIDEPRESSIVA&#8221;, Institui\u00e7\u00e3o de registro: INPI &#8211; Instituto Nacional da Propriedade Industrial. Dep\u00f3sito: 07\/03\/2018.<\/span><\/p>\n<hr \/>\n<p style=\"text-align: justify\"><span style=\"font-size: 10pt;color: #000000\">MARCHIORO, SILVANA B. ; BARBOSA, M. ; SIMIONATTO, S. ; GRASSMAM, A. ; BORSUK, S. ; MOTTA, M. L. L. . <strong>POLIPEPT\u00cdDEO RECOMBINANTE DE EPITOPOS DE Mycobacterium leprae<\/strong>. 2018, Brasil. Patente: Privil\u00e9gio de Inova\u00e7\u00e3o. N\u00famero do registro: BR 10 2018 073883 6, t\u00edtulo: &#8220;POLIPEPT\u00cdDEO RECOMBINANTE DE EPITOPOS DE Mycobacterium leprae&#8221;, Institui\u00e7\u00e3o de registro: INPI &#8211; Instituto Nacional da Propriedade Industrial. Dep\u00f3sito: 21\/11\/2018.<\/span><\/p>\n<hr \/>\n<p style=\"text-align: justify\"><span style=\"font-size: 10pt;color: #000000\">AVILA, M. M. ; RUBENS ALVES PEREIRA ; LONDERO, U. S. ; CORR\u00caA, MARCIO NUNES ; DEL PINO, FRANCISCO AUGUSTO B ; EDUARDO SCHMITT ; JOSIANE DE OLIVEIRA FEIJ\u00d3 . <strong>PROCESSO ANAL\u00cdTICO PARA QUANTIFICA\u00c7\u00c3O DE \u00c1CIDO ETILENODIAMINO TETRA- AC\u00c9TICO (EDTA) EM RUMINANTES<\/strong>. 2018, Brasil. Patente: Modelo de Utilidade. N\u00famero do registro: BR 10 2018 009999 0, t\u00edtulo: &#8220;Processo anal\u00edtico para quantifica\u00e7\u00e3o de \u00e1cido etilenodiamino tetra- ac\u00e9tico (EDTA) em ruminantes&#8221;, Institui\u00e7\u00e3o de registro: INPI &#8211; Instituto Nacional da Propriedade Industrial. Dep\u00f3sito: 17\/05\/2018.<\/span><\/p>\n<hr \/>\n<p style=\"text-align: justify\"><span style=\"font-size: 10pt;color: #000000\">DELLAGOSTIN, O. A. ; OLIVEIRA, T. L. ; CUNHA, C. E. P. ; Rizzi, Caroline ; HARTWIG, D. D. . <strong>PROTE\u00cdNAS QUIM\u00c9RICAS COMO ANT\u00cdGENOS VACINAIS CONTRA LEPTOSPIROSE<\/strong>. 2018, Brasil. Patente: Privil\u00e9gio de Inova\u00e7\u00e3o. N\u00famero do registro: BR 10 2018 011433 6, t\u00edtulo: &#8220;Prote\u00ednas quim\u00e9ricas como ant\u00edgenos vacinais contra leptospirose&#8221;, Institui\u00e7\u00e3o de registro: INPI &#8211; Instituto Nacional da Propriedade Industrial. Dep\u00f3sito: 06\/06\/2018.<\/span><\/p>\n<hr \/>\n<p style=\"text-align: justify\"><span style=\"font-size: 10pt;color: #000000\">DOMINGUES, W. B. ; BLODORN, E. B. ; KOMNINOU, E. R. ; CAMPOS, V. F. . <strong>PROTOCOLO DE DIAGN\u00d3STICO DE QUALIDADE ESPERM\u00c1TICA ATRAV\u00c9S DAE QUANTIFICA\u00c7\u00c3O DE MICRORNA<\/strong>. 2018, Brasil. Patente: Privil\u00e9gio de Inova\u00e7\u00e3o. N\u00famero do registro: BR 10 2018 076020 3, t\u00edtulo: &#8220;Protocolo de diagn\u00f3stico de qualidade esperm\u00e1tica atrav\u00e9s da quantifica\u00e7\u00e3o de microRNA&#8221; , Institui\u00e7\u00e3o de registro: INPI &#8211; Instituto Nacional da Propriedade Industrial. Dep\u00f3sito: 13\/12\/2018.<\/span><\/p>\n<hr \/>\n<p style=\"text-align: justify\"><span style=\"font-size: 10pt;color: #000000\">CORR\u00caA, MARCIO N.; LONDERO, U. S. ; RUBENS ALVES PEREIRA ; JOSIANE DE OLIVEIRA FEIJ\u00d3 ; PRIETSCH, R. F. ; RABASSA, V. R. . <strong>BEZEFORT: REPOSITOR ELETROL\u00cdTICO, ENERG\u00c9TICO E MINERAL PARA NEONATOS BOVINOS.<\/strong> 2018, Brasil. Patente: Modelo de Utilidade. N\u00famero do registro: BR 10 2018 012198 7, t\u00edtulo: &#8220;BEZEFORT: REPOSITOR ELETROL\u00cdTICO, ENERG\u00c9TICO E MINERAL PARA NEONATOS BOVINOS&#8221;, Institui\u00e7\u00e3o de registro: INPI &#8211; Instituto Nacional da Propriedade Industrial. Dep\u00f3sito: 15\/06\/2018.<\/span><\/p>\n<hr \/>\n<p style=\"text-align: justify\"><span style=\"font-size: 10pt;color: #000000\">KREMER, F. S. ; GUIMARAES, A. M. ; SANCHEZ, C. D. ; PINTO, L . <strong>TargeTALE<\/strong>. 2018. Patente: Programa de Computador. N\u00famero do registro: BR 512018051653-0, data de registro: 13\/09\/2018, t\u00edtulo: &#8220;TargeTALE&#8221; , Institui\u00e7\u00e3o de registro: INPI &#8211; Instituto Nacional da Propriedade Industrial.<\/span><\/p>\n<hr \/>\n<p style=\"text-align: justify\"><span style=\"font-size: 10pt;color: #000000\">ROSA, B. N. ; PACHECO, BRUNA SILVEIRA ; SILVA, CAROLINE, C. ; PEREIRA, CLAUDIO M.P. ; NICOLODI, C. ; MARIOTTI, K. C. ; POLETTI, T. ; ORTIZ, R. S. ; CARRE\u00d1O, N. L. V. ; PANIZ, O. G. ; QUINA, F. ; PIZZUTI, LUCAS . <strong>TIAZ\u00d3IS REVELADORES DE IMPRESS\u00d5ES DIGITAIS LATENTES<\/strong>. 2018, Brasil. Patente: Privil\u00e9gio de Inova\u00e7\u00e3o. N\u00famero do registro: BR 10 2018 009897 7, t\u00edtulo: &#8220;TIAZ\u00d3IS REVELADORES DE IMPRESS\u00d5ES DIGITAIS LATENTES&#8221;, Institui\u00e7\u00e3o de registro: INPI &#8211; Instituto Nacional da Propriedade Industrial. Dep\u00f3sito: 16\/05\/2018.<\/span><\/p>\n<hr \/>\n<p style=\"text-align: justify\"><span style=\"font-size: 10pt;color: #000000\">ROSA, B. N. ; PACHECO, B. S. ; PEREIRA, C. M. P. ; NICOLODI, C. ; MARIOTTI, K. C. ; CARRENO, N. L. V. ; PIZZUTI, L. ; SILVA, A. C. A. ; SILVA, A. F. ; CAMPOS, V. F. ; GIONGO, J. L. . <strong>TIOCARBAMOIL PIRAZ\u00d3IS REVELADORES DE IMPRESS\u00d5ES DIGITAIS LATENTES<\/strong>. 2018, Brasil. Patente: Privil\u00e9gio de Inova\u00e7\u00e3o. N\u00famero do registro: BR 10 2018 013615 1, t\u00edtulo: &#8220;Tiocarbamoil piraz\u00f3is reveladores de impress\u00f5es digitais latentes&#8221;, Institui\u00e7\u00e3o de registro: INPI &#8211; Instituto Nacional da Propriedade Industrial. Dep\u00f3sito: 03\/07\/2018.<\/span><\/p>\n<hr \/>\n<p>&nbsp;<\/p>\n","protected":false},"excerpt":{"rendered":"<p>Patentes depositadas no ano de 2018 &#8211; INPI &#8211; Instituto Nacional da Propriedade Industrial SAVEGNAGO, L; SOUSA, F.S.S ; BIRMANN, P. T. ; FRONZA, M.G ; BR\u00dcNING, C\u00c9SAR AUGUSTO ; BALAGUEZ, R. ; ALVES, DIEGO ; LENARDAO, E. J. ; PERIN, G. ; JACOB, R.G . A MOL\u00c9CULA ALFAFENIL SELENIL ACETOFENONA COM EFEITO ANTIDEPRESSIVO, ATI-HIPERALG\u00c9SICO [&hellip;]<\/p>\n","protected":false},"author":735,"featured_media":0,"parent":7253,"menu_order":3,"comment_status":"closed","ping_status":"closed","template":"","meta":{"jetpack_post_was_ever_published":false,"footnotes":""},"class_list":["post-6504","page","type-page","status-publish","hentry"],"jetpack_sharing_enabled":true,"_links":{"self":[{"href":"https:\/\/wp.ufpel.edu.br\/ppgbiotec\/wp-json\/wp\/v2\/pages\/6504","targetHints":{"allow":["GET"]}}],"collection":[{"href":"https:\/\/wp.ufpel.edu.br\/ppgbiotec\/wp-json\/wp\/v2\/pages"}],"about":[{"href":"https:\/\/wp.ufpel.edu.br\/ppgbiotec\/wp-json\/wp\/v2\/types\/page"}],"author":[{"embeddable":true,"href":"https:\/\/wp.ufpel.edu.br\/ppgbiotec\/wp-json\/wp\/v2\/users\/735"}],"replies":[{"embeddable":true,"href":"https:\/\/wp.ufpel.edu.br\/ppgbiotec\/wp-json\/wp\/v2\/comments?post=6504"}],"version-history":[{"count":6,"href":"https:\/\/wp.ufpel.edu.br\/ppgbiotec\/wp-json\/wp\/v2\/pages\/6504\/revisions"}],"predecessor-version":[{"id":7226,"href":"https:\/\/wp.ufpel.edu.br\/ppgbiotec\/wp-json\/wp\/v2\/pages\/6504\/revisions\/7226"}],"up":[{"embeddable":true,"href":"https:\/\/wp.ufpel.edu.br\/ppgbiotec\/wp-json\/wp\/v2\/pages\/7253"}],"wp:attachment":[{"href":"https:\/\/wp.ufpel.edu.br\/ppgbiotec\/wp-json\/wp\/v2\/media?parent=6504"}],"curies":[{"name":"wp","href":"https:\/\/api.w.org\/{rel}","templated":true}]}}