{"id":649,"date":"2017-04-18T11:30:46","date_gmt":"2017-04-18T14:30:46","guid":{"rendered":"https:\/\/wp.ufpel.edu.br\/ppgbiotec\/?page_id=649"},"modified":"2026-03-25T13:39:58","modified_gmt":"2026-03-25T16:39:58","slug":"2o-ano","status":"publish","type":"page","link":"https:\/\/wp.ufpel.edu.br\/ppgbiotec\/2o-ano\/","title":{"rendered":"Documentos entregues no 2\u00ba Ano &#8211; Mestrado e Doutorado"},"content":{"rendered":"<p style=\"text-align: justify;\"><span style=\"color: #000000; font-family: georgia, palatino, serif;\">O(A) discente do mestrado ou do doutorado que estiver cursado o 2\u00ba ano, dever\u00e1 enviar a secretaria do Programa de P\u00f3s-gradua\u00e7\u00e3o em Biotecnologia, at\u00e9 a data definida no calend\u00e1rio acad\u00eamico, os seguintes documentos:<\/span><\/p>\n<ul style=\"text-align: justify;\">\n<li><a style=\"color: #000000;\" href=\"https:\/\/wp.ufpel.edu.br\/ppgbiotec\/files\/2019\/07\/Relat\u00f3rio-de-acompanhamento-discente.doc\" target=\"_blank\" rel=\"noopener noreferrer\">Relat\u00f3rio de acompanhamento discente;<\/a><span style=\"color: #000000; font-family: georgia, palatino, serif;\"> \u00a0<\/span><em style=\"color: #000000; font-family: georgia, palatino, serif;\">enviar em .pdf<\/em><\/li>\n<li><a style=\"color: #000000;\" href=\"https:\/\/wp.ufpel.edu.br\/ppgbiotec\/files\/2021\/08\/Parecer-da-Comissao-de-Acompanhamento-Relatorio_remota.doc\" target=\"_blank\" rel=\"noopener\">Parecer da comiss\u00e3o sobre o relat\u00f3rio apresentado<\/a>. <em style=\"color: #000000; font-family: georgia, palatino, serif;\">enviar em .pdf<\/em><\/li>\n<\/ul>\n<p style=\"text-align: justify;\">\n<p>&nbsp;<\/p>\n","protected":false},"excerpt":{"rendered":"<p>O(A) discente do mestrado ou do doutorado que estiver cursado o 2\u00ba ano, dever\u00e1 enviar a secretaria do Programa de P\u00f3s-gradua\u00e7\u00e3o em Biotecnologia, at\u00e9 a data definida no calend\u00e1rio acad\u00eamico, os seguintes documentos: Relat\u00f3rio de acompanhamento discente; \u00a0enviar em .pdf Parecer da comiss\u00e3o sobre o relat\u00f3rio apresentado. enviar em .pdf &nbsp;<\/p>\n","protected":false},"author":735,"featured_media":0,"parent":0,"menu_order":7,"comment_status":"closed","ping_status":"closed","template":"","meta":{"jetpack_post_was_ever_published":false,"footnotes":""},"class_list":["post-649","page","type-page","status-publish","hentry"],"jetpack_sharing_enabled":true,"_links":{"self":[{"href":"https:\/\/wp.ufpel.edu.br\/ppgbiotec\/wp-json\/wp\/v2\/pages\/649","targetHints":{"allow":["GET"]}}],"collection":[{"href":"https:\/\/wp.ufpel.edu.br\/ppgbiotec\/wp-json\/wp\/v2\/pages"}],"about":[{"href":"https:\/\/wp.ufpel.edu.br\/ppgbiotec\/wp-json\/wp\/v2\/types\/page"}],"author":[{"embeddable":true,"href":"https:\/\/wp.ufpel.edu.br\/ppgbiotec\/wp-json\/wp\/v2\/users\/735"}],"replies":[{"embeddable":true,"href":"https:\/\/wp.ufpel.edu.br\/ppgbiotec\/wp-json\/wp\/v2\/comments?post=649"}],"version-history":[{"count":4,"href":"https:\/\/wp.ufpel.edu.br\/ppgbiotec\/wp-json\/wp\/v2\/pages\/649\/revisions"}],"predecessor-version":[{"id":11888,"href":"https:\/\/wp.ufpel.edu.br\/ppgbiotec\/wp-json\/wp\/v2\/pages\/649\/revisions\/11888"}],"wp:attachment":[{"href":"https:\/\/wp.ufpel.edu.br\/ppgbiotec\/wp-json\/wp\/v2\/media?parent=649"}],"curies":[{"name":"wp","href":"https:\/\/api.w.org\/{rel}","templated":true}]}}