{"id":6464,"date":"2021-08-04T17:32:10","date_gmt":"2021-08-04T20:32:10","guid":{"rendered":"https:\/\/wp.ufpel.edu.br\/ppgbiotec\/?page_id=6464"},"modified":"2021-10-05T16:21:32","modified_gmt":"2021-10-05T19:21:32","slug":"patentes-concedidas-ano-de-2017","status":"publish","type":"page","link":"https:\/\/wp.ufpel.edu.br\/ppgbiotec\/producao\/tecnologica\/patentes-concedidas-ano-de-2017\/","title":{"rendered":"Patentes concedidas &#8211; ano de 2017"},"content":{"rendered":"<p style=\"text-align: center\"><span style=\"color: #000000\">Patentes <strong>concedidas<\/strong> no ano de 2017 &#8211; <span style=\"font-size: 12pt\">INPI &#8211; Instituto Nacional da Propriedade Industrial<\/span><\/span><\/p>\n<p style=\"text-align: justify\"><span style=\"color: #000000;font-size: 10pt\">VENDRUSCOLO, C. T.\u00a0; VENDRUSCOLO, J. L. S. ;\u00a0MOREIRA, A. S.\u00a0;\u00a0MOREIRA, ANGELITA S.\u00a0. <strong>MEIO DE CULTURA PARA CRESCIMENTO DE XANTHOMONAS<\/strong>. 2004, Brasil. Patente: Privil\u00e9gio de Inova\u00e7\u00e3o. N\u00famero do registro: BR 12 2014 030015 8, Institui\u00e7\u00e3o de registro: INPI &#8211; Instituto Nacional da Propriedade Industrial. Dep\u00f3sito: 05\/11\/2004; Pedido do Exame: 13\/06\/2006; Concess\u00e3o: 02\/05\/2017. Institui\u00e7\u00e3o(\u00f5es) financiadora(s): CNPq; UFPel.<\/span><\/p>\n<hr \/>\n<p style=\"text-align: justify\"><span style=\"color: #000000;font-size: 10pt\">VENDRUSCOLO, Claire Tondo ; MOREIRA, A. S. ; VENDRUSCOLO, J. L. S. . <strong>PROCESSO DE PRODU\u00c7\u00c3O DE BIOPOL\u00cdMERO TIPO XANTANA, USO DAS BACT\u00c9RIAS XANTHOMONAS ARBORICOLA OU XANTHOMONAS ARBORICOLA PRUNI E USOS DO BIPOL\u00cdMERO OBTIDO<\/strong>. 2004, Brasil. Patente: Privil\u00e9gio de Inova\u00e7\u00e3o. N\u00famero do registro: PI04063090 B1, Institui\u00e7\u00e3o de registro: INPI &#8211; Instituto Nacional da Propriedade Industrial. Dep\u00f3sito: 05\/11\/2004; Pedido do Exame: 13\/06\/2006; Concess\u00e3o: 25\/07\/2017. Institui\u00e7\u00e3o(\u00f5es) financiadora(s): UFPel.<\/span><\/p>\n<p>&nbsp;<\/p>\n<p>&nbsp;<\/p>\n<p>&nbsp;<\/p>\n<p>&nbsp;<\/p>\n","protected":false},"excerpt":{"rendered":"<p>Patentes concedidas no ano de 2017 &#8211; INPI &#8211; Instituto Nacional da Propriedade Industrial VENDRUSCOLO, C. T.\u00a0; VENDRUSCOLO, J. L. S. ;\u00a0MOREIRA, A. S.\u00a0;\u00a0MOREIRA, ANGELITA S.\u00a0. MEIO DE CULTURA PARA CRESCIMENTO DE XANTHOMONAS. 2004, Brasil. Patente: Privil\u00e9gio de Inova\u00e7\u00e3o. N\u00famero do registro: BR 12 2014 030015 8, Institui\u00e7\u00e3o de registro: INPI &#8211; Instituto Nacional da [&hellip;]<\/p>\n","protected":false},"author":735,"featured_media":0,"parent":7253,"menu_order":1,"comment_status":"closed","ping_status":"closed","template":"","meta":{"jetpack_post_was_ever_published":false,"footnotes":""},"class_list":["post-6464","page","type-page","status-publish","hentry"],"jetpack_sharing_enabled":true,"_links":{"self":[{"href":"https:\/\/wp.ufpel.edu.br\/ppgbiotec\/wp-json\/wp\/v2\/pages\/6464","targetHints":{"allow":["GET"]}}],"collection":[{"href":"https:\/\/wp.ufpel.edu.br\/ppgbiotec\/wp-json\/wp\/v2\/pages"}],"about":[{"href":"https:\/\/wp.ufpel.edu.br\/ppgbiotec\/wp-json\/wp\/v2\/types\/page"}],"author":[{"embeddable":true,"href":"https:\/\/wp.ufpel.edu.br\/ppgbiotec\/wp-json\/wp\/v2\/users\/735"}],"replies":[{"embeddable":true,"href":"https:\/\/wp.ufpel.edu.br\/ppgbiotec\/wp-json\/wp\/v2\/comments?post=6464"}],"version-history":[{"count":6,"href":"https:\/\/wp.ufpel.edu.br\/ppgbiotec\/wp-json\/wp\/v2\/pages\/6464\/revisions"}],"predecessor-version":[{"id":7205,"href":"https:\/\/wp.ufpel.edu.br\/ppgbiotec\/wp-json\/wp\/v2\/pages\/6464\/revisions\/7205"}],"up":[{"embeddable":true,"href":"https:\/\/wp.ufpel.edu.br\/ppgbiotec\/wp-json\/wp\/v2\/pages\/7253"}],"wp:attachment":[{"href":"https:\/\/wp.ufpel.edu.br\/ppgbiotec\/wp-json\/wp\/v2\/media?parent=6464"}],"curies":[{"name":"wp","href":"https:\/\/api.w.org\/{rel}","templated":true}]}}