{"id":6459,"date":"2021-08-04T17:25:32","date_gmt":"2021-08-04T20:25:32","guid":{"rendered":"https:\/\/wp.ufpel.edu.br\/ppgbiotec\/?page_id=6459"},"modified":"2021-10-05T16:21:59","modified_gmt":"2021-10-05T19:21:59","slug":"patentes-depositadas-ano-de-2017","status":"publish","type":"page","link":"https:\/\/wp.ufpel.edu.br\/ppgbiotec\/producao\/tecnologica\/patentes-depositadas-ano-de-2017\/","title":{"rendered":"Patentes depositadas &#8211; ano de 2017"},"content":{"rendered":"<p style=\"text-align: center\"><span style=\"color: #000000\">Patentes <strong>depositadas<\/strong> no ano de 2017 &#8211; <span style=\"font-size: 12pt\">INPI &#8211; Instituto Nacional da Propriedade Industrial<\/span><\/span><\/p>\n<p style=\"text-align: justify\"><span style=\"color: #000000;font-size: 10pt\">BORSUK, S.; SILVA, M. T. O.; BEZERRA, F. S. B.; LOPES, A. S.; BEGNINE, K.; REZENDE, A. F. S.; SANTOS, ANDERSON; PORTELA, R. W. D.; NEVES, R. N.; PINHO, R. B.; COLLARES, T.; SEIXAS, F. K.; FERREIRA, C. S.. <strong>ASSOCIA\u00c7\u00c3O DE PROTE\u00cdNAS RECOMBINANTES DE <em>Corynebacterium pseudotuberculosis<\/em> NA COMPOSI\u00c7\u00c3O DE IMUNOENSAIOS E VACINAS PARA A LINFADENITE CASEOSA<\/strong>. 2017, Brasil. Patente: Privil\u00e9gio de Inova\u00e7\u00e3o. N\u00famero do registro: BR 10 2017 009371 9, t\u00edtulo: &#8220;ASSOCIA\u00c7\u00c3O DE PROTE\u00cdNAS RECOMBINANTES DE <em>Corynebacterium pseudotuberculosis<\/em> NA COMPOSI\u00c7\u00c3O DE IMUNOENSAIOS E VACINAS PARA A LINFADENITE CASEOSA&#8221;, Institui\u00e7\u00e3o de registro: INPI &#8211; Instituto Nacional da Propriedade Industrial. Dep\u00f3sito: 03\/05\/2017.<\/span><\/p>\n<hr \/>\n<p style=\"text-align: justify\"><span style=\"color: #000000;font-size: 10pt\">SAVEGNAGO, L.; BIRMANN, P. T. ; Sousa, F.S.S ; OLIVEIRA, D. H. ; Lenard\u00e3o, Eder Jo\u00e3o ; Perin, G ; JACOB, R.G ; ALVES, Diego ; VIEIRA, B. M. . <strong>COMPOSI\u00c7\u00c3O FARMAC\u00caUTICA DA MOL\u00c9CULA 3-(4- CLOROFENILSELENIL)-1-METIL-1H-INDOL PARA USO ANTINOCICEPTIVO E ANTI-INFLAMAT\u00d3RIO<\/strong>. 2017, Brasil. Patente: Privil\u00e9gio de Inova\u00e7\u00e3o. N\u00famero do registro: BR 10 2017 015596 0, t\u00edtulo: &#8220;COMPOSI\u00c7\u00c3O FARMAC\u00caUTICA DA MOL\u00c9CULA 3-(4- CLOROFENILSELENIL)-1-METIL-1H-INDOL PARA USO ANTINOCICEPTIVO E ANTI-INFLAMAT\u00d3RIO&#8221; , Institui\u00e7\u00e3o de registro: INPI &#8211; Instituto Nacional da Propriedade Industrial. Dep\u00f3sito: 20\/07\/2017.<\/span><\/p>\n<hr \/>\n<p style=\"text-align: justify\"><span style=\"color: #000000;font-size: 10pt\">SAVEGNAGO, L; BIRMANN, P. T. ; Sousa, F.S.S ; OLIVEIRA, D. H. ; ALVES, Diego ; JACOB, R.G ; PERIN, G. ; LENARDAO, E. J. . <strong>COMPOSI\u00c7\u00c3O FARMAC\u00caUTICA 4-ARILCALCOGENILPIRAZ\u00d3IS COMO MOL\u00c9CULA ANTINOCICEPTIVA E ANTI-INFLAMAT\u00d3RIA<\/strong>. 2017, Brasil. Patente: Privil\u00e9gio de Inova\u00e7\u00e3o. N\u00famero do registro: BR 10 2017 026819 5, t\u00edtulo: &#8220;COMPOSI\u00c7\u00c3O FARMAC\u00caUTICA 4-ARILCALCOGENILPIRAZ\u00d3IS COMO MOL\u00c9CULA ANTINOCICEPTIVA E ANTI-INFLAMAT\u00d3RIA&#8221;, Institui\u00e7\u00e3o de registro: INPI &#8211; Instituto Nacional da Propriedade Industrial. Dep\u00f3sito: 12\/12\/2017.<\/span><\/p>\n<hr \/>\n<p style=\"text-align: justify\"><span style=\"color: #000000;font-size: 10pt\">JACOB, R.G ; Luchese, C ; Wilhelm, E.A ; SAVEGNAGO, L ; GIACOMINI, R. X. ; OLIVEIRA, D. H. ; ALVES, Diego ; LENARDAO, E. J. ; SCHUMACHER, R. F. ; PERIN, G. . <strong>COMPOSTOS SEMISSINT\u00c9TICOS (R)-N-BUTILCITRONELILAMINA E (R,S)-NBUTILCITRONELILAMINA, DERIVADOS DO CITRONELAL PRESENTE EM \u00d3LEOS ESSENCIAIS, PARA O CONTROLE DA ANTRACNOSE EM VIDEIRAS<\/strong>. 2017, Brasil. Patente: Privil\u00e9gio de Inova\u00e7\u00e3o. N\u00famero do registro: BR 10 2017 026787 3, t\u00edtulo: &#8220;Compostos semissint\u00e9ticos (R)-N-butilcitronelilamina e (R,S)-Nbutilcitronelilamina, derivados do citronelal presente em \u00f3leos essenciais, para o controle da antracnose em videiras&#8221; , Institui\u00e7\u00e3o de registro: INPI &#8211; Instituto Nacional da Propriedade Industrial. Dep\u00f3sito: 12\/12\/2017.<\/span><\/p>\n<hr \/>\n<p style=\"text-align: justify\"><span style=\"color: #000000;font-size: 10pt\">PRIETSCH, R. ; PRIETSCH, R. F. ; PEREIRA, R. A. ; Rubens Alves PEREIRA ; Corr\u00eaa, M.N. ; CORR\u00caA, M.N. . <strong>ESFERAS POLIM\u00c9RICAS INTRAVAGINAIS PARA ADMINISTRA\u00c7\u00c3O SUSTENTADA DE C\u00c1LCIO EM RUMINANTES<\/strong>. 2017, Brasil. Patente: Modelo de Utilidade. N\u00famero do registro: BR 10 2017 015878 0, t\u00edtulo: &#8220;ESFERAS POLIM\u00c9RICAS INTRAVAGINAIS PARA ADMINISTRA\u00c7\u00c3O SUSTENTADA DE C\u00c1LCIO EM RUMINANTES&#8221;, Institui\u00e7\u00e3o de registro: INPI &#8211; Instituto Nacional da Propriedade Industrial. Dep\u00f3sito: 25\/07\/2017.<\/span><\/p>\n<hr \/>\n<p style=\"text-align: justify\"><span style=\"color: #000000;font-size: 10pt\">PACHECO, B. S.; SILVA, C. C.;\u00a0BORSUK, S.; LOPES, A. S.; NEVES, R. N.; COLLARES, T.; SEIXAS, F. K.; PEREIRA, C. M. P.; ROSA, B. N.. <strong>FORMULA\u00c7\u00c3O ANTIPARASIT\u00c1RIA A PARTIR DE DERIVADOS MONOCARBON\u00cdLICOS DE CURCUMINA<\/strong>. 2017, Brasil. Patente: Privil\u00e9gio de Inova\u00e7\u00e3o. N\u00famero do registro: BR 10 2017 011715 4, t\u00edtulo: &#8220;FORMULA\u00c7\u00c3O ANTIPARASIT\u00c1RIA A PARTIR DE DERIVADOS MONOCARBON\u00cdLICOS DE CURCUMINA&#8221;, Institui\u00e7\u00e3o de registro: INPI &#8211; Instituto Nacional da Propriedade Industrial. Dep\u00f3sito: 02\/06\/2017.<\/span><\/p>\n<hr \/>\n<p style=\"text-align: justify\"><span style=\"color: #000000\"><span style=\"font-size: 10pt\">BORSUK, S.; LOPES, A. S.; NEVES, R. N.; SAVEGNAGO, L.; ALVES, D.; PERIN, G.; JACOB, R. G.; LENARDAO, E. J.; NOBRE, P. C.; SILVA, M. T. O.; BEZERRA, F. S. B.; PINHO, R. B.. <strong>FORMULA\u00c7\u00c3O ANTIPARASIT\u00c1RIA A PARTIR DE 1,3- DIOXOLANAS CONTENDO TEL\u00daRIO<\/strong>. 2017, Brasil. <\/span><span style=\"font-size: 10pt\">Patente: Privil\u00e9gio de Inova\u00e7\u00e3o. N\u00famero do registro: BR 10 2017 015887 0, t\u00edtulo: &#8220;FORMULA\u00c7\u00c3O ANTIPARASIT\u00c1RIA A PARTIR DE 1,3- DIOXOLANAS CONTENDO TEL\u00daRIO&#8221;, Institui\u00e7\u00e3o de registro: INPI &#8211; Instituto Nacional da Propriedade Industrial. Dep\u00f3sito: 25\/07\/2017.<\/span><\/span><\/p>\n<hr \/>\n<p style=\"text-align: justify\"><span style=\"color: #000000;font-size: 10pt\">DOMINGUES, W. B. ; SILVEIRA, T. L. R. ; SILVA, L. S. ; BARRETO, B. F. ; BLODORN, E. B. ; WEEGE, A. ; DELLAGOSTIN, E. N. ; CAMPOS, V. F. . <strong>M\u00c9TODO DE EXTRA\u00c7\u00c3O DE RNA TOTAL A PARTIR DE C\u00c9LULAS ESPERM\u00c1TICAS<\/strong>. 2017, Brasil. Patente: Privil\u00e9gio de Inova\u00e7\u00e3o. N\u00famero do registro: BR 10 2017 004475 0, t\u00edtulo: &#8220;M\u00e9todo de extra\u00e7\u00e3o de RNA total a partir de c\u00e9lulas esperm\u00e1ticas&#8221;, Institui\u00e7\u00e3o de registro: INPI &#8211; Instituto Nacional da Propriedade Industrial. Dep\u00f3sito: 07\/03\/2017.<\/span><\/p>\n<hr \/>\n<p style=\"text-align: justify\"><span style=\"color: #000000;font-size: 10pt\">CAMPOS, V. F.; DOMINGUES, W. B. ; BLODORN, E. B. ; WINKEL, K. T. ; FERREIRA, L. B. ; PEREIRA, C. M. P. ; BERNEIRA, L. M. ; THYSSEN, P. J. . <strong>M\u00c9TODO DE EXTRA\u00c7\u00c3O SUBSEQUENTE DE \u00c1CIDOS GRAXOS E DNA GEN\u00d4MICO A PARTIR DE D\u00cdPTEROS<\/strong>. 2017, Brasil. Patente: Privil\u00e9gio de Inova\u00e7\u00e3o. N\u00famero do registro: BR 10 2017 026429 7, t\u00edtulo: &#8220;M\u00e9todo de extra\u00e7\u00e3o subsequente de \u00e1cidos graxos e DNA gen\u00f4mico a partir de d\u00edpteros&#8221;, Institui\u00e7\u00e3o de registro: INPI &#8211; Instituto Nacional da Propriedade Industrial. Dep\u00f3sito: 08\/12\/2017.<\/span><\/p>\n<hr \/>\n<p style=\"text-align: justify\"><span style=\"color: #000000;font-size: 10pt\">MOREIRA, ANGELITA DA S.; KLAIC, P. M. A. ; VENDRUSCOLO, C. T. ; FURLAN, L. ; OLIVEIRA, P. D. .<strong>MODELAGEM DOS PAR\u00c2METROS REOL\u00d3GICOS E T\u00c9RMICOS DA XANTANA PRUNI DESACETILADA POR APLICA\u00c7\u00c3O DAS MODIFICA\u00c7\u00d5ES QU\u00cdMICAS DE RETICULA\u00c7\u00c3O E TROCA I\u00d4NICA EM DIFERENTES COMBINA\u00c7\u00d5ES<\/strong>. 2017, Brasil. Patente: Privil\u00e9gio de Inova\u00e7\u00e3o. N\u00famero do registro: BR 10 2017 017734 3, t\u00edtulo: &#8220;MODELAGEM DOS PAR\u00c2METROS REOL\u00d3GICOS E T\u00c9RMICOS DA XANTANA PRUNI DESACETILADA POR APLICA\u00c7\u00c3O DAS MODIFICA\u00c7\u00d5ES QU\u00cdMICAS DE RETICULA\u00c7\u00c3O E TROCA I\u00d4NICA EM DIFERENTES COMBINA\u00c7\u00d5ES&#8221;, Institui\u00e7\u00e3o de registro: INPI &#8211; Instituto Nacional da Propriedade Industrial. Dep\u00f3sito: 18\/08\/2017.<\/span><\/p>\n<hr \/>\n<p style=\"text-align: justify\"><span style=\"color: #000000;font-size: 10pt\">CONRAD, Neida ; MCBRIDE, Alan J ; MCBRIDE, Flavia Cruz ; DELLAGOSTIN, Odir A. ; GONCALVES, Caroline A. S. ; SILVERIA, Marcelle M. ; ZANINI, L. . <strong>POLIPEPT\u00cdDEO LIGBNID DE LEPTOSPIRA SPP. PARA USO COMO IMUNOBIOL\u00d3GICO<\/strong>. 2017, Brasil. Patente: Privil\u00e9gio de Inova\u00e7\u00e3o. N\u00famero do registro: BR 10 2017 009366 2, t\u00edtulo: &#8220;Polipept\u00eddeo LigBNID de Leptospira spp. para uso como imunobiol\u00f3gico&#8221;, Institui\u00e7\u00e3o de registro: INPI &#8211; Instituto Nacional da Propriedade Industrial. Dep\u00f3sito: 03\/05\/2017.<\/span><\/p>\n<hr \/>\n<p style=\"text-align: justify\"><span style=\"color: #000000;font-size: 10pt\">CONCEI\u00c7\u00c3O FR; FERREIRA, MARCOS R.A. ; CUNHA, C. E. P. ; MOREIRA, GUSTAVO MAR\u00c7AL SCHMIDT GARCIA ; MOREIRA JUNIOR, C. ; SALVARANI, F. M. ; MOREIRA, \u00c2ngela Nunes ; Mendon\u00e7a, Marcelo ; FINGER, P. . <strong>PROCESSO DE PRODU\u00c7\u00c3O SIMPLES DE VACINAS RECOMBINANTES PARA ANIMAIS CONTRA TOXINAS ALFA, BETA E \u00c9PSILON DE Clostridium perfringens E VACINAS OBTIDAS<\/strong>. 2017, Brasil. Patente: Privil\u00e9gio de Inova\u00e7\u00e3o. N\u00famero do registro: BR 10 2017 011560 7, t\u00edtulo: &#8220;PROCESSO DE PRODU\u00c7\u00c3O SIMPLES DE VACINAS RECOMBINANTES PARA ANIMAIS CONTRA TOXINAS ALFA, BETA E \u00c9PSILON DE Clostridium perfringens E VACINAS OBTIDAS&#8221;, Institui\u00e7\u00e3o de registro: INPI &#8211; Instituto Nacional da Propriedade Industrial. Dep\u00f3sito: 31\/05\/2017.<\/span><\/p>\n<hr \/>\n<p style=\"text-align: justify\"><span style=\"color: #000000;font-size: 10pt\">BRITO, I.; ALMEIDA, D. D.; FERREIRA, C. S.; REZENDE, A. F. S.; SILVA, K. K. O. G.;\u00a0BORSUK, S.; DELAGOSTIN, O. A.; LIMA VERDE, I. B.; NASCIMENTO, R.J.M.; RODRIGUEZ, J. A. L.; PADILHA, F. F.; MENDONCA, M. C.; MACEDO, M. L. H.. <strong>PROTE\u00cdNA RECOMBINANTE, KIT DIAGN\u00d3STICO E COMPOSI\u00c7\u00c3O VACINAL DA LINFADENITE CASEOSA<\/strong>. 2017, Brasil. Patente: Privil\u00e9gio de Inova\u00e7\u00e3o. N\u00famero do registro: BR 10 2017 018300 4, t\u00edtulo: &#8220;PROTE\u00cdNA RECOMBINANTE, KIT DIAGN\u00d3STICO E COMPOSI\u00c7\u00c3O VACINAL DA LINFADENITE CASEOSA&#8221;, Institui\u00e7\u00e3o de registro: INPI &#8211; Instituto Nacional da Propriedade Industrial. Dep\u00f3sito: 25\/08\/2017.<\/span><\/p>\n<hr \/>\n<p style=\"text-align: justify\"><span style=\"color: #000000;font-size: 10pt\">COLLARES, Tiago ; REMIAO, M. H. ; SILVEIRA, T. L. R. ; CAMPOS, V. F. . <strong>RECIPIENTE AUXILIAR DE BANCADA PARA ESTOQUE DE NITROG\u00caNIO L\u00cdQUIDO DURANTE O PROCEDIMENTO DE VITRIFICA\u00c7\u00c3O E DESVITRIFICA\u00c7\u00c3O DE O\u00d3CITOS OU EMBRI\u00d5ES<\/strong>. 2017, Brasil. Patente: Privil\u00e9gio de Inova\u00e7\u00e3o. N\u00famero do registro: BR 10 2017 009395 6, t\u00edtulo: &#8220;Recipiente auxiliar de bancada para estoque de nitrog\u00eanio l\u00edquido durante o procedimento de vitrifica\u00e7\u00e3o e desvitrifica\u00e7\u00e3o de o\u00f3citos ou embri\u00f5es&#8221;, Institui\u00e7\u00e3o de registro: INPI &#8211; Instituto Nacional da Propriedade Industrial. Dep\u00f3sito: 04\/05\/2017.<\/span><\/p>\n<hr \/>\n<p style=\"text-align: justify\"><span style=\"color: #000000;font-size: 10pt\">LUCHESE, C. ; WILHELM, E. A. ; Alves, Diego ; PINZ, MIKAELA ; VOSS, GUILHERME T. ; OLIVEIRA, R. L. ; REIS, ANG\u00c9LICA S. ; VOGT, ANE G. ; DA FONSECA, CAREN A. R. ; PALTIAN, J. J. ; RODRIGUES, K. C. ; DUARTE, LUIS FERNANDO B. ; BARTH, A. ; VAUCHER, R. A. . <strong>UTILIZA\u00c7\u00c3O DA 7-CLORO-4-FENILSELENO-QUINOLINA NA PROFILAXIA DA DOEN\u00c7A DE ALZHEIMER.<\/strong> 2017, Brasil. Patente: Privil\u00e9gio de Inova\u00e7\u00e3o. N\u00famero do registro: BR 10 2017 022414 7, t\u00edtulo: &#8220;Utiliza\u00e7\u00e3o da 7-cloro-4-fenilseleno-quinolina na profilaxia da doen\u00e7a de Alzheimer&#8221;, Institui\u00e7\u00e3o de registro: INPI &#8211; Instituto Nacional da Propriedade Industrial. Dep\u00f3sito: 18\/10\/2017.<\/span><\/p>\n<hr \/>\n<p style=\"text-align: justify\"><span style=\"color: #000000;font-size: 10pt\">PACHECO, Bruna Silveira ; SILVA, Caroline, C. ; SANTOS, C. M. M. ; MOURA, N. P. ; SOARES, T. C. L. ; GUERRA, G. T. ; NICOLODI, C. ; ROS, B. N. ; ORTIZ, R. S. ; MARIOTTI, K. C. ; PEREIRA, C.M.P. . <strong>UTILIZA\u00c7\u00c3O DE AN\u00c1LOGOS DE CURCUMINA COMO REVELADORES DE IMPRESS\u00d5ES DIGITAIS LATENTES<\/strong>. 2017, Brasil. Patente: Privil\u00e9gio de Inova\u00e7\u00e3o. N\u00famero do registro: BR 10 2017 027807 7, t\u00edtulo: &#8220;UTILIZA\u00c7\u00c3O DE AN\u00c1LOGOS DE CURCUMINA COMO REVELADORES DE IMPRESS\u00d5ES DIGITAIS LATENTES&#8221;, Institui\u00e7\u00e3o de registro: INPI &#8211; Instituto Nacional da Propriedade Industrial. Dep\u00f3sito: 21\/12\/2017.<\/span><\/p>\n<hr \/>\n<p style=\"text-align: justify\"><span style=\"color: #000000;font-size: 10pt\">WOLOSKI, R. D. S. ; PINTO, L. S. . Vina2Network. 2017. Patente: Programa de Computador. N\u00famero do registro: BR 512017001125-7, data de registro: 24\/08\/2017, t\u00edtulo: &#8220;<strong>Vina2Network<\/strong>&#8220;, Institui\u00e7\u00e3o de registro: INPI &#8211; Instituto Nacional da Propriedade Industrial.<\/span><\/p>\n<hr \/>\n<p style=\"text-align: justify\">\n","protected":false},"excerpt":{"rendered":"<p>Patentes depositadas no ano de 2017 &#8211; INPI &#8211; Instituto Nacional da Propriedade Industrial BORSUK, S.; SILVA, M. T. O.; BEZERRA, F. S. B.; LOPES, A. S.; BEGNINE, K.; REZENDE, A. F. S.; SANTOS, ANDERSON; PORTELA, R. W. D.; NEVES, R. N.; PINHO, R. B.; COLLARES, T.; SEIXAS, F. K.; FERREIRA, C. S.. ASSOCIA\u00c7\u00c3O DE [&hellip;]<\/p>\n","protected":false},"author":735,"featured_media":0,"parent":7253,"menu_order":4,"comment_status":"closed","ping_status":"closed","template":"","meta":{"jetpack_post_was_ever_published":false,"footnotes":""},"class_list":["post-6459","page","type-page","status-publish","hentry"],"jetpack_sharing_enabled":true,"_links":{"self":[{"href":"https:\/\/wp.ufpel.edu.br\/ppgbiotec\/wp-json\/wp\/v2\/pages\/6459","targetHints":{"allow":["GET"]}}],"collection":[{"href":"https:\/\/wp.ufpel.edu.br\/ppgbiotec\/wp-json\/wp\/v2\/pages"}],"about":[{"href":"https:\/\/wp.ufpel.edu.br\/ppgbiotec\/wp-json\/wp\/v2\/types\/page"}],"author":[{"embeddable":true,"href":"https:\/\/wp.ufpel.edu.br\/ppgbiotec\/wp-json\/wp\/v2\/users\/735"}],"replies":[{"embeddable":true,"href":"https:\/\/wp.ufpel.edu.br\/ppgbiotec\/wp-json\/wp\/v2\/comments?post=6459"}],"version-history":[{"count":7,"href":"https:\/\/wp.ufpel.edu.br\/ppgbiotec\/wp-json\/wp\/v2\/pages\/6459\/revisions"}],"predecessor-version":[{"id":7268,"href":"https:\/\/wp.ufpel.edu.br\/ppgbiotec\/wp-json\/wp\/v2\/pages\/6459\/revisions\/7268"}],"up":[{"embeddable":true,"href":"https:\/\/wp.ufpel.edu.br\/ppgbiotec\/wp-json\/wp\/v2\/pages\/7253"}],"wp:attachment":[{"href":"https:\/\/wp.ufpel.edu.br\/ppgbiotec\/wp-json\/wp\/v2\/media?parent=6459"}],"curies":[{"name":"wp","href":"https:\/\/api.w.org\/{rel}","templated":true}]}}