{"id":643,"date":"2017-04-18T11:29:17","date_gmt":"2017-04-18T14:29:17","guid":{"rendered":"https:\/\/wp.ufpel.edu.br\/ppgbiotec\/?page_id=643"},"modified":"2026-03-25T13:53:38","modified_gmt":"2026-03-25T16:53:38","slug":"1o-ano","status":"publish","type":"page","link":"https:\/\/wp.ufpel.edu.br\/ppgbiotec\/1o-ano\/","title":{"rendered":"Documentos entregues no 1\u00ba ano &#8211; Mestrado e Doutorado"},"content":{"rendered":"<p style=\"text-align: justify;\"><span style=\"color: #000000; font-family: georgia, palatino, serif; font-size: 12pt;\">O(A) estudante do mestrado ou do doutorado que estiver cursando o 1\u00ba ano, dever\u00e1 enviar a secretaria do Programa de P\u00f3s-gradua\u00e7\u00e3o em Biotecnologia, at\u00e9 a data limite definida no calend\u00e1rio acad\u00eamico do Programa, os seguintes documentos:<\/span><\/p>\n<ul style=\"text-align: justify;\">\n<li><span style=\"color: #000000; font-family: georgia, palatino, serif; font-size: 12pt;\"><a style=\"color: #000000;\" href=\"https:\/\/wp.ufpel.edu.br\/ppgbiotec\/files\/2021\/04\/Indicacao-da-Comissao-de-Acompanhamento-e-Plano-de-Estudos-adaptado.docx\"> Formul\u00e1rio de Indica\u00e7\u00e3o da Comiss\u00e3o de Acompanhamento e Plano de Estudos<\/a> &#8211;\u00a0<em>enviar em .pdf<\/em> &#8211;<strong> A Comiss\u00e3o de Acompanhamento<\/strong> dever\u00e1 ser composta por no m\u00ednimo dois pesquisadores. <strong>O\u00a0<\/strong><\/span><span style=\"color: #000000; font-family: georgia, palatino, serif; font-size: 12pt;\"><strong>Plano de estudos<\/strong> dever\u00e1 ser discutido e elaborado juntamente com o(a) orientador(a), devendo constar a discrimina\u00e7\u00e3o m\u00ednima dos cr\u00e9ditos obrigat\u00f3rios e optativos a serem cumpridos pelo(a) estudante;<\/span><\/li>\n<li><span style=\"color: #000000; font-family: georgia, palatino, serif; font-size: 12pt;\"><a style=\"color: #000000;\" href=\"https:\/\/wp.ufpel.edu.br\/ppgbiotec\/files\/2019\/07\/Indica\u00e7\u00e3o-das-disciplinas-obrigat\u00f3rias.doc\" target=\"_blank\" rel=\"noopener noreferrer\">Formul\u00e1rio de Indica\u00e7\u00e3o das Disciplinas Obrigat\u00f3rias<\/a> &#8211;\u00a0<em>enviar em .pdf<\/em><\/span><\/li>\n<li><span style=\"color: #000000; font-family: georgia, palatino, serif; font-size: 12pt;\"><a style=\"color: #000000;\" href=\"https:\/\/wp.ufpel.edu.br\/ppgbiotec\/files\/2019\/07\/Projeto-de-acompanhamento-discente.doc\" target=\"_blank\" rel=\"noopener noreferrer\">Projeto de acompanhamento discente mestrado ou doutorado<\/a> &#8211;\u00a0<em>enviar em .pdf<\/em><\/span><\/li>\n<li><span style=\"color: #000000; font-family: georgia, palatino, serif; font-size: 12pt;\"><a style=\"color: #000000;\" href=\"https:\/\/wp.ufpel.edu.br\/ppgbiotec\/files\/2021\/08\/Parecer-da-Comissao-de-Acompanhamento-Projeto_modelo-adaptado.doc\">Parecer da Comiss\u00e3o de Acompanhamento sobre o projeto apresentado<\/a> &#8211;\u00a0<em>enviar em .pdf &#8211; <\/em><strong>N\u00e3o preencher o item &#8220;Parecer do relator&#8221;<\/strong><\/span><\/li>\n<\/ul>\n<p>&nbsp;<\/p>\n","protected":false},"excerpt":{"rendered":"<p>O(A) estudante do mestrado ou do doutorado que estiver cursando o 1\u00ba ano, dever\u00e1 enviar a secretaria do Programa de P\u00f3s-gradua\u00e7\u00e3o em Biotecnologia, at\u00e9 a data limite definida no calend\u00e1rio acad\u00eamico do Programa, os seguintes documentos: Formul\u00e1rio de Indica\u00e7\u00e3o da Comiss\u00e3o de Acompanhamento e Plano de Estudos &#8211;\u00a0enviar em .pdf &#8211; A Comiss\u00e3o de Acompanhamento [&hellip;]<\/p>\n","protected":false},"author":735,"featured_media":0,"parent":0,"menu_order":6,"comment_status":"closed","ping_status":"closed","template":"","meta":{"jetpack_post_was_ever_published":false,"footnotes":""},"class_list":["post-643","page","type-page","status-publish","hentry"],"jetpack_sharing_enabled":true,"_links":{"self":[{"href":"https:\/\/wp.ufpel.edu.br\/ppgbiotec\/wp-json\/wp\/v2\/pages\/643","targetHints":{"allow":["GET"]}}],"collection":[{"href":"https:\/\/wp.ufpel.edu.br\/ppgbiotec\/wp-json\/wp\/v2\/pages"}],"about":[{"href":"https:\/\/wp.ufpel.edu.br\/ppgbiotec\/wp-json\/wp\/v2\/types\/page"}],"author":[{"embeddable":true,"href":"https:\/\/wp.ufpel.edu.br\/ppgbiotec\/wp-json\/wp\/v2\/users\/735"}],"replies":[{"embeddable":true,"href":"https:\/\/wp.ufpel.edu.br\/ppgbiotec\/wp-json\/wp\/v2\/comments?post=643"}],"version-history":[{"count":4,"href":"https:\/\/wp.ufpel.edu.br\/ppgbiotec\/wp-json\/wp\/v2\/pages\/643\/revisions"}],"predecessor-version":[{"id":11892,"href":"https:\/\/wp.ufpel.edu.br\/ppgbiotec\/wp-json\/wp\/v2\/pages\/643\/revisions\/11892"}],"wp:attachment":[{"href":"https:\/\/wp.ufpel.edu.br\/ppgbiotec\/wp-json\/wp\/v2\/media?parent=643"}],"curies":[{"name":"wp","href":"https:\/\/api.w.org\/{rel}","templated":true}]}}