{"id":638,"date":"2017-04-18T10:58:49","date_gmt":"2017-04-18T13:58:49","guid":{"rendered":"https:\/\/wp.ufpel.edu.br\/ppgbiotec\/?page_id=638"},"modified":"2019-07-25T15:17:42","modified_gmt":"2019-07-25T18:17:42","slug":"aluno-especial","status":"publish","type":"page","link":"https:\/\/wp.ufpel.edu.br\/ppgbiotec\/aluno-especial\/","title":{"rendered":"Inscri\u00e7\u00e3o aluno especial"},"content":{"rendered":"<p><span style=\"color: #000000\">Ser\u00e1 admitido como aluno(a) especial aquele que possuir titula\u00e7\u00e3o de n\u00edvel superior, desde que tenham vagas nas disciplinas ofertadas.<\/span><\/p>\n<p><span style=\"color: #000000\">Estes alunos estar\u00e3o sujeitos \u00e0s mesmas normas dos alunos regulares.<\/span><\/p>\n<p><span style=\"color: #000000\"><a style=\"color: #000000\" href=\"https:\/\/wp.ufpel.edu.br\/ppgbiotec\/files\/2017\/04\/Formul\u00e1rio-de-inscri\u00e7\u00e3o-aluno-especial.doc\">Formul\u00e1rio &#8211; Inscri\u00e7\u00e3o aluno especial<\/a><\/span><\/p>\n<p>&nbsp;<\/p>\n","protected":false},"excerpt":{"rendered":"<p>Ser\u00e1 admitido como aluno(a) especial aquele que possuir titula\u00e7\u00e3o de n\u00edvel superior, desde que tenham vagas nas disciplinas ofertadas. Estes alunos estar\u00e3o sujeitos \u00e0s mesmas normas dos alunos regulares. Formul\u00e1rio &#8211; Inscri\u00e7\u00e3o aluno especial &nbsp;<\/p>\n","protected":false},"author":735,"featured_media":0,"parent":0,"menu_order":2,"comment_status":"closed","ping_status":"closed","template":"","meta":{"jetpack_post_was_ever_published":false,"footnotes":""},"class_list":["post-638","page","type-page","status-publish","hentry"],"jetpack_sharing_enabled":true,"_links":{"self":[{"href":"https:\/\/wp.ufpel.edu.br\/ppgbiotec\/wp-json\/wp\/v2\/pages\/638","targetHints":{"allow":["GET"]}}],"collection":[{"href":"https:\/\/wp.ufpel.edu.br\/ppgbiotec\/wp-json\/wp\/v2\/pages"}],"about":[{"href":"https:\/\/wp.ufpel.edu.br\/ppgbiotec\/wp-json\/wp\/v2\/types\/page"}],"author":[{"embeddable":true,"href":"https:\/\/wp.ufpel.edu.br\/ppgbiotec\/wp-json\/wp\/v2\/users\/735"}],"replies":[{"embeddable":true,"href":"https:\/\/wp.ufpel.edu.br\/ppgbiotec\/wp-json\/wp\/v2\/comments?post=638"}],"version-history":[{"count":14,"href":"https:\/\/wp.ufpel.edu.br\/ppgbiotec\/wp-json\/wp\/v2\/pages\/638\/revisions"}],"predecessor-version":[{"id":1108,"href":"https:\/\/wp.ufpel.edu.br\/ppgbiotec\/wp-json\/wp\/v2\/pages\/638\/revisions\/1108"}],"wp:attachment":[{"href":"https:\/\/wp.ufpel.edu.br\/ppgbiotec\/wp-json\/wp\/v2\/media?parent=638"}],"curies":[{"name":"wp","href":"https:\/\/api.w.org\/{rel}","templated":true}]}}