{"id":632,"date":"2017-04-18T10:34:55","date_gmt":"2017-04-18T13:34:55","guid":{"rendered":"https:\/\/wp.ufpel.edu.br\/ppgbiotec\/?page_id=632"},"modified":"2023-05-29T11:43:57","modified_gmt":"2023-05-29T14:43:57","slug":"proficiencia-em-lingua-estrangeira","status":"publish","type":"page","link":"https:\/\/wp.ufpel.edu.br\/ppgbiotec\/proficiencia-em-lingua-estrangeira\/","title":{"rendered":"Profici\u00eancia em l\u00edngua estrangeira"},"content":{"rendered":"<p style=\"text-align: justify;\"><span style=\"color: #000000;\">Ser\u00e1 exigido dos alunos, em n\u00edvel de mestrado e doutorado, profici\u00eancia em l\u00edngua inglesa, a qual dever\u00e1 obrigatoriamente ser apresentada at\u00e9 o final do primeiro ano.<\/span><br \/>\n<span style=\"color: #000000;\"> &#8211; O exame de profici\u00eancia (compet\u00eancia) dever\u00e1 ser realizado por entidade reconhecida pelo Colegiado do Programa, com prazo de validade de 4 (quatro) anos.<\/span><br \/>\n<span style=\"color: #000000;\"> &#8211; Alunos de mestrado que comprovem ter realizado sua gradua\u00e7\u00e3o no exterior em l\u00edngua inglesa e doutorandos que comprovem ter realizado seu mestrado no exterior com produ\u00e7\u00e3o cient\u00edfica em l\u00edngua inglesa, ficam dispensados de exame de profici\u00eancia.<\/span><\/p>\n<p style=\"text-align: justify;\"><span style=\"color: #000000;\">Conforme reuni\u00e3o de colegiado realizada em 18 de setembro de 2015 o TOEFL tamb\u00e9m ser\u00e1 aceito como comprovante de profici\u00eancia em l\u00edngua inglesa, a <span class=\"il\">pontua\u00e7\u00e3o<\/span> aceita \u00e9 de:<\/span><\/p>\n<ul style=\"text-align: justify;\">\n<li><span style=\"color: #000000;\"><span class=\"il\">TOEFL <\/span>ITP -310 pontos<\/span><\/li>\n<li><span style=\"color: #000000;\"><span class=\"il\">TOEFL<\/span> IBT &#8211;\u00a060 pontos<\/span><\/li>\n<\/ul>\n<p style=\"text-align: justify;\"><span style=\"color: #000000;\">Conforme reuni\u00e3o de colegiado realizada em 08\u00a0de maio\u00a0de 2017\u00a0o IELTS tamb\u00e9m ser\u00e1 aceito como comprovante de profici\u00eancia em l\u00edngua inglesa, a <span class=\"il\">pontua\u00e7\u00e3o<\/span> aceita \u00e9 de:<\/span><\/p>\n<ul style=\"text-align: justify;\">\n<li><span style=\"color: #000000;\">BANDA acima de 5 (cinco).<\/span><\/li>\n<\/ul>\n<p style=\"text-align: justify;\"><span style=\"color: #000000;\">Conforme reuni\u00e3o de colegiado realizada em 29 de junho de 2021, prazo de validade dos testes de profici\u00eancia (TCLLE), TOEFL ITP, TOEFL IBT, IELTS &#8211; 4 (quatro) anos.<\/span><\/p>\n<p style=\"text-align: justify;\"><span style=\"color: #000000;\">Profici\u00eancia em l\u00edngua inglesa (TCLLE) realizada na UFPel, UCPel, IFSul, FURG e outras IES reconhecidas pelo Programa,\u00a0 nota aceita igual ou superior\u00a0a\u00a07,0\u00a0(\u200bsete).<\/span><\/p>\n<ul>\n<li><span style=\"color: #000000;\"><span class=\"il\">TOEFL <\/span>ITP -310 pontos<\/span><\/li>\n<li><span style=\"color: #000000;\"><span class=\"il\">TOEFL<\/span> IBT &#8211;\u00a060 pontos<\/span><\/li>\n<li><span style=\"color: #000000;\">IELTS &#8211; BANDA acima de 5 (cinco).<\/span><\/li>\n<\/ul>\n<p>&nbsp;<\/p>\n<p>&nbsp;<\/p>\n","protected":false},"excerpt":{"rendered":"<p>Ser\u00e1 exigido dos alunos, em n\u00edvel de mestrado e doutorado, profici\u00eancia em l\u00edngua inglesa, a qual dever\u00e1 obrigatoriamente ser apresentada at\u00e9 o final do primeiro ano. &#8211; O exame de profici\u00eancia (compet\u00eancia) dever\u00e1 ser realizado por entidade reconhecida pelo Colegiado do Programa, com prazo de validade de 4 (quatro) anos. &#8211; Alunos de mestrado que [&hellip;]<\/p>\n","protected":false},"author":735,"featured_media":0,"parent":0,"menu_order":4,"comment_status":"closed","ping_status":"closed","template":"","meta":{"jetpack_post_was_ever_published":false,"footnotes":""},"class_list":["post-632","page","type-page","status-publish","hentry"],"jetpack_sharing_enabled":true,"_links":{"self":[{"href":"https:\/\/wp.ufpel.edu.br\/ppgbiotec\/wp-json\/wp\/v2\/pages\/632","targetHints":{"allow":["GET"]}}],"collection":[{"href":"https:\/\/wp.ufpel.edu.br\/ppgbiotec\/wp-json\/wp\/v2\/pages"}],"about":[{"href":"https:\/\/wp.ufpel.edu.br\/ppgbiotec\/wp-json\/wp\/v2\/types\/page"}],"author":[{"embeddable":true,"href":"https:\/\/wp.ufpel.edu.br\/ppgbiotec\/wp-json\/wp\/v2\/users\/735"}],"replies":[{"embeddable":true,"href":"https:\/\/wp.ufpel.edu.br\/ppgbiotec\/wp-json\/wp\/v2\/comments?post=632"}],"version-history":[{"count":13,"href":"https:\/\/wp.ufpel.edu.br\/ppgbiotec\/wp-json\/wp\/v2\/pages\/632\/revisions"}],"predecessor-version":[{"id":8900,"href":"https:\/\/wp.ufpel.edu.br\/ppgbiotec\/wp-json\/wp\/v2\/pages\/632\/revisions\/8900"}],"wp:attachment":[{"href":"https:\/\/wp.ufpel.edu.br\/ppgbiotec\/wp-json\/wp\/v2\/media?parent=632"}],"curies":[{"name":"wp","href":"https:\/\/api.w.org\/{rel}","templated":true}]}}