{"id":628,"date":"2017-04-18T10:27:27","date_gmt":"2017-04-18T13:27:27","guid":{"rendered":"https:\/\/wp.ufpel.edu.br\/ppgbiotec\/?page_id=628"},"modified":"2026-03-25T13:53:00","modified_gmt":"2026-03-25T16:53:00","slug":"docencia-orientada","status":"publish","type":"page","link":"https:\/\/wp.ufpel.edu.br\/ppgbiotec\/docencia-orientada\/","title":{"rendered":"Doc\u00eancia Orientada"},"content":{"rendered":"<ul>\n<li style=\"text-align: justify;\"><span style=\"color: #000000; font-family: georgia, palatino, serif;\">Alunos do mestrado bolsista e n\u00e3o bolsista, a disciplina de Doc\u00eancia orientada I n\u00e3o \u00e9 obrigat\u00f3ria, ficando a decis\u00e3o a crit\u00e9rio do(a) discente e orientador(a).<\/span><\/li>\n<li style=\"text-align: justify;\"><span style=\"color: #000000; font-family: georgia, palatino, serif;\">Alunos do doutorado n\u00e3o bolsista, as disciplinas de Doc\u00eancia orientada I e Doc\u00eancia orientada II n\u00e3o s\u00e3o obrigat\u00f3rias, ficando a decis\u00e3o a crit\u00e9rio do(a) discente e orientador(a).<\/span><\/li>\n<li style=\"text-align: justify;\"><span style=\"color: #000000; font-family: georgia, palatino, serif;\">Alunos do doutorado bolsista, as disciplinas de Doc\u00eancia orientada I (1 semestre) e Doc\u00eancia orientada II (1 semestre) s\u00e3o obrigat\u00f3rias.<\/span><\/li>\n<\/ul>\n<p style=\"text-align: justify;\"><span style=\"color: #000000; font-family: georgia, palatino, serif; font-size: 12pt;\">A validade \u00e9 de 01 cr\u00e9dito complementar por semestre e o(a) aluno(a) dever\u00e1 estar envolvido(a) com atividades de doc\u00eancia durante 17 h no semestre.<\/span><\/p>\n<ul style=\"text-align: justify;\">\n<li><span style=\"font-family: georgia, palatino, serif; color: #0000ff;\">Para matr\u00edculas solicitadas e doc\u00eancia realizadas at\u00e9 2024\/2<span style=\"color: #000000;\">, dever\u00e1 ser enviado a secretaria do PPGBiotec, o formul\u00e1rio de avalia\u00e7\u00e3o a seguir: <strong><span style=\"color: #000000; font-family: georgia, palatino, serif; font-size: 12pt;\"><a style=\"color: #000000;\" href=\"https:\/\/wp.ufpel.edu.br\/ppgbiotec\/files\/2017\/04\/Avalia\u00e7\u00e3o-do-est\u00e1gio-em-doc\u00eancia-orientada.doc\">Formul\u00e1rio de avalia\u00e7\u00e3o<\/a><\/span><\/strong>, devidamente preenchido e assinado pelo(a) orientador(a) e pelo(a) docente respons\u00e1vel pela disciplina, para fins de registro do conceito obtido e conclus\u00e3o da disciplina.<\/span><\/span><\/li>\n<\/ul>\n<p style=\"text-align: justify;\">\n<ul style=\"text-align: justify;\">\n<li><span style=\"font-family: georgia, palatino, serif; color: #0000ff;\">Para efetiva\u00e7\u00e3o da solicita\u00e7\u00e3o de matr\u00edcula em doc\u00eancia orientada, realizadas a partir de 2025\/1<span style=\"color: #000000;\">, dever\u00e1 ser enviado a secretaria, at\u00e9 a data limite definida no calend\u00e1rio acad\u00eamico do PPGBiotec, os seguintes documentos:<\/span><\/span><\/li>\n<\/ul>\n<ol>\n<li><span style=\"color: #000000; font-family: georgia, palatino, serif;\"><a class=\"mtli_attachment mtli_docx\" style=\"color: #000000;\" href=\"https:\/\/wp.ufpel.edu.br\/ppgbiotec\/files\/2025\/02\/plano-de-estagio_docencia-orientada.docx\"><strong>Plano de est\u00e1gio,<\/strong><\/a> que dever\u00e1 ser enviado para aprova\u00e7\u00e3o do colegiado e autoriza\u00e7\u00e3o da matr\u00edcula, at\u00e9 a data estabelecida no calend\u00e1rio do PPGBiotec;<\/span><\/li>\n<li><span style=\"color: #000000; font-family: georgia, palatino, serif;\"><strong><a class=\"mtli_attachment mtli_docx\" style=\"color: #000000;\" href=\"https:\/\/wp.ufpel.edu.br\/ppgbiotec\/files\/2025\/02\/parecer-do-orientador_docencia-orientada.docx\">Parecer do(a) orientador(a)<\/a>,<\/strong>\u00a0que dever\u00e1 ser enviado ap\u00f3s a conclus\u00e3o da doc\u00eancia orientada, para registro do conceito no hist\u00f3rico;<\/span><\/li>\n<li><span style=\"color: #000000; font-family: georgia, palatino, serif;\"><strong><a class=\"mtli_attachment mtli_docx\" style=\"color: #000000;\" href=\"https:\/\/wp.ufpel.edu.br\/ppgbiotec\/files\/2025\/02\/relatorio-do-supervisor_docencia-orientada.docx\">Relat\u00f3rio do est\u00e1gio<\/a>,<\/strong> que dever\u00e1 ser enviado ap\u00f3s a conclus\u00e3o da doc\u00eancia orientada, para registro do conceito no hist\u00f3rico.<\/span><\/li>\n<\/ol>\n<div style=\"text-align: justify;\">\n<div style=\"text-align: justify;\">\n<p style=\"text-align: justify;\"><span style=\"color: #000000; font-family: georgia, palatino, serif;\">Outras informa\u00e7\u00f5es: <a class=\"mtli_attachment mtli_pdf\" style=\"color: #000000;\" href=\"https:\/\/wp.ufpel.edu.br\/ppgbiotec\/files\/2025\/02\/SEI_0038432_Resolucao_4.pdf\">Resolu\u00e7\u00e3o COCEPE n\u00ba 47\/2017<\/a><\/span><\/p>\n<\/div>\n<\/div>\n<p style=\"text-align: justify;\">\n","protected":false},"excerpt":{"rendered":"<p>Alunos do mestrado bolsista e n\u00e3o bolsista, a disciplina de Doc\u00eancia orientada I n\u00e3o \u00e9 obrigat\u00f3ria, ficando a decis\u00e3o a crit\u00e9rio do(a) discente e orientador(a). Alunos do doutorado n\u00e3o bolsista, as disciplinas de Doc\u00eancia orientada I e Doc\u00eancia orientada II n\u00e3o s\u00e3o obrigat\u00f3rias, ficando a decis\u00e3o a crit\u00e9rio do(a) discente e orientador(a). Alunos do doutorado [&hellip;]<\/p>\n","protected":false},"author":735,"featured_media":0,"parent":0,"menu_order":5,"comment_status":"closed","ping_status":"closed","template":"","meta":{"jetpack_post_was_ever_published":false,"footnotes":""},"class_list":["post-628","page","type-page","status-publish","hentry"],"jetpack_sharing_enabled":true,"_links":{"self":[{"href":"https:\/\/wp.ufpel.edu.br\/ppgbiotec\/wp-json\/wp\/v2\/pages\/628","targetHints":{"allow":["GET"]}}],"collection":[{"href":"https:\/\/wp.ufpel.edu.br\/ppgbiotec\/wp-json\/wp\/v2\/pages"}],"about":[{"href":"https:\/\/wp.ufpel.edu.br\/ppgbiotec\/wp-json\/wp\/v2\/types\/page"}],"author":[{"embeddable":true,"href":"https:\/\/wp.ufpel.edu.br\/ppgbiotec\/wp-json\/wp\/v2\/users\/735"}],"replies":[{"embeddable":true,"href":"https:\/\/wp.ufpel.edu.br\/ppgbiotec\/wp-json\/wp\/v2\/comments?post=628"}],"version-history":[{"count":3,"href":"https:\/\/wp.ufpel.edu.br\/ppgbiotec\/wp-json\/wp\/v2\/pages\/628\/revisions"}],"predecessor-version":[{"id":11891,"href":"https:\/\/wp.ufpel.edu.br\/ppgbiotec\/wp-json\/wp\/v2\/pages\/628\/revisions\/11891"}],"wp:attachment":[{"href":"https:\/\/wp.ufpel.edu.br\/ppgbiotec\/wp-json\/wp\/v2\/media?parent=628"}],"curies":[{"name":"wp","href":"https:\/\/api.w.org\/{rel}","templated":true}]}}