{"id":6212,"date":"2021-06-02T20:31:32","date_gmt":"2021-06-02T23:31:32","guid":{"rendered":"https:\/\/wp.ufpel.edu.br\/ppgbiotec\/?page_id=6212"},"modified":"2021-09-28T14:15:44","modified_gmt":"2021-09-28T17:15:44","slug":"discentes","status":"publish","type":"page","link":"https:\/\/wp.ufpel.edu.br\/ppgbiotec\/premiacoes\/discentes\/","title":{"rendered":"Premia\u00e7\u00f5es &#8211; Discentes"},"content":{"rendered":"<p style=\"text-align: center\"><span style=\"color: #000000\">Premia\u00e7\u00f5es recebidas por discentes do Programa de P\u00f3s-Gradua\u00e7\u00e3o em Biotecnologia<\/span><\/p>\n<p style=\"text-align: justify\"><strong><span style=\"color: #000000\">Ano de 2018<\/span><\/strong><\/p>\n<p style=\"text-align: justify\"><span style=\"color: #000000\"><img data-attachment-id=\"2735\" data-permalink=\"https:\/\/wp.ufpel.edu.br\/ppgbiotec\/programa\/workshop\/\" data-orig-file=\"https:\/\/wp.ufpel.edu.br\/ppgbiotec\/files\/2018\/06\/Workshop.jpg\" data-orig-size=\"960,720\" data-comments-opened=\"0\" data-image-meta=\"{&quot;aperture&quot;:&quot;0&quot;,&quot;credit&quot;:&quot;&quot;,&quot;camera&quot;:&quot;&quot;,&quot;caption&quot;:&quot;&quot;,&quot;created_timestamp&quot;:&quot;0&quot;,&quot;copyright&quot;:&quot;&quot;,&quot;focal_length&quot;:&quot;0&quot;,&quot;iso&quot;:&quot;0&quot;,&quot;shutter_speed&quot;:&quot;0&quot;,&quot;title&quot;:&quot;&quot;,&quot;orientation&quot;:&quot;0&quot;}\" data-image-title=\"Workshop\" data-image-description=\"\" data-image-caption=\"\" data-medium-file=\"https:\/\/wp.ufpel.edu.br\/ppgbiotec\/files\/2018\/06\/Workshop-400x300.jpg\" data-large-file=\"https:\/\/wp.ufpel.edu.br\/ppgbiotec\/files\/2018\/06\/Workshop.jpg\" class=\" wp-image-2735 alignleft\" src=\"https:\/\/wp.ufpel.edu.br\/ppgbiotec\/files\/2018\/06\/Workshop-400x300.jpg\" alt=\"\" width=\"212\" height=\"159\" srcset=\"https:\/\/wp.ufpel.edu.br\/ppgbiotec\/files\/2018\/06\/Workshop-400x300.jpg 400w, https:\/\/wp.ufpel.edu.br\/ppgbiotec\/files\/2018\/06\/Workshop-768x576.jpg 768w, https:\/\/wp.ufpel.edu.br\/ppgbiotec\/files\/2018\/06\/Workshop.jpg 960w\" sizes=\"(max-width: 212px) 100vw, 212px\" \/>Discente do doutorado, <strong>Francisco Denis Souza Santos<\/strong>, recebe pr\u00eamio em evento internacional sobre probi\u00f3ticos (II International Workshop on Advances of Probiotics for Food and Veterinary Applications). Trabalhos premiados: Efeito do probi\u00f3tico \u00a0<em>Bacillus toyonensis<\/em> na resposta imune de ovinos contra <em>Clostridium chauvoei<\/em> e Efeito da suplementa\u00e7\u00e3o curta com probi\u00f3tico <em>Bacillus toyonensis<\/em> na resposta imune de camundongos vacinados contra BoHV-5. Orientador: Prof. Ph.D F\u00e1bio Pereira Leivas Leite.<\/span><\/p>\n<hr \/>\n<p style=\"text-align: justify\"><strong><span style=\"color: #000000\">Ano de 2019<\/span><\/strong><\/p>\n<p style=\"text-align: justify\"><img class=\"alignleft\" src=\"https:\/\/wp.ufpel.edu.br\/ppgbiotec\/files\/2019\/10\/DSC_2365-400x265.jpg\" width=\"217\" height=\"144\" \/><\/p>\n<p style=\"text-align: justify\"><span style=\"color: #000000\">Discente do doutorado <strong>Angela Maria Casaril<\/strong>, conquista o primeiro lugar no evento &#8220;3MT &#8211; Sua tese em tr\u00eas minutos&#8221;, com a pesquisa \u201cEm busca da felicidade\u2026\u201d. O evento fez parte da programa\u00e7\u00e3o da 5\u00aa Semana Integrada de Inova\u00e7\u00e3o, Ensino, Pesquisa e Extens\u00e3o (SIIEPE) da UFPel. Orientadora: Prof.\u00aa Dr.\u00aa Lucielli Savegnago.<\/span><\/p>\n<p>&nbsp;<\/p>\n<hr \/>\n<p>&nbsp;<\/p>\n","protected":false},"excerpt":{"rendered":"<p>Premia\u00e7\u00f5es recebidas por discentes do Programa de P\u00f3s-Gradua\u00e7\u00e3o em Biotecnologia Ano de 2018 Discente do doutorado, Francisco Denis Souza Santos, recebe pr\u00eamio em evento internacional sobre probi\u00f3ticos (II International Workshop on Advances of Probiotics for Food and Veterinary Applications). Trabalhos premiados: Efeito do probi\u00f3tico \u00a0Bacillus toyonensis na resposta imune de ovinos contra Clostridium chauvoei e [&hellip;]<\/p>\n","protected":false},"author":735,"featured_media":0,"parent":5781,"menu_order":4,"comment_status":"closed","ping_status":"closed","template":"","meta":{"jetpack_post_was_ever_published":false,"footnotes":""},"class_list":["post-6212","page","type-page","status-publish","hentry"],"jetpack_sharing_enabled":true,"_links":{"self":[{"href":"https:\/\/wp.ufpel.edu.br\/ppgbiotec\/wp-json\/wp\/v2\/pages\/6212","targetHints":{"allow":["GET"]}}],"collection":[{"href":"https:\/\/wp.ufpel.edu.br\/ppgbiotec\/wp-json\/wp\/v2\/pages"}],"about":[{"href":"https:\/\/wp.ufpel.edu.br\/ppgbiotec\/wp-json\/wp\/v2\/types\/page"}],"author":[{"embeddable":true,"href":"https:\/\/wp.ufpel.edu.br\/ppgbiotec\/wp-json\/wp\/v2\/users\/735"}],"replies":[{"embeddable":true,"href":"https:\/\/wp.ufpel.edu.br\/ppgbiotec\/wp-json\/wp\/v2\/comments?post=6212"}],"version-history":[{"count":5,"href":"https:\/\/wp.ufpel.edu.br\/ppgbiotec\/wp-json\/wp\/v2\/pages\/6212\/revisions"}],"predecessor-version":[{"id":7198,"href":"https:\/\/wp.ufpel.edu.br\/ppgbiotec\/wp-json\/wp\/v2\/pages\/6212\/revisions\/7198"}],"up":[{"embeddable":true,"href":"https:\/\/wp.ufpel.edu.br\/ppgbiotec\/wp-json\/wp\/v2\/pages\/5781"}],"wp:attachment":[{"href":"https:\/\/wp.ufpel.edu.br\/ppgbiotec\/wp-json\/wp\/v2\/media?parent=6212"}],"curies":[{"name":"wp","href":"https:\/\/api.w.org\/{rel}","templated":true}]}}