{"id":6201,"date":"2021-06-02T19:41:38","date_gmt":"2021-06-02T22:41:38","guid":{"rendered":"https:\/\/wp.ufpel.edu.br\/ppgbiotec\/?page_id=6201"},"modified":"2026-03-27T11:31:43","modified_gmt":"2026-03-27T14:31:43","slug":"missoes-de-trabalho","status":"publish","type":"page","link":"https:\/\/wp.ufpel.edu.br\/ppgbiotec\/internacionalizacao\/missoes-de-trabalho\/","title":{"rendered":"Miss\u00f5es de trabalho"},"content":{"rendered":"<p style=\"text-align: center;\"><span style=\"color: #000000; font-family: georgia, palatino, serif; font-size: 12pt;\">Miss\u00f5es de trabalho realizadas por docentes do Programa de P\u00f3s-Gradua\u00e7\u00e3o em Biotecnologia<\/span><\/p>\n<p><span style=\"color: #000000;\"><strong><span style=\"font-family: georgia, palatino, serif;\">DINAMARCA<\/span><\/strong><\/span><\/p>\n<p style=\"text-align: justify;\"><span style=\"font-family: georgia, palatino, serif; color: #000000;\"><img data-attachment-id=\"8140\" data-permalink=\"https:\/\/wp.ufpel.edu.br\/ppgbiotec\/2022\/09\/27\/professores-e-aluna-do-programa-de-pos-graduacao-em-biotecnologia-ppgbiotec-ufpel-realizaram-visita-tecnica-cientifica-na-dinamarca\/dinamarca-1\/\" data-orig-file=\"https:\/\/wp.ufpel.edu.br\/ppgbiotec\/files\/2022\/09\/Dinamarca-1.jpg\" data-orig-size=\"793,991\" data-comments-opened=\"0\" data-image-meta=\"{&quot;aperture&quot;:&quot;0&quot;,&quot;credit&quot;:&quot;&quot;,&quot;camera&quot;:&quot;&quot;,&quot;caption&quot;:&quot;&quot;,&quot;created_timestamp&quot;:&quot;0&quot;,&quot;copyright&quot;:&quot;&quot;,&quot;focal_length&quot;:&quot;0&quot;,&quot;iso&quot;:&quot;0&quot;,&quot;shutter_speed&quot;:&quot;0&quot;,&quot;title&quot;:&quot;&quot;,&quot;orientation&quot;:&quot;0&quot;}\" data-image-title=\"Dinamarca 1\" data-image-description=\"\" data-image-caption=\"\" data-medium-file=\"https:\/\/wp.ufpel.edu.br\/ppgbiotec\/files\/2022\/09\/Dinamarca-1-320x400.jpg\" data-large-file=\"https:\/\/wp.ufpel.edu.br\/ppgbiotec\/files\/2022\/09\/Dinamarca-1.jpg\" class=\" wp-image-8140 alignleft\" src=\"https:\/\/wp.ufpel.edu.br\/ppgbiotec\/files\/2022\/09\/Dinamarca-1-320x400.jpg\" alt=\"\" width=\"184\" height=\"230\" srcset=\"https:\/\/wp.ufpel.edu.br\/ppgbiotec\/files\/2022\/09\/Dinamarca-1-320x400.jpg 320w, https:\/\/wp.ufpel.edu.br\/ppgbiotec\/files\/2022\/09\/Dinamarca-1-768x960.jpg 768w, https:\/\/wp.ufpel.edu.br\/ppgbiotec\/files\/2022\/09\/Dinamarca-1.jpg 793w\" sizes=\"(max-width: 184px) 100vw, 184px\" \/>As professoras Fabiana Seixas, Lucielli Savegnago, Sibele Borsuk (Coordenadora do PPGBiotec), o professor Diego Alves, a aluna Paloma Taborda Birmann, e o professor Cesar Bruning (docente do Programa de P\u00f3s-gradua\u00e7\u00e3o em Bioqu\u00edmica -UFPel) visitaram a Universidade de Copenhagen na Dinamarca por meio de recursos FAPERGS e Capes Print.<\/span><br \/>\n<span style=\"font-family: georgia, palatino, serif; color: #000000;\">A visita ocorreu no laborat\u00f3rio do prof. Michael Davies, do Departamento de Ci\u00eancias Biom\u00e9dicas, e consolidou as colabora\u00e7\u00f5es internacionais em desenvolvimento com o PPGBiotecnologia da UFPel, visando o interc\u00e2mbio de pesquisadores e discentes do PPGBiotecnologia. O prof. Davies \u00e9 refer\u00eancia mundial em dano oxidativo em\u00a0prote\u00ednas, lip\u00eddios e DNA.<\/span><\/p>\n<hr \/>\n<p style=\"text-align: justify;\"><strong><span style=\"font-family: georgia, palatino, serif; color: #000000;\">ESPANHA<\/span><\/strong><\/p>\n<p style=\"text-align: justify;\"><span style=\"font-family: georgia, palatino, serif; color: #000000;\">O prof. Dr. Diego da Silva Alves realizou no per\u00edodo de 29\/09\/2023 a 03\/10\/2023 e de 06\/10\/2023 a 07\/10\/2023, miss\u00e3o de trabalho no Centro de Investigaciones Biologicas Margarida Salas do &#8220;Consejo Superior de Investigaciones Cient\u00edficas (CSIC) na cidade de Madrid.<\/span><\/p>\n<p style=\"text-align: justify;\"><span style=\"font-family: georgia, palatino, serif; color: #000000;\">E no per\u00edodo de 04\/10\/2023 a 05\/10\/2023 realizou miss\u00e3o de trabalho nos Laborat\u00f3rios de pesquisa do Institute of Agrochemistry and Food Technology (IATA)&#8221; do &#8220;Consejo Superior de Investigaciones Cient\u00edficas (CSIC) de Val\u00eancia.<\/span><\/p>\n<hr \/>\n<p style=\"text-align: justify;\"><strong><span style=\"font-family: georgia, palatino, serif; color: #000000;\">AUSTR\u00c1LIA<\/span><\/strong><\/p>\n<p style=\"text-align: justify;\"><span style=\"font-family: georgia, palatino, serif; color: #000000;\">O prof. Ph.D. Odir Ant\u00f4nio Dellagostin realizou no per\u00edodo de 13 a 23 de outubro de 2022, miss\u00f5es de trabalho na Brisbane University, Melbourne University e Sydnei University.<\/span><\/p>\n<hr \/>\n<div><span style=\"font-size: 12pt; color: #000000;\"><strong><span style=\"font-family: georgia, palatino, serif;\">ESPANHA &#8211; POL\u00d4NIA &#8211; DINAMARCA<\/span><\/strong><\/span><\/div>\n<div><\/div>\n<div style=\"text-align: justify;\"><span style=\"font-family: georgia, palatino, serif; font-size: 12pt; color: #000000;\">O prof. Dr. Diego da Silva Alves esteve no per\u00edodo de 04\/09\/ a 18\/09\/2022 nas cidades de Cordoba (Espanha), Lodz (Pol\u00f4nia) e Copenhagen (Dinamarca) em miss\u00f5es de trabalho. Nos 14 dias foram realizadas atividades:<\/span><\/div>\n<div style=\"text-align: justify;\"><\/div>\n<div style=\"text-align: justify;\"><span style=\"font-family: georgia, palatino, serif; font-size: 12pt; color: #000000;\">&#8211; Em Cordoba: Visita ao laborat\u00f3rio \u201cNanoscale Chemistry &amp; Biomass\/Waste Valorisation\u201d (NANOVAL), do Prof. Rafael Luque. Reuni\u00e3o com o Prof. Luque e visita ao Chefe de Departamento de Qu\u00edmica Org\u00e2nica. Tratativas sobre a amplia\u00e7\u00e3o do conv\u00eanio entre a U. Cordoba e a UFPel, visando a mobilidade docente e discente.<\/span><br \/>\n<span style=\"font-family: georgia, palatino, serif; font-size: 12pt; color: #000000;\">&#8211; Em Lodz: Participa\u00e7\u00e3o no 9\u00b0 Workshop of the Selenium Sulfur Redox Catalysis Network (WSeS-9). Participa\u00e7\u00e3o como \u201cchair\u201d de sess\u00e3o e da Mesa Redonda de Encerramento do evento. Visita ao \u201cCenter for Molecular and Macromolecular Studies of the Polish Academy of Sciences\u201d em Lodz e discuss\u00e3o de parcerias futuras com o l\u00edder de pesquisa, Prof. Jozef Drabowicz.<\/span><br \/>\n<span style=\"font-family: georgia, palatino, serif; font-size: 12pt; color: #000000;\">&#8211; Em Copenhagen: Visita ao laborat\u00f3rio de pesquisa do Prof. Michael Jonathan Davies e demais laborat\u00f3rios do Departamento de Ci\u00eancias Biom\u00e9dicas, da Universidade de Copenhagen, na Dinamarca. Apresenta\u00e7\u00e3o de resultados obtidos relativos \u00e0 trabalhos desenvolvidos em colabora\u00e7\u00e3o com a UFPel. Discuss\u00e3o de parcerias futuras com o l\u00edder de pesquisa, Prof. Michael J. Davies.<\/span><\/div>\n<div>\n<hr \/>\n<\/div>\n<p><span style=\"color: #000000; font-family: georgia, palatino, serif; font-size: 12pt;\"><strong>ESTADOS UNIDOS<\/strong><\/span><\/p>\n<p><span style=\"font-family: georgia, palatino, serif; font-size: 12pt; color: #000000;\">O prof. Dr. Luciano da Silva Pinto esteve no per\u00edodo de fevereiro a maio de 2022, na University of Michigan como\u00a0<\/span><span style=\"font-family: georgia, palatino, serif; color: #000000; font-size: 12pt;\">Professor Visitante S\u00eanior pelo CAPES PrInt\/UFPel.<\/span><\/p>\n<hr \/>\n<p style=\"text-align: left;\"><span style=\"color: #000000; font-family: georgia, palatino, serif; font-size: 12pt;\"><strong>CANAD\u00c1<\/strong><\/span><\/p>\n<p style=\"text-align: justify;\"><span style=\"color: #000000; font-family: georgia, palatino, serif; font-size: 12pt;\"><img class=\"alignleft\" src=\"https:\/\/wp.ufpel.edu.br\/print\/files\/2019\/11\/Nef4.jpg\" alt=\"Equipe do Projeto de Coopera\u00e7\u00e3o Internacional \u201cNanomed\u201d realiza miss\u00e3o no Canad\u00e1\" width=\"229\" height=\"172\" \/>Os professores do PPGBiotecnologia, que fazem parte da equipe do Projeto de Coopera\u00e7\u00e3o Internacional intitulado Cria\u00e7\u00e3o do N\u00facleo Tem\u00e1tico de inova\u00e7\u00e3o em nanomedicina (Nanomed), no \u00e2mbito do edital CAPES PrInt\/UFPel, Dr. Cl\u00e1udio Pereira e Dr. Luciano da Silva Pinto, participaram, entre os dias 23 de setembro e 02 de outubro de 2019, de miss\u00e3o institucional no Canad\u00e1, cidades de Guelph e Hamilton, onde est\u00e3o localizadas as institui\u00e7\u00f5es canadenses colaboradoras: University of Guelph e a McMaster University. Os docentes em miss\u00e3o participaram de reuni\u00f5es de trabalho e semin\u00e1rios de grupos para elabora\u00e7\u00e3o de um plano de trabalho entre as institui\u00e7\u00f5es, para o per\u00edodo 2019-2022, em v\u00e1rios temas: na \u00e1rea de Bioinform\u00e1tica (encabe\u00e7ado pelo professor Luciano da Silva Pinto junto ao professor Wei Zhang do Department of Molecular and Cellular Biology da UoG), relacionados \u00e0 manipula\u00e7\u00e3o e modifica\u00e7\u00e3o qu\u00edmica (com o professor Cl\u00e1udio Pereira e pesquisadores chineses, canadenses e do Egito vinculados ao grupo do professor Professor Loong-Tak Lim da UoG).<\/span><\/p>\n<p><span style=\"font-size: 12pt; color: #000000; font-family: georgia, palatino, serif;\">Not\u00edcia: <span style=\"color: #0000ff; font-size: 10pt;\"><a style=\"color: #0000ff;\" href=\"https:\/\/wp.ufpel.edu.br\/print\/2019\/11\/08\/equipe-de-projeto-de-cooperacao-internacional-nanomed-realiza-missao-no-canada\/\">https:\/\/wp.ufpel.edu.br\/print\/2019\/11\/08\/equipe-de-projeto-de-cooperacao-internacional-nanomed-realiza-missao-no-canada\/<\/a><\/span><\/span><\/p>\n<hr \/>\n<p style=\"text-align: justify;\"><span style=\"font-family: georgia, palatino, serif; font-size: 12pt;\"><strong><span style=\"color: #000000;\">ESTADOS UNIDOS \u2013 ILLINOIS- CHICAGO<\/span><\/strong><\/span><\/p>\n<p style=\"text-align: justify;\"><span style=\"color: #000000; font-family: georgia, palatino, serif; font-size: 12pt;\"><img class=\"alignleft\" src=\"https:\/\/wp.ufpel.edu.br\/print\/files\/2019\/08\/Foto3-400x225.jpeg\" width=\"233\" height=\"131\" \/>Dentro da proposta institucional do Projeto CAPES PrInt\/UFPel, os docentes permanentes do Programa de P\u00f3s-Gradua\u00e7\u00e3o em Biotecnologia (PPGB) Fabiana K. Seixas, atual coordenadora do Programa, e o professor Tiago Collares, atual Diretor do Centro de Desenvolvimento Tecnol\u00f3gico da UFPel, realizaram no m\u00eas de julho de 2019 uma miss\u00e3o aos Estados Unidos, junto \u00e0 University of Illinois at Chicago e \u00e0 Northwestern University Feinberg School of Medicine. A miss\u00e3o teve como objetivo consolidar as colabora\u00e7\u00f5es internacionais entre a UFPel e a University of Illinois, promovendo o interc\u00e2mbio de pesquisadores e discentes atrav\u00e9s do Projeto CAPES PrInt\/UFPel para promo\u00e7\u00e3o da internacionaliza\u00e7\u00e3o da UFPel. Os professores brasileiros foram recebidos pelos pesquisadores americanos Lawrence Schook e Kyle Schachtschneider. Os pesquisadores brasileiros participaram do Chicago Science 2019: Epigenetics and Genome Editing, na Northwestern University Feinberg School of Medicine, promovido pela Nature Genetics and Nature Medicine. Pesquisadores renomados de diversas institui\u00e7\u00f5es de pesquisas dos Estados Unidos como University of Illinois, Harvard Medical School, MIT, dentre outras, participaram do encontro e das discuss\u00f5es cientificas. Junto \u00e0 University of Illinois at Chicago, foram realizadas visitas ao Illinois Medical District onde est\u00e3o situados hospitais ligados \u00e0 pesquisa em Biotecnologia, o Centro de Biotecnologia Farmac\u00eautica, o Parque Tecnol\u00f3gico de Chicago e a Incubator Laboratory Facility. Os pesquisadores da UFPel foram recebidos pelo grupo de pesquisa em Gen\u00f4mica Comparativa. Ap\u00f3s a visita aos laborat\u00f3rios e ambientes de pesquisas da Incubator Laboratory Facility, os pesquisadores participaram de reuni\u00f5es de trabalho para elabora\u00e7\u00e3o de um plano de colabora\u00e7\u00e3o entre as institui\u00e7\u00f5es e grupos de pesquisa. Ficou estabelecido um cronograma de est\u00e1gio de doutoramento sandu\u00edche para estudantes brasileiros do PPGB junto \u00e0 Universitiy of Illinois at Chicago atrav\u00e9s do Projeto CAPES PrInt\/UFPel, bem como um planejamento da visita do professor Lawrence Schook junto ao PPGB. Finalizada a miss\u00e3o, foi firmado o compromisso de estabelecer um conv\u00eanio formal entre as universidades para ampliar a colabora\u00e7\u00e3o existente.<\/span><\/p>\n<p><span style=\"font-size: 12pt; font-family: georgia, palatino, serif;\"><span style=\"color: #000000;\">Not\u00edcia:<\/span><span style=\"color: #0000ff; font-size: 10pt;\"> <a style=\"color: #0000ff;\" href=\"https:\/\/wp.ufpel.edu.br\/print\/2019\/08\/21\/pesquisadores-fabiana-seixas-e-tiago-collares-participaram-de-missao-institucional-capes-print-ufpel-nos-estados-unidos\/\">https:\/\/wp.ufpel.edu.br\/print\/2019\/08\/21\/pesquisadores-fabiana-seixas-e-tiago-collares-participaram-de-missao-institucional-capes-print-ufpel-nos-estados-unidos\/<\/a><\/span><\/span><\/p>\n<hr \/>\n<p style=\"text-align: justify;\"><span style=\"font-family: georgia, palatino, serif; font-size: 12pt;\"><strong><span style=\"color: #000000;\">ESTADOS UNIDOS- CALIFORNIA &#8211; SAN FRANCISCO<\/span><\/strong><\/span><\/p>\n<p style=\"text-align: justify;\"><span style=\"color: #000000; font-family: georgia, palatino, serif; font-size: 12pt;\">O docente permanente do PPGBiotecnologia, Vinicius Farias Campos realizou uma miss\u00e3o na University of California San Francisco, USA. Miss\u00e3o de trabalho com a colaboradora do Department of Bioengineering and Therapeutic Sciences da UCSF para tratar do projeto: &#8220;Sequenciamento de nova gera\u00e7\u00e3o de microRNAs em espermatoz\u00f3ides bovinos transfectados com nanopol\u00edmero cati\u00f4nico&#8221;. A presente miss\u00e3o deu origem \u00e0 publica\u00e7\u00e3o em colabora\u00e7\u00e3o no peri\u00f3dico Theriogenology: <a style=\"color: #000000;\" href=\"https:\/\/doi.org\/10.1016\/j.theriogenology.2020.06.025\">https:\/\/doi.org\/10.1016\/j.theriogenology.2020.06.025<\/a>. A miss\u00e3o aconteceu no per\u00edodo de 04\/01 at\u00e9 17\/01\/2019.<\/span><\/p>\n<hr \/>\n<p style=\"text-align: justify;\"><span style=\"font-family: georgia, palatino, serif; font-size: 12pt;\"><strong><span style=\"color: #000000;\">IT\u00c1LIA<\/span><\/strong><\/span><\/p>\n<p style=\"text-align: justify;\"><span style=\"color: #000000; font-family: georgia, palatino, serif; font-size: 12pt;\">\u00a0No final de maio e in\u00edcio de junho de 2019, a docente do PPGBiotecnologia, professora Lucielli Savegnago realizou miss\u00e3o de trabalho na It\u00e1lia, como parte das atividades do projeto \u201cMol\u00e9culas bioativas contendo sel\u00eanio \u2013 S\u00edntese, caracteriza\u00e7\u00e3o e aplica\u00e7\u00f5es\u201d, dentro da proposta institucional CAPES-PrInt\/UFPel 2019. O professor Diego Alves do PPGBiotecnologia, tamb\u00e9m foi na miss\u00e3o, porem atrav\u00e9s de um projeto de auxilio a eventos apoiado pela FAPERGS. Em Perugia, na Universit\u00e0 degli Studi di Perugia (UniPG), os docentes visitaram o Dipartimento di Science Farmaceutiche, onde participaram de reuni\u00f5es e encontros visando o fortalecimento e a amplia\u00e7\u00e3o das colabora\u00e7\u00f5es internacionais na pesquisa envolvendo mol\u00e9culas de sel\u00eanio e suas aplica\u00e7\u00f5es. Os docentes foram recebidos e ciceroneados pelo coordenador internacional do projeto, Prof. Claudio Santi. Os docentes realizaram encontro de trabalho com membros da equipe estrangeira do projeto e discutiram as atividades de pesquisa em colabora\u00e7\u00e3o, bem como a organiza\u00e7\u00e3o do livro \u201cOrganochalcogen compounds: synthesis, catalysis and new protocols with greener perspective\u201d, a ser publicado pela Elsevier em 2020, que tratar\u00e1 da s\u00edntese e aplica\u00e7\u00e3o de compostos organossel\u00eanio e organoenxofre sob a perspectiva da qu\u00edmica verde e sustent\u00e1vel.<\/span><\/p>\n<p><span style=\"font-size: 12pt; color: #000000; font-family: georgia, palatino, serif;\">Not\u00edcia:<span style=\"color: #0000ff; font-size: 10pt;\"><a style=\"color: #0000ff;\" href=\"https:\/\/wp.ufpel.edu.br\/print\/2019\/07\/08\/projeto-moleculas-bioativas-contendo-selenio-sintese-caracterizacao-e-aplicacoes-missoes-na-italia\/\"> https:\/\/wp.ufpel.edu.br\/print\/2019\/07\/08\/projeto-moleculas-bioativas-contendo-selenio-sintese-caracterizacao-e-aplicacoes-missoes-na-italia\/<\/a><\/span><\/span><\/p>\n<hr \/>\n<p style=\"text-align: justify;\"><span style=\"font-family: georgia, palatino, serif; font-size: 12pt;\"><strong><span style=\"color: #000000;\">ALEMANHA<\/span><\/strong><\/span><\/p>\n<p style=\"text-align: justify;\"><span style=\"color: #000000; font-family: georgia, palatino, serif; font-size: 12pt;\">Dentro da proposta institucional do Projeto CAPES PrInt\/UFPel, os docentes do Programa de P\u00f3s-Gradua\u00e7\u00e3o em Biotecnologia (PPGBiotec), Dr. Fabr\u00edcio Rochedo Concei\u00e7\u00e3o e Dr\u00aa Angela Nunes Moreira visitaram a Technisque Universit\u00e4t Braunschweig na Alemanha, onde firmaram parcerias na \u00e1rea de produ\u00e7\u00e3o de anticorpos monoclonais para diferentes patologias.<\/span><\/p>\n","protected":false},"excerpt":{"rendered":"<p>Miss\u00f5es de trabalho realizadas por docentes do Programa de P\u00f3s-Gradua\u00e7\u00e3o em Biotecnologia DINAMARCA As professoras Fabiana Seixas, Lucielli Savegnago, Sibele Borsuk (Coordenadora do PPGBiotec), o professor Diego Alves, a aluna Paloma Taborda Birmann, e o professor Cesar Bruning (docente do Programa de P\u00f3s-gradua\u00e7\u00e3o em Bioqu\u00edmica -UFPel) visitaram a Universidade de Copenhagen na Dinamarca por meio [&hellip;]<\/p>\n","protected":false},"author":735,"featured_media":0,"parent":753,"menu_order":4,"comment_status":"closed","ping_status":"closed","template":"","meta":{"jetpack_post_was_ever_published":false,"footnotes":""},"class_list":["post-6201","page","type-page","status-publish","hentry"],"jetpack_sharing_enabled":true,"_links":{"self":[{"href":"https:\/\/wp.ufpel.edu.br\/ppgbiotec\/wp-json\/wp\/v2\/pages\/6201","targetHints":{"allow":["GET"]}}],"collection":[{"href":"https:\/\/wp.ufpel.edu.br\/ppgbiotec\/wp-json\/wp\/v2\/pages"}],"about":[{"href":"https:\/\/wp.ufpel.edu.br\/ppgbiotec\/wp-json\/wp\/v2\/types\/page"}],"author":[{"embeddable":true,"href":"https:\/\/wp.ufpel.edu.br\/ppgbiotec\/wp-json\/wp\/v2\/users\/735"}],"replies":[{"embeddable":true,"href":"https:\/\/wp.ufpel.edu.br\/ppgbiotec\/wp-json\/wp\/v2\/comments?post=6201"}],"version-history":[{"count":3,"href":"https:\/\/wp.ufpel.edu.br\/ppgbiotec\/wp-json\/wp\/v2\/pages\/6201\/revisions"}],"predecessor-version":[{"id":11946,"href":"https:\/\/wp.ufpel.edu.br\/ppgbiotec\/wp-json\/wp\/v2\/pages\/6201\/revisions\/11946"}],"up":[{"embeddable":true,"href":"https:\/\/wp.ufpel.edu.br\/ppgbiotec\/wp-json\/wp\/v2\/pages\/753"}],"wp:attachment":[{"href":"https:\/\/wp.ufpel.edu.br\/ppgbiotec\/wp-json\/wp\/v2\/media?parent=6201"}],"curies":[{"name":"wp","href":"https:\/\/api.w.org\/{rel}","templated":true}]}}