{"id":620,"date":"2017-04-17T14:51:26","date_gmt":"2017-04-17T17:51:26","guid":{"rendered":"https:\/\/wp.ufpel.edu.br\/ppgbiotec\/?page_id=620"},"modified":"2026-03-25T13:21:28","modified_gmt":"2026-03-25T16:21:28","slug":"homologacao-de-defesas","status":"publish","type":"page","link":"https:\/\/wp.ufpel.edu.br\/ppgbiotec\/homologacao-de-defesas\/","title":{"rendered":"Homologa\u00e7\u00e3o da Disserta\u00e7\u00e3o ou da Tese"},"content":{"rendered":"<p style=\"text-align: justify;\"><span style=\"color: #000000; font-family: georgia, palatino, serif; font-size: 12pt;\">Ap\u00f3s a defesa, e dentro dos prazos especificados na Ata de Corre\u00e7\u00f5es, o(a) aluno(a) dever\u00e1 enviar \u00e0 secretaria do Programa, para homologa\u00e7\u00e3o do grau de Mestre(a)\/Doutor(a):<\/span><\/p>\n<ul style=\"text-align: justify;\">\n<li><span style=\"color: #000000; font-family: georgia, palatino, serif; font-size: 12pt;\">A disserta\u00e7\u00e3o ou tese com as devidas corre\u00e7\u00f5es e com a ficha catalogr\u00e1fica, em pdf &#8211; <strong>Informa\u00e7\u00f5es para a solicita\u00e7\u00e3o da ficha catalogr\u00e1fica<\/strong> (<a style=\"color: #000000;\" href=\"http:\/\/sisbi.ufpel.edu.br\/?p=reqFicha\">Solicita\u00e7\u00e3o da Ficha catalogr\u00e1fica<\/a>)<\/span><\/li>\n<li><span style=\"color: #000000; font-family: georgia, palatino, serif; font-size: 12pt;\"><a style=\"color: #000000;\" href=\"https:\/\/wp.ufpel.edu.br\/ppgbiotec\/files\/2021\/04\/Modelo-Parecer-do-orientador-para-homologacao-de-teses-e-dissertacoes-SEI.doc\">Parecer do(a) orientador(a)<\/a>, em pdf.<\/span><\/li>\n<li><span style=\"font-family: georgia, palatino, serif; font-size: 12pt; color: #000000;\"><a style=\"color: #000000;\" href=\"https:\/\/wp.ufpel.edu.br\/ppgbiotec\/files\/2024\/03\/Termo-Dissertacoes-e-Teses.pdf\" target=\"_blank\" rel=\"noopener\">Autoriza\u00e7\u00e3o de publica\u00e7\u00e3o<\/a>, em pdf.<\/span><\/li>\n<\/ul>\n","protected":false},"excerpt":{"rendered":"<p>Ap\u00f3s a defesa, e dentro dos prazos especificados na Ata de Corre\u00e7\u00f5es, o(a) aluno(a) dever\u00e1 enviar \u00e0 secretaria do Programa, para homologa\u00e7\u00e3o do grau de Mestre(a)\/Doutor(a): A disserta\u00e7\u00e3o ou tese com as devidas corre\u00e7\u00f5es e com a ficha catalogr\u00e1fica, em pdf &#8211; Informa\u00e7\u00f5es para a solicita\u00e7\u00e3o da ficha catalogr\u00e1fica (Solicita\u00e7\u00e3o da Ficha catalogr\u00e1fica) Parecer do(a) [&hellip;]<\/p>\n","protected":false},"author":735,"featured_media":0,"parent":0,"menu_order":11,"comment_status":"closed","ping_status":"closed","template":"","meta":{"jetpack_post_was_ever_published":false,"footnotes":""},"class_list":["post-620","page","type-page","status-publish","hentry"],"jetpack_sharing_enabled":true,"_links":{"self":[{"href":"https:\/\/wp.ufpel.edu.br\/ppgbiotec\/wp-json\/wp\/v2\/pages\/620","targetHints":{"allow":["GET"]}}],"collection":[{"href":"https:\/\/wp.ufpel.edu.br\/ppgbiotec\/wp-json\/wp\/v2\/pages"}],"about":[{"href":"https:\/\/wp.ufpel.edu.br\/ppgbiotec\/wp-json\/wp\/v2\/types\/page"}],"author":[{"embeddable":true,"href":"https:\/\/wp.ufpel.edu.br\/ppgbiotec\/wp-json\/wp\/v2\/users\/735"}],"replies":[{"embeddable":true,"href":"https:\/\/wp.ufpel.edu.br\/ppgbiotec\/wp-json\/wp\/v2\/comments?post=620"}],"version-history":[{"count":3,"href":"https:\/\/wp.ufpel.edu.br\/ppgbiotec\/wp-json\/wp\/v2\/pages\/620\/revisions"}],"predecessor-version":[{"id":11883,"href":"https:\/\/wp.ufpel.edu.br\/ppgbiotec\/wp-json\/wp\/v2\/pages\/620\/revisions\/11883"}],"wp:attachment":[{"href":"https:\/\/wp.ufpel.edu.br\/ppgbiotec\/wp-json\/wp\/v2\/media?parent=620"}],"curies":[{"name":"wp","href":"https:\/\/api.w.org\/{rel}","templated":true}]}}