{"id":6066,"date":"2021-05-10T18:33:18","date_gmt":"2021-05-10T21:33:18","guid":{"rendered":"https:\/\/wp.ufpel.edu.br\/ppgbiotec\/?page_id=6066"},"modified":"2025-04-17T08:59:06","modified_gmt":"2025-04-17T11:59:06","slug":"rede-sulbiotec","status":"publish","type":"page","link":"https:\/\/wp.ufpel.edu.br\/ppgbiotec\/rede-sulbiotec\/","title":{"rendered":"Rede SulBiotec"},"content":{"rendered":"<p dir=\"ltr\"><span style=\"color: #000000; font-family: georgia, palatino, serif;\">A SulBiotec \u00e9 uma rede que congrega universidades, institutos de pesquisa e empresas da regi\u00e3o do sul do Brasil atuantes na \u00e1rea de Biotecnologia. Seu objetivo \u00e9 propiciar um ambiente f\u00e9rtil para a colabora\u00e7\u00e3o entre estes, com foco em produtos, processos e servi\u00e7os biotecnol\u00f3gicos inovadores a partir do interc\u00e2mbio de conhecimento.<\/span><\/p>\n<p dir=\"ltr\"><span style=\"color: #000000; font-family: georgia, palatino, serif;\">Entre os pioneiros desta iniciativa, est\u00e3o programas de p\u00f3s-gradua\u00e7\u00e3o de excel\u00eancia em Biotecnologia da regi\u00e3o situados nas universidades federais do Rio Grande do Sul, de Santa Catarina, do Paran\u00e1, de Pelotas e na Universidade de Caxias do Sul. Outras universidades que tamb\u00e9m possuem programas de p\u00f3s-gradua\u00e7\u00e3o em Biotecnologia passaram a integrar a Rede mais recentemente.<\/span><\/p>\n<p dir=\"ltr\"><span style=\"color: #000000; font-family: georgia, palatino, serif;\">Acesse a p\u00e1gina<span style=\"color: #0000ff;\">:<a style=\"color: #0000ff;\" href=\"https:\/\/sulbiotec.com.br\/\"> http:\/\/www.sulbiotec.com.br<\/a><\/span><\/span><\/p>\n<p dir=\"ltr\">\n","protected":false},"excerpt":{"rendered":"<p>A SulBiotec \u00e9 uma rede que congrega universidades, institutos de pesquisa e empresas da regi\u00e3o do sul do Brasil atuantes na \u00e1rea de Biotecnologia. Seu objetivo \u00e9 propiciar um ambiente f\u00e9rtil para a colabora\u00e7\u00e3o entre estes, com foco em produtos, processos e servi\u00e7os biotecnol\u00f3gicos inovadores a partir do interc\u00e2mbio de conhecimento. Entre os pioneiros desta [&hellip;]<\/p>\n","protected":false},"author":735,"featured_media":0,"parent":0,"menu_order":0,"comment_status":"closed","ping_status":"closed","template":"","meta":{"jetpack_post_was_ever_published":false,"footnotes":""},"class_list":["post-6066","page","type-page","status-publish","hentry"],"jetpack_sharing_enabled":true,"_links":{"self":[{"href":"https:\/\/wp.ufpel.edu.br\/ppgbiotec\/wp-json\/wp\/v2\/pages\/6066","targetHints":{"allow":["GET"]}}],"collection":[{"href":"https:\/\/wp.ufpel.edu.br\/ppgbiotec\/wp-json\/wp\/v2\/pages"}],"about":[{"href":"https:\/\/wp.ufpel.edu.br\/ppgbiotec\/wp-json\/wp\/v2\/types\/page"}],"author":[{"embeddable":true,"href":"https:\/\/wp.ufpel.edu.br\/ppgbiotec\/wp-json\/wp\/v2\/users\/735"}],"replies":[{"embeddable":true,"href":"https:\/\/wp.ufpel.edu.br\/ppgbiotec\/wp-json\/wp\/v2\/comments?post=6066"}],"version-history":[{"count":9,"href":"https:\/\/wp.ufpel.edu.br\/ppgbiotec\/wp-json\/wp\/v2\/pages\/6066\/revisions"}],"predecessor-version":[{"id":11109,"href":"https:\/\/wp.ufpel.edu.br\/ppgbiotec\/wp-json\/wp\/v2\/pages\/6066\/revisions\/11109"}],"wp:attachment":[{"href":"https:\/\/wp.ufpel.edu.br\/ppgbiotec\/wp-json\/wp\/v2\/media?parent=6066"}],"curies":[{"name":"wp","href":"https:\/\/api.w.org\/{rel}","templated":true}]}}