{"id":606,"date":"2017-04-17T14:19:35","date_gmt":"2017-04-17T17:19:35","guid":{"rendered":"https:\/\/wp.ufpel.edu.br\/ppgbiotec\/?page_id=606"},"modified":"2026-03-25T14:04:11","modified_gmt":"2026-03-25T17:04:11","slug":"doutorado","status":"publish","type":"page","link":"https:\/\/wp.ufpel.edu.br\/ppgbiotec\/doutorado\/","title":{"rendered":"Defesa do Doutorado"},"content":{"rendered":"<p><span style=\"color: #000000; font-family: georgia, palatino, serif; font-size: 12pt;\">Para solicitar a defesa de tese, o(a) aluno(a) dever\u00e1 ter cumprido os seguintes pr\u00e9-requisitos, conforme o regimento:<\/span><\/p>\n<p><span style=\"color: #000000; font-family: georgia, palatino, serif; font-size: 12pt;\"> I. ter obtido pelo menos 40 (quarenta) cr\u00e9ditos;<\/span><\/p>\n<p><span style=\"color: #000000; font-family: georgia, palatino, serif; font-size: 12pt;\"> II. ter sido aprovado(a) no exame de qualifica\u00e7\u00e3o, conforme descrito na Se\u00e7\u00e3o II deste Cap\u00edtulo;<\/span><\/p>\n<p><span style=\"color: #000000; font-family: georgia, palatino, serif; font-size: 12pt;\"> III. ter um artigo completo aceito para publica\u00e7\u00e3o em peri\u00f3dico classificado como B1 ou superior no Qualis da Biotecnologia ou ter registrado patente referente ao seu projeto de doutorado;<\/span><\/p>\n<p><span style=\"color: #000000; font-family: georgia, palatino, serif; font-size: 12pt;\">IV. encaminhar solicita\u00e7\u00e3o de defesa, com a autoriza\u00e7\u00e3o do(a) orientador(a) e parecer substanciado da comiss\u00e3o de acompanhamento, constando de sugest\u00e3o de data e forma\u00e7\u00e3o de banca ao colegiado, no m\u00ednimo 30 (trinta) dias antes da data sugerida para a defesa;<\/span><\/p>\n<p><span style=\"color: #000000; font-family: georgia, palatino, serif; font-size: 12pt;\">V. Autoriza\u00e7\u00e3o do(a) relator(a).<\/span><\/p>\n<p><span style=\"color: #000000; font-family: georgia, palatino, serif; font-size: 12pt;\">A defesa da tese ser\u00e1 de car\u00e1ter p\u00fablico, perante banca examinadora, constitu\u00edda pelo(a) orientador(a), por no m\u00ednimo mais 3 membros e por no m\u00ednimo 1 suplente. A banca ser\u00e1 presidida pelo(a) orientador(a). Os outros membros ser\u00e3o professores com t\u00edtulo de doutor, sendo pelo menos um externo ao Programa. Recomenda-se que se tenha pelo menos um membro externo \u00e0 Institui\u00e7\u00e3o.<\/span><\/p>\n<p><span style=\"color: #000000; font-family: georgia, palatino, serif; font-size: 12pt;\"><em><strong>Orienta\u00e7\u00f5es para agendamento da defesa<\/strong><\/em><\/span><\/p>\n<p><span style=\"font-family: georgia, palatino, serif; color: #000000; font-size: 12pt;\">Enviar a secretaria do Programa, os documentos abaixo, com\u00a0<strong>anteced\u00eancia de pelo menos 30 dias da data marcada para a defesa:<\/strong><\/span><\/p>\n<ul>\n<li><span style=\"font-family: georgia, palatino, serif; color: #000000; font-size: 12pt;\">Formul\u00e1rio de nomea\u00e7\u00e3o de banca, dispon\u00edvel a seguir\u00a0<em>(<span style=\"color: #0000ff;\"><a style=\"color: #0000ff;\" href=\"https:\/\/wp.ufpel.edu.br\/ppgbiotec\/files\/2023\/05\/Nomeacao-de-banca-retificacao.docx\" target=\"_blank\" rel=\"noopener\">Nomea\u00e7\u00e3o-de-banca\u00a0<\/a><\/span>),\u00a0<\/em>com todas as informa\u00e7\u00f5es preenchidas e assinado pelo(a) orientador(a);<\/span><\/li>\n<li><span style=\"font-family: georgia, palatino, serif; color: #000000; font-size: 12pt;\">Tese (em <em>.pdf<\/em>).<\/span><\/li>\n<\/ul>\n<p><span style=\"font-family: georgia, palatino, serif; color: #000000; font-size: 12pt;\">Ap\u00f3s o envio dos documentos, o Programa encaminhar\u00e1 para aprecia\u00e7\u00e3o e parecer do relator e do colegiado.<\/span><\/p>\n<p><span style=\"font-family: georgia, palatino, serif; color: #000000; font-size: 12pt;\">Ap\u00f3s autoriza\u00e7\u00e3o da defesa pelo relator e pelo colegiado, o Programa encaminhar\u00e1 por e-mail, para os membros da banca, o convite, a tese e a portaria interna e caso necess\u00e1rio, o termo de sigilo.<\/span><\/p>\n<p>&nbsp;<\/p>\n<p><span style=\"font-family: georgia, palatino, serif; font-size: 12pt; color: #000000;\"><strong><em>Modelos de documentos e informa\u00e7\u00f5es<\/em><\/strong><\/span><\/p>\n<p><span style=\"font-family: georgia, palatino, serif; font-size: 12pt; color: #000000;\"><a style=\"color: #000000;\" href=\"https:\/\/wp.ufpel.edu.br\/ppgbiotec\/files\/2024\/03\/SEI_UFPel-2431832-Memorando-Circular.pdf\" target=\"_blank\" rel=\"noopener\">Memorando-Circular &#8211; Atualiza\u00e7\u00e3o do Manual de normas UFPel para trabalhos acad\u00eamicos <\/a> <\/span><\/p>\n<p><span style=\"font-family: georgia, palatino, serif; font-size: 12pt; color: #000000;\"><a style=\"color: #000000;\" href=\"https:\/\/wp.ufpel.edu.br\/ppgbiotec\/files\/2024\/03\/Manual-versao-final-novembro-1.pdf\" target=\"_blank\" rel=\"noopener\">Manual de normas UFPel para trabalhos acad\u00eamicos<\/a><\/span><\/p>\n<p><span style=\"color: #000000; font-family: georgia, palatino, serif; font-size: 12pt;\"><a style=\"color: #000000;\" href=\"https:\/\/wp.ufpel.edu.br\/ppgbiotec\/files\/2021\/04\/CONCEA_recomendacao.pdf\">Recomenda\u00e7\u00e3o do Conselho Nacional de Controle de Experimenta\u00e7a\u00f5 Animal\u00a0<\/a><\/span><\/p>\n<p><span style=\"color: #000000; font-family: georgia, palatino, serif; font-size: 12pt;\"><a style=\"color: #000000;\" href=\"https:\/\/wp.ufpel.edu.br\/ppgbiotec\/files\/2021\/04\/Portaria_CAPES_DOU_206_de_2018.pdf\">Portaria_CAPES_DOU_206_de_2018 &#8211; Obrigatoriedade de cita\u00e7\u00e3o da CAPES e CNPq<\/a><\/span><\/p>\n","protected":false},"excerpt":{"rendered":"<p>Para solicitar a defesa de tese, o(a) aluno(a) dever\u00e1 ter cumprido os seguintes pr\u00e9-requisitos, conforme o regimento: I. ter obtido pelo menos 40 (quarenta) cr\u00e9ditos; II. ter sido aprovado(a) no exame de qualifica\u00e7\u00e3o, conforme descrito na Se\u00e7\u00e3o II deste Cap\u00edtulo; III. ter um artigo completo aceito para publica\u00e7\u00e3o em peri\u00f3dico classificado como B1 ou superior [&hellip;]<\/p>\n","protected":false},"author":735,"featured_media":0,"parent":0,"menu_order":10,"comment_status":"closed","ping_status":"closed","template":"","meta":{"jetpack_post_was_ever_published":false,"footnotes":""},"class_list":["post-606","page","type-page","status-publish","hentry"],"jetpack_sharing_enabled":true,"_links":{"self":[{"href":"https:\/\/wp.ufpel.edu.br\/ppgbiotec\/wp-json\/wp\/v2\/pages\/606","targetHints":{"allow":["GET"]}}],"collection":[{"href":"https:\/\/wp.ufpel.edu.br\/ppgbiotec\/wp-json\/wp\/v2\/pages"}],"about":[{"href":"https:\/\/wp.ufpel.edu.br\/ppgbiotec\/wp-json\/wp\/v2\/types\/page"}],"author":[{"embeddable":true,"href":"https:\/\/wp.ufpel.edu.br\/ppgbiotec\/wp-json\/wp\/v2\/users\/735"}],"replies":[{"embeddable":true,"href":"https:\/\/wp.ufpel.edu.br\/ppgbiotec\/wp-json\/wp\/v2\/comments?post=606"}],"version-history":[{"count":4,"href":"https:\/\/wp.ufpel.edu.br\/ppgbiotec\/wp-json\/wp\/v2\/pages\/606\/revisions"}],"predecessor-version":[{"id":11895,"href":"https:\/\/wp.ufpel.edu.br\/ppgbiotec\/wp-json\/wp\/v2\/pages\/606\/revisions\/11895"}],"wp:attachment":[{"href":"https:\/\/wp.ufpel.edu.br\/ppgbiotec\/wp-json\/wp\/v2\/media?parent=606"}],"curies":[{"name":"wp","href":"https:\/\/api.w.org\/{rel}","templated":true}]}}