{"id":601,"date":"2017-04-17T14:17:08","date_gmt":"2017-04-17T17:17:08","guid":{"rendered":"https:\/\/wp.ufpel.edu.br\/ppgbiotec\/?page_id=601"},"modified":"2026-03-25T14:03:39","modified_gmt":"2026-03-25T17:03:39","slug":"mestrado","status":"publish","type":"page","link":"https:\/\/wp.ufpel.edu.br\/ppgbiotec\/mestrado\/","title":{"rendered":"Defesa do Mestrado"},"content":{"rendered":"<p style=\"text-align: justify;\"><span style=\"color: #000000; font-family: georgia, palatino, serif; font-size: 12pt;\">Para solicitar a defesa da disserta\u00e7\u00e3o, o(a) aluno(a) dever\u00e1 ter cumprido os seguintes pr\u00e9-requisitos, conforme o regimento:<\/span><\/p>\n<p style=\"text-align: justify;\"><span style=\"color: #000000; font-family: georgia, palatino, serif; font-size: 12pt;\">I. estar matriculado(a) no Programa h\u00e1 pelo menos 12 meses;<\/span><\/p>\n<p style=\"text-align: justify;\"><span style=\"color: #000000; font-family: georgia, palatino, serif; font-size: 12pt;\">II. ter completado pelo menos 20 cr\u00e9ditos;<\/span><\/p>\n<p style=\"text-align: justify;\"><span style=\"color: #000000; font-family: georgia, palatino, serif; font-size: 12pt;\">III. encaminhar solicita\u00e7\u00e3o de defesa, com a autoriza\u00e7\u00e3o do(a) orientador(a) e parecer substanciado da comiss\u00e3o de acompanhamento, constando de sugest\u00e3o de data e forma\u00e7\u00e3o de banca, ao colegiado, no m\u00ednimo 15 dias antes da data sugerida;<\/span><\/p>\n<p style=\"text-align: justify;\"><span style=\"color: #000000; font-family: georgia, palatino, serif; font-size: 12pt;\">IV. Autoriza\u00e7\u00e3o do(a) relator(a).<\/span><\/p>\n<p style=\"text-align: justify;\"><span style=\"color: #000000; font-family: georgia, palatino, serif; font-size: 12pt;\">A defesa da disserta\u00e7\u00e3o ser\u00e1 de car\u00e1ter p\u00fablico, perante a banca examinadora constitu\u00edda pelo(a) orientador(a), por no m\u00ednimo mais 2 membros e por no m\u00ednimo 1 suplente. A banca ser\u00e1 presidida pelo orientador e os demais membros dever\u00e3o ter t\u00edtulo de doutor, sendo que pelo menos um deles dever\u00e1 ser externo ao Programa.\u00a0<\/span><\/p>\n<p style=\"text-align: justify;\"><span style=\"font-family: georgia, palatino, serif; font-size: 12pt; color: #000000;\"><em><strong>Orienta\u00e7\u00f5es para agendamento da defesa<\/strong><\/em><\/span><\/p>\n<p style=\"text-align: justify;\"><span style=\"color: #000000; font-size: 12pt; font-family: georgia, palatino, serif;\">Enviar a secretaria do Programa, os documentos abaixo, com <strong>anteced\u00eancia de pelo menos 15 dias da data marcada para a defesa:<\/strong><\/span><\/p>\n<ul style=\"text-align: justify;\">\n<li><span style=\"color: #000000; font-size: 12pt; font-family: georgia, palatino, serif;\">Formul\u00e1rio de nomea\u00e7\u00e3o de banca, dispon\u00edvel a seguir <em>(<span style=\"color: #0000ff;\"><a style=\"color: #0000ff;\" href=\"https:\/\/wp.ufpel.edu.br\/ppgbiotec\/files\/2023\/05\/Nomeacao-de-banca-retificacao.docx\" target=\"_blank\" rel=\"noopener\">Nomea\u00e7\u00e3o-de-banca <\/a><\/span>), <\/em>com todas as informa\u00e7\u00f5es preenchidas e assinado pelo(a) orientador(a);<\/span><\/li>\n<li><span style=\"color: #000000; font-size: 12pt; font-family: georgia, palatino, serif;\">Disserta\u00e7\u00e3o (em <em>.pdf<\/em>).<\/span><\/li>\n<\/ul>\n<p style=\"text-align: justify;\"><span style=\"color: #000000; font-family: georgia, palatino, serif; font-size: 12pt;\">Ap\u00f3s o envio dos documentos, o Programa encaminhar\u00e1 para aprecia\u00e7\u00e3o e parecer do relator e do colegiado.<\/span><\/p>\n<p style=\"text-align: justify;\"><span style=\"color: #000000; font-family: georgia, palatino, serif; font-size: 12pt;\">Ap\u00f3s autoriza\u00e7\u00e3o da defesa pelo relator e pelo colegiado, o Programa encaminhar\u00e1 por e-mail, para os membros da banca, o convite, a disserta\u00e7\u00e3o e a portaria interna e caso necess\u00e1rio, o termo de sigilo.<\/span><\/p>\n<p><span style=\"font-family: georgia, palatino, serif; color: #000000; font-size: 12pt;\"><strong><em>Modelos de documentos e informa\u00e7\u00f5es<\/em><\/strong><\/span><\/p>\n<p style=\"text-align: justify;\"><span style=\"font-family: georgia, palatino, serif; font-size: 12pt; color: #000000;\"><a style=\"color: #000000;\" href=\"https:\/\/wp.ufpel.edu.br\/ppgbiotec\/files\/2024\/03\/SEI_UFPel-2431832-Memorando-Circular.pdf\" target=\"_blank\" rel=\"noopener\">Memorando-Circular &#8211; Atualiza\u00e7\u00e3o do Manual de normas UFPel para trabalhos acad\u00eamicos <\/a> <\/span><\/p>\n<p style=\"text-align: justify;\"><span style=\"font-family: georgia, palatino, serif; font-size: 12pt; color: #000000;\"><a style=\"color: #000000;\" href=\"https:\/\/wp.ufpel.edu.br\/ppgbiotec\/files\/2024\/03\/Manual-versao-final-novembro-1.pdf\" target=\"_blank\" rel=\"noopener\">Manual de normas UFPel para trabalhos acad\u00eamicos<\/a><\/span><\/p>\n<p><span style=\"color: #000000; font-family: georgia, palatino, serif; font-size: 12pt;\"><a style=\"color: #000000;\" href=\"https:\/\/wp.ufpel.edu.br\/ppgbiotec\/files\/2021\/04\/CONCEA_recomendacao.pdf\">Recomenda\u00e7\u00e3o do Conselho Nacional de Controle de Experimenta\u00e7\u00e3o Animal\u00a0<\/a><\/span><\/p>\n<p><span style=\"color: #000000; font-family: georgia, palatino, serif; font-size: 12pt;\"><a style=\"color: #000000;\" href=\"https:\/\/wp.ufpel.edu.br\/ppgbiotec\/files\/2021\/04\/Portaria_CAPES_DOU_206_de_2018.pdf\">Portaria CAPES n\u00ba 206, de 4 de setembro de 2018 &#8211; Obrigatoriedade de cita\u00e7\u00e3o da CAPES e CNPq<\/a><\/span><\/p>\n","protected":false},"excerpt":{"rendered":"<p>Para solicitar a defesa da disserta\u00e7\u00e3o, o(a) aluno(a) dever\u00e1 ter cumprido os seguintes pr\u00e9-requisitos, conforme o regimento: I. estar matriculado(a) no Programa h\u00e1 pelo menos 12 meses; II. ter completado pelo menos 20 cr\u00e9ditos; III. encaminhar solicita\u00e7\u00e3o de defesa, com a autoriza\u00e7\u00e3o do(a) orientador(a) e parecer substanciado da comiss\u00e3o de acompanhamento, constando de sugest\u00e3o de [&hellip;]<\/p>\n","protected":false},"author":735,"featured_media":0,"parent":0,"menu_order":8,"comment_status":"closed","ping_status":"closed","template":"","meta":{"jetpack_post_was_ever_published":false,"footnotes":""},"class_list":["post-601","page","type-page","status-publish","hentry"],"jetpack_sharing_enabled":true,"_links":{"self":[{"href":"https:\/\/wp.ufpel.edu.br\/ppgbiotec\/wp-json\/wp\/v2\/pages\/601","targetHints":{"allow":["GET"]}}],"collection":[{"href":"https:\/\/wp.ufpel.edu.br\/ppgbiotec\/wp-json\/wp\/v2\/pages"}],"about":[{"href":"https:\/\/wp.ufpel.edu.br\/ppgbiotec\/wp-json\/wp\/v2\/types\/page"}],"author":[{"embeddable":true,"href":"https:\/\/wp.ufpel.edu.br\/ppgbiotec\/wp-json\/wp\/v2\/users\/735"}],"replies":[{"embeddable":true,"href":"https:\/\/wp.ufpel.edu.br\/ppgbiotec\/wp-json\/wp\/v2\/comments?post=601"}],"version-history":[{"count":4,"href":"https:\/\/wp.ufpel.edu.br\/ppgbiotec\/wp-json\/wp\/v2\/pages\/601\/revisions"}],"predecessor-version":[{"id":11894,"href":"https:\/\/wp.ufpel.edu.br\/ppgbiotec\/wp-json\/wp\/v2\/pages\/601\/revisions\/11894"}],"wp:attachment":[{"href":"https:\/\/wp.ufpel.edu.br\/ppgbiotec\/wp-json\/wp\/v2\/media?parent=601"}],"curies":[{"name":"wp","href":"https:\/\/api.w.org\/{rel}","templated":true}]}}