{"id":5834,"date":"2021-03-26T22:40:17","date_gmt":"2021-03-27T01:40:17","guid":{"rendered":"https:\/\/wp.ufpel.edu.br\/ppgbiotec\/?page_id=5834"},"modified":"2021-03-26T22:40:17","modified_gmt":"2021-03-27T01:40:17","slug":"acompanhamento-egresso","status":"publish","type":"page","link":"https:\/\/wp.ufpel.edu.br\/ppgbiotec\/acompanhamento-egresso\/","title":{"rendered":"Acompanhamento egresso"},"content":{"rendered":"<p style=\"text-align: center\"><span style=\"color: #000000\"><strong>Atua\u00e7\u00e3o atual dos egressos (2013-2018) do Programa de P\u00f3s-Gradua\u00e7\u00e3o em Biotecnologia<\/strong><\/span><\/p>\n<p><span style=\"color: #000000\"><img data-attachment-id=\"4255\" data-permalink=\"https:\/\/wp.ufpel.edu.br\/ppgbiotec\/sem-titulo-25\/\" data-orig-file=\"https:\/\/wp.ufpel.edu.br\/ppgbiotec\/files\/2019\/08\/Sem-t\u00edtulo.jpg\" data-orig-size=\"672,408\" data-comments-opened=\"0\" data-image-meta=\"{&quot;aperture&quot;:&quot;0&quot;,&quot;credit&quot;:&quot;&quot;,&quot;camera&quot;:&quot;&quot;,&quot;caption&quot;:&quot;&quot;,&quot;created_timestamp&quot;:&quot;0&quot;,&quot;copyright&quot;:&quot;&quot;,&quot;focal_length&quot;:&quot;0&quot;,&quot;iso&quot;:&quot;0&quot;,&quot;shutter_speed&quot;:&quot;0&quot;,&quot;title&quot;:&quot;&quot;,&quot;orientation&quot;:&quot;0&quot;}\" data-image-title=\"Sem t\u00edtulo\" data-image-description=\"\" data-image-caption=\"\" data-medium-file=\"https:\/\/wp.ufpel.edu.br\/ppgbiotec\/files\/2019\/08\/Sem-t\u00edtulo-400x243.jpg\" data-large-file=\"https:\/\/wp.ufpel.edu.br\/ppgbiotec\/files\/2019\/08\/Sem-t\u00edtulo.jpg\" class=\"wp-image-4255 alignleft\" src=\"https:\/\/wp.ufpel.edu.br\/ppgbiotec\/files\/2019\/08\/Sem-t\u00edtulo-400x243.jpg\" alt=\"\" width=\"513\" height=\"312\" srcset=\"https:\/\/wp.ufpel.edu.br\/ppgbiotec\/files\/2019\/08\/Sem-t\u00edtulo-400x243.jpg 400w, https:\/\/wp.ufpel.edu.br\/ppgbiotec\/files\/2019\/08\/Sem-t\u00edtulo.jpg 672w\" sizes=\"(max-width: 513px) 100vw, 513px\" \/><\/span><\/p>\n<p><span style=\"color: #000000\"><img data-attachment-id=\"4256\" data-permalink=\"https:\/\/wp.ufpel.edu.br\/ppgbiotec\/2\/\" data-orig-file=\"https:\/\/wp.ufpel.edu.br\/ppgbiotec\/files\/2019\/08\/2.jpg\" data-orig-size=\"693,407\" data-comments-opened=\"0\" data-image-meta=\"{&quot;aperture&quot;:&quot;0&quot;,&quot;credit&quot;:&quot;&quot;,&quot;camera&quot;:&quot;&quot;,&quot;caption&quot;:&quot;&quot;,&quot;created_timestamp&quot;:&quot;0&quot;,&quot;copyright&quot;:&quot;&quot;,&quot;focal_length&quot;:&quot;0&quot;,&quot;iso&quot;:&quot;0&quot;,&quot;shutter_speed&quot;:&quot;0&quot;,&quot;title&quot;:&quot;&quot;,&quot;orientation&quot;:&quot;0&quot;}\" data-image-title=\"2\" data-image-description=\"\" data-image-caption=\"\" data-medium-file=\"https:\/\/wp.ufpel.edu.br\/ppgbiotec\/files\/2019\/08\/2-400x235.jpg\" data-large-file=\"https:\/\/wp.ufpel.edu.br\/ppgbiotec\/files\/2019\/08\/2.jpg\" class=\"wp-image-4256 aligncenter\" src=\"https:\/\/wp.ufpel.edu.br\/ppgbiotec\/files\/2019\/08\/2-400x235.jpg\" alt=\"\" width=\"545\" height=\"320\" srcset=\"https:\/\/wp.ufpel.edu.br\/ppgbiotec\/files\/2019\/08\/2-400x235.jpg 400w, https:\/\/wp.ufpel.edu.br\/ppgbiotec\/files\/2019\/08\/2.jpg 693w\" sizes=\"(max-width: 545px) 100vw, 545px\" \/><\/span><\/p>\n<p>&nbsp;<\/p>\n<p><span style=\"color: #000000\">*(m\u00e9dicos, advogados, funcion\u00e1rios e atividade n\u00e3o informada)<\/span><\/p>\n<p><em><span style=\"font-size: 10pt\">Atualizada em 16\/07\/2019<\/span><\/em><\/p>\n","protected":false},"excerpt":{"rendered":"<p>Atua\u00e7\u00e3o atual dos egressos (2013-2018) do Programa de P\u00f3s-Gradua\u00e7\u00e3o em Biotecnologia &nbsp; *(m\u00e9dicos, advogados, funcion\u00e1rios e atividade n\u00e3o informada) Atualizada em 16\/07\/2019<\/p>\n","protected":false},"author":735,"featured_media":0,"parent":0,"menu_order":0,"comment_status":"closed","ping_status":"closed","template":"","meta":{"jetpack_post_was_ever_published":false,"footnotes":""},"class_list":["post-5834","page","type-page","status-publish","hentry"],"jetpack_sharing_enabled":true,"_links":{"self":[{"href":"https:\/\/wp.ufpel.edu.br\/ppgbiotec\/wp-json\/wp\/v2\/pages\/5834","targetHints":{"allow":["GET"]}}],"collection":[{"href":"https:\/\/wp.ufpel.edu.br\/ppgbiotec\/wp-json\/wp\/v2\/pages"}],"about":[{"href":"https:\/\/wp.ufpel.edu.br\/ppgbiotec\/wp-json\/wp\/v2\/types\/page"}],"author":[{"embeddable":true,"href":"https:\/\/wp.ufpel.edu.br\/ppgbiotec\/wp-json\/wp\/v2\/users\/735"}],"replies":[{"embeddable":true,"href":"https:\/\/wp.ufpel.edu.br\/ppgbiotec\/wp-json\/wp\/v2\/comments?post=5834"}],"version-history":[{"count":1,"href":"https:\/\/wp.ufpel.edu.br\/ppgbiotec\/wp-json\/wp\/v2\/pages\/5834\/revisions"}],"predecessor-version":[{"id":5836,"href":"https:\/\/wp.ufpel.edu.br\/ppgbiotec\/wp-json\/wp\/v2\/pages\/5834\/revisions\/5836"}],"wp:attachment":[{"href":"https:\/\/wp.ufpel.edu.br\/ppgbiotec\/wp-json\/wp\/v2\/media?parent=5834"}],"curies":[{"name":"wp","href":"https:\/\/api.w.org\/{rel}","templated":true}]}}