{"id":577,"date":"2017-04-17T12:14:43","date_gmt":"2017-04-17T15:14:43","guid":{"rendered":"https:\/\/wp.ufpel.edu.br\/ppgbiotec\/?page_id=577"},"modified":"2019-07-31T15:14:08","modified_gmt":"2019-07-31T18:14:08","slug":"matricula-aluno-regular","status":"publish","type":"page","link":"https:\/\/wp.ufpel.edu.br\/ppgbiotec\/matricula-aluno-regular\/","title":{"rendered":"Matr\u00edcula- Aluno regular"},"content":{"rendered":"<p style=\"text-align: justify\"><span style=\"color: #000000\">O candidato dever\u00e1 matricular-se no primeiro per\u00edodo letivo ap\u00f3s sua sele\u00e7\u00e3o, sob pena de cancelamento de sua admiss\u00e3o.<\/span><br \/>\n<span style=\"color: #000000\"> Em cada semestre, na \u00e9poca fixada pelo calend\u00e1rio oficial do Programa, o aluno dever\u00e1 requerer sua matr\u00edcula.<\/span><\/p>\n<p style=\"text-align: justify\"><span style=\"color: #000000\"><a style=\"color: #000000\" href=\"https:\/\/wp.ufpel.edu.br\/ppgbiotec\/files\/2017\/04\/Formulario-de-matr\u00edcula-aluno-regular-1.doc\">Formul\u00e1rio &#8211; Matr\u00edcula aluno regular<\/a><\/span><\/p>\n<p style=\"text-align: left\">\n","protected":false},"excerpt":{"rendered":"<p>O candidato dever\u00e1 matricular-se no primeiro per\u00edodo letivo ap\u00f3s sua sele\u00e7\u00e3o, sob pena de cancelamento de sua admiss\u00e3o. Em cada semestre, na \u00e9poca fixada pelo calend\u00e1rio oficial do Programa, o aluno dever\u00e1 requerer sua matr\u00edcula. Formul\u00e1rio &#8211; Matr\u00edcula aluno regular<\/p>\n","protected":false},"author":735,"featured_media":0,"parent":0,"menu_order":1,"comment_status":"closed","ping_status":"closed","template":"","meta":{"jetpack_post_was_ever_published":false,"footnotes":""},"class_list":["post-577","page","type-page","status-publish","hentry"],"jetpack_sharing_enabled":true,"_links":{"self":[{"href":"https:\/\/wp.ufpel.edu.br\/ppgbiotec\/wp-json\/wp\/v2\/pages\/577","targetHints":{"allow":["GET"]}}],"collection":[{"href":"https:\/\/wp.ufpel.edu.br\/ppgbiotec\/wp-json\/wp\/v2\/pages"}],"about":[{"href":"https:\/\/wp.ufpel.edu.br\/ppgbiotec\/wp-json\/wp\/v2\/types\/page"}],"author":[{"embeddable":true,"href":"https:\/\/wp.ufpel.edu.br\/ppgbiotec\/wp-json\/wp\/v2\/users\/735"}],"replies":[{"embeddable":true,"href":"https:\/\/wp.ufpel.edu.br\/ppgbiotec\/wp-json\/wp\/v2\/comments?post=577"}],"version-history":[{"count":9,"href":"https:\/\/wp.ufpel.edu.br\/ppgbiotec\/wp-json\/wp\/v2\/pages\/577\/revisions"}],"predecessor-version":[{"id":3692,"href":"https:\/\/wp.ufpel.edu.br\/ppgbiotec\/wp-json\/wp\/v2\/pages\/577\/revisions\/3692"}],"wp:attachment":[{"href":"https:\/\/wp.ufpel.edu.br\/ppgbiotec\/wp-json\/wp\/v2\/media?parent=577"}],"curies":[{"name":"wp","href":"https:\/\/api.w.org\/{rel}","templated":true}]}}