{"id":5709,"date":"2021-03-26T18:45:12","date_gmt":"2021-03-26T21:45:12","guid":{"rendered":"https:\/\/wp.ufpel.edu.br\/ppgbiotec\/?page_id=5709"},"modified":"2021-03-26T18:45:12","modified_gmt":"2021-03-26T21:45:12","slug":"apoio-suporte","status":"publish","type":"page","link":"https:\/\/wp.ufpel.edu.br\/ppgbiotec\/infraestrutura\/apoio-suporte\/","title":{"rendered":"Apoio\/Suporte"},"content":{"rendered":"<p><span style=\"color: #000000\">Infraestrutura de <strong>apoio e suporte<\/strong><\/span><\/p>\n<ul>\n<li><span style=\"color: #000000\"><a style=\"color: #000000\" href=\"https:\/\/wp.ufpel.edu.br\/ppgbiotec\/infraestrutura\/sala-do-ultrafreezer\" target=\"_blank\" rel=\"noopener noreferrer\">Sala do Ultrafreezer<\/a><\/span><\/li>\n<li><span style=\"color: #000000\"><a style=\"color: #000000\" href=\"https:\/\/wp.ufpel.edu.br\/ppgbiotec\/infraestrutura\/sala-de-equipamentos\" target=\"_blank\" rel=\"noopener noreferrer\">Sala de Equipamentos<\/a><\/span><\/li>\n<li><span style=\"color: #000000\"><a style=\"color: #000000\" href=\"https:\/\/wp.ufpel.edu.br\/ppgbiotec\/infraestrutura\/sala-de-esterilizacao-predio-19\" target=\"_blank\" rel=\"noopener noreferrer\">Sala de Esteriliza\u00e7\u00e3o pr\u00e9dio 19<\/a><\/span><\/li>\n<li><span style=\"color: #000000\"><a style=\"color: #000000\" href=\"https:\/\/wp.ufpel.edu.br\/ppgbiotec\/infraestrutura\/sala-de-esterilizacao-predio-20\" target=\"_blank\" rel=\"noopener noreferrer\">Sala de Esteriliza\u00e7\u00e3o pr\u00e9dio 20<\/a><\/span><\/li>\n<\/ul>\n","protected":false},"excerpt":{"rendered":"<p>Infraestrutura de apoio e suporte Sala do Ultrafreezer Sala de Equipamentos Sala de Esteriliza\u00e7\u00e3o pr\u00e9dio 19 Sala de Esteriliza\u00e7\u00e3o pr\u00e9dio 20<\/p>\n","protected":false},"author":735,"featured_media":0,"parent":3551,"menu_order":3,"comment_status":"closed","ping_status":"closed","template":"","meta":{"jetpack_post_was_ever_published":false,"footnotes":""},"class_list":["post-5709","page","type-page","status-publish","hentry"],"jetpack_sharing_enabled":true,"_links":{"self":[{"href":"https:\/\/wp.ufpel.edu.br\/ppgbiotec\/wp-json\/wp\/v2\/pages\/5709","targetHints":{"allow":["GET"]}}],"collection":[{"href":"https:\/\/wp.ufpel.edu.br\/ppgbiotec\/wp-json\/wp\/v2\/pages"}],"about":[{"href":"https:\/\/wp.ufpel.edu.br\/ppgbiotec\/wp-json\/wp\/v2\/types\/page"}],"author":[{"embeddable":true,"href":"https:\/\/wp.ufpel.edu.br\/ppgbiotec\/wp-json\/wp\/v2\/users\/735"}],"replies":[{"embeddable":true,"href":"https:\/\/wp.ufpel.edu.br\/ppgbiotec\/wp-json\/wp\/v2\/comments?post=5709"}],"version-history":[{"count":1,"href":"https:\/\/wp.ufpel.edu.br\/ppgbiotec\/wp-json\/wp\/v2\/pages\/5709\/revisions"}],"predecessor-version":[{"id":5711,"href":"https:\/\/wp.ufpel.edu.br\/ppgbiotec\/wp-json\/wp\/v2\/pages\/5709\/revisions\/5711"}],"up":[{"embeddable":true,"href":"https:\/\/wp.ufpel.edu.br\/ppgbiotec\/wp-json\/wp\/v2\/pages\/3551"}],"wp:attachment":[{"href":"https:\/\/wp.ufpel.edu.br\/ppgbiotec\/wp-json\/wp\/v2\/media?parent=5709"}],"curies":[{"name":"wp","href":"https:\/\/api.w.org\/{rel}","templated":true}]}}