{"id":5706,"date":"2021-03-26T18:42:49","date_gmt":"2021-03-26T21:42:49","guid":{"rendered":"https:\/\/wp.ufpel.edu.br\/ppgbiotec\/?page_id=5706"},"modified":"2024-04-02T20:31:26","modified_gmt":"2024-04-02T23:31:26","slug":"pesquisa","status":"publish","type":"page","link":"https:\/\/wp.ufpel.edu.br\/ppgbiotec\/infraestrutura\/pesquisa\/","title":{"rendered":"Pesquisa"},"content":{"rendered":"<p><span style=\"color: #000000;\">Infraestrutura de <strong>Pesquisa<\/strong><\/span><\/p>\n<ul>\n<li><span style=\"color: #000000; font-family: georgia, palatino, serif; font-size: 12pt;\"><a style=\"color: #000000;\" href=\"https:\/\/wp.ufpel.edu.br\/ppgbiotec\/infraestrutura\/pesquisa\/laboratorio-de-biotecnologia-do-cancer\" target=\"_blank\" rel=\"noopener noreferrer\">Laborat\u00f3rio Biotecnologia do C\u00e2ncer<\/a><\/span><\/li>\n<li><span style=\"color: #000000; font-family: georgia, palatino, serif; font-size: 12pt;\"><a style=\"color: #000000;\" href=\"https:\/\/wp.ufpel.edu.br\/ppgbiotec\/infraestrutura\/pesquisa\/laboratorio-de-bacteriologia-e-bioensaios\" target=\"_blank\" rel=\"noopener noreferrer\">Laborat\u00f3rio de Bacteriologia e Bioensaios\u00a0<\/a><\/span><\/li>\n<li><span style=\"color: #000000; font-family: georgia, palatino, serif; font-size: 12pt;\"><a style=\"color: #000000;\" href=\"https:\/\/wp.ufpel.edu.br\/ppgbiotec\/infraestrutura\/pesquisa\/laboratorio-de-bioinformatica-e-proteomica\" target=\"_blank\" rel=\"noopener noreferrer\">Laborat\u00f3rio de Bioinform\u00e1tica e Prote\u00f4mica<\/a><\/span><\/li>\n<li><span style=\"color: #000000; font-family: georgia, palatino, serif; font-size: 12pt;\"><a style=\"color: #000000;\" href=\"https:\/\/wp.ufpel.edu.br\/ppgbiotec\/infraestrutura\/laboratorio-de-biopolimeros\" target=\"_blank\" rel=\"noopener noreferrer\">Laborat\u00f3rio de Biopol\u00edmeros<\/a><\/span><\/li>\n<li><span style=\"font-family: georgia, palatino, serif; font-size: 12pt; color: #000000;\"><a style=\"color: #000000;\" href=\"https:\/\/wp.ufpel.edu.br\/ppgbiotec\/infraestrutura\/laboratorio-de-doencas-infecto-parasitaria\" target=\"_blank\" rel=\"noopener noreferrer\">Laborat\u00f3rio de Biotecnologia Infecto-Parasit\u00e1ria<\/a><\/span><\/li>\n<li><span style=\"font-family: georgia, palatino, serif; font-size: 12pt; color: #000000;\">Laborat\u00f3rio de\u00a0 Biotecnologia Vegetal<\/span><\/li>\n<li><span style=\"color: #000000; font-family: georgia, palatino, serif; font-size: 12pt;\"><a style=\"color: #000000;\" href=\"https:\/\/wp.ufpel.edu.br\/ppgbiotec\/infraestrutura\/laboratorio-de-biotecnologia-de-graos-frutosas-e-hortalicas\" target=\"_blank\" rel=\"noopener noreferrer\">Laborat\u00f3rio de Biotecnologia de gr\u00e3os, frutos(as) e hortali\u00e7as<\/a><\/span><\/li>\n<li><span style=\"color: #000000; font-family: georgia, palatino, serif; font-size: 12pt;\"><a style=\"color: #000000;\" href=\"https:\/\/wp.ufpel.edu.br\/ppgbiotec\/infraestrutura\/pesquisa\/centro-de-genomica-e-fitomelhoramento\" target=\"_blank\" rel=\"noopener noreferrer\">Laborat\u00f3rio do Centro de Gen\u00f4mica e Fitomelhoramento\u00a0<\/a><\/span><\/li>\n<li><span style=\"color: #000000; font-family: georgia, palatino, serif; font-size: 12pt;\"><a style=\"color: #000000;\" href=\"https:\/\/wp.ufpel.edu.br\/ppgbiotec\/infraestrutura\/laboratorio-de-genomica-estrutural\" target=\"_blank\" rel=\"noopener noreferrer\">Laborat\u00f3rio de Gen\u00f4mica Estrutural<\/a><\/span><\/li>\n<li><span style=\"color: #000000; font-family: georgia, palatino, serif; font-size: 12pt;\"><a style=\"color: #000000;\" href=\"https:\/\/wp.ufpel.edu.br\/ppgbiotec\/infraestrutura\/laboratorio-de-imunologia-aplicada\" target=\"_blank\" rel=\"noopener noreferrer\">Laborat\u00f3rio de Imunologia Aplicada <\/a>\u00a0<span style=\"font-size: 10pt;\">(atualizado em 02\/04\/2024)<\/span><\/span><\/li>\n<li><span style=\"color: #000000; font-family: georgia, palatino, serif; font-size: 12pt;\"><a style=\"color: #000000;\" href=\"https:\/\/wp.ufpel.edu.br\/ppgbiotec\/infraestrutura\/laboratorio-de-microbiologia\" target=\"_blank\" rel=\"noopener noreferrer\">Laborat\u00f3rio de Microbiologia<\/a><\/span><\/li>\n<li><span style=\"font-family: georgia, palatino, serif; font-size: 12pt; color: #000000;\">Laborat\u00f3rio de Microbiologia de Alimentos<\/span><\/li>\n<li><span style=\"color: #000000; font-family: georgia, palatino, serif; font-size: 12pt;\"><a style=\"color: #000000;\" href=\"https:\/\/wp.ufpel.edu.br\/ppgbiotec\/infraestrutura\/laboratorio-de-neurobiotecnologia\" target=\"_blank\" rel=\"noopener noreferrer\">Laborat\u00f3rio de Neurobiotecnologia<\/a><\/span><\/li>\n<li><span style=\"color: #000000; font-family: georgia, palatino, serif; font-size: 12pt;\"><a style=\"color: #000000;\" href=\"https:\/\/wp.ufpel.edu.br\/ppgbiotec\/infraestrutura\/pesquisa\/laboratorio-de-nutrigenomica-e-metabologia\">Laborat\u00f3rio de Nutrigen\u00f4mica e Metabologia<\/a><\/span><\/li>\n<li><span style=\"color: #000000; font-family: georgia, palatino, serif; font-size: 12pt;\"><a style=\"color: #000000;\" href=\"https:\/\/wp.ufpel.edu.br\/ppgbiotec\/infraestrutura\/laboratorio-de-pesquisa-em-doencas-infecciosas\" target=\"_blank\" rel=\"noopener noreferrer\">Laborat\u00f3rio de Pesquisa em Doen\u00e7as Infecciosas<\/a><\/span><\/li>\n<li><span style=\"color: #000000; font-family: georgia, palatino, serif; font-size: 12pt;\"><a style=\"color: #000000;\" href=\"https:\/\/wp.ufpel.edu.br\/ppgbiotec\/infraestrutura\/laboratorio-de-sintese-organica-limpa\" target=\"_blank\" rel=\"noopener noreferrer\">Laborat\u00f3rio de S\u00edntese Org\u00e2nica Limpa<\/a><\/span><\/li>\n<li><span style=\"font-family: georgia, palatino, serif; font-size: 12pt; color: #000000;\">Laborat\u00f3rio de Tecnologia de Bioprocessos<\/span><\/li>\n<li><span style=\"color: #000000; font-family: georgia, palatino, serif; font-size: 12pt;\"><a style=\"color: #000000;\" href=\"https:\/\/wp.ufpel.edu.br\/ppgbiotec\/infraestrutura\/laboratorio-de-vacinologia\" target=\"_blank\" rel=\"noopener noreferrer\">Laborat\u00f3rio de Vacinologia<\/a>\u00a0 \u00a0<span style=\"font-size: 10pt;\">(atualizado em 27\/12\/2023)<\/span><\/span><\/li>\n<li><span style=\"color: #000000; font-family: georgia, palatino, serif; font-size: 12pt;\"><a style=\"color: #000000;\" href=\"https:\/\/wp.ufpel.edu.br\/ppgbiotec\/infraestrutura\/nucleo-de-ensino-e-pesquisa-em-reproducao-animal\" target=\"_blank\" rel=\"noopener noreferrer\">Laborat\u00f3rio do N\u00facleo de Ensino e Pesquisa em Reprodu\u00e7\u00e3o Animal<\/a><\/span><\/li>\n<li><span style=\"color: #000000; font-family: georgia, palatino, serif; font-size: 12pt;\"><a style=\"color: #000000;\" href=\"https:\/\/wp.ufpel.edu.br\/ppgbiotec\/infraestrutura\/laboratorios-nucleo-de-pesquisa-ensino-extensao-em-pecuaria\" target=\"_blank\" rel=\"noopener noreferrer\">Laborat\u00f3rio do N\u00facleo de Pesquisa, Ensino, Extens\u00e3o em Pecu\u00e1ria<\/a><\/span><\/li>\n<li><span style=\"color: #000000; font-family: georgia, palatino, serif; font-size: 12pt;\"><a style=\"color: #000000;\" href=\"https:\/\/wp.ufpel.edu.br\/ppgbiotec\/infraestrutura\/laboratorio-profa-dra-claudia-hartleben\" target=\"_blank\" rel=\"noopener noreferrer\">Laborat\u00f3rio Profa. Dra. Claudia Hartleben<\/a><\/span><\/li>\n<li><span style=\"font-family: georgia, palatino, serif; font-size: 12pt; color: #000000;\">Unidade de Diagn\u00f3stico Molecular &#8211; Hospital Universit\u00e1rio<\/span><\/li>\n<\/ul>\n<p>&nbsp;<\/p>\n<ul>\n<li><strong style=\"color: #000000;\">Documentos relacionados:<\/strong><\/li>\n<\/ul>\n<p><span style=\"color: #000000;\"><a style=\"color: #000000;\" href=\"https:\/\/wp.ufpel.edu.br\/ppgbiotec\/files\/2019\/07\/Regimento-Geral-dos-Laboart%C3%B3rios-de-Ensino_-Pesquisa-e-Extens%C3%A3o-da-UFPel.pdf\">Regimento Geral dos Laborat\u00f3rios de Ensino, Pesquisa e Extens\u00e3o da UFPel<\/a><\/span><\/p>\n<p><span style=\"color: #000000;\"><a style=\"color: #000000;\" href=\"https:\/\/wp.ufpel.edu.br\/ppgbiotec\/files\/2019\/07\/Seguran%C3%A7a-laboratorial.pdf\">Seguran\u00e7a laboratorial<\/a><\/span><\/p>\n<p><span style=\"color: #000000;\"><a style=\"color: #000000;\" href=\"https:\/\/wp.ufpel.edu.br\/ppgbiotec\/files\/2019\/07\/Plano-de-Gerenciamento-de-Res%C3%ADduos-Perigosos-da-Biotecnologia-2019-2020.pdf\">Plano de Gerenciamento de Res\u00edduos Perigosos da Biotecnologia 2019-2020<\/a><\/span><\/p>\n<p><span style=\"color: #000000;\"><a style=\"color: #000000;\" href=\"https:\/\/wp.ufpel.edu.br\/ppgbiotec\/files\/2019\/07\/Cadastro-bolsistas-e-estagi%C3%A1rios.pdf\">Cadastro-bolsistas-e-estagi\u00e1rios<\/a><\/span><\/p>\n","protected":false},"excerpt":{"rendered":"<p>Infraestrutura de Pesquisa Laborat\u00f3rio Biotecnologia do C\u00e2ncer Laborat\u00f3rio de Bacteriologia e Bioensaios\u00a0 Laborat\u00f3rio de Bioinform\u00e1tica e Prote\u00f4mica Laborat\u00f3rio de Biopol\u00edmeros Laborat\u00f3rio de Biotecnologia Infecto-Parasit\u00e1ria Laborat\u00f3rio de\u00a0 Biotecnologia Vegetal Laborat\u00f3rio de Biotecnologia de gr\u00e3os, frutos(as) e hortali\u00e7as Laborat\u00f3rio do Centro de Gen\u00f4mica e Fitomelhoramento\u00a0 Laborat\u00f3rio de Gen\u00f4mica Estrutural Laborat\u00f3rio de Imunologia Aplicada \u00a0(atualizado em 02\/04\/2024) Laborat\u00f3rio [&hellip;]<\/p>\n","protected":false},"author":735,"featured_media":0,"parent":3551,"menu_order":1,"comment_status":"closed","ping_status":"closed","template":"","meta":{"jetpack_post_was_ever_published":false,"footnotes":""},"class_list":["post-5706","page","type-page","status-publish","hentry"],"jetpack_sharing_enabled":true,"_links":{"self":[{"href":"https:\/\/wp.ufpel.edu.br\/ppgbiotec\/wp-json\/wp\/v2\/pages\/5706","targetHints":{"allow":["GET"]}}],"collection":[{"href":"https:\/\/wp.ufpel.edu.br\/ppgbiotec\/wp-json\/wp\/v2\/pages"}],"about":[{"href":"https:\/\/wp.ufpel.edu.br\/ppgbiotec\/wp-json\/wp\/v2\/types\/page"}],"author":[{"embeddable":true,"href":"https:\/\/wp.ufpel.edu.br\/ppgbiotec\/wp-json\/wp\/v2\/users\/735"}],"replies":[{"embeddable":true,"href":"https:\/\/wp.ufpel.edu.br\/ppgbiotec\/wp-json\/wp\/v2\/comments?post=5706"}],"version-history":[{"count":12,"href":"https:\/\/wp.ufpel.edu.br\/ppgbiotec\/wp-json\/wp\/v2\/pages\/5706\/revisions"}],"predecessor-version":[{"id":9884,"href":"https:\/\/wp.ufpel.edu.br\/ppgbiotec\/wp-json\/wp\/v2\/pages\/5706\/revisions\/9884"}],"up":[{"embeddable":true,"href":"https:\/\/wp.ufpel.edu.br\/ppgbiotec\/wp-json\/wp\/v2\/pages\/3551"}],"wp:attachment":[{"href":"https:\/\/wp.ufpel.edu.br\/ppgbiotec\/wp-json\/wp\/v2\/media?parent=5706"}],"curies":[{"name":"wp","href":"https:\/\/api.w.org\/{rel}","templated":true}]}}