{"id":5658,"date":"2021-03-15T19:18:39","date_gmt":"2021-03-15T22:18:39","guid":{"rendered":"https:\/\/wp.ufpel.edu.br\/ppgbiotec\/?page_id=5658"},"modified":"2021-08-09T15:17:11","modified_gmt":"2021-08-09T18:17:11","slug":"blog-omixdata","status":"publish","type":"page","link":"https:\/\/wp.ufpel.edu.br\/ppgbiotec\/insercao-social\/blog-omixdata\/","title":{"rendered":"Blog &#8220;Omixdata&#8221;"},"content":{"rendered":"<div class=\"row u-paddingTop10\">\n<div class=\"col\">\n<div class=\"infoCard u-clearfix js-infoCardCollection infoCard--padded\">\n<div class=\"infoCard-info \">\n<div style=\"text-align: center\"><img class=\"aligncenter\" src=\"https:\/\/wp.ufpel.edu.br\/ppgbiotec\/files\/2021\/03\/download.jpg\" alt=\"\" width=\"301\" height=\"114\" \/><span style=\"color: #000000\">Acesse<span style=\"color: #0000ff\"> <strong><a style=\"color: #0000ff\" href=\"https:\/\/medium.com\/omixdata\">aqui<\/a><\/strong><\/span>!<\/span><\/div>\n<p style=\"text-align: justify\"><span style=\"color: #000000\">O blog &#8220;<strong>Omixdata<\/strong>&#8221; &#8211; Biotecnologia, bioinform\u00e1tica e aprendizagem de m\u00e1quina foi criado pelo Prof. Dr. Frederico Kremer,\u00a0 com o objetivo de atender uma escassez de material sobre bioinform\u00e1tica em portugu\u00eas, sobretudo em rela\u00e7\u00e3o a quest\u00f5es mais pr\u00e1ticas, como protocolos de an\u00e1lise de dados e uso de ferramentas especializadas.<\/span><\/p>\n<div style=\"text-align: justify\"><\/div>\n<div style=\"text-align: justify\"><span style=\"color: #000000\">No blog \u00e9 compartilhando assuntos\u00a0 nas mais diversas \u00e1reas da bioinform\u00e1tica e biotecnologia.<\/span><\/div>\n<div><\/div>\n<div><\/div>\n<div style=\"text-align: justify\"><\/div>\n<\/div>\n<\/div>\n<\/div>\n<\/div>\n","protected":false},"excerpt":{"rendered":"<p>Acesse aqui! O blog &#8220;Omixdata&#8221; &#8211; Biotecnologia, bioinform\u00e1tica e aprendizagem de m\u00e1quina foi criado pelo Prof. Dr. Frederico Kremer,\u00a0 com o objetivo de atender uma escassez de material sobre bioinform\u00e1tica em portugu\u00eas, sobretudo em rela\u00e7\u00e3o a quest\u00f5es mais pr\u00e1ticas, como protocolos de an\u00e1lise de dados e uso de ferramentas especializadas. No blog \u00e9 compartilhando assuntos\u00a0 [&hellip;]<\/p>\n","protected":false},"author":735,"featured_media":0,"parent":3874,"menu_order":1,"comment_status":"closed","ping_status":"closed","template":"","meta":{"jetpack_post_was_ever_published":false,"footnotes":""},"class_list":["post-5658","page","type-page","status-publish","hentry"],"jetpack_sharing_enabled":true,"_links":{"self":[{"href":"https:\/\/wp.ufpel.edu.br\/ppgbiotec\/wp-json\/wp\/v2\/pages\/5658","targetHints":{"allow":["GET"]}}],"collection":[{"href":"https:\/\/wp.ufpel.edu.br\/ppgbiotec\/wp-json\/wp\/v2\/pages"}],"about":[{"href":"https:\/\/wp.ufpel.edu.br\/ppgbiotec\/wp-json\/wp\/v2\/types\/page"}],"author":[{"embeddable":true,"href":"https:\/\/wp.ufpel.edu.br\/ppgbiotec\/wp-json\/wp\/v2\/users\/735"}],"replies":[{"embeddable":true,"href":"https:\/\/wp.ufpel.edu.br\/ppgbiotec\/wp-json\/wp\/v2\/comments?post=5658"}],"version-history":[{"count":16,"href":"https:\/\/wp.ufpel.edu.br\/ppgbiotec\/wp-json\/wp\/v2\/pages\/5658\/revisions"}],"predecessor-version":[{"id":6550,"href":"https:\/\/wp.ufpel.edu.br\/ppgbiotec\/wp-json\/wp\/v2\/pages\/5658\/revisions\/6550"}],"up":[{"embeddable":true,"href":"https:\/\/wp.ufpel.edu.br\/ppgbiotec\/wp-json\/wp\/v2\/pages\/3874"}],"wp:attachment":[{"href":"https:\/\/wp.ufpel.edu.br\/ppgbiotec\/wp-json\/wp\/v2\/media?parent=5658"}],"curies":[{"name":"wp","href":"https:\/\/api.w.org\/{rel}","templated":true}]}}