{"id":5573,"date":"2021-03-02T14:07:53","date_gmt":"2021-03-02T17:07:53","guid":{"rendered":"https:\/\/wp.ufpel.edu.br\/ppgbiotec\/?page_id=5573"},"modified":"2021-05-10T18:45:44","modified_gmt":"2021-05-10T21:45:44","slug":"comissao-colegiado","status":"publish","type":"page","link":"https:\/\/wp.ufpel.edu.br\/ppgbiotec\/comissao-colegiado\/","title":{"rendered":"Comiss\u00e3o\/colegiado"},"content":{"rendered":"<p style=\"text-align: justify\"><span style=\"color: #000000\">A <strong>estrutura acad\u00eamico-administrativa<\/strong> do Programa de P\u00f3s-Gradua\u00e7\u00e3o em Biotecnologia\u00a0 \u00e9 composta por um Colegiado de P\u00f3s-Gradua\u00e7\u00e3o, uma Comiss\u00e3o de Gest\u00e3o-CG\/PROEX, um(a) Coordenador(a) e um(a) Coordenador(a) Adjunto(a).<\/span><\/p>\n<ul>\n<li><span style=\"color: #000000\"><a style=\"color: #000000\" href=\"https:\/\/wp.ufpel.edu.br\/ppgbiotec\/programa\/docente\/coordenacao\">Comiss\u00e3o Coordenadora<\/a><\/span><\/li>\n<li><span style=\"color: #000000\"><a style=\"color: #000000\" href=\"https:\/\/wp.ufpel.edu.br\/ppgbiotec\/programa\/docente\/colegiado\">Colegiado de P\u00f3s-Gradua\u00e7\u00e3o<\/a><\/span><\/li>\n<li><span style=\"color: #000000\"><a style=\"color: #000000\" href=\"https:\/\/wp.ufpel.edu.br\/ppgbiotec\/estrutura-administrativa\/comissao-de-gestao-cg-proex\">Comiss\u00e3o de Gest\u00e3o &#8211; CG\/PROEX<\/a><\/span><\/li>\n<\/ul>\n","protected":false},"excerpt":{"rendered":"<p>A estrutura acad\u00eamico-administrativa do Programa de P\u00f3s-Gradua\u00e7\u00e3o em Biotecnologia\u00a0 \u00e9 composta por um Colegiado de P\u00f3s-Gradua\u00e7\u00e3o, uma Comiss\u00e3o de Gest\u00e3o-CG\/PROEX, um(a) Coordenador(a) e um(a) Coordenador(a) Adjunto(a). Comiss\u00e3o Coordenadora Colegiado de P\u00f3s-Gradua\u00e7\u00e3o Comiss\u00e3o de Gest\u00e3o &#8211; CG\/PROEX<\/p>\n","protected":false},"author":735,"featured_media":0,"parent":0,"menu_order":0,"comment_status":"closed","ping_status":"closed","template":"","meta":{"jetpack_post_was_ever_published":false,"footnotes":""},"class_list":["post-5573","page","type-page","status-publish","hentry"],"jetpack_sharing_enabled":true,"_links":{"self":[{"href":"https:\/\/wp.ufpel.edu.br\/ppgbiotec\/wp-json\/wp\/v2\/pages\/5573","targetHints":{"allow":["GET"]}}],"collection":[{"href":"https:\/\/wp.ufpel.edu.br\/ppgbiotec\/wp-json\/wp\/v2\/pages"}],"about":[{"href":"https:\/\/wp.ufpel.edu.br\/ppgbiotec\/wp-json\/wp\/v2\/types\/page"}],"author":[{"embeddable":true,"href":"https:\/\/wp.ufpel.edu.br\/ppgbiotec\/wp-json\/wp\/v2\/users\/735"}],"replies":[{"embeddable":true,"href":"https:\/\/wp.ufpel.edu.br\/ppgbiotec\/wp-json\/wp\/v2\/comments?post=5573"}],"version-history":[{"count":10,"href":"https:\/\/wp.ufpel.edu.br\/ppgbiotec\/wp-json\/wp\/v2\/pages\/5573\/revisions"}],"predecessor-version":[{"id":6074,"href":"https:\/\/wp.ufpel.edu.br\/ppgbiotec\/wp-json\/wp\/v2\/pages\/5573\/revisions\/6074"}],"wp:attachment":[{"href":"https:\/\/wp.ufpel.edu.br\/ppgbiotec\/wp-json\/wp\/v2\/media?parent=5573"}],"curies":[{"name":"wp","href":"https:\/\/api.w.org\/{rel}","templated":true}]}}