{"id":5370,"date":"2020-10-23T12:30:10","date_gmt":"2020-10-23T15:30:10","guid":{"rendered":"https:\/\/wp.ufpel.edu.br\/ppgbiotec\/?page_id=5370"},"modified":"2020-10-23T12:33:06","modified_gmt":"2020-10-23T15:33:06","slug":"vi-simposio-de-biotecnologia-campo-bancada-e-industria","status":"publish","type":"page","link":"https:\/\/wp.ufpel.edu.br\/ppgbiotec\/insercao-social\/simposio-de-biotecnologia\/vi-simposio-de-biotecnologia-campo-bancada-e-industria\/","title":{"rendered":"VI Simp\u00f3sio de Biotecnologia \u2013 Campo, Bancada e Ind\u00fastria"},"content":{"rendered":"<p style=\"text-align: center\"><span style=\"color: #000000\"><strong><em>VI Simp\u00f3sio de Biotecnologia \u2013 Campo, Bancada e\u00a0<\/em><i>Ind\u00fastria<\/i><\/strong><\/span><\/p>\n<p style=\"text-align: center\"><span style=\"color: #000000\"><em>Data: 02 a 06 de julho de 2018<\/em><\/span><\/p>\n<p style=\"text-align: center\"><span style=\"color: #000000\"><em>Local: Audit\u00f3rio do Instituto Federal Sul-Rio-Grandense \u2013 IFSul<\/em><\/span><\/p>\n<p style=\"text-align: justify\"><span style=\"color: #000000\">No evento juntamente com os alunos da Gradua\u00e7\u00e3o em Biotecnologia, docentes, p\u00f3s-doc, egressos e discentes do mestrado e doutorado do PPGB participam ministrando palestras e mini cursos.<\/span><\/p>\n<p><img class=\"aligncenter\" src=\"https:\/\/wp.ufpel.edu.br\/gbiotec\/files\/2018\/09\/10-anos-GBiotec-400x266.jpg\" \/><\/p>\n<p><img class=\"aligncenter\" src=\"https:\/\/wp.ufpel.edu.br\/gbiotec\/files\/2018\/09\/Simp%C3%B3sio-3-400x266.jpg\" \/><\/p>\n<p><img class=\"aligncenter\" src=\"https:\/\/wp.ufpel.edu.br\/gbiotec\/files\/2018\/09\/Simp%C3%B3sio-5-400x266.jpg\" \/><\/p>\n<p><img class=\"aligncenter\" src=\"https:\/\/wp.ufpel.edu.br\/gbiotec\/files\/2018\/09\/Simp%C3%B3sio-7-400x266.jpg\" \/><\/p>\n","protected":false},"excerpt":{"rendered":"<p>VI Simp\u00f3sio de Biotecnologia \u2013 Campo, Bancada e\u00a0Ind\u00fastria Data: 02 a 06 de julho de 2018 Local: Audit\u00f3rio do Instituto Federal Sul-Rio-Grandense \u2013 IFSul No evento juntamente com os alunos da Gradua\u00e7\u00e3o em Biotecnologia, docentes, p\u00f3s-doc, egressos e discentes do mestrado e doutorado do PPGB participam ministrando palestras e mini cursos.<\/p>\n","protected":false},"author":735,"featured_media":0,"parent":4487,"menu_order":6,"comment_status":"closed","ping_status":"closed","template":"","meta":{"jetpack_post_was_ever_published":false,"footnotes":""},"class_list":["post-5370","page","type-page","status-publish","hentry"],"jetpack_sharing_enabled":true,"_links":{"self":[{"href":"https:\/\/wp.ufpel.edu.br\/ppgbiotec\/wp-json\/wp\/v2\/pages\/5370","targetHints":{"allow":["GET"]}}],"collection":[{"href":"https:\/\/wp.ufpel.edu.br\/ppgbiotec\/wp-json\/wp\/v2\/pages"}],"about":[{"href":"https:\/\/wp.ufpel.edu.br\/ppgbiotec\/wp-json\/wp\/v2\/types\/page"}],"author":[{"embeddable":true,"href":"https:\/\/wp.ufpel.edu.br\/ppgbiotec\/wp-json\/wp\/v2\/users\/735"}],"replies":[{"embeddable":true,"href":"https:\/\/wp.ufpel.edu.br\/ppgbiotec\/wp-json\/wp\/v2\/comments?post=5370"}],"version-history":[{"count":3,"href":"https:\/\/wp.ufpel.edu.br\/ppgbiotec\/wp-json\/wp\/v2\/pages\/5370\/revisions"}],"predecessor-version":[{"id":5374,"href":"https:\/\/wp.ufpel.edu.br\/ppgbiotec\/wp-json\/wp\/v2\/pages\/5370\/revisions\/5374"}],"up":[{"embeddable":true,"href":"https:\/\/wp.ufpel.edu.br\/ppgbiotec\/wp-json\/wp\/v2\/pages\/4487"}],"wp:attachment":[{"href":"https:\/\/wp.ufpel.edu.br\/ppgbiotec\/wp-json\/wp\/v2\/media?parent=5370"}],"curies":[{"name":"wp","href":"https:\/\/api.w.org\/{rel}","templated":true}]}}